{"id":32743,"date":"2020-11-30T16:24:35","date_gmt":"2020-11-30T16:24:35","guid":{"rendered":"https:\/\/taski.com\/transport\/"},"modified":"2023-01-12T17:17:59","modified_gmt":"2023-01-12T17:17:59","slug":"transport","status":"publish","type":"page","link":"https:\/\/staging.taski.com\/pl\/why-taski\/your-markets-sectors\/transport\/","title":{"rendered":"Transport"},"content":{"rendered":"<div class=\"wpb-content-wrapper\"><p>[vc_row][vc_column]\n  <div class=\"page-intro-block size-fit-image style-dark font-large\">\n         <div class=\"page-intro-block-i\">\n      <div class=\"row\">\n        <div class=\"page-intro-content\">\n            <div class=\"title-block\">\n                                     <h2><span class=\"pt\">Transport<\/span>Chcesz, aby Twoje obiekty i pojazdy dzia\u0142a\u0142y <strong>wydajnie<\/strong>, ale tak\u017ce <strong>w czysto\u015bci, bezpiecze\u0144stwie i higienie?<\/strong><br \/>\nTASKI mo\u017ce Ci pom\u00f3c.<\/h2>\n                                                 <\/div>\n            <div class=\"page-intro-image\">\n                                <div class=\"page-intro-image-alt\">\n                    \n                    <img decoding=\"async\" src=\"https:\/\/staging.taski.com\/wp-content\/uploads\/2020\/11\/transports.jpg\" alt=\"\" \/>\n\n                <\/div>\n            <\/div>\n        <\/div>\n      <\/div>\n\n\n    <\/div>\n  <\/div>\n  <div class=\"cl-fl\"><\/div>\n[\/vc_column][\/vc_row][vc_row css=&#8221;.vc_custom_1606587476742{padding-top: 80px !important;padding-bottom: 95px !important;}&#8221;][vc_column][vc_row_inner][vc_column_inner]\n  <div class=\"page-video-block\">\n    <div class=\"page-video-block-i\">\n      <div class=\"row\">\n        <div class=\"page-video-block-content\">\n            <div class=\"title-block\">\n                 <h2>Jakie s\u0105 Twoje g\u0142\u00f3wne wyzwania?<\/h2>\n            <\/div>\n            <div class=\"page-video-image\">\n                \n              <a href=\"#\" class=\"video-player-link\" data-video-id=\"485944825\" data-src=\"https:\/\/player.vimeo.com\/video\/485944825\">\n                <img decoding=\"async\" src=\"https:\/\/staging.taski.com\/wp-content\/uploads\/2021\/01\/Transport-needs-image.jpg\" alt=\"Jakie s\u0105 Twoje g\u0142\u00f3wne wyzwania? Image\" \/>\n\n     <div class=\"page-video-video-abs\"><div class=\"video-embed\"><iframe loading=\"lazy\" id=\"\" src=\"\" width=\"100%\" height=\"100%\" frameborder=\"0\" style=\"position:absolute;top:0;left:0;width:100%;height:100%;\"   allow=\"autoplay; fullscreen\" muted webkitallowfullscreen mozallowfullscreen allowfullscreen><\/iframe><\/div><\/div>              <\/a>\n            <\/div>\n        <\/div>\n      <\/div>\n\n\n    <\/div>\n  <\/div>\n  <div class=\"cl-fl\"><\/div>\n[\/vc_column_inner][\/vc_row_inner][\/vc_column][\/vc_row][vc_row][vc_column]\n  <div class=\"taski-carousel-block \" style=\"\">\n    <div class=\"taski-carousel-block-i\">\n\n      <div class=\"taski-carousel-title\"><p>We understand your sector's needs<\/p><\/div>\n      <div class=\"row\">\n       <div class=\"taski-carousel-holder\">\n        <div class=\"taski-carousel owl-carousel owl-theme\" id=\"taski-carousel\">\n                                    <div class=\"item taski-slide\">\n                            <div class=\"its-i\">\n                <div class=\"media-w\">\n                    <div class=\"image\">\n                      <div class=\"image-i\">\n                        <img decoding=\"async\" src=\"https:\/\/staging.taski.com\/wp-content\/uploads\/2020\/12\/customer-experience.svg\" \/>\n                      <\/div>\n                    <\/div>\n                <\/div>\n                <div class=\"text\">\n                    <div class=\"title\">Do\u015bwiadczenia klient\u00f3w<\/div>\n                    <p>Zapewnij bezpieczne i wygodne do\u015bwiadczenie swoim klientom. Sprawd\u017a nasze <strong>najnowsze maszyny szoruj\u0105ce-zbieraj\u0105ce z akumulatorami litowo-jonowymi Li-Ion i przejd\u017a na filtry HEPA<\/strong>, aby uzyska\u0107 czystsze, bezpieczniejsze pod\u0142ogi i lepsz\u0105 jako\u015b\u0107 powietrza.<\/p>\n                                    <\/div>\n              <\/div>\n                          <\/div>\n            <div class=\"item taski-slide\">\n                            <div class=\"its-i\">\n                <div class=\"media-w\">\n                    <div class=\"image\">\n                      <div class=\"image-i\">\n                        <img decoding=\"async\" src=\"https:\/\/staging.taski.com\/wp-content\/uploads\/2020\/12\/people-safety.svg\" \/>\n                      <\/div>\n                    <\/div>\n                <\/div>\n                <div class=\"text\">\n                    <div class=\"title\">Ludzie i Bezpiecze\u0144stwo<\/div>\n                    <p>Aby uzyska\u0107 czystsze, bezpieczniejsze i bardziej higieniczne pod\u0142ogi w toaletach i kuchniach, zamie\u0144 mopy na nasze <strong>najnowsze mikro maszyny szoruj\u0105co-zbieraj\u0105ce z akumulatorem litowo-jonowym.<\/strong><\/p>\n                                    <\/div>\n              <\/div>\n                          <\/div>\n            <div class=\"item taski-slide\">\n                            <div class=\"its-i\">\n                <div class=\"media-w\">\n                    <div class=\"image\">\n                      <div class=\"image-i\">\n                        <img decoding=\"async\" src=\"https:\/\/staging.taski.com\/wp-content\/uploads\/2020\/12\/operational-efficiency.svg\" \/>\n                      <\/div>\n                    <\/div>\n                <\/div>\n                <div class=\"text\">\n                    <div class=\"title\">Wydajno\u015b\u0107 Operacyjna<\/div>\n                    <p>Zwi\u0119ksz wydajno\u015b\u0107 operacyjn\u0105 dzi\u0119ki innowacjom, najwy\u017cszej produktywno\u015bci i zarz\u0105dzaniu flot\u0105. Po co chodzi\u0107, skoro mo\u017cna je\u017adzi\u0107? Sprawd\u017a nasze <strong>najnowsze maszyny samojezdne i stoj\u0105ce, w tym nasz\u0105 innowacj\u0119 2w1 IntelliSweep.<\/strong><\/p>\n                                    <\/div>\n              <\/div>\n                          <\/div>\n            <div class=\"item taski-slide\">\n                            <div class=\"its-i\">\n                <div class=\"media-w\">\n                    <div class=\"image\">\n                      <div class=\"image-i\">\n                        <img decoding=\"async\" src=\"https:\/\/staging.taski.com\/wp-content\/uploads\/2020\/12\/brand-protection.svg\" \/>\n                      <\/div>\n                    <\/div>\n                <\/div>\n                <div class=\"text\">\n                    <div class=\"title\">Ochrona Marki<\/div>\n                    <p>Zaimponuj i chro\u0144 spo\u0142eczno\u015b\u0107, jednocze\u015bnie chroni\u0105c swoj\u0105 mark\u0119. Aby uzyska\u0107 wy\u017csze standardy higieny, sp\u00f3jrz na nasz\u0105 nagradzan\u0105 <strong>innowacj\u0119 IntelliSpray.<\/strong> Je\u015bli chodzi o czyszczenie pojazd\u00f3w, sp\u00f3jrz na nasze <strong>maszyny z mikrobateriami i parownice.<\/strong><\/p>\n                                    <\/div>\n              <\/div>\n                          <\/div>\n            <div class=\"item taski-slide\">\n                            <div class=\"its-i\">\n                <div class=\"media-w\">\n                    <div class=\"image\">\n                      <div class=\"image-i\">\n                        <img decoding=\"async\" src=\"https:\/\/staging.taski.com\/wp-content\/uploads\/2020\/12\/sustainability.svg\" \/>\n                      <\/div>\n                    <\/div>\n                <\/div>\n                <div class=\"text\">\n                    <div class=\"title\">Zr\u00f3wnowa\u017cony Rozw\u00f3j<\/div>\n                    <p>Zmniejsz zu\u017cycie medi\u00f3w nawet o 76%, aby osi\u0105gn\u0105\u0107 swoje cele w zakresie zr\u00f3wnowa\u017conego rozwoju. Sprawd\u017a nasze <strong>Inteligentne Rozwi\u0105zania.<\/strong> Technologie zmniejszaj\u0105ce zu\u017cycie energii, wody, \u015brodk\u00f3w chemicznych i odpad\u00f3w.<\/p>\n                                    <\/div>\n              <\/div>\n                          <\/div>\n                    <\/div>\n\n        <div class=\"taski-carousel-navigation\">\n          <div class=\"nav-left\">\n            <a href=\"#\"><i class=\"fa fa-chevron-left\"><\/i><\/a>\n          <\/div>\n          <div class=\"nav-description\">\n\n          <\/div>\n          <div class=\"nav-right\">\n            <a href=\"#\"><i class=\"fa fa-chevron-right\"><\/i><\/a>\n          <\/div>\n        <\/div>\n       <\/div>\n      <\/div>\n   <\/div>\n  <\/div>\n  <div class=\"cl-fl\"><\/div>\n[\/vc_column][\/vc_row][vc_row css=&#8221;.vc_custom_1606653988515{padding-top: 80px !important;padding-bottom: 80px !important;background-color: #505050 !important;}&#8221;][vc_column][vc_row_inner][vc_column_inner]\n  <div class=\"testimonials-block\">\n    <div class=\"testimonials-block-i\">\n      <div class=\"row\">\n        <div class=\"title-block\">\n            <h2>Co m\u00f3wi\u0105 nasi klienci<\/h2>\n        <\/div>\n\n        <div class=\"testimonials-grid\">\n           <div class=\"testimonial-item\">\n            <div class=\"ti-i\">\n             <img decoding=\"async\" src=\"https:\/\/staging.taski.com\/wp-content\/uploads\/2020\/11\/testimonial-1.jpg\" alt=\"Image\" \/>\n             <div class=\"test-item-content\">\n                <div class=\"test-item-title\">Jeden z najbardziej ruchliwych port\u00f3w lotniczych na \u015bwiecie chcia\u0142 poprawi\u0107 swoje oceny na Trip Advisor, wi\u0119c zwr\u00f3ci\u0142 si\u0119 do swoich partner\u00f3w.<br \/>\nDo piel\u0119gnacji pod\u0142\u00f3g, zg\u0142osi\u0142 si\u0119 do TASKI<\/div>\n                <div class=\"test-item-text\"><p>\u201eUtrzymywanie wielu kilometr\u00f3w twardych pod\u0142\u00f3g w jak najlepszym stanie to nieko\u0144cz\u0105ce si\u0119 zadanie. Nasz partner TASKI pom\u00f3g\u0142 nam przej\u015b\u0107 na Twistera, po dw\u00f3ch tygodniach przemiana by\u0142a niesamowita. Nasze oceny w Trip Advisor odzwierciedli\u0142y te i inne zmiany poprawiaj\u0105ce wra\u017cenia naszych klient\u00f3w\u201d.<\/p><\/div>\n             <\/div>\n            <\/div>\n           <\/div>\n           <div class=\"testimonial-item\">\n            <div class=\"ti-i\">\n             <img decoding=\"async\" src=\"https:\/\/staging.taski.com\/wp-content\/uploads\/2020\/11\/testimonial-2.jpg\" alt=\"Image\" \/>\n             <div class=\"test-item-content\">\n                <div class=\"test-item-title\">Znana linia lotnicza korzystaj\u0105ca ju\u017c ze \u015brodk\u00f3w chemicznych Diversey zapyta\u0142a TASKI jak wyczy\u015bci\u0107 samolot jeszcze szybciej, ale bezpiecznie.<\/div>\n                <div class=\"test-item-text\"><p>\u201eOd wielu lat u\u017cywamy plecakowych odkurzaczy przewodowych w naszych samolotach. Nie mieli\u015bmy poj\u0119cia, \u017ce mo\u017cemy zwi\u0119kszy\u0107 produktywno\u015b\u0107 o 40%, wymieniaj\u0105c je na zasilane akumulatorowo. AERO BP firmy TASKI jest jeszcze l\u017cejszy i ma por\u0119cznego pilota. Brak przewodu sprawia, \u017ce jest o wiele bezpieczniejszy\u201d.<\/p><\/div>\n             <\/div>\n            <\/div>\n           <\/div>\n           <div class=\"testimonial-item\">\n            <div class=\"ti-i\">\n             <img decoding=\"async\" src=\"https:\/\/staging.taski.com\/wp-content\/uploads\/2020\/11\/testimonial-3.jpg\" alt=\"Image\" \/>\n             <div class=\"test-item-content\">\n                <div class=\"test-item-title\">Bardzo ruchliwa stacja kolejowa w jednej ze stolic Europy poprosi\u0142a TASKI o sposoby <strong> zaoszcz\u0119dzenia czasu na sprz\u0105taniu.<\/strong><\/div>\n                <div class=\"test-item-text\"><p>\u201e EkipaTASKI przyjrza\u0142a si\u0119 wszystkim naszym procesom i wymy\u015bli\u0142 co\u015b prostego, ale wyj\u0105tkowego. Przetestowali\u015bmy ich innowacj\u0119 IntelliSweep, kt\u00f3ra \u0142\u0105czy dwie operacje w jednej. Oszcz\u0119dzamy teraz 30%, eliminuj\u0105c wst\u0119pne zamiatanie naszych platform. Teraz wykorzystujemy ten czas na czyszczenie oznakowa\u0144 i sprawdzanie toalet dla klient\u00f3w\u201d.<\/p><\/div>\n             <\/div>\n            <\/div>\n           <\/div>\n\n        <\/div>\n\n      <\/div>\n    <\/div>\n  <\/div>\n  <div class=\"cl-fl\"><\/div>\n[\/vc_column_inner][\/vc_row_inner][\/vc_column][\/vc_row][vc_row][vc_column][vc_column_text]<\/p>\n<h2><\/h2>\n<h2 style=\"text-align: center;\">Pobierz nasze broszury bran\u017cowe i przewodniki po produktach<\/h2>\n<p>[\/vc_column_text][\/vc_column][\/vc_row][vc_row][vc_column width=&#8221;1\/3&#8243;]  <div class=\"feature-icon-w\">\n    <div class=\"feature-icon-i\">\n     <a href=\"https:\/\/taski.com\/wp-content\/uploads\/2022\/11\/Transport-Sector-Brochure.pdf\" target=\"_blank\">       <div class=\"feature-tbl\">\n        <div class=\"feature-cell image-cell\">\n          <img decoding=\"async\" class=\"aligncenter size-full\" alt=\"\" src=\"https:\/\/staging.taski.com\/wp-content\/uploads\/2020\/12\/icon-document.png\"\/>\n        <\/div>\n        <div class=\"feature-cell description-cell\">\n          <p>Broszura dla Sektora Transportu<\/p>\n        <\/div>\n       <\/div>\n        <\/a>       <div class=\"cl-fl\"><\/div>\n    <\/div>\n  <\/div>\n[\/vc_column][vc_column width=&#8221;1\/3&#8243;]  <div class=\"feature-icon-w\">\n    <div class=\"feature-icon-i\">\n            <div class=\"feature-tbl\">\n        <div class=\"feature-cell image-cell\">\n          <img decoding=\"async\" class=\"aligncenter size-full\" alt=\"\" src=\"https:\/\/staging.taski.com\/wp-content\/uploads\/2020\/12\/icon-document.png\"\/>\n        <\/div>\n        <div class=\"feature-cell description-cell\">\n          <p>Karta produkt\u00f3w dla Sektora Transportu<\/p>\n        <\/div>\n       <\/div>\n               <div class=\"cl-fl\"><\/div>\n    <\/div>\n  <\/div>\n[\/vc_column][vc_column width=&#8221;1\/3&#8243;]  <div class=\"feature-icon-w\">\n    <div class=\"feature-icon-i\">\n     <a href=\"https:\/\/taski.com\/wp-content\/uploads\/2022\/05\/ULTIMAXX-Transport-Brochure.pdf\" target=\"_blank\">       <div class=\"feature-tbl\">\n        <div class=\"feature-cell image-cell\">\n          <img decoding=\"async\" class=\"aligncenter size-full\" alt=\"\" src=\"\"\/>\n        <\/div>\n        <div class=\"feature-cell description-cell\">\n          <p>Nowy ULTIMAXX Broszura dla Sektora Transportu<\/p>\n        <\/div>\n       <\/div>\n        <\/a>       <div class=\"cl-fl\"><\/div>\n    <\/div>\n  <\/div>\n[\/vc_column][\/vc_row][vc_row][vc_column][vc_row_inner][vc_column_inner]\n  <div class=\"three-cta-block\">\n    <div class=\"three-cta-block-i\">\n      <div class=\"row\">\n        <div class=\"three-cta-block-grid\">\n           <div class=\"three-cta-item\">\n            <div class=\"tci-i\">\n             <div class=\"tci-item-content\">\n                <h5><strong>Want to<\/strong><br \/>find out<br \/>more<\/h5>\n                <a href=\"\/products-innovations-solutions\/\"><p>PRODUCTS,<br \/>SOLUTIONS &<br \/>INNOVATIONS<\/p><\/a>\n             <\/div>\n            <\/div>\n           <\/div>\n           <div class=\"three-cta-item\">\n            <div class=\"tci-i\">\n             <div class=\"tci-item-content\">\n                <h5><strong>Want<\/strong><br \/>to<br \/>buy?<\/h5>\n                <a href=\"\/shop\/\"><p>MY<br \/>TASKI<br \/>SHOP<\/p><\/a>\n             <\/div>\n            <\/div>\n           <\/div>\n           <div class=\"three-cta-item\">\n            <div class=\"tci-i\">\n             <div class=\"tci-item-content\">\n                <h5><strong>Get in touch<\/strong><br \/>with<br \/>us<\/h5>\n                <a href=\"\/news-help-contacts\/\"><p>CONTACT<br \/>US<\/p><\/a>\n             <\/div>\n            <\/div>\n           <\/div>\n        <\/div>\n      <\/div>\n    <\/div>\n  <\/div>\n  <div class=\"cl-fl\"><\/div>\n[\/vc_column_inner][\/vc_row_inner][\/vc_column][\/vc_row]<\/p>\n<\/div>","protected":false},"excerpt":{"rendered":"<p>TASKI machine solutions which help take care of your building, protect your brand and keep the public safe <\/p>\n","protected":false},"author":1,"featured_media":28606,"parent":32803,"menu_order":624,"comment_status":"closed","ping_status":"closed","template":"","meta":{"_acf_changed":false,"_seopress_robots_primary_cat":"","_seopress_titles_title":"","_seopress_titles_desc":"","_seopress_robots_index":"","inline_featured_image":false,"footnotes":""},"class_list":["post-32743","page","type-page","status-publish","has-post-thumbnail","hentry"],"acf":[],"_links":{"self":[{"href":"https:\/\/staging.taski.com\/pl\/wp-json\/wp\/v2\/pages\/32743","targetHints":{"allow":["GET"]}}],"collection":[{"href":"https:\/\/staging.taski.com\/pl\/wp-json\/wp\/v2\/pages"}],"about":[{"href":"https:\/\/staging.taski.com\/pl\/wp-json\/wp\/v2\/types\/page"}],"author":[{"embeddable":true,"href":"https:\/\/staging.taski.com\/pl\/wp-json\/wp\/v2\/users\/1"}],"replies":[{"embeddable":true,"href":"https:\/\/staging.taski.com\/pl\/wp-json\/wp\/v2\/comments?post=32743"}],"version-history":[{"count":0,"href":"https:\/\/staging.taski.com\/pl\/wp-json\/wp\/v2\/pages\/32743\/revisions"}],"up":[{"embeddable":true,"href":"https:\/\/staging.taski.com\/pl\/wp-json\/wp\/v2\/pages\/32803"}],"wp:featuredmedia":[{"embeddable":true,"href":"https:\/\/staging.taski.com\/pl\/wp-json\/wp\/v2\/media\/28606"}],"wp:attachment":[{"href":"https:\/\/staging.taski.com\/pl\/wp-json\/wp\/v2\/media?parent=32743"}],"curies":[{"name":"wp","href":"https:\/\/api.w.org\/{rel}","templated":true}]}}