{"id":32730,"date":"2020-12-05T13:15:42","date_gmt":"2020-12-05T13:15:42","guid":{"rendered":"https:\/\/taski.com\/our-experts\/"},"modified":"2023-01-23T21:46:36","modified_gmt":"2023-01-23T21:46:36","slug":"our-experts","status":"publish","type":"page","link":"https:\/\/staging.taski.com\/pl\/why-taski\/expert-advice\/our-experts\/","title":{"rendered":"Nasi Eksperci"},"content":{"rendered":"<div class=\"wpb-content-wrapper\"><p>[vc_row][vc_column]\n  <div class=\"main-banner-block full-width content-video-no\" style=\"background-image:url(https:\/\/staging.taski.com\/wp-content\/uploads\/2020\/12\/our-experts-1.jpg);\">\n         <div class=\"main-banner-block-i\">\n      <div class=\"row\">\n       <div class=\"mbb-fl\">\n        <div class=\"main-banner-block-content\">\n            <h2><\/h2>\n            <div class=\"button-wrapper\">\n                        <\/div>\n        <\/div>\n               <\/div>\n      <\/div>\n\n\n    <\/div>\n  <\/div>\n  <div class=\"cl-fl\"><\/div>\n[\/vc_column][\/vc_row][vc_row][vc_column]\n  <div class=\"page-description-block style-dark\">\n    <div class=\"page-description-block-i\">\n      <div class=\"row\">\n        <div class=\"page-description-content\">\n          <\/div><\/div><\/div><\/div><\/p>\n<h2>Nasi Eksperci<\/h2>\n<ul>\n<li>Wysoko wykwalifikowany zesp\u00f3\u0142 ekspert\u00f3w z ogromnym do\u015bwiadczeniem<\/li>\n<li class=\"tw-data-text tw-text-large tw-ta\" dir=\"ltr\" data-placeholder=\"T\u0142umaczenie\"><span class=\"Y2IQFc\" lang=\"pl\">Wielobran\u017cowa wiedza \u2013 \u015brodki chemiczne, narz\u0119dzia i maszyny czyszcz\u0105ce <\/span><\/li>\n<li class=\"tw-data-text tw-text-large tw-ta\" dir=\"ltr\" data-placeholder=\"T\u0142umaczenie\"><span class=\"Y2IQFc\" lang=\"pl\">Uznani\u00a0 przez specjalist\u00f3w z bran\u017cy eksperci<\/span><\/li>\n<li class=\"tw-data-text tw-text-large tw-ta\" dir=\"ltr\" data-placeholder=\"T\u0142umaczenie\"><span class=\"Y2IQFc\" lang=\"pl\">Globalne Wsparcie w zakresie dzielenia si\u0119 najlepszymi praktykami i trendami rynkowymi <\/span><\/li>\n<li class=\"tw-data-text tw-text-large tw-ta\" dir=\"ltr\" data-placeholder=\"T\u0142umaczenie\"><span class=\"Y2IQFc\" lang=\"pl\">Motywowani osi\u0105ganiem doskona\u0142o\u015bci w czyszczeniu <\/span><\/li>\n<li class=\"tw-data-text tw-text-large tw-ta\" dir=\"ltr\" data-placeholder=\"T\u0142umaczenie\"><span class=\"Y2IQFc\" lang=\"pl\">Przeszkoleni z wiedzy praktycznej\u00a0 i najnowszych zastosowaniach<\/span><\/li>\n<li class=\"tw-data-text tw-text-large tw-ta\" dir=\"ltr\" data-placeholder=\"T\u0142umaczenie\"><span class=\"Y2IQFc\" lang=\"pl\">Najnowocze\u015bniejsze narz\u0119dzia, takie jak IntelliTrail, dzi\u0119ki kt\u00f3rym\u00a0 pomagaj\u0105ce klientom wprowadza\u0107 zmiany <\/span><\/li>\n<li class=\"tw-data-text tw-text-large tw-ta\" dir=\"ltr\" data-placeholder=\"T\u0142umaczenie\"><span class=\"Y2IQFc\" lang=\"pl\">Inteligentne czyszczenie i narz\u0119dzia do audytu IntelliTrail Analytics pomagaj\u0105ce klientom<\/span><\/li>\n<li class=\"tw-data-text tw-text-large tw-ta\" dir=\"ltr\" data-placeholder=\"T\u0142umaczenie\"><span class=\"Y2IQFc\" lang=\"pl\">Nasze Narz\u0119dzia Zdalnego Dost\u0119pu zapewniaj\u0105 pomoc i wskaz\u00f3wki nawet wtedy, gdy nie mo\u017cemy by\u0107 osobi\u015bcie.<\/span><\/li>\n<\/ul>\n<p><img alt=\"\" loading=\"lazy\" decoding=\"async\" class=\"alignnone wp-image-518\" src=\"https:\/\/taski.com\/wp-content\/uploads\/2020\/12\/expert-advice-300x300.jpg\" alt=\"\" width=\"280\" height=\"280\" srcset=\"https:\/\/staging.taski.com\/wp-content\/uploads\/2020\/12\/expert-advice-300x300.jpg 300w, https:\/\/staging.taski.com\/wp-content\/uploads\/2020\/12\/expert-advice-100x100.jpg 100w, https:\/\/staging.taski.com\/wp-content\/uploads\/2020\/12\/expert-advice.jpg 600w\" sizes=\"auto, (max-width: 280px) 100vw, 280px\" \/><img alt=\"\" loading=\"lazy\" decoding=\"async\" class=\"alignnone wp-image-50\" src=\"https:\/\/taski.com\/wp-content\/uploads\/2020\/11\/why-taski-300x271.jpg\" alt=\"\" width=\"310\" height=\"280\" \/><img alt=\"\" loading=\"lazy\" decoding=\"async\" class=\"alignnone wp-image-529\" src=\"https:\/\/taski.com\/wp-content\/uploads\/2020\/12\/taski-supports-300x300.jpg\" alt=\"\" width=\"280\" height=\"280\" srcset=\"https:\/\/staging.taski.com\/wp-content\/uploads\/2020\/12\/taski-supports-300x300.jpg 300w, https:\/\/staging.taski.com\/wp-content\/uploads\/2020\/12\/taski-supports-100x100.jpg 100w, https:\/\/staging.taski.com\/wp-content\/uploads\/2020\/12\/taski-supports.jpg 400w\" sizes=\"auto, (max-width: 280px) 100vw, 280px\" \/><\/p>\n<p>Masz pytanie? Przejd\u017a na nasz\u0105 stron\u0119 kontaktow\u0105 a nasi eksperci z ch\u0119ci\u0105 Ci pomog\u0105.<\/p>\n        <\/div>\n      \n    \n  \n  <div class=\"cl-fl\"><\/div>\n[\/vc_column][\/vc_row][vc_row css=&#8221;.vc_custom_1607164076720{padding-top: 90px !important;padding-bottom: 190px !important;}&#8221;][vc_column][vc_column_text css=&#8221;.vc_custom_1608052459912{padding-bottom: 90px !important;}&#8221;]\n<h2 style=\"text-align: center;\">Materia\u0142y Do Pobrania<\/h2>\n<p>[\/vc_column_text][vc_row_inner css=&#8221;.vc_custom_1607161003581{padding-bottom: 50px !important;}&#8221;][vc_column_inner width=&#8221;1\/3&#8243;]  <div class=\"feature-icon-w\">\n    <div class=\"feature-icon-i\">\n     <a href=\"https:\/\/taski.com\/wp-content\/uploads\/2020\/12\/Remote-Guidance-Brochure.pdf\" target=\"_blank\">       <div class=\"feature-tbl\">\n        <div class=\"feature-cell image-cell\">\n          <img decoding=\"async\" class=\"aligncenter size-full\" alt=\"\" src=\"https:\/\/staging.taski.com\/wp-content\/uploads\/2020\/12\/icon-document.png\"\/>\n        <\/div>\n        <div class=\"feature-cell description-cell\">\n          <p>Zdalne Porady<\/p>\n        <\/div>\n       <\/div>\n        <\/a>       <div class=\"cl-fl\"><\/div>\n    <\/div>\n  <\/div>\n[\/vc_column_inner][vc_column_inner width=&#8221;1\/3&#8243;][\/vc_column_inner][vc_column_inner width=&#8221;1\/3&#8243;][\/vc_column_inner][\/vc_row_inner][vc_row_inner][vc_column_inner width=&#8221;1\/3&#8243;][\/vc_column_inner][vc_column_inner width=&#8221;1\/3&#8243;][\/vc_column_inner][vc_column_inner width=&#8221;1\/3&#8243;][\/vc_column_inner][\/vc_row_inner][\/vc_column][\/vc_row][vc_row css=&#8221;.vc_custom_1607327415736{background-color: #fafafa !important;}&#8221;][vc_column]\n  <div class=\"two-cta-block\">\n    <div class=\"two-cta-block-i\">\n      <div class=\"row\">\n        <div class=\"two-cta-block-grid\">\n           <div class=\"two-cta-item\">\n            <div class=\"tci-i\">\n             <div class=\"tci-item-content\">\n                <h5><strong>Chcesz si\u0119 z nami skontaktowa\u0107 lub<\/strong><br \/>\nzobaczy\u0107 nasz\u0105 bran\u017cow\u0105 Bia\u0142\u0105 Ksi\u0119g\u0119<\/h5>\n                <a href=\"\/news-help-contacts\/ask-paul-contact\/\"><p>SKONTAKTUJ<br \/>\nSI\u0118 Z NAMI<\/p><\/a>\n             <\/div>\n            <\/div>\n           <\/div>\n           <div class=\"two-cta-item\">\n            <div class=\"tci-i\">\n             <div class=\"tci-item-content\">\n                <h5><strong>Sprawd\u017a nasze FAQs<\/strong> lub<br \/>\nskontaktuj si\u0119 z naszymi ekspertami.<\/h5>\n                <a href=\"\/faq\/\"><p>FAQ's<\/p><\/a>\n             <\/div>\n            <\/div>\n           <\/div>\n        <\/div>\n      <\/div>\n    <\/div>\n  <\/div>\n  <div class=\"cl-fl\"><\/div>\n[\/vc_column][\/vc_row]<\/p>\n","protected":false},"excerpt":{"rendered":"<p>Your own expert cleaning consultants. Our consultative approach delivers the best expert advice.<\/p>\n","protected":false},"author":1,"featured_media":28804,"parent":32802,"menu_order":668,"comment_status":"closed","ping_status":"closed","template":"","meta":{"_acf_changed":false,"_seopress_robots_primary_cat":"","_seopress_titles_title":"","_seopress_titles_desc":"","_seopress_robots_index":"","inline_featured_image":false,"footnotes":""},"class_list":["post-32730","page","type-page","status-publish","has-post-thumbnail","hentry"],"acf":[],"_links":{"self":[{"href":"https:\/\/staging.taski.com\/pl\/wp-json\/wp\/v2\/pages\/32730","targetHints":{"allow":["GET"]}}],"collection":[{"href":"https:\/\/staging.taski.com\/pl\/wp-json\/wp\/v2\/pages"}],"about":[{"href":"https:\/\/staging.taski.com\/pl\/wp-json\/wp\/v2\/types\/page"}],"author":[{"embeddable":true,"href":"https:\/\/staging.taski.com\/pl\/wp-json\/wp\/v2\/users\/1"}],"replies":[{"embeddable":true,"href":"https:\/\/staging.taski.com\/pl\/wp-json\/wp\/v2\/comments?post=32730"}],"version-history":[{"count":0,"href":"https:\/\/staging.taski.com\/pl\/wp-json\/wp\/v2\/pages\/32730\/revisions"}],"up":[{"embeddable":true,"href":"https:\/\/staging.taski.com\/pl\/wp-json\/wp\/v2\/pages\/32802"}],"wp:featuredmedia":[{"embeddable":true,"href":"https:\/\/staging.taski.com\/pl\/wp-json\/wp\/v2\/media\/28804"}],"wp:attachment":[{"href":"https:\/\/staging.taski.com\/pl\/wp-json\/wp\/v2\/media?parent=32730"}],"curies":[{"name":"wp","href":"https:\/\/api.w.org\/{rel}","templated":true}]}}