{"id":32718,"date":"2020-12-05T13:16:40","date_gmt":"2020-12-05T13:16:40","guid":{"rendered":"https:\/\/taski.com\/electronic-tools\/"},"modified":"2023-01-23T21:41:29","modified_gmt":"2023-01-23T21:41:29","slug":"electronic-tools","status":"publish","type":"page","link":"https:\/\/staging.taski.com\/pl\/why-taski\/expert-advice\/electronic-tools\/","title":{"rendered":"Narz\u0119dzia Elektroniczne"},"content":{"rendered":"<div class=\"wpb-content-wrapper\"><p>[vc_row][vc_column]\n  <div class=\"main-banner-block full-width content-video-no\" style=\"background-image:url(https:\/\/staging.taski.com\/wp-content\/uploads\/2020\/12\/electronic-tools-1.jpg);\">\n         <div class=\"main-banner-block-i\">\n      <div class=\"row\">\n       <div class=\"mbb-fl\">\n        <div class=\"main-banner-block-content\">\n            <h2><\/h2>\n            <div class=\"button-wrapper\">\n                        <\/div>\n        <\/div>\n               <\/div>\n      <\/div>\n\n\n    <\/div>\n  <\/div>\n  <div class=\"cl-fl\"><\/div>\n[\/vc_column][\/vc_row][vc_row][vc_column]\n  <div class=\"page-description-block style-dark\">\n    <div class=\"page-description-block-i\">\n      <div class=\"row\">\n        <div class=\"page-description-content\">\n          <\/div><\/div><\/div><\/div><\/p>\n<h2>Narz\u0119dzia Elektroniczne<\/h2>\n<p><span data-sheets-value=\"{&quot;1&quot;:2,&quot;2&quot;:&quot;TASKI Selector\\nA highly sophisticated modelling tool to model the perfect machine selection which even calculates your Total Cleaning Cost\\n\\nTASKI App\\nAccess almost everything TASKI via your phone or tablet in one place. \\n\\nTASKI IntelliTrail\\nAn eletronic analytic tool to help make you a fleet management expert.\\n\\nRemote Guidance\\nFor when our experts cannot be there in person. In real tie they can remotely diagnose and resolve issues in real time.&quot;}\" data-sheets-userformat=\"{&quot;2&quot;:897,&quot;3&quot;:{&quot;1&quot;:0},&quot;10&quot;:1,&quot;11&quot;:4,&quot;12&quot;:0}\" data-sheets-textstyleruns=\"[null,0,{&quot;5&quot;:1}]\uee10{&quot;1&quot;:14}\uee10[null,140,{&quot;5&quot;:1}]\uee10{&quot;1&quot;:149}\uee10[null,222,{&quot;5&quot;:1}]\uee10{&quot;1&quot;:240}\uee10[null,313,{&quot;5&quot;:1}]\uee10{&quot;1&quot;:328}\"><strong><img alt=\"\" loading=\"lazy\" decoding=\"async\" class=\"alignnone wp-image-1246\" src=\"https:\/\/taski.com\/wp-content\/uploads\/2020\/12\/fleet-management-300x204.jpg\" alt=\"\" width=\"500\" height=\"340\" \/><\/strong><\/span><\/p>\n<p><span data-sheets-value=\"{&quot;1&quot;:2,&quot;2&quot;:&quot;TASKI Selector\\nA highly sophisticated modelling tool to model the perfect machine selection which even calculates your Total Cleaning Cost\\n\\nTASKI App\\nAccess almost everything TASKI via your phone or tablet in one place. \\n\\nTASKI IntelliTrail\\nAn eletronic analytic tool to help make you a fleet management expert.\\n\\nRemote Guidance\\nFor when our experts cannot be there in person. In real tie they can remotely diagnose and resolve issues in real time.&quot;}\" data-sheets-userformat=\"{&quot;2&quot;:897,&quot;3&quot;:{&quot;1&quot;:0},&quot;10&quot;:1,&quot;11&quot;:4,&quot;12&quot;:0}\" data-sheets-textstyleruns=\"[null,0,{&quot;5&quot;:1}]\uee10{&quot;1&quot;:14}\uee10[null,140,{&quot;5&quot;:1}]\uee10{&quot;1&quot;:149}\uee10[null,222,{&quot;5&quot;:1}]\uee10{&quot;1&quot;:240}\uee10[null,313,{&quot;5&quot;:1}]\uee10{&quot;1&quot;:328}\"><strong>Wyszukiwarka TASKI\u00a0<\/strong><br \/>\n<\/span><\/p>\n<p id=\"tw-target-text\" class=\"tw-data-text tw-text-large tw-ta\" dir=\"ltr\" data-placeholder=\"T\u0142umaczenie\"><span class=\"Y2IQFc\" lang=\"pl\">Wysoce zaawansowane narz\u0119dzie do modelowania idealnego wyboru maszyn, kt\u00f3re oblicza nawet ca\u0142kowity koszt sprz\u0105tania. <\/span><span class=\"Y2IQFc\" lang=\"pl\">Kliknij tutaj <\/span><span data-sheets-value=\"{&quot;1&quot;:2,&quot;2&quot;:&quot;TASKI Selector\\nA highly sophisticated modelling tool to model the perfect machine selection which even calculates your Total Cleaning Cost\\n\\nTASKI App\\nAccess almost everything TASKI via your phone or tablet in one place. \\n\\nTASKI IntelliTrail\\nAn eletronic analytic tool to help make you a fleet management expert.\\n\\nRemote Guidance\\nFor when our experts cannot be there in person. In real tie they can remotely diagnose and resolve issues in real time.&quot;}\" data-sheets-userformat=\"{&quot;2&quot;:897,&quot;3&quot;:{&quot;1&quot;:0},&quot;10&quot;:1,&quot;11&quot;:4,&quot;12&quot;:0}\" data-sheets-textstyleruns=\"[null,0,{&quot;5&quot;:1}]\uee10{&quot;1&quot;:14}\uee10[null,140,{&quot;5&quot;:1}]\uee10{&quot;1&quot;:149}\uee10[null,222,{&quot;5&quot;:1}]\uee10{&quot;1&quot;:240}\uee10[null,313,{&quot;5&quot;:1}]\uee10{&quot;1&quot;:328}\"><a href=\"\/taski-selector\/\">Wyszukiwarka TASKI.<\/a><\/span><\/p>\n<p><strong><img alt=\"\" loading=\"lazy\" decoding=\"async\" class=\"alignnone wp-image-676\" src=\"https:\/\/taski.com\/wp-content\/uploads\/2020\/12\/electronic-tools-1-300x169.jpg\" alt=\"\" width=\"500\" height=\"282\" \/><\/strong><\/p>\n<p><strong>Aplikacja TASKI\u00a0<\/strong><\/p>\n<p id=\"tw-target-text\" class=\"tw-data-text tw-text-large tw-ta\" dir=\"ltr\" data-placeholder=\"T\u0142umaczenie\"><span class=\"Y2IQFc\" lang=\"pl\">Uzyskaj dost\u0119p do prawie wszystkiego TASKI za po\u015brednictwem telefonu lub tabletu w jednym miejscu. Kliknij tutaj, aby pobra\u0107 <\/span>\u00a0<a href=\"\/taski-app\/\">TASKI Aplikacj\u0119<\/a><\/p>\n<p><strong><img alt=\"\" loading=\"lazy\" decoding=\"async\" class=\"alignnone wp-image-520\" src=\"https:\/\/taski.com\/wp-content\/uploads\/2020\/12\/internet-of-clean-300x300.jpg\" alt=\"\" width=\"500\" height=\"500\" srcset=\"https:\/\/staging.taski.com\/wp-content\/uploads\/2020\/12\/internet-of-clean-300x300.jpg 300w, https:\/\/staging.taski.com\/wp-content\/uploads\/2020\/12\/internet-of-clean-100x100.jpg 100w, https:\/\/staging.taski.com\/wp-content\/uploads\/2020\/12\/internet-of-clean.jpg 600w\" sizes=\"auto, (max-width: 500px) 100vw, 500px\" \/><\/strong><\/p>\n<p><strong>TASKI IntelliTrail<\/strong><\/p>\n<p id=\"tw-target-text\" class=\"tw-data-text tw-text-large tw-ta\" dir=\"ltr\" data-placeholder=\"T\u0142umaczenie\"><span class=\"Y2IQFc\" lang=\"pl\">Elektroniczne narz\u0119dzie analityczne, dzi\u0119ki kt\u00f3remu staniesz si\u0119 ekspertem w zarz\u0105dzaniu flot\u0105. Kliknij tutaj, aby zobaczy\u0107 <\/span><a href=\"\/intelligent-solution\/intellitrail\/\">IntelliTrail<\/a><\/p>\n<p><strong><img alt=\"\" loading=\"lazy\" decoding=\"async\" class=\"alignnone wp-image-526\" src=\"https:\/\/taski.com\/wp-content\/uploads\/2020\/12\/taski-helps-300x300.jpg\" alt=\"\" width=\"500\" height=\"500\" srcset=\"https:\/\/staging.taski.com\/wp-content\/uploads\/2020\/12\/taski-helps-300x300.jpg 300w, https:\/\/staging.taski.com\/wp-content\/uploads\/2020\/12\/taski-helps-100x100.jpg 100w, https:\/\/staging.taski.com\/wp-content\/uploads\/2020\/12\/taski-helps.jpg 400w\" sizes=\"auto, (max-width: 500px) 100vw, 500px\" \/><\/strong><\/p>\n<p><strong>Zdalne Porady<\/strong><\/p>\n<p id=\"tw-target-text\" class=\"tw-data-text tw-text-large tw-ta\" dir=\"ltr\" data-placeholder=\"T\u0142umaczenie\"><span class=\"Y2IQFc\" lang=\"pl\">Gdy nasi eksperci nie mog\u0105 by\u0107 osobi\u015bcie, zdalnie zdiagnozuj\u0105 i rozwi\u0105\u017c\u0105 problemy w czasie rzeczywistym. <\/span><\/p>\n        <\/div>\n      \n    \n  \n  <div class=\"cl-fl\"><\/div>\n[\/vc_column][\/vc_row][vc_row css=&#8221;.vc_custom_1607164076720{padding-top: 90px !important;padding-bottom: 190px !important;}&#8221;][vc_column][vc_column_text css=&#8221;.vc_custom_1608053090976{padding-bottom: 90px !important;}&#8221;]\n<h2 style=\"text-align: center;\">Materia\u0142y do pobrania<\/h2>\n<p>[\/vc_column_text][vc_row_inner css=&#8221;.vc_custom_1607161003581{padding-bottom: 50px !important;}&#8221;][vc_column_inner width=&#8221;1\/3&#8243;]  <div class=\"feature-icon-w\">\n    <div class=\"feature-icon-i\">\n     <a href=\"https:\/\/taski.com\/wp-content\/uploads\/2020\/12\/Remote-Guidance-Brochure.pdf\" target=\"_blank\">       <div class=\"feature-tbl\">\n        <div class=\"feature-cell image-cell\">\n          <img decoding=\"async\" class=\"aligncenter size-full\" alt=\"\" src=\"https:\/\/staging.taski.com\/wp-content\/uploads\/2020\/12\/icon-document.png\"\/>\n        <\/div>\n        <div class=\"feature-cell description-cell\">\n          <p>Zdalne Porady Broszura<\/p>\n        <\/div>\n       <\/div>\n        <\/a>       <div class=\"cl-fl\"><\/div>\n    <\/div>\n  <\/div>\n[\/vc_column_inner][\/vc_row_inner][\/vc_column][\/vc_row][vc_row css=&#8221;.vc_custom_1607327415736{background-color: #fafafa !important;}&#8221;][vc_column]\n  <div class=\"two-cta-block\">\n    <div class=\"two-cta-block-i\">\n      <div class=\"row\">\n        <div class=\"two-cta-block-grid\">\n           <div class=\"two-cta-item\">\n            <div class=\"tci-i\">\n             <div class=\"tci-item-content\">\n                <h5><strong>Chcesz si\u0119 z nami skontaktowa\u0107 lub<\/strong><br \/>\nzobaczy\u0107 bran\u017cowe bia\u0142e ksi\u0119gi<\/h5>\n                <a href=\"\/contact-us\/\"><p>SKONTAKTUJ SI\u0118 Z NAMI<\/p><\/a>\n             <\/div>\n            <\/div>\n           <\/div>\n           <div class=\"two-cta-item\">\n            <div class=\"tci-i\">\n             <div class=\"tci-item-content\">\n                <h5>Masz pytanie?<br \/>\n<strong>Sprawd\u017a nasze FAQs<\/strong> lub<br \/>\nskontaktuj si\u0119 z naszym ekspertem.<\/h5>\n                <a href=\"\/faq\/\"><p>FAQ's<\/p><\/a>\n             <\/div>\n            <\/div>\n           <\/div>\n        <\/div>\n      <\/div>\n    <\/div>\n  <\/div>\n  <div class=\"cl-fl\"><\/div>\n[\/vc_column][\/vc_row]<\/p>\n","protected":false},"excerpt":{"rendered":"<p>Electronic tools so you can be your own expert at the touch of your finger.<br \/>\nTASKI Selector \/TASKI APP\/ IntelliTrail Analytics \/ Remote Guidance<\/p>\n","protected":false},"author":1,"featured_media":28806,"parent":32802,"menu_order":664,"comment_status":"closed","ping_status":"closed","template":"","meta":{"_acf_changed":false,"_seopress_robots_primary_cat":"","_seopress_titles_title":"","_seopress_titles_desc":"","_seopress_robots_index":"","inline_featured_image":false,"footnotes":""},"class_list":["post-32718","page","type-page","status-publish","has-post-thumbnail","hentry"],"acf":[],"_links":{"self":[{"href":"https:\/\/staging.taski.com\/pl\/wp-json\/wp\/v2\/pages\/32718","targetHints":{"allow":["GET"]}}],"collection":[{"href":"https:\/\/staging.taski.com\/pl\/wp-json\/wp\/v2\/pages"}],"about":[{"href":"https:\/\/staging.taski.com\/pl\/wp-json\/wp\/v2\/types\/page"}],"author":[{"embeddable":true,"href":"https:\/\/staging.taski.com\/pl\/wp-json\/wp\/v2\/users\/1"}],"replies":[{"embeddable":true,"href":"https:\/\/staging.taski.com\/pl\/wp-json\/wp\/v2\/comments?post=32718"}],"version-history":[{"count":0,"href":"https:\/\/staging.taski.com\/pl\/wp-json\/wp\/v2\/pages\/32718\/revisions"}],"up":[{"embeddable":true,"href":"https:\/\/staging.taski.com\/pl\/wp-json\/wp\/v2\/pages\/32802"}],"wp:featuredmedia":[{"embeddable":true,"href":"https:\/\/staging.taski.com\/pl\/wp-json\/wp\/v2\/media\/28806"}],"wp:attachment":[{"href":"https:\/\/staging.taski.com\/pl\/wp-json\/wp\/v2\/media?parent=32718"}],"curies":[{"name":"wp","href":"https:\/\/api.w.org\/{rel}","templated":true}]}}