{"id":32717,"date":"2020-12-05T13:17:25","date_gmt":"2020-12-05T13:17:25","guid":{"rendered":"https:\/\/taski.com\/current-trends-best-practise\/"},"modified":"2023-01-23T21:49:11","modified_gmt":"2023-01-23T21:49:11","slug":"current-trends-best-practise","status":"publish","type":"page","link":"https:\/\/staging.taski.com\/pl\/why-taski\/expert-advice\/current-trends-best-practise\/","title":{"rendered":"Obecne Trendy i Najlepsze Praktyki"},"content":{"rendered":"<div class=\"wpb-content-wrapper\"><p>[vc_row][vc_column]\n  <div class=\"main-banner-block full-width content-video-no\" style=\"background-image:url(https:\/\/staging.taski.com\/wp-content\/uploads\/2020\/12\/current-trends.jpg);\">\n         <div class=\"main-banner-block-i\">\n      <div class=\"row\">\n       <div class=\"mbb-fl\">\n        <div class=\"main-banner-block-content\">\n            <h2>Dowiedz si\u0119 wi\u0119cej na temat najnowszych trend\u00f3w w bran\u017cy i o najlepszych praktykach. Od rad ekpsert\u00f3w na temat  COVID-19 po codzienne czyszczenie, kt\u00f3re zmienia standardy higieny.<\/h2>\n            <div class=\"button-wrapper\">\n                        <\/div>\n        <\/div>\n               <\/div>\n      <\/div>\n\n\n    <\/div>\n  <\/div>\n  <div class=\"cl-fl\"><\/div>\n[\/vc_column][\/vc_row][vc_row][vc_column]\n  <div class=\"page-description-block style-dark\">\n    <div class=\"page-description-block-i\">\n      <div class=\"row\">\n        <div class=\"page-description-content\">\n          <\/div><\/div><\/div><\/div><\/p>\n<h2>Obecne Trendy i Najlepsze Praktyki<\/h2>\n<h3>Mega Trendy:<\/h3>\n<p><strong><img alt=\"\" loading=\"lazy\" decoding=\"async\" class=\"alignnone wp-image-2724\" src=\"https:\/\/taski.com\/wp-content\/uploads\/2021\/01\/TASKI_IntelliSpray-hotel-lobby-300x200.jpg\" alt=\"\" width=\"500\" height=\"333\" \/><\/strong><\/p>\n<p><strong>Pandemia COVID-19\u00a0<\/strong><br \/>\n<span class=\"Y2IQFc\" lang=\"pl\">W TASKI stworzyli\u015bmy zestaw materia\u0142\u00f3w komunikacyjnych, kt\u00f3re pomog\u0105 Ci wsp\u00f3lnie stawi\u0107 czo\u0142a wyzwaniom zwi\u0105zanym z czyszczeniem i higien\u0105, przed kt\u00f3rymi stoimy w zwi\u0105zku z niedawn\u0105 pandemi\u0105. Pobierz nasze dokumenty dotycz\u0105ce najlepszych praktyk poni\u017cej i przegl\u0105daj nasze inne strony w Poradach ekspert\u00f3w, aby uzyska\u0107 szczeg\u00f3\u0142owe informacje na temat jako\u015bci powietrza dotycz\u0105cej pomieszcze\u0144 z wyk\u0142adzinami . Sprawd\u017a nasze nagradzane <strong>IntelliSpray,<\/strong> S<strong>pryskiwacz BP 15<\/strong> i <strong>Parownice,<\/strong> nowe narz\u0119dzia do walki z COVID-19.<\/span><\/p>\n<p><strong><img alt=\"\" loading=\"lazy\" decoding=\"async\" class=\"alignnone wp-image-1766\" src=\"https:\/\/taski.com\/wp-content\/uploads\/2020\/12\/85288_Reduced-cost.jpg\" alt=\"\" width=\"500\" height=\"500\" srcset=\"https:\/\/staging.taski.com\/wp-content\/uploads\/2020\/12\/85288_Reduced-cost.jpg 294w, https:\/\/staging.taski.com\/wp-content\/uploads\/2020\/12\/85288_Reduced-cost-100x100.jpg 100w\" sizes=\"auto, (max-width: 500px) 100vw, 500px\" \/><\/strong><\/p>\n<p><strong>Zmniejszenie koszt\u00f3w operacyjnych<\/strong><br \/>\n<span class=\"Y2IQFc\" lang=\"pl\">Aby obni\u017cy\u0107 koszty sprz\u0105tania, procesy czyszczenia przechodz\u0105 transformacj\u0119. Nowe kontrakty cz\u0119sto wymagaj\u0105 podzia\u0142u koszt\u00f3w z klientem ko\u0144cowym. Wiedza i innowacje TASKI maj\u0105 na celu zapewnienie znacznych i wymiernych oszcz\u0119dno\u015bci.<\/span><\/p>\n<p><strong><img alt=\"\" loading=\"lazy\" decoding=\"async\" class=\"alignnone wp-image-1891\" src=\"https:\/\/taski.com\/wp-content\/uploads\/2020\/12\/85288_Results.jpg\" alt=\"\" width=\"500\" height=\"500\" srcset=\"https:\/\/staging.taski.com\/wp-content\/uploads\/2020\/12\/85288_Results.jpg 296w, https:\/\/staging.taski.com\/wp-content\/uploads\/2020\/12\/85288_Results-100x100.jpg 100w\" sizes=\"auto, (max-width: 500px) 100vw, 500px\" \/><\/strong><\/p>\n<p><strong>Czyszczenie nastawione na efekt<\/strong><\/p>\n<p><span class=\"Y2IQFc\" lang=\"pl\">W bran\u017cy nast\u0119puje transformacja w kierunku bardziej elastycznego sprz\u0105tania punktowego lub mniej cz\u0119stego sprz\u0105tania, poniewa\u017c budynki s\u0105 wykorzystywane w mniejszym stopniu lub inaczej. Do\u015bwiadczenie i innowacje TASKI, takie jak IntelliTrail i SmartView, zapewniaj\u0105 narz\u0119dzia, kt\u00f3re pomog\u0105 Ci dokona\u0107 tej zmiany.<\/span><\/p>\n<p><strong><img alt=\"\" loading=\"lazy\" decoding=\"async\" class=\"alignnone wp-image-975\" src=\"https:\/\/taski.com\/wp-content\/uploads\/2020\/12\/FOODSERVICE_5_SWINGO-1-1-1-300x194.jpg\" alt=\"\" width=\"500\" height=\"324\" \/><\/strong><\/p>\n<p><strong>Mechanizacja czyszczenia<\/strong><br \/>\nMechanizacja dla ka\u017cdego ma sens. <span class=\"Y2IQFc\" lang=\"pl\">Jednak nawet najmniejsze maszyny musz\u0105 nadal oferowa\u0107 prostot\u0119, wygod\u0119 i zwinno\u015b\u0107 analogiczn\u0105 do mopowania. Gama maszyn szoruj\u0105co-zbieraj\u0105cych z mikrolitow\u0105 bateri\u0105 TASKI oznacza, \u017ce \u200b\u200bka\u017cdy mo\u017ce teraz zrezygnowa\u0107 z tradycyjnego mopowania.<\/span><\/p>\n<p><strong><img alt=\"\" loading=\"lazy\" decoding=\"async\" class=\"alignnone wp-image-1936\" src=\"https:\/\/taski.com\/wp-content\/uploads\/2021\/01\/Robot-productivity-300x200.jpg\" alt=\"\" width=\"500\" height=\"333\" \/><\/strong><\/p>\n<p>&nbsp;<\/p>\n<p><strong>Zautomatyzowane czyszczenie<\/strong><br \/>\nDeficyty si\u0142y roboczej i jej koszty a tak\u017ce starzenie si\u0119 spo\u0142ecze\u0144twa to g\u0142\u00f3wne czynniki nap\u0119dzaj\u0105ce rozw\u00f3j automatyzacji w przysz\u0142o\u015bci. <span class=\"Y2IQFc\" lang=\"pl\">Automatyzacja wp\u0142ynie r\u00f3wnie\u017c na ca\u0142y model bran\u017cowy. TASKI przewodzi tej rewolucji w bran\u017cy czyszczenia.<\/span><\/p>\n<p>Wi\u0119cej wiadomo\u015bci znajdziesz na naszych stronach <a href=\"\/news-help-contacts\/\">News, Contact &amp; Help pages.<\/a><\/p>\n        <\/div>\n      \n    \n  \n  <div class=\"cl-fl\"><\/div>\n[\/vc_column][\/vc_row][vc_row css=&#8221;.vc_custom_1607164076720{padding-top: 90px !important;padding-bottom: 190px !important;}&#8221;][vc_column][vc_column_text css=&#8221;.vc_custom_1608052975519{padding-bottom: 90px !important;}&#8221;]\n<h2 style=\"text-align: center;\">Downloads<\/h2>\n<p>[\/vc_column_text][vc_row_inner css=&#8221;.vc_custom_1607161003581{padding-bottom: 50px !important;}&#8221;][vc_column_inner width=&#8221;1\/3&#8243;]  <div class=\"feature-icon-w\">\n    <div class=\"feature-icon-i\">\n     <a href=\"https:\/\/taski.com\/wp-content\/uploads\/2020\/12\/Cleaning-Machine-Cleaning-Disinfection-Guide.pdf\" target=\"_blank\">       <div class=\"feature-tbl\">\n        <div class=\"feature-cell image-cell\">\n          <img decoding=\"async\" class=\"aligncenter size-full\" alt=\"\" src=\"https:\/\/staging.taski.com\/wp-content\/uploads\/2020\/12\/icon-document.png\"\/>\n        <\/div>\n        <div class=\"feature-cell description-cell\">\n          <p>Cleaning Machines &amp; COVID 19 - Cleaning and Disinfection Guide<\/p>\n        <\/div>\n       <\/div>\n        <\/a>       <div class=\"cl-fl\"><\/div>\n    <\/div>\n  <\/div>\n[\/vc_column_inner][vc_column_inner width=&#8221;1\/3&#8243;]  <div class=\"feature-icon-w\">\n    <div class=\"feature-icon-i\">\n     <a href=\"https:\/\/taski.com\/wp-content\/uploads\/2020\/12\/Cleaning-Machine-Cleaning-Disinfection-Infographic.pdf\" target=\"_blank\">       <div class=\"feature-tbl\">\n        <div class=\"feature-cell image-cell\">\n          <img decoding=\"async\" class=\"aligncenter size-full\" alt=\"\" src=\"https:\/\/staging.taski.com\/wp-content\/uploads\/2020\/12\/icon-document.png\"\/>\n        <\/div>\n        <div class=\"feature-cell description-cell\">\n          <p>Cleaning Machines &amp; COVID 19 - Cleaning &amp; Disinfection Infographic<\/p>\n        <\/div>\n       <\/div>\n        <\/a>       <div class=\"cl-fl\"><\/div>\n    <\/div>\n  <\/div>\n[\/vc_column_inner][vc_column_inner width=&#8221;1\/3&#8243;]  <div class=\"feature-icon-w\">\n    <div class=\"feature-icon-i\">\n     <a href=\"https:\/\/taski.com\/wp-content\/uploads\/2020\/12\/Vacuum-COVID-19-Cleaning-Disinfection-Guide.pdf\" target=\"_blank\">       <div class=\"feature-tbl\">\n        <div class=\"feature-cell image-cell\">\n          <img decoding=\"async\" class=\"aligncenter size-full\" alt=\"\" src=\"https:\/\/staging.taski.com\/wp-content\/uploads\/2020\/12\/icon-document.png\"\/>\n        <\/div>\n        <div class=\"feature-cell description-cell\">\n          <p>Vacuums &amp; COVID 19 - Cleaning &amp; Disinfection Guide<\/p>\n        <\/div>\n       <\/div>\n        <\/a>       <div class=\"cl-fl\"><\/div>\n    <\/div>\n  <\/div>\n[\/vc_column_inner][\/vc_row_inner][vc_row_inner][vc_column_inner width=&#8221;1\/3&#8243;]  <div class=\"feature-icon-w\">\n    <div class=\"feature-icon-i\">\n     <a href=\"https:\/\/taski.com\/wp-content\/uploads\/2020\/12\/Vacuum-COVID-19-Cleaning-Disinfection-Infographic.pdf\" target=\"_blank\">       <div class=\"feature-tbl\">\n        <div class=\"feature-cell image-cell\">\n          <img decoding=\"async\" class=\"aligncenter size-full\" alt=\"\" src=\"https:\/\/staging.taski.com\/wp-content\/uploads\/2020\/12\/icon-document.png\"\/>\n        <\/div>\n        <div class=\"feature-cell description-cell\">\n          <p>Vacuums &amp; COVID 19 - Cleaning &amp; Disinfection Infographic<\/p>\n        <\/div>\n       <\/div>\n        <\/a>       <div class=\"cl-fl\"><\/div>\n    <\/div>\n  <\/div>\n[\/vc_column_inner][vc_column_inner width=&#8221;1\/3&#8243;]  <div class=\"feature-icon-w\">\n    <div class=\"feature-icon-i\">\n     <a href=\"https:\/\/taski.com\/wp-content\/uploads\/2020\/12\/AERO-Vacuum-IAQ-Whitepaper.pdf\" target=\"_blank\">       <div class=\"feature-tbl\">\n        <div class=\"feature-cell image-cell\">\n          <img decoding=\"async\" class=\"aligncenter size-full\" alt=\"\" src=\"https:\/\/staging.taski.com\/wp-content\/uploads\/2020\/12\/icon-document.png\"\/>\n        <\/div>\n        <div class=\"feature-cell description-cell\">\n          <p>Vacuum Indoor Air Quality Whitepaper<\/p>\n        <\/div>\n       <\/div>\n        <\/a>       <div class=\"cl-fl\"><\/div>\n    <\/div>\n  <\/div>\n[\/vc_column_inner][vc_column_inner width=&#8221;1\/3&#8243;]  <div class=\"feature-icon-w\">\n    <div class=\"feature-icon-i\">\n     <a href=\"https:\/\/taski.com\/wp-content\/uploads\/2020\/12\/AERO-Vacuum-Energy-Whitepaper.pdf\" target=\"_blank\">       <div class=\"feature-tbl\">\n        <div class=\"feature-cell image-cell\">\n          <img decoding=\"async\" class=\"aligncenter size-full\" alt=\"\" src=\"https:\/\/staging.taski.com\/wp-content\/uploads\/2020\/12\/icon-document.png\"\/>\n        <\/div>\n        <div class=\"feature-cell description-cell\">\n          <p>Vacuum Energy Saving Whitepaper<\/p>\n        <\/div>\n       <\/div>\n        <\/a>       <div class=\"cl-fl\"><\/div>\n    <\/div>\n  <\/div>\n[\/vc_column_inner][\/vc_row_inner][vc_row_inner][vc_column_inner width=&#8221;1\/3&#8243;]  <div class=\"feature-icon-w\">\n    <div class=\"feature-icon-i\">\n     <a href=\"https:\/\/taski.com\/wp-content\/uploads\/2020\/12\/AERO-Vacuum-Day-Time-Cleaning-Whitepaper.pdf\" target=\"_blank\">       <div class=\"feature-tbl\">\n        <div class=\"feature-cell image-cell\">\n          <img decoding=\"async\" class=\"aligncenter size-full\" alt=\"\" src=\"https:\/\/staging.taski.com\/wp-content\/uploads\/2020\/12\/icon-document.png\"\/>\n        <\/div>\n        <div class=\"feature-cell description-cell\">\n          <p>Vacuums Day Time Cleaning Whitepaper<\/p>\n        <\/div>\n       <\/div>\n        <\/a>       <div class=\"cl-fl\"><\/div>\n    <\/div>\n  <\/div>\n[\/vc_column_inner][vc_column_inner width=&#8221;1\/3&#8243;]  <div class=\"feature-icon-w\">\n    <div class=\"feature-icon-i\">\n     <a href=\"https:\/\/taski.com\/wp-content\/uploads\/2021\/04\/Back-to-work_Reopening.pdf\" target=\"_blank\">       <div class=\"feature-tbl\">\n        <div class=\"feature-cell image-cell\">\n          <img decoding=\"async\" class=\"aligncenter size-full\" alt=\"\" src=\"https:\/\/staging.taski.com\/wp-content\/uploads\/2020\/12\/icon-document.png\"\/>\n        <\/div>\n        <div class=\"feature-cell description-cell\">\n          <p>Back to the office? We've still got your back.<\/p>\n        <\/div>\n       <\/div>\n        <\/a>       <div class=\"cl-fl\"><\/div>\n    <\/div>\n  <\/div>\n[\/vc_column_inner][vc_column_inner width=&#8221;1\/3&#8243;][\/vc_column_inner][\/vc_row_inner][\/vc_column][\/vc_row][vc_row css=&#8221;.vc_custom_1607327415736{background-color: #fafafa !important;}&#8221;][vc_column]\n  <div class=\"two-cta-block\">\n    <div class=\"two-cta-block-i\">\n      <div class=\"row\">\n        <div class=\"two-cta-block-grid\">\n           <div class=\"two-cta-item\">\n            <div class=\"tci-i\">\n             <div class=\"tci-item-content\">\n                <h5><b>Checesz si\u0119 z nami skontaktowa\u0107 lub <\/b><br \/>\nzobaczy\u0107 nasz\u0105 Bia\u0142\u0105 Ksi\u0119g\u0119 dotycz\u0105c\u0105 bran\u017cy<\/h5>\n                <a href=\"\/news-help-contacts\/ask-paul-contact\/\"><p>SKONTAKTUJ SI\u0118 Z NAMI<\/p><\/a>\n             <\/div>\n            <\/div>\n           <\/div>\n           <div class=\"two-cta-item\">\n            <div class=\"tci-i\">\n             <div class=\"tci-item-content\">\n                <h5>Masz pytanie?<br \/>\n<strong>Sprawd\u017a nasze FAQ lub<\/strong><br \/>\nskontaktuj si\u0119 z naszymi ekspertami.<\/h5>\n                <a href=\"\/faq\/\"><p>FAQ<\/p><\/a>\n             <\/div>\n            <\/div>\n           <\/div>\n        <\/div>\n      <\/div>\n    <\/div>\n  <\/div>\n  <div class=\"cl-fl\"><\/div>\n[\/vc_column][\/vc_row]<\/p>\n","protected":false},"excerpt":{"rendered":"<p>TASKI and Diversey together are known as the authorities for cleaning and hygiene excellence by the industry. At TASKI our experts are always here to help.<\/p>\n","protected":false},"author":1,"featured_media":28805,"parent":32802,"menu_order":669,"comment_status":"closed","ping_status":"closed","template":"","meta":{"_acf_changed":false,"_seopress_robots_primary_cat":"","_seopress_titles_title":"","_seopress_titles_desc":"","_seopress_robots_index":"","inline_featured_image":false,"footnotes":""},"class_list":["post-32717","page","type-page","status-publish","has-post-thumbnail","hentry"],"acf":[],"_links":{"self":[{"href":"https:\/\/staging.taski.com\/pl\/wp-json\/wp\/v2\/pages\/32717","targetHints":{"allow":["GET"]}}],"collection":[{"href":"https:\/\/staging.taski.com\/pl\/wp-json\/wp\/v2\/pages"}],"about":[{"href":"https:\/\/staging.taski.com\/pl\/wp-json\/wp\/v2\/types\/page"}],"author":[{"embeddable":true,"href":"https:\/\/staging.taski.com\/pl\/wp-json\/wp\/v2\/users\/1"}],"replies":[{"embeddable":true,"href":"https:\/\/staging.taski.com\/pl\/wp-json\/wp\/v2\/comments?post=32717"}],"version-history":[{"count":0,"href":"https:\/\/staging.taski.com\/pl\/wp-json\/wp\/v2\/pages\/32717\/revisions"}],"up":[{"embeddable":true,"href":"https:\/\/staging.taski.com\/pl\/wp-json\/wp\/v2\/pages\/32802"}],"wp:featuredmedia":[{"embeddable":true,"href":"https:\/\/staging.taski.com\/pl\/wp-json\/wp\/v2\/media\/28805"}],"wp:attachment":[{"href":"https:\/\/staging.taski.com\/pl\/wp-json\/wp\/v2\/media?parent=32717"}],"curies":[{"name":"wp","href":"https:\/\/api.w.org\/{rel}","templated":true}]}}