{"id":32716,"date":"2020-12-05T13:17:51","date_gmt":"2020-12-05T13:17:51","guid":{"rendered":"https:\/\/taski.com\/mechanical-cleaning\/"},"modified":"2023-01-23T21:52:15","modified_gmt":"2023-01-23T21:52:15","slug":"mechanical-cleaning","status":"publish","type":"page","link":"https:\/\/staging.taski.com\/pl\/why-taski\/expert-advice\/mechanical-cleaning\/","title":{"rendered":"Czyszczenie Mechaniczne"},"content":{"rendered":"<div class=\"wpb-content-wrapper\"><p>[vc_row][vc_column]\n  <div class=\"main-banner-block full-width content-video-no\" style=\"background-image:url(https:\/\/staging.taski.com\/wp-content\/uploads\/2020\/12\/FOODSERVICE_5_SWINGO-1-1-1.jpg);\">\n         <div class=\"main-banner-block-i\">\n      <div class=\"row\">\n       <div class=\"mbb-fl\">\n        <div class=\"main-banner-block-content\">\n            <h2>Na jakim etapie ewolucji w sprz\u0105taniu jeste\u015b?<br \/>\nOto g\u0142\u00f3wne powody dlaczego maszyny s\u0105 o wiele lepsze od mopowania r\u0119cznego...<\/h2>\n            <div class=\"button-wrapper\">\n                        <\/div>\n        <\/div>\n               <\/div>\n      <\/div>\n\n\n    <\/div>\n  <\/div>\n  <div class=\"cl-fl\"><\/div>\n[\/vc_column][\/vc_row][vc_row][vc_column]\n  <div class=\"page-description-block style-dark\">\n    <div class=\"page-description-block-i\">\n      <div class=\"row\">\n        <div class=\"page-description-content\">\n          <\/div><\/div><\/div><\/div><\/p>\n<h2>Czyszczenie Mechaniczne<\/h2>\n<p><span class=\"Y2IQFc\" lang=\"pl\">Dla tych, kt\u00f3rzy chc\u0105 najlepszych rezultat\u00f3w sprz\u0105tania \u2013 w por\u00f3wnaniu do mopowania, czyszczenie mechaniczne jest lepsze pod ka\u017cdym wzgl\u0119dem w osi\u0105ganiu <strong>doskona\u0142o\u015bci w czyszczeniu.<\/strong><\/span><\/p>\n<p>&nbsp;<\/p>\n<p>\u2713 Wi\u0119ksza pr\u0119dko\u015b\u0107 &#8211; zajmuje mniej cennego czasu na czyszczenie wi\u0119c mo\u017cesz <strong><\/strong><strong>skupi\u0107 si\u0119 na zadaniach wi\u0119kszego ryzyka lub bardziej warto\u015bciowych zadaniach zwi\u0105zanych z czyszczeniem<span style=\"font-family: Consolas, Monaco, monospace;\">.<\/span><\/strong><\/p>\n<p><img alt=\"\" loading=\"lazy\" decoding=\"async\" class=\"alignnone wp-image-2990\" src=\"https:\/\/taski.com\/wp-content\/uploads\/2021\/01\/More-productive-image-300x96.png\" alt=\"\" width=\"701\" height=\"224\" \/><\/p>\n<p>\u2713 Doskona\u0142e rezultaty w czyszczeniu &#8211; maszyny wywieraj\u0105 <strong>10 x wi\u0119kszy nacisk podczas czyszczenia<\/strong> dla osi\u0105gni\u0119cia lepszych efekt\u00f3w, pracuj\u0105 te\u017c szybciej i pozostawiaj\u0105 znacznie bardziej suche pod\u0142ogi. Wszystko w ramach <strong>jednej zautomatyzowanej \u00a0operacji.<\/strong><\/p>\n<p><img alt=\"\" loading=\"lazy\" decoding=\"async\" class=\"alignnone wp-image-2988\" src=\"https:\/\/taski.com\/wp-content\/uploads\/2021\/01\/Cleaner-floors-image-300x97.png\" alt=\"\" width=\"699\" height=\"226\" \/><\/p>\n<p>\u2713 Bezpieczniej &#8211; maszyny czyni\u0105 twoje \u015brodowisko pracy bezpiczniejszym. Maszyna <strong>usuwa 65% wi\u0119cej wody<\/strong> ni\u017c mopowanie na mokro. <strong>Mniej<\/strong><strong> wody =\u00a0 mniej po\u015blizgni\u0119\u0107.<\/strong><\/p>\n<p><img alt=\"\" loading=\"lazy\" decoding=\"async\" class=\"alignnone wp-image-2989\" src=\"https:\/\/taski.com\/wp-content\/uploads\/2021\/01\/Safer-Floors-image-300x99.png\" alt=\"\" width=\"700\" height=\"231\" \/><\/p>\n<p>\u2713 <span class=\"Y2IQFc\" lang=\"pl\">Higieniczniej \u2013 maszyny sprawiaj\u0105, \u017ce Twoje \u015brodowisko pracy staje si\u0119 bardziej higieniczne. Maszyny usuwaj\u0105<strong> 5 razy wi\u0119cej zanieczyszcze\u0144. Mniej zanieczyszcze\u0144 = mniej zarazk\u00f3w.<\/strong><\/span><\/p>\n<p>&nbsp;<\/p>\n<p>\u2713 Lepiej dla Twoich pracownik\u00f3w &#8211; <span class=\"Y2IQFc\" lang=\"pl\">maszyny s\u0105 <strong>bardziej ergonomiczne i mniej m\u0119cz\u0105ce<\/strong> dla operator\u00f3w. Mog\u0105 nawet wybra\u0107 jazd\u0119 podczas sprz\u0105tania!<\/span><\/p>\n<p>&nbsp;<\/p>\n<p>\u2713 Ni\u017csze koszty i mniej odpad\u00f3w &#8211; maszyny zu\u017cywaj\u0105 mniej wody i mniej \u015brodk\u00f3w chemicznych. <strong>Bezpieczniej + mniej kosztownie = po prostu lepiej!<\/strong><\/p>\n        <\/div>\n      \n    \n  \n  <div class=\"cl-fl\"><\/div>\n[\/vc_column][\/vc_row][vc_row css=&#8221;.vc_custom_1607164076720{padding-top: 90px !important;padding-bottom: 190px !important;}&#8221;][vc_column][vc_column_text css=&#8221;.vc_custom_1608052861471{padding-bottom: 90px !important;}&#8221;]\n<h2 style=\"text-align: center;\">Materia\u0142y do pobrania<\/h2>\n<p>[\/vc_column_text][vc_row_inner css=&#8221;.vc_custom_1607161003581{padding-bottom: 50px !important;}&#8221;][vc_column_inner width=&#8221;1\/3&#8243;]  <div class=\"feature-icon-w\">\n    <div class=\"feature-icon-i\">\n     <a href=\"https:\/\/taski.com\/wp-content\/uploads\/2020\/12\/Machanical-Cleaning-Brochure.pdf\" target=\"_blank\">       <div class=\"feature-tbl\">\n        <div class=\"feature-cell image-cell\">\n          <img decoding=\"async\" class=\"aligncenter size-full\" alt=\"\" src=\"https:\/\/staging.taski.com\/wp-content\/uploads\/2020\/12\/icon-document.png\"\/>\n        <\/div>\n        <div class=\"feature-cell description-cell\">\n          <p>Mechanical Cleaning Brochure<\/p>\n        <\/div>\n       <\/div>\n        <\/a>       <div class=\"cl-fl\"><\/div>\n    <\/div>\n  <\/div>\n[\/vc_column_inner][vc_column_inner width=&#8221;1\/3&#8243;]  <div class=\"feature-icon-w\">\n    <div class=\"feature-icon-i\">\n     <a href=\"https:\/\/taski.com\/wp-content\/uploads\/2020\/12\/Day-Time-Cleaning-Brochure-.pdf\" target=\"_blank\">       <div class=\"feature-tbl\">\n        <div class=\"feature-cell image-cell\">\n          <img decoding=\"async\" class=\"aligncenter size-full\" alt=\"\" src=\"https:\/\/staging.taski.com\/wp-content\/uploads\/2020\/12\/icon-document.png\"\/>\n        <\/div>\n        <div class=\"feature-cell description-cell\">\n          <p>Day Time Cleaning Brochure<\/p>\n        <\/div>\n       <\/div>\n        <\/a>       <div class=\"cl-fl\"><\/div>\n    <\/div>\n  <\/div>\n[\/vc_column_inner][\/vc_row_inner][\/vc_column][\/vc_row][vc_row css=&#8221;.vc_custom_1607327415736{background-color: #fafafa !important;}&#8221;][vc_column]\n  <div class=\"two-cta-block\">\n    <div class=\"two-cta-block-i\">\n      <div class=\"row\">\n        <div class=\"two-cta-block-grid\">\n           <div class=\"two-cta-item\">\n            <div class=\"tci-i\">\n             <div class=\"tci-item-content\">\n                <h5><strong>Chcesz si\u0119 z nami skontaktowa\u0107 lub<\/strong><br \/>\nzobaczy\u0107 nasz\u0105 bran\u017cow\u0105 dokumentacj\u0119<\/h5>\n                <a href=\"\/news-help-contacts\/ask-paul-contact\/\"><p>SKONTAKTUJ SI\u0118 Z NAMI<\/p><\/a>\n             <\/div>\n            <\/div>\n           <\/div>\n           <div class=\"two-cta-item\">\n            <div class=\"tci-i\">\n             <div class=\"tci-item-content\">\n                <h5>Masz pytamie?<br \/>\n<strong>Sprawd\u017a nasze FAQ<\/strong><\/h5>\n                <a href=\"\/faq\/\"><p>FAQ's<\/p><\/a>\n             <\/div>\n            <\/div>\n           <\/div>\n        <\/div>\n      <\/div>\n    <\/div>\n  <\/div>\n  <div class=\"cl-fl\"><\/div>\n[\/vc_column][\/vc_row]<\/p>\n","protected":false},"excerpt":{"rendered":"<p>Where are you in the evolution of cleaning?<br \/>\nHere are the top reasons why machines are so much better than mopping&#8230;<\/p>\n","protected":false},"author":1,"featured_media":28888,"parent":32802,"menu_order":679,"comment_status":"closed","ping_status":"closed","template":"","meta":{"_acf_changed":false,"_seopress_robots_primary_cat":"","_seopress_titles_title":"","_seopress_titles_desc":"","_seopress_robots_index":"","inline_featured_image":false,"footnotes":""},"class_list":["post-32716","page","type-page","status-publish","has-post-thumbnail","hentry"],"acf":[],"_links":{"self":[{"href":"https:\/\/staging.taski.com\/pl\/wp-json\/wp\/v2\/pages\/32716","targetHints":{"allow":["GET"]}}],"collection":[{"href":"https:\/\/staging.taski.com\/pl\/wp-json\/wp\/v2\/pages"}],"about":[{"href":"https:\/\/staging.taski.com\/pl\/wp-json\/wp\/v2\/types\/page"}],"author":[{"embeddable":true,"href":"https:\/\/staging.taski.com\/pl\/wp-json\/wp\/v2\/users\/1"}],"replies":[{"embeddable":true,"href":"https:\/\/staging.taski.com\/pl\/wp-json\/wp\/v2\/comments?post=32716"}],"version-history":[{"count":0,"href":"https:\/\/staging.taski.com\/pl\/wp-json\/wp\/v2\/pages\/32716\/revisions"}],"up":[{"embeddable":true,"href":"https:\/\/staging.taski.com\/pl\/wp-json\/wp\/v2\/pages\/32802"}],"wp:featuredmedia":[{"embeddable":true,"href":"https:\/\/staging.taski.com\/pl\/wp-json\/wp\/v2\/media\/28888"}],"wp:attachment":[{"href":"https:\/\/staging.taski.com\/pl\/wp-json\/wp\/v2\/media?parent=32716"}],"curies":[{"name":"wp","href":"https:\/\/api.w.org\/{rel}","templated":true}]}}