{"id":32715,"date":"2020-12-05T13:19:51","date_gmt":"2020-12-05T13:19:51","guid":{"rendered":"https:\/\/taski.com\/virtual-floor-care-expert\/"},"modified":"2023-01-23T21:44:52","modified_gmt":"2023-01-23T21:44:52","slug":"virtual-floor-care-expert","status":"publish","type":"page","link":"https:\/\/staging.taski.com\/pl\/why-taski\/expert-advice\/virtual-floor-care-expert\/","title":{"rendered":"Ekspertyza w zakresie Piel\u0119gnacji Pod\u0142\u00f3g"},"content":{"rendered":"<div class=\"wpb-content-wrapper\"><p>[vc_row][vc_column]\n  <div class=\"main-banner-block full-width content-video-no\" style=\"background-image:url(https:\/\/staging.taski.com\/wp-content\/uploads\/2020\/12\/virtual-floor-care-expert-1.jpg);\">\n         <div class=\"main-banner-block-i\">\n      <div class=\"row\">\n       <div class=\"mbb-fl\">\n        <div class=\"main-banner-block-content\">\n            <h2><\/h2>\n            <div class=\"button-wrapper\">\n                        <\/div>\n        <\/div>\n               <\/div>\n      <\/div>\n\n\n    <\/div>\n  <\/div>\n  <div class=\"cl-fl\"><\/div>\n[\/vc_column][\/vc_row][vc_row][vc_column]\n  <div class=\"page-description-block style-dark\">\n    <div class=\"page-description-block-i\">\n      <div class=\"row\">\n        <div class=\"page-description-content\">\n          <\/div><\/div><\/div><\/div><\/p>\n<h2>Wirtualny Ekspert od Piel\u0119gnacji Pod\u0142ogi<\/h2>\n<p><span class=\"Y2IQFc\" lang=\"pl\">Liczy si\u0119 pierwsze wra\u017cenie. Materia\u0142y u\u017cyte w\u00a0 ka\u017cdym budynku m\u00f3wi\u0105 wszystko o w\u0142a\u015bcicielu. Niekt\u00f3rzy wydaj\u0105 miliony dolar\u00f3w na najwy\u017cszej jako\u015bci, najbardziej luksusowe i zazwyczaj najdro\u017csze materia\u0142y budowlane i wyko\u0144czeniowe.<\/span><\/p>\n<p><img alt=\"\" loading=\"lazy\" decoding=\"async\" class=\"alignnone wp-image-2993\" src=\"https:\/\/taski.com\/wp-content\/uploads\/2021\/01\/Airport_Hallway_Flooring1-1-300x201.jpg\" alt=\"\" width=\"300\" height=\"201\" \/><img alt=\"\" loading=\"lazy\" decoding=\"async\" class=\"alignnone wp-image-2994\" src=\"https:\/\/taski.com\/wp-content\/uploads\/2021\/01\/Marmorboden-300x201.jpg\" alt=\"\" width=\"302\" height=\"202\" \/><img alt=\"\" loading=\"lazy\" decoding=\"async\" class=\"alignnone wp-image-2995\" src=\"https:\/\/taski.com\/wp-content\/uploads\/2021\/01\/Hotelpool-300x199.jpg\" alt=\"\" width=\"302\" height=\"200\" \/><\/p>\n<p id=\"tw-target-text\" class=\"tw-data-text tw-text-large tw-ta\" dir=\"ltr\" data-placeholder=\"T\u0142umaczenie\"><span class=\"Y2IQFc\" lang=\"pl\">Pod\u0142ogi mog\u0105 stanowi\u0107 wi\u0119kszo\u015b\u0107 powierzchni budynku, ale zwykle tylko jedna czwarta czasu sprz\u0105tania jest po\u015bwi\u0119cana na czyszczenie pod\u0142\u00f3g i dywan\u00f3w. Wizualnie pod\u0142ogi maj\u0105 du\u017cy wp\u0142yw na wra\u017cenie czysto\u015bci.<\/span><\/p>\n<p><img alt=\"\" loading=\"lazy\" decoding=\"async\" class=\"alignnone wp-image-2966\" src=\"https:\/\/taski.com\/wp-content\/uploads\/2021\/01\/Transport-needs-image-300x169.jpg\" alt=\"\" width=\"377\" height=\"212\" \/><img alt=\"\" loading=\"lazy\" decoding=\"async\" class=\"alignnone wp-image-2724\" src=\"https:\/\/taski.com\/wp-content\/uploads\/2021\/01\/TASKI_IntelliSpray-hotel-lobby-300x200.jpg\" alt=\"\" width=\"318\" height=\"213\" \/><img alt=\"\" loading=\"lazy\" decoding=\"async\" class=\"alignnone wp-image-181\" src=\"https:\/\/taski.com\/wp-content\/uploads\/2020\/11\/hospitality.jpg\" alt=\"\" width=\"211\" height=\"211\" srcset=\"https:\/\/staging.taski.com\/wp-content\/uploads\/2020\/11\/hospitality.jpg 290w, https:\/\/staging.taski.com\/wp-content\/uploads\/2020\/11\/hospitality-100x100.jpg 100w\" sizes=\"auto, (max-width: 211px) 100vw, 211px\" \/><\/p>\n<p><span class=\"Y2IQFc\" lang=\"pl\">Jednak co wa\u017cniejsze, czyszczenie mo\u017ce poprawi\u0107 bezpiecze\u0144stwo i higien\u0119 w \u0142azienkach, kuchniach, obszarach przygotowywania posi\u0142k\u00f3w i obszarach klinicznych w opiece zdrowotnej.<\/span><\/p>\n<p><img alt=\"\" loading=\"lazy\" decoding=\"async\" class=\"alignnone wp-image-178\" src=\"https:\/\/taski.com\/wp-content\/uploads\/2020\/11\/food-service.jpg\" alt=\"\" width=\"306\" height=\"306\" srcset=\"https:\/\/staging.taski.com\/wp-content\/uploads\/2020\/11\/food-service.jpg 290w, https:\/\/staging.taski.com\/wp-content\/uploads\/2020\/11\/food-service-100x100.jpg 100w\" sizes=\"auto, (max-width: 306px) 100vw, 306px\" \/><img alt=\"\" loading=\"lazy\" decoding=\"async\" class=\"alignnone wp-image-2199\" src=\"https:\/\/taski.com\/wp-content\/uploads\/2021\/01\/swingo150B-image-3-300x300.jpg\" alt=\"\" width=\"305\" height=\"305\" srcset=\"https:\/\/staging.taski.com\/wp-content\/uploads\/2021\/01\/swingo150B-image-3-300x300.jpg 300w, https:\/\/staging.taski.com\/wp-content\/uploads\/2021\/01\/swingo150B-image-3-100x100.jpg 100w, https:\/\/staging.taski.com\/wp-content\/uploads\/2021\/01\/swingo150B-image-3-600x600.jpg 600w, https:\/\/staging.taski.com\/wp-content\/uploads\/2021\/01\/swingo150B-image-3.jpg 1800w\" sizes=\"auto, (max-width: 305px) 100vw, 305px\" \/><img alt=\"\" loading=\"lazy\" decoding=\"async\" class=\"alignnone wp-image-180\" src=\"https:\/\/taski.com\/wp-content\/uploads\/2020\/11\/healthcare-acute.jpg\" alt=\"\" width=\"306\" height=\"306\" srcset=\"https:\/\/staging.taski.com\/wp-content\/uploads\/2020\/11\/healthcare-acute.jpg 290w, https:\/\/staging.taski.com\/wp-content\/uploads\/2020\/11\/healthcare-acute-100x100.jpg 100w\" sizes=\"auto, (max-width: 306px) 100vw, 306px\" \/><\/p>\n<p id=\"tw-target-text\" class=\"tw-data-text tw-text-large tw-ta\" dir=\"ltr\" data-placeholder=\"T\u0142umaczenie\"><span class=\"Y2IQFc\" lang=\"pl\">Systemy do piel\u0119gnacji pod\u0142\u00f3g TASKI zosta\u0142y stworzone, aby zapewni\u0107 najwy\u017cszy poziom higieny i bezpiecze\u0144stwa.<\/span><\/p>\n<div id=\"tw-target-text-container\" class=\"tw-ta-container F0azHf tw-nfl\" tabindex=\"0\">\n<p id=\"tw-target-text\" class=\"tw-data-text tw-text-large tw-ta\" dir=\"ltr\" data-placeholder=\"T\u0142umaczenie\"><span class=\"Y2IQFc\" lang=\"pl\">Pobierz nasz Przewodnik po piel\u0119gnacji pod\u0142\u00f3g lub nasz\u0105 Bia\u0142\u0105 Ksi\u0119g\u0119, aby uzyska\u0107 wi\u0119cej porad ekspert\u00f3w. W celu uzyskania bardziej szczeg\u00f3\u0142owych informacji na temat \u015brodk\u00f3w chemicznych do piel\u0119gnacji pod\u0142\u00f3g Diversey<\/span><strong> <a href=\"https:\/\/diversey.com\/en\/solutions\/floor-care\">kliknij tutaj.<\/a><\/strong><\/p>\n        <\/div>\n      <\/div>\n    \n  \n  <div class=\"cl-fl\"><\/div>\n[\/vc_column][\/vc_row][vc_row css=&#8221;.vc_custom_1607164076720{padding-top: 90px !important;padding-bottom: 190px !important;}&#8221;][vc_column][vc_column_text css=&#8221;.vc_custom_1608052812509{padding-bottom: 90px !important;}&#8221;]\n\n<h2 style=\"text-align: center;\">Materia\u0142y do Pobrania<\/h2>\n<p>[\/vc_column_text][vc_row_inner css=&#8221;.vc_custom_1607161003581{padding-bottom: 50px !important;}&#8221;][vc_column_inner width=&#8221;1\/3&#8243;]  <div class=\"feature-icon-w\">\n    <div class=\"feature-icon-i\">\n     <a href=\"https:\/\/taski.com\/wp-content\/uploads\/2020\/12\/Floor-Care-Brochure.pdf\" target=\"_blank\">       <div class=\"feature-tbl\">\n        <div class=\"feature-cell image-cell\">\n          <img decoding=\"async\" class=\"aligncenter size-full\" alt=\"\" src=\"https:\/\/staging.taski.com\/wp-content\/uploads\/2020\/12\/icon-document.png\"\/>\n        <\/div>\n        <div class=\"feature-cell description-cell\">\n          <p>Broszura Piel\u0119gnacja Pod\u0142ogi<\/p>\n        <\/div>\n       <\/div>\n        <\/a>       <div class=\"cl-fl\"><\/div>\n    <\/div>\n  <\/div>\n[\/vc_column_inner][vc_column_inner width=&#8221;1\/3&#8243;]  <div class=\"feature-icon-w\">\n    <div class=\"feature-icon-i\">\n     <a href=\"https:\/\/taski.com\/wp-content\/uploads\/2020\/12\/TASKI-Twister-Brochure.pdf\" target=\"_blank\">       <div class=\"feature-tbl\">\n        <div class=\"feature-cell image-cell\">\n          <img decoding=\"async\" class=\"aligncenter size-full\" alt=\"\" src=\"https:\/\/staging.taski.com\/wp-content\/uploads\/2020\/12\/icon-document.png\"\/>\n        <\/div>\n        <div class=\"feature-cell description-cell\">\n          <p>Broszutra TASKI i Twister<\/p>\n        <\/div>\n       <\/div>\n        <\/a>       <div class=\"cl-fl\"><\/div>\n    <\/div>\n  <\/div>\n[\/vc_column_inner][vc_column_inner width=&#8221;1\/3&#8243;]  <div class=\"feature-icon-w\">\n    <div class=\"feature-icon-i\">\n     <a href=\"https:\/\/taski.com\/wp-content\/uploads\/2020\/12\/Day-Time-Cleaning-Brochure-.pdf\" target=\"_blank\">       <div class=\"feature-tbl\">\n        <div class=\"feature-cell image-cell\">\n          <img decoding=\"async\" class=\"aligncenter size-full\" alt=\"\" src=\"https:\/\/staging.taski.com\/wp-content\/uploads\/2020\/12\/icon-document.png\"\/>\n        <\/div>\n        <div class=\"feature-cell description-cell\">\n          <p>Broszura Sprz\u0105tanie W Ci\u0105gu Dnia<\/p>\n        <\/div>\n       <\/div>\n        <\/a>       <div class=\"cl-fl\"><\/div>\n    <\/div>\n  <\/div>\n[\/vc_column_inner][\/vc_row_inner][\/vc_column][\/vc_row][vc_row css=&#8221;.vc_custom_1607327415736{background-color: #fafafa !important;}&#8221;][vc_column]\n  <div class=\"two-cta-block\">\n    <div class=\"two-cta-block-i\">\n      <div class=\"row\">\n        <div class=\"two-cta-block-grid\">\n           <div class=\"two-cta-item\">\n            <div class=\"tci-i\">\n             <div class=\"tci-item-content\">\n                <h5><strong>Chcesz si\u0119 z nami  skontaktowa\u0107 lub<\/strong><br \/>\nzobaczy\u0107 nasz\u0105 Bran\u017cow\u0105 bia\u0142\u0105 ksi\u0119g\u0119<\/h5>\n                <a href=\"\/news-help-contacts\/ask-paul-contact\/\"><p>SKONTAKTUJ<br \/>\nSI\u0118 Z NAMI<\/p><\/a>\n             <\/div>\n            <\/div>\n           <\/div>\n           <div class=\"two-cta-item\">\n            <div class=\"tci-i\">\n             <div class=\"tci-item-content\">\n                <h5>Masz pytanie?<br \/>\n<strong>Sprawd\u017a nasze FAQ lub<\/strong><br \/>\nskontaktuj si\u0119 z naszymi ekspertami.<\/h5>\n                <a href=\"\/faq\/\"><p>FAQ's<\/p><\/a>\n             <\/div>\n            <\/div>\n           <\/div>\n        <\/div>\n      <\/div>\n    <\/div>\n  <\/div>\n  <div class=\"cl-fl\"><\/div>\n[\/vc_column][\/vc_row]<\/p>\n","protected":false},"excerpt":{"rendered":"<p>At TASKI when you buy our machines you get your own floor care expert for free! We&#8217;ll  harness the synergies of the ULTIMATE cleaning machines with cutting edge floor care chemicals.<\/p>\n","protected":false},"author":1,"featured_media":28810,"parent":32802,"menu_order":666,"comment_status":"closed","ping_status":"closed","template":"","meta":{"_acf_changed":false,"_seopress_robots_primary_cat":"","_seopress_titles_title":"","_seopress_titles_desc":"","_seopress_robots_index":"","inline_featured_image":false,"footnotes":""},"class_list":["post-32715","page","type-page","status-publish","has-post-thumbnail","hentry"],"acf":[],"_links":{"self":[{"href":"https:\/\/staging.taski.com\/pl\/wp-json\/wp\/v2\/pages\/32715","targetHints":{"allow":["GET"]}}],"collection":[{"href":"https:\/\/staging.taski.com\/pl\/wp-json\/wp\/v2\/pages"}],"about":[{"href":"https:\/\/staging.taski.com\/pl\/wp-json\/wp\/v2\/types\/page"}],"author":[{"embeddable":true,"href":"https:\/\/staging.taski.com\/pl\/wp-json\/wp\/v2\/users\/1"}],"replies":[{"embeddable":true,"href":"https:\/\/staging.taski.com\/pl\/wp-json\/wp\/v2\/comments?post=32715"}],"version-history":[{"count":0,"href":"https:\/\/staging.taski.com\/pl\/wp-json\/wp\/v2\/pages\/32715\/revisions"}],"up":[{"embeddable":true,"href":"https:\/\/staging.taski.com\/pl\/wp-json\/wp\/v2\/pages\/32802"}],"wp:featuredmedia":[{"embeddable":true,"href":"https:\/\/staging.taski.com\/pl\/wp-json\/wp\/v2\/media\/28810"}],"wp:attachment":[{"href":"https:\/\/staging.taski.com\/pl\/wp-json\/wp\/v2\/media?parent=32715"}],"curies":[{"name":"wp","href":"https:\/\/api.w.org\/{rel}","templated":true}]}}