{"id":32704,"date":"2020-12-05T13:20:18","date_gmt":"2020-12-05T13:20:18","guid":{"rendered":"https:\/\/taski.com\/virtual-carpet-care-expert\/"},"modified":"2023-01-23T21:51:16","modified_gmt":"2023-01-23T21:51:16","slug":"virtual-carpet-care-expert","status":"publish","type":"page","link":"https:\/\/staging.taski.com\/pl\/why-taski\/expert-advice\/virtual-carpet-care-expert\/","title":{"rendered":"Ekspertyza w Piel\u0119gnacji Wyk\u0142adzin"},"content":{"rendered":"<div class=\"wpb-content-wrapper\"><p>[vc_row][vc_column]\n  <div class=\"main-banner-block full-width content-video-no\" style=\"background-image:url(https:\/\/staging.taski.com\/wp-content\/uploads\/2020\/12\/virtual-carpet-care-expert-1.jpg);\">\n         <div class=\"main-banner-block-i\">\n      <div class=\"row\">\n       <div class=\"mbb-fl\">\n        <div class=\"main-banner-block-content\">\n            <h2>Wyk\u0142adziny i powierzchnie tkanin wymagaj\u0105 cz\u0119stego czyszczenia i konserwacji.<br \/>\nEksperci TASKI s\u0105 tu pota aby doradzi\u0107 i podzieli\u0107 najlepszymi praktykami  i poradami jak dobra\u0107 najlepsze produkty dla twoich wyk\u0142adzin i tkanin.<\/h2>\n            <div class=\"button-wrapper\">\n                        <\/div>\n        <\/div>\n               <\/div>\n      <\/div>\n\n\n    <\/div>\n  <\/div>\n  <div class=\"cl-fl\"><\/div>\n[\/vc_column][\/vc_row][vc_row][vc_column]\n  <div class=\"page-description-block style-dark\">\n    <div class=\"page-description-block-i\">\n      <div class=\"row\">\n        <div class=\"page-description-content\">\n          <\/div><\/div><\/div><\/div><\/p>\n<h2>Wirtualny ekspert od piel\u0119gnacji wyk\u0142adzin<\/h2>\n<p><img alt=\"\" loading=\"lazy\" decoding=\"async\" class=\"size-medium wp-image-2676 alignnone\" src=\"https:\/\/taski.com\/wp-content\/uploads\/2021\/01\/CarpetedStairs-300x200.jpg\" alt=\"\" width=\"300\" height=\"200\" \/><\/p>\n<p><strong>Odkurzanie<\/strong><\/p>\n<p><span class=\"Y2IQFc\" lang=\"pl\">80% zanieczyszcze\u0144 dostaje si\u0119 do budynku przez jego wej\u015bcie. Nigdy nie zapominaj o znaczeniu wycieraczek wej\u015bciowych. Aby uzyska\u0107 doskona\u0142e czyszczenie, zawsze wybieraj odkurzacz pionowy TASKI, po\u0142\u0105czenie odkurzania i mechanicznego dzia\u0142ania szczotki jest doskona\u0142e.<\/span><\/p>\n<p><img alt=\"\" loading=\"lazy\" decoding=\"async\" class=\"size-medium wp-image-2319 alignnone\" src=\"https:\/\/taski.com\/wp-content\/uploads\/2020\/12\/HOSPITALITY_21_CARPET_VACUUM_CLEANING-200x300.jpg\" alt=\"\" width=\"200\" height=\"300\" \/><\/p>\n<p><span class=\"Y2IQFc\" lang=\"pl\">Ze wzgl\u0119du na bezpiecze\u0144stwo i wydajno\u015b\u0107 czyszczenia schod\u00f3w i transportu wybierz odkurzacz plecakowy TASKI.<\/span><\/p>\n<p><img alt=\"\" loading=\"lazy\" decoding=\"async\" class=\"size-medium wp-image-2352 alignnone\" src=\"https:\/\/taski.com\/wp-content\/uploads\/2020\/12\/TASKI-Aero-Up-Still-7-1-300x169.jpg\" alt=\"\" width=\"300\" height=\"169\" \/><\/p>\n<p><strong>Filtry HEPA\u00a0<\/strong><\/p>\n<p><span class=\"Y2IQFc\" lang=\"pl\">Najlepsz\u0105 praktyk\u0105 jest stosowanie filtr\u00f3w TASKI HEPA H13, kt\u00f3re poprawiaj\u0105 jako\u015b\u0107 powietrza w pomieszczeniach i odfiltrowuj\u0105 99,95% drobnych cz\u0105stek i zanieczyszcze\u0144.<\/span><\/p>\n<p><img alt=\"\" loading=\"lazy\" decoding=\"async\" class=\"size-medium wp-image-2645 alignnone\" src=\"https:\/\/taski.com\/wp-content\/uploads\/2020\/12\/AERO-HEPA-Filter_Scenic2-300x300.png\" alt=\"\" width=\"300\" height=\"300\" srcset=\"https:\/\/staging.taski.com\/wp-content\/uploads\/2020\/12\/AERO-HEPA-Filter_Scenic2-300x300.png 300w, https:\/\/staging.taski.com\/wp-content\/uploads\/2020\/12\/AERO-HEPA-Filter_Scenic2-100x100.png 100w, https:\/\/staging.taski.com\/wp-content\/uploads\/2020\/12\/AERO-HEPA-Filter_Scenic2-600x600.png 600w, https:\/\/staging.taski.com\/wp-content\/uploads\/2020\/12\/AERO-HEPA-Filter_Scenic2.png 800w\" sizes=\"auto, (max-width: 300px) 100vw, 300px\" \/><\/p>\n<p><strong>Czyszczenie po\u015brednie<\/strong><\/p>\n<p><span class=\"Y2IQFc\" lang=\"pl\">TASKI procarpet,\u00a0 kapsu\u0142kowe czyszczenia wyk\u0142adzin od TASKI wykorzystuje such\u0105 pian\u0119 do czyszczenia wyk\u0142adzin bez pozostawiania ich mokrych i wy\u0142\u0105czonych z u\u017cytkowania. Suszy je w mniej ni\u017c 1 godzin\u0119. Metoda kapsu\u0142kowa TASKI to doskona\u0142a rozwi\u0105zanie, idealne do czyszczenia wej\u015b\u0107, korytarzy i pas\u00f3w ruchu, gdy jest to potrzebne lub jako element regularnego programu sprz\u0105tania przez ca\u0142y rok. Piana sucha przy u\u017cyciu generatora piany TASKI i TASKI ergodisc z nak\u0142adkami do czyszczenia dywan\u00f3w mo\u017ce by\u0107 r\u00f3wnie\u017c u\u017cywana do delikatnego czyszczenia\u00a0 powierzchni wyk\u0142adzin i jest sucha w ci\u0105gu kilku minut.<\/span><\/p>\n<p><strong><img alt=\"\" loading=\"lazy\" decoding=\"async\" class=\"size-medium wp-image-1879 alignnone\" src=\"https:\/\/taski.com\/wp-content\/uploads\/2021\/01\/Carpet-extraction-300x200.jpg\" alt=\"\" width=\"300\" height=\"200\" \/><\/strong><\/p>\n<p><strong>Czyszczenie okresowe<\/strong><\/p>\n<p><span class=\"Y2IQFc\" lang=\"pl\">Maszyny TASKI procarpet s\u0142u\u017c\u0105 r\u00f3wnie\u017c do ekstrakcyjnego g\u0142\u0119bokiego prania wyk\u0142adzin i niekt\u00f3rych wytrzyma\u0142ych tkanin. Myjka Parowa TASKI dostarcza par\u0119 o wysokiej temperaturze i ci\u015bnieniu do sprawdzonego czyszczenia i odka\u017cania. Generatory ergodisc i piany TASKI mo\u017cna r\u00f3wnie\u017c stosowa\u0107 z suchym szamponem TASKI w pianie i mi\u0119kk\u0105 szczotk\u0105 do szamponu do g\u0142\u0119bokiego czyszczenia w\u0142osia gdzie inne wydobycie zanieczyszcze\u0144 nie jest mo\u017cliwe.<\/span><\/p>\n<p><strong><img alt=\"\" loading=\"lazy\" decoding=\"async\" class=\"alignnone size-medium wp-image-2356\" src=\"https:\/\/taski.com\/wp-content\/uploads\/2020\/12\/Carpet-extraction-2-300x200.jpg\" alt=\"\" width=\"300\" height=\"200\" \/><\/strong><\/p>\n<p><strong><span class=\"Y2IQFc\" lang=\"pl\">Pobierz nasz\u0105 Broszur\u0119 Dotycz\u0105c\u0105 Piel\u0119gnacji Dywan\u00f3w lub oficjalne dokumenty, aby uzyska\u0107 wi\u0119cej porad ekspert\u00f3w. Lub w celu uzyskania bardziej szczeg\u00f3\u0142owych informacji na temat \u015brodk\u00f3w chemicznych Diversey dedykowanych do wyk\u0142adzin, kliknij tutaj <\/span><\/strong><\/p>\n        <\/div>\n      \n    \n  \n  <div class=\"cl-fl\"><\/div>\n[\/vc_column][\/vc_row][vc_row css=&#8221;.vc_custom_1607164076720{padding-top: 90px !important;padding-bottom: 190px !important;}&#8221;][vc_column][vc_column_text css=&#8221;.vc_custom_1608052634412{padding-bottom: 90px !important;}&#8221;]\n<h2 style=\"text-align: center;\">Materia\u0142y do pobrania<\/h2>\n<p>[\/vc_column_text][vc_row_inner css=&#8221;.vc_custom_1607161003581{padding-bottom: 50px !important;}&#8221;][vc_column_inner width=&#8221;1\/3&#8243;]  <div class=\"feature-icon-w\">\n    <div class=\"feature-icon-i\">\n     <a href=\"https:\/\/taski.com\/wp-content\/uploads\/2020\/12\/Carpet-Care-Brochure.pdf\" target=\"_blank\">       <div class=\"feature-tbl\">\n        <div class=\"feature-cell image-cell\">\n          <img decoding=\"async\" class=\"aligncenter size-full\" alt=\"\" src=\"https:\/\/staging.taski.com\/wp-content\/uploads\/2020\/12\/icon-document.png\"\/>\n        <\/div>\n        <div class=\"feature-cell description-cell\">\n          <p>Carpet Care Brochure<\/p>\n        <\/div>\n       <\/div>\n        <\/a>       <div class=\"cl-fl\"><\/div>\n    <\/div>\n  <\/div>\n[\/vc_column_inner][vc_column_inner width=&#8221;1\/3&#8243;]  <div class=\"feature-icon-w\">\n    <div class=\"feature-icon-i\">\n     <a href=\"https:\/\/taski.com\/wp-content\/uploads\/2020\/12\/Carpet-Care-COVID-19.pdf\" target=\"_blank\">       <div class=\"feature-tbl\">\n        <div class=\"feature-cell image-cell\">\n          <img decoding=\"async\" class=\"aligncenter size-full\" alt=\"\" src=\"https:\/\/staging.taski.com\/wp-content\/uploads\/2020\/12\/icon-document.png\"\/>\n        <\/div>\n        <div class=\"feature-cell description-cell\">\n          <p>Carpet Care &amp; COVID 19 Brochure<\/p>\n        <\/div>\n       <\/div>\n        <\/a>       <div class=\"cl-fl\"><\/div>\n    <\/div>\n  <\/div>\n[\/vc_column_inner][vc_column_inner width=&#8221;1\/3&#8243;]  <div class=\"feature-icon-w\">\n    <div class=\"feature-icon-i\">\n     <a href=\"https:\/\/taski.com\/wp-content\/uploads\/2020\/12\/HEPA-Filter-Brochure.pdf\" target=\"_blank\">       <div class=\"feature-tbl\">\n        <div class=\"feature-cell image-cell\">\n          <img decoding=\"async\" class=\"aligncenter size-full\" alt=\"\" src=\"https:\/\/staging.taski.com\/wp-content\/uploads\/2020\/12\/icon-document.png\"\/>\n        <\/div>\n        <div class=\"feature-cell description-cell\">\n          <p>HEPA Filtration Brochure<\/p>\n        <\/div>\n       <\/div>\n        <\/a>       <div class=\"cl-fl\"><\/div>\n    <\/div>\n  <\/div>\n[\/vc_column_inner][\/vc_row_inner][vc_row_inner][vc_column_inner width=&#8221;1\/3&#8243;]  <div class=\"feature-icon-w\">\n    <div class=\"feature-icon-i\">\n     <a href=\"https:\/\/taski.com\/wp-content\/uploads\/2020\/12\/AERO-Vacuum-IAQ-Whitepaper.pdf\" target=\"_blank\">       <div class=\"feature-tbl\">\n        <div class=\"feature-cell image-cell\">\n          <img decoding=\"async\" class=\"aligncenter size-full\" alt=\"\" src=\"https:\/\/staging.taski.com\/wp-content\/uploads\/2020\/12\/icon-document.png\"\/>\n        <\/div>\n        <div class=\"feature-cell description-cell\">\n          <p>AERO Vacuum Indoor Air Quality Whitepaper<\/p>\n        <\/div>\n       <\/div>\n        <\/a>       <div class=\"cl-fl\"><\/div>\n    <\/div>\n  <\/div>\n[\/vc_column_inner][vc_column_inner width=&#8221;1\/3&#8243;]  <div class=\"feature-icon-w\">\n    <div class=\"feature-icon-i\">\n     <a href=\"https:\/\/taski.com\/wp-content\/uploads\/2020\/12\/AERO-Vacuum-Day-Time-Cleaning-Whitepaper.pdf\" target=\"_blank\">       <div class=\"feature-tbl\">\n        <div class=\"feature-cell image-cell\">\n          <img decoding=\"async\" class=\"aligncenter size-full\" alt=\"\" src=\"https:\/\/staging.taski.com\/wp-content\/uploads\/2020\/12\/icon-document.png\"\/>\n        <\/div>\n        <div class=\"feature-cell description-cell\">\n          <p>AERO Vacuum Day Time Cleaning Whitepaper<\/p>\n        <\/div>\n       <\/div>\n        <\/a>       <div class=\"cl-fl\"><\/div>\n    <\/div>\n  <\/div>\n[\/vc_column_inner][vc_column_inner width=&#8221;1\/3&#8243;]  <div class=\"feature-icon-w\">\n    <div class=\"feature-icon-i\">\n     <a href=\"https:\/\/taski.com\/wp-content\/uploads\/2020\/12\/Day-Time-Cleaning-Brochure-.pdf\" target=\"_blank\">       <div class=\"feature-tbl\">\n        <div class=\"feature-cell image-cell\">\n          <img decoding=\"async\" class=\"aligncenter size-full\" alt=\"\" src=\"https:\/\/staging.taski.com\/wp-content\/uploads\/2020\/12\/icon-document.png\"\/>\n        <\/div>\n        <div class=\"feature-cell description-cell\">\n          <p>Day Time Cleaning Brochure<\/p>\n        <\/div>\n       <\/div>\n        <\/a>       <div class=\"cl-fl\"><\/div>\n    <\/div>\n  <\/div>\n[\/vc_column_inner][\/vc_row_inner][\/vc_column][\/vc_row][vc_row css=&#8221;.vc_custom_1607327415736{background-color: #fafafa !important;}&#8221;][vc_column]\n  <div class=\"two-cta-block\">\n    <div class=\"two-cta-block-i\">\n      <div class=\"row\">\n        <div class=\"two-cta-block-grid\">\n           <div class=\"two-cta-item\">\n            <div class=\"tci-i\">\n             <div class=\"tci-item-content\">\n                <h5><strong>Chcesz si\u0119 z nami skontaktowa\u0107<\/strong><br \/>\nlub zobaczy\u0107 nasz\u0105 bra\u017cow\u0105 dokumentacj\u0119?<\/h5>\n                <a href=\"\/news-help-contacts\/ask-paul-contact\/\"><p>SKONTAKTUJ SI\u0118 Z NAMI<\/p><\/a>\n             <\/div>\n            <\/div>\n           <\/div>\n           <div class=\"two-cta-item\">\n            <div class=\"tci-i\">\n             <div class=\"tci-item-content\">\n                <h5>Masz pytania?<br \/>\n<strong>Sprawd\u017a nasze FAQ <\/strong> lub<br \/>\nskontaktuj si\u0119 z naszymi ekspertami.<\/h5>\n                <a href=\"\/faq\/\"><p>FAQ's<\/p><\/a>\n             <\/div>\n            <\/div>\n           <\/div>\n        <\/div>\n      <\/div>\n    <\/div>\n  <\/div>\n  <div class=\"cl-fl\"><\/div>\n[\/vc_column][\/vc_row]<\/p>\n","protected":false},"excerpt":{"rendered":"<p>Carpets and fabric surfaces need frequent cleaning and maintenance.<br \/>\nTASKI experts are here to help with best practice and advice on the best products or your carpets &#038; fabrics.<\/p>\n","protected":false},"author":1,"featured_media":28811,"parent":32802,"menu_order":671,"comment_status":"closed","ping_status":"closed","template":"","meta":{"_acf_changed":false,"_seopress_robots_primary_cat":"","_seopress_titles_title":"","_seopress_titles_desc":"","_seopress_robots_index":"","inline_featured_image":false,"footnotes":""},"class_list":["post-32704","page","type-page","status-publish","has-post-thumbnail","hentry"],"acf":[],"_links":{"self":[{"href":"https:\/\/staging.taski.com\/pl\/wp-json\/wp\/v2\/pages\/32704","targetHints":{"allow":["GET"]}}],"collection":[{"href":"https:\/\/staging.taski.com\/pl\/wp-json\/wp\/v2\/pages"}],"about":[{"href":"https:\/\/staging.taski.com\/pl\/wp-json\/wp\/v2\/types\/page"}],"author":[{"embeddable":true,"href":"https:\/\/staging.taski.com\/pl\/wp-json\/wp\/v2\/users\/1"}],"replies":[{"embeddable":true,"href":"https:\/\/staging.taski.com\/pl\/wp-json\/wp\/v2\/comments?post=32704"}],"version-history":[{"count":0,"href":"https:\/\/staging.taski.com\/pl\/wp-json\/wp\/v2\/pages\/32704\/revisions"}],"up":[{"embeddable":true,"href":"https:\/\/staging.taski.com\/pl\/wp-json\/wp\/v2\/pages\/32802"}],"wp:featuredmedia":[{"embeddable":true,"href":"https:\/\/staging.taski.com\/pl\/wp-json\/wp\/v2\/media\/28811"}],"wp:attachment":[{"href":"https:\/\/staging.taski.com\/pl\/wp-json\/wp\/v2\/media?parent=32704"}],"curies":[{"name":"wp","href":"https:\/\/api.w.org\/{rel}","templated":true}]}}