{"id":32703,"date":"2020-12-05T13:21:31","date_gmt":"2020-12-05T13:21:31","guid":{"rendered":"https:\/\/taski.com\/the-synergies-of-machine-chemical-cleaning-tools\/"},"modified":"2023-01-23T21:38:41","modified_gmt":"2023-01-23T21:38:41","slug":"the-synergies-of-machine-chemical-cleaning-tools","status":"publish","type":"page","link":"https:\/\/staging.taski.com\/pl\/why-taski\/expert-advice\/the-synergies-of-machine-chemical-cleaning-tools\/","title":{"rendered":"Ko\u0142o Sinnera"},"content":{"rendered":"<div class=\"wpb-content-wrapper\"><p>[vc_row][vc_column]\n  <div class=\"main-banner-block full-width content-video-no\" style=\"background-image:url(https:\/\/staging.taski.com\/wp-content\/uploads\/2021\/01\/TASKI-Twister-image.png);\">\n         <div class=\"main-banner-block-i\">\n      <div class=\"row\">\n       <div class=\"mbb-fl\">\n        <div class=\"main-banner-block-content\">\n            <h2>Ko\u0142o Sinnera  lub ko\u0142o czyszczenia<br \/>\nsk\u0142ada si\u0119  z czterech fundamentalnych element\u00f3w:<br \/>\nMechanicznego + Chemicznego + Cieplnego + Czasowego<\/h2>\n            <div class=\"button-wrapper\">\n                        <\/div>\n        <\/div>\n               <\/div>\n      <\/div>\n\n\n    <\/div>\n  <\/div>\n  <div class=\"cl-fl\"><\/div>\n[\/vc_column][\/vc_row][vc_row][vc_column]\n  <div class=\"page-description-block style-dark\">\n    <div class=\"page-description-block-i\">\n      <div class=\"row\">\n        <div class=\"page-description-content\">\n          <\/div><\/div><\/div><\/div><\/p>\n<h2><span class=\"Y2IQFc\" lang=\"pl\">Zapewniamy pe\u0142n\u0105 synergi\u0119 maszyn, \u015brodk\u00f3w chemicznych i narz\u0119dzi w celu osi\u0105gni\u0119cia doskona\u0142o\u015bci w czyszczeniu<\/span><\/h2>\n<p><span class=\"Y2IQFc\" lang=\"pl\">Aby zapewni\u0107 naprawd\u0119 kompletny i najlepszy program czyszczenia, potrzebujesz najlepszych narz\u0119dzi do pracy. Tylko Diversey oferuje unikalny zestaw maszyn, narz\u0119dzi i \u015brodk\u00f3w chemicznych.<\/span><\/p>\n<p><strong>\u015arodki Chemiczne Diversey:<\/strong><br \/>\n<span class=\"Y2IQFc\" lang=\"pl\">\u015arodki chemiczne Diversey do piel\u0119gnacji pod\u0142\u00f3g i dywan\u00f3w zapewniaj\u0105 doskona\u0142e rezultaty czyszczenia i s\u0105 dost\u0119pne na ca\u0142ym \u015bwiecie.<\/span><\/p>\n<p><img alt=\"\" loading=\"lazy\" decoding=\"async\" class=\"wp-image-2670 alignnone\" src=\"https:\/\/taski.com\/wp-content\/uploads\/2021\/01\/Chemical-image-1-300x200.jpg\" alt=\"\" width=\"512\" height=\"341\" \/><\/p>\n<p><strong><span class=\"Y2IQFc\" lang=\"pl\">Aby uzyska\u0107 bardziej szczeg\u00f3\u0142owe informacje na temat \u015brodk\u00f3w chemicznych do piel\u0119gnacji pod\u0142\u00f3g Diversey <\/span><\/strong><strong><a href=\"https:\/\/diversey.com\/en\/solutions\/floor-care\">kliknij tutaj.<\/a><\/strong><\/p>\n<p><strong>Narz\u0119dzia do Czyszczenia Diversey:<\/strong><br \/>\n<span class=\"Y2IQFc\" lang=\"pl\">R\u00f3\u017cnorodny, najnowocze\u015bniejszy sprz\u0119t czyszcz\u0105cy obejmuje diamentowe pady Twister, tradycyjne pady Americo i ultra mikrofibr\u0119 Jonmaster.<\/span><\/p>\n<p><img alt=\"\" loading=\"lazy\" decoding=\"async\" class=\"wp-image-2672 alignnone\" src=\"https:\/\/taski.com\/wp-content\/uploads\/2021\/01\/Twister-2-300x243.png\" alt=\"\" width=\"512\" height=\"415\" \/><\/p>\n<p><strong><span class=\"Y2IQFc\" lang=\"pl\">Aby uzyska\u0107 bardziej szczeg\u00f3\u0142owe informacje na temat Narz\u0119dzi do Czyszczenia<\/span> Diversey <a href=\"https:\/\/diversey.com\/en\/solutions\/building-care\/cleaning-tools\">kliknij tutaj.<\/a><\/strong><\/p>\n<p><strong><span class=\"Y2IQFc\" lang=\"pl\">Aby uzyska\u0107 bardziej szczeg\u00f3\u0142owe informacje na temat<\/span> Twistera <a href=\"https:\/\/diversey.com\/en\/solutions\/floor-care\/twister\">kliknij tutaj.<\/a><\/strong><\/p>\n        <\/div>\n      \n    \n  \n  <div class=\"cl-fl\"><\/div>\n[\/vc_column][\/vc_row][vc_row css=&#8221;.vc_custom_1607164076720{padding-top: 90px !important;padding-bottom: 190px !important;}&#8221;][vc_column][vc_column_text css=&#8221;.vc_custom_1608052576991{padding-bottom: 90px !important;}&#8221;]\n<h2 style=\"text-align: center;\">Materia\u0142y do Pobrania<\/h2>\n<p>[\/vc_column_text][vc_row_inner css=&#8221;.vc_custom_1607161003581{padding-bottom: 50px !important;}&#8221;][vc_column_inner width=&#8221;1\/3&#8243;]  <div class=\"feature-icon-w\">\n    <div class=\"feature-icon-i\">\n     <a href=\"https:\/\/taski.com\/wp-content\/uploads\/2020\/12\/Machanical-Cleaning-Brochure.pdf\" target=\"_blank\">       <div class=\"feature-tbl\">\n        <div class=\"feature-cell image-cell\">\n          <img decoding=\"async\" class=\"aligncenter size-full\" alt=\"\" src=\"https:\/\/staging.taski.com\/wp-content\/uploads\/2020\/12\/icon-document.png\"\/>\n        <\/div>\n        <div class=\"feature-cell description-cell\">\n          <p>Czyszczenia Mechaniczne Broszura<\/p>\n        <\/div>\n       <\/div>\n        <\/a>       <div class=\"cl-fl\"><\/div>\n    <\/div>\n  <\/div>\n[\/vc_column_inner][vc_column_inner width=&#8221;1\/3&#8243;]  <div class=\"feature-icon-w\">\n    <div class=\"feature-icon-i\">\n     <a href=\"https:\/\/taski.com\/wp-content\/uploads\/2020\/12\/TASKI-Twister-Brochure.pdf\" target=\"_blank\">       <div class=\"feature-tbl\">\n        <div class=\"feature-cell image-cell\">\n          <img decoding=\"async\" class=\"aligncenter size-full\" alt=\"\" src=\"https:\/\/staging.taski.com\/wp-content\/uploads\/2020\/12\/icon-document.png\"\/>\n        <\/div>\n        <div class=\"feature-cell description-cell\">\n          <p>TASKI i Twister Broszura<\/p>\n        <\/div>\n       <\/div>\n        <\/a>       <div class=\"cl-fl\"><\/div>\n    <\/div>\n  <\/div>\n[\/vc_column_inner][vc_column_inner width=&#8221;1\/3&#8243;][\/vc_column_inner][\/vc_row_inner][\/vc_column][\/vc_row][vc_row css=&#8221;.vc_custom_1607327415736{background-color: #fafafa !important;}&#8221;][vc_column]\n  <div class=\"two-cta-block\">\n    <div class=\"two-cta-block-i\">\n      <div class=\"row\">\n        <div class=\"two-cta-block-grid\">\n           <div class=\"two-cta-item\">\n            <div class=\"tci-i\">\n             <div class=\"tci-item-content\">\n                <h5><strong>Chcesz si\u0119 z nami<br \/>\nskontaktowa\u0107  lub <\/strong> zobaczy\u0107<br \/>\nbran\u017cow\u0105 bia\u0142\u0105 ksi\u0119g\u0119<\/h5>\n                <a href=\"\/news-help-contacts\/ask-paul-contact\/\"><p>SKONTAKTUJ SIE<br \/>\nZ NAMI<\/p><\/a>\n             <\/div>\n            <\/div>\n           <\/div>\n           <div class=\"two-cta-item\">\n            <div class=\"tci-i\">\n             <div class=\"tci-item-content\">\n                <h5>Got a question?<br \/>\n<strong>Sprawd\u017a nasze FAQs<\/strong> lub<br \/>\nskontaktuj si\u0119 z naszym ekspertem.<\/h5>\n                <a href=\"\/faq\/\"><p>FAQ's<\/p><\/a>\n             <\/div>\n            <\/div>\n           <\/div>\n        <\/div>\n      <\/div>\n    <\/div>\n  <\/div>\n  <div class=\"cl-fl\"><\/div>\n[\/vc_column][\/vc_row]<\/p>\n","protected":false},"excerpt":{"rendered":"<p>At TASKI and Diversey we really understand all aspects cleaning and hygiene. Our broad portfolio means we are ideally positioned to be your complete hygiene partner.<\/p>\n","protected":false},"author":1,"featured_media":29571,"parent":32802,"menu_order":413,"comment_status":"closed","ping_status":"closed","template":"","meta":{"_acf_changed":false,"_seopress_robots_primary_cat":"","_seopress_titles_title":"","_seopress_titles_desc":"","_seopress_robots_index":"","inline_featured_image":false,"footnotes":""},"class_list":["post-32703","page","type-page","status-publish","has-post-thumbnail","hentry"],"acf":[],"_links":{"self":[{"href":"https:\/\/staging.taski.com\/pl\/wp-json\/wp\/v2\/pages\/32703","targetHints":{"allow":["GET"]}}],"collection":[{"href":"https:\/\/staging.taski.com\/pl\/wp-json\/wp\/v2\/pages"}],"about":[{"href":"https:\/\/staging.taski.com\/pl\/wp-json\/wp\/v2\/types\/page"}],"author":[{"embeddable":true,"href":"https:\/\/staging.taski.com\/pl\/wp-json\/wp\/v2\/users\/1"}],"replies":[{"embeddable":true,"href":"https:\/\/staging.taski.com\/pl\/wp-json\/wp\/v2\/comments?post=32703"}],"version-history":[{"count":0,"href":"https:\/\/staging.taski.com\/pl\/wp-json\/wp\/v2\/pages\/32703\/revisions"}],"up":[{"embeddable":true,"href":"https:\/\/staging.taski.com\/pl\/wp-json\/wp\/v2\/pages\/32802"}],"wp:featuredmedia":[{"embeddable":true,"href":"https:\/\/staging.taski.com\/pl\/wp-json\/wp\/v2\/media\/29571"}],"wp:attachment":[{"href":"https:\/\/staging.taski.com\/pl\/wp-json\/wp\/v2\/media?parent=32703"}],"curies":[{"name":"wp","href":"https:\/\/api.w.org\/{rel}","templated":true}]}}