{"id":32687,"date":"2020-12-13T13:24:13","date_gmt":"2020-12-13T13:24:13","guid":{"rendered":"https:\/\/taski.com\/products\/robotics\/"},"modified":"2023-09-28T21:15:02","modified_gmt":"2023-09-28T21:15:02","slug":"robotics","status":"publish","type":"page","link":"https:\/\/staging.taski.com\/pl\/products-innovations-solutions\/products\/robotics\/","title":{"rendered":"Roboty czyszcz\u0105ce"},"content":{"rendered":"<div class=\"wpb-content-wrapper\"><p>[vc_row][vc_column]\n  <div class=\"page-intro-block size-fit-image style-dark font-large\">\n         <div class=\"page-intro-block-i\">\n      <div class=\"row\">\n        <div class=\"page-intro-content\">\n            <div class=\"title-block\">\n                                     <h2><span class=\"pt\">Roboty czyszcz\u0105ce<\/span>Witamy w nowej erze zautomatyzowanego utrzymania czysto\u015bci pod\u0142\u00f3g. Poznajcie roboty czyszcz\u0105ce <strong>Ecobot<\/strong>.<\/h2>\n                                                 <\/div>\n            <div class=\"page-intro-image\">\n                <div class=\"embed-video-title video-responsive\"><div style=\"position:relative;\"><iframe src=\"https:\/\/player.vimeo.com\/video\/791950110?h=004281b333&amp;badge=0&amp;autopause=0&amp;autoplay=1&amp;player_id=0&amp;app_id=58479&amp;controls=0&amp;muted=1\" frameborder=\"0\" allow=\"autoplay; fullscreen; picture-in-picture\" allowfullscreen style=\"position:absolute;top:0;left:0;width:100%;height:100%;\" title=\"TASKI_GAUSIUM_BOOTH.mp4\"><\/iframe><\/div><script src=\"https:\/\/player.vimeo.com\/api\/player.js\"><\/script><\/div>                <div class=\"page-intro-image-alt\">\n                    \n                    <img decoding=\"async\" src=\"https:\/\/staging.taski.com\/wp-content\/uploads\/2023\/01\/robotics-header-scale.jpg\" alt=\"\" \/>\n\n                <\/div>\n            <\/div>\n        <\/div>\n      <\/div>\n\n\n    <\/div>\n  <\/div>\n  <div class=\"cl-fl\"><\/div>\n[\/vc_column][\/vc_row][vc_row css=&#8221;.vc_custom_1607709989392{background-color: #fafafa !important;}&#8221;][vc_column]\n  <div class=\"product-carousel-block\" style=\"\">\n    <div class=\"product-carousel-block-i\">\n\n             <div class=\"product-carousel-filter\">Filtruj wed\u0142ug typu &ndash; <a href=\"#\" class=\"active\" data-category=\"*\">Wszystko<\/a> | <a href=\"#\" class=\"\" data-category=\"proznia\">Pr\u00f3\u017cnia<\/a> | <a href=\"#\" class=\"\" data-category=\"maszyna-szorujacoczyszczaca-pl\">Suszarka szoruj\u0105ca<\/a><\/div>\n     \n     <div class=\"product-carousel-wrapper\">\n      <div class=\"row\">\n       <div class=\"taski-carousel-holder\">\n        <div class=\"product-carousel owl-carousel owl-theme\" id=\"product-carousel\">\n\n           \n            <div class=\"item product-slide roboty-pl maszyna-szorujacoczyszczaca-pl\">\n              <div class=\"its-i\">\n                <div class=\"media-w\">\n                    <div class=\"image\">\n                      <div class=\"image-i\">\n                                                    <img decoding=\"async\" src=\"https:\/\/staging.taski.com\/wp-content\/uploads\/2022\/12\/ecobot-40-1-618x608.jpg\" \/>\n                                              <\/div>\n                    <\/div>\n                <\/div>\n                <div class=\"text\">\n                    <div class=\"title\">Ecobot 40<\/div>\n                                        <div class=\"prod-page-view\"><a href=\"https:\/\/staging.taski.com\/pl\/taski-products\/ecobot-40\/\" class=\"button\">Zobacz produkt<\/a><\/div>\n                <\/div>\n              <\/div>\n\n\n\n            <\/div>\n\n              \n            <div class=\"item product-slide roboty-pl maszyna-szorujacoczyszczaca-pl\">\n              <div class=\"its-i\">\n                <div class=\"media-w\">\n                    <div class=\"image\">\n                      <div class=\"image-i\">\n                                                    <img decoding=\"async\" src=\"https:\/\/staging.taski.com\/wp-content\/uploads\/2022\/12\/ecobot-50-2-618x608.jpg\" \/>\n                                              <\/div>\n                    <\/div>\n                <\/div>\n                <div class=\"text\">\n                    <div class=\"title\">Ecobot 50 Pro<\/div>\n                                        <div class=\"prod-page-view\"><a href=\"https:\/\/staging.taski.com\/pl\/taski-products\/ecobot-50-pro\/\" class=\"button\">Zobacz produkt<\/a><\/div>\n                <\/div>\n              <\/div>\n\n\n\n            <\/div>\n\n              \n            <div class=\"item product-slide proznia roboty-pl maszyna-szorujacoczyszczaca-pl\">\n              <div class=\"its-i\">\n                <div class=\"media-w\">\n                    <div class=\"image\">\n                      <div class=\"image-i\">\n                                                    <img decoding=\"async\" src=\"https:\/\/staging.taski.com\/wp-content\/uploads\/2024\/11\/Phantas-Packshot.jpg\" \/>\n                                              <\/div>\n                    <\/div>\n                <\/div>\n                <div class=\"text\">\n                    <div class=\"title\">TASKI Phantas<\/div>\n                    <p>Uwolnij potencja\u0142 automatycznego czyszczenia. Zaprojektowany dla mniejszych przestrzeni!<\/p>                    <div class=\"prod-page-view\"><a href=\"https:\/\/staging.taski.com\/pl\/taski-products\/taski-phantas\/\" class=\"button\">Zobacz produkt<\/a><\/div>\n                <\/div>\n              <\/div>\n\n\n\n            <\/div>\n\n              \n\n\n        <\/div>\n        <div id=\"product-carousel-storage\" style=\"display:none !important; height:0;\">\n                       <div class=\"item product-slide roboty-pl maszyna-szorujacoczyszczaca-pl\">\n              <div class=\"its-i\">\n                <div class=\"media-w\">\n                    <div class=\"image\">\n                      <div class=\"image-i\">\n                                                    <img decoding=\"async\" src=\"https:\/\/staging.taski.com\/wp-content\/uploads\/2022\/12\/ecobot-40-1-618x608.jpg\" \/>\n                                              <\/div>\n                    <\/div>\n                <\/div>\n                <div class=\"text\">\n                    <div class=\"title\">Ecobot 40<\/div>\n                                        <div class=\"prod-page-view\"><a href=\"https:\/\/staging.taski.com\/pl\/taski-products\/ecobot-40\/\" class=\"button\">Zobacz produkt<\/a><\/div>\n                <\/div>\n              <\/div>\n            <\/div>\n                          <div class=\"item product-slide roboty-pl maszyna-szorujacoczyszczaca-pl\">\n              <div class=\"its-i\">\n                <div class=\"media-w\">\n                    <div class=\"image\">\n                      <div class=\"image-i\">\n                                                    <img decoding=\"async\" src=\"https:\/\/staging.taski.com\/wp-content\/uploads\/2022\/12\/ecobot-50-2-618x608.jpg\" \/>\n                                              <\/div>\n                    <\/div>\n                <\/div>\n                <div class=\"text\">\n                    <div class=\"title\">Ecobot 50 Pro<\/div>\n                                        <div class=\"prod-page-view\"><a href=\"https:\/\/staging.taski.com\/pl\/taski-products\/ecobot-50-pro\/\" class=\"button\">Zobacz produkt<\/a><\/div>\n                <\/div>\n              <\/div>\n            <\/div>\n                          <div class=\"item product-slide proznia roboty-pl maszyna-szorujacoczyszczaca-pl\">\n              <div class=\"its-i\">\n                <div class=\"media-w\">\n                    <div class=\"image\">\n                      <div class=\"image-i\">\n                                                    <img decoding=\"async\" src=\"https:\/\/staging.taski.com\/wp-content\/uploads\/2024\/11\/Phantas-Packshot.jpg\" \/>\n                                              <\/div>\n                    <\/div>\n                <\/div>\n                <div class=\"text\">\n                    <div class=\"title\">TASKI Phantas<\/div>\n                    <p>Uwolnij potencja\u0142 automatycznego czyszczenia. Zaprojektowany dla mniejszych przestrzeni!<\/p>                    <div class=\"prod-page-view\"><a href=\"https:\/\/staging.taski.com\/pl\/taski-products\/taski-phantas\/\" class=\"button\">Zobacz produkt<\/a><\/div>\n                <\/div>\n              <\/div>\n            <\/div>\n                      <\/div>\n\n        <div class=\"product-carousel-navigation\">\n          <div class=\"nav-left\">\n            <a href=\"#\"><i class=\"fa fa-chevron-left\"><\/i><\/a>\n          <\/div>\n          <div class=\"nav-description\">\n\n          <\/div>\n          <div class=\"nav-right\">\n            <a href=\"#\"><i class=\"fa fa-chevron-right\"><\/i><\/a>\n          <\/div>\n        <\/div>\n       <\/div>\n      <\/div>\n     <\/div>\n\n\n\n\n   <\/div>\n  <\/div>\n  <div class=\"cl-fl\"><\/div>\n[\/vc_column][\/vc_row][vc_row css=&#8221;.vc_custom_1606587476742{padding-top: 80px !important;padding-bottom: 95px !important;}&#8221;][vc_column]\n  <div class=\"product-description-block style-dark image-right\">\n    <div class=\"product-description-block-i\">\n        <div class=\"product-description-block-content\">\n          <div class=\"product-description-block-title\">\n                            <div class=\"pdbt-icon\"><img decoding=\"async\" src=\"https:\/\/staging.taski.com\/wp-content\/uploads\/2020\/12\/operational-efficiency.svg\" \/><\/div>\n                <div class=\"pdbt-text\">Efektywno\u015b\u0107 operacyjna<\/div>\n                      <\/div>\n          <div class=\"product-description-block-text\"><p>Roboty czyszcz\u0105ce to mo\u017cliwo\u015b\u0107 oddelegowania pracownik\u00f3w do zada\u0144 o wy\u017cszym priorytecie.<\/p>\n<p>Zautomatyzowanie proces\u00f3w utrzymania czysto\u015bci pod\u0142\u00f3g pozwala na przesuni\u0119cie personelu do innych zada\u0144 kluczowych dla prawid\u0142owego funkcjonowania firmy.<\/p>\n<table style=\"border-collapse: collapse; width: 350pt;\" width=\"466\">\n<tbody>\n<tr style=\"height: 11.25pt;\">\n<td class=\"xl25\" style=\"width: 350pt; height: 11.25pt;\" width=\"466\" height=\"15\">Efektywno\u015b\u0107 operacyjna<\/td>\n<\/tr>\n<\/tbody>\n<\/table>\n<\/div>\n        <\/div>\n        <div class=\"product-description-block-image\" style=\"background-image:url(https:\/\/staging.taski.com\/wp-content\/uploads\/2023\/01\/Gaussian_014-min-scaled-2.jpg)\">\n\n        <\/div>\n    <\/div>\n  <\/div>\n  <div class=\"cl-fl\"><\/div>\n\n  <div class=\"product-description-block style-light image-left\">\n    <div class=\"product-description-block-i\">\n        <div class=\"product-description-block-content\">\n          <div class=\"product-description-block-title\">\n                            <div class=\"pdbt-icon\"><img decoding=\"async\" src=\"https:\/\/staging.taski.com\/wp-content\/uploads\/2020\/12\/people-safety.svg\" \/><\/div>\n                <div class=\"pdbt-text\">Ochrona mienia i marki<\/div>\n                      <\/div>\n          <div class=\"product-description-block-text\"><p>Niezale\u017cnie od tego, czy Twoja firma wykorzystuje najnowsze rozwi\u0105zania technologiczne, czy te\u017c stoj\u0105 przed ni\u0105 wyzwania zwi\u0105zane z organizacj\u0105 proces\u00f3w, zautomatyzowane roboty czyszcz\u0105ce TASKI zapewni\u0105 mo\u017cliwo\u015b\u0107 udoskonalenia dzia\u0142a\u0144 oraz postrzeganie jej przez klient\u00f3w jako innowacyjnej.<\/p>\n<\/div>\n        <\/div>\n        <div class=\"product-description-block-image\" style=\"background-image:url(https:\/\/staging.taski.com\/wp-content\/uploads\/2023\/01\/Robot-247-scaled-2.jpg)\">\n\n        <\/div>\n    <\/div>\n  <\/div>\n  <div class=\"cl-fl\"><\/div>\n\n  <div class=\"product-description-block style-dark image-right\">\n    <div class=\"product-description-block-i\">\n        <div class=\"product-description-block-content\">\n          <div class=\"product-description-block-title\">\n                            <div class=\"pdbt-icon\"><img decoding=\"async\" src=\"https:\/\/staging.taski.com\/wp-content\/uploads\/2020\/12\/people-safety.svg\" \/><\/div>\n                <div class=\"pdbt-text\">Zadowolenie klient\u00f3w \/ go\u015bci \/ personelu<\/div>\n                      <\/div>\n          <div class=\"product-description-block-text\"><p>Zautomatyzowany proces czyszczenia pod\u0142\u00f3g to przeprowadzanie procesu niezale\u017cnie od dnia tygodnia i pory. Jest mo\u017cliwe 7 dni w tygodniu, w wybranych, dogodnych godzinach.<\/p>\n<p>Roboty Ecobot 50 i Ecobot 40 b\u0119d\u0105 sprz\u0105ta\u0107 pod\u0142ogi tam, gdzie tego potrzebujesz, o dogodnej dla Ciebie godzinie.<\/p>\n<p>Zapewnij swoim klientom, go\u015bciom i pracownikom same pozytywne wra\u017cenia na obiekcie, maj\u0105c na obiekcie l\u015bni\u0105ce i bezpieczne pod\u0142ogi.<\/p>\n<\/div>\n        <\/div>\n        <div class=\"product-description-block-image\" style=\"background-image:url(https:\/\/staging.taski.com\/wp-content\/uploads\/2023\/01\/Robot-247-scaled-3.jpg)\">\n\n        <\/div>\n    <\/div>\n  <\/div>\n  <div class=\"cl-fl\"><\/div>\n\n  <div class=\"product-description-block style-light image-left\">\n    <div class=\"product-description-block-i\">\n        <div class=\"product-description-block-content\">\n          <div class=\"product-description-block-title\">\n                            <div class=\"pdbt-icon\"><img decoding=\"async\" src=\"https:\/\/staging.taski.com\/wp-content\/uploads\/2020\/12\/continuous-innovation.svg\" \/><\/div>\n                <div class=\"pdbt-text\">Ci\u0105g\u0142e udoskonalanie, innowacje<\/div>\n                      <\/div>\n          <div class=\"product-description-block-text\"><p>Ecobot 50 Pro to najnowsza generacja robota szoruj\u0105co-zbieraj\u0105cego, a Ecobot 40 robota odkurzaj\u0105cego \/ zamiataj\u0105cego.<\/p>\n<p>Przez ostatnich 65 lat wdro\u017cyli\u015bmy na rynek szereg innowacyjnych rozwi\u0105za\u0144 w utrzymaniu czysto\u015bci pod\u0142\u00f3g. Jest to r\u00f3wnie\u017c jeden z cel\u00f3w TASKI na kolejne lata &#8211; nowe, prze\u0142omowe technologie.<\/p>\n<\/div>\n        <\/div>\n        <div class=\"product-description-block-image\" style=\"background-image:url(https:\/\/staging.taski.com\/wp-content\/uploads\/2022\/12\/Gaussian_086-min-scaled.jpg)\">\n\n        <\/div>\n    <\/div>\n  <\/div>\n  <div class=\"cl-fl\"><\/div>\n\n  <div class=\"product-description-block style-dark image-right\">\n    <div class=\"product-description-block-i\">\n        <div class=\"product-description-block-content\">\n          <div class=\"product-description-block-title\">\n                            <div class=\"pdbt-icon\"><img decoding=\"async\" src=\"https:\/\/staging.taski.com\/wp-content\/uploads\/2020\/12\/people.png\" \/><\/div>\n                <div class=\"pdbt-text\">Personel \/ bezpiecze\u0144stwo<\/div>\n                      <\/div>\n          <div class=\"product-description-block-text\"><p>Ergonomia i komfort pracy &#8211; mniej przestoj\u00f3w. Wszystkie urz\u0105dzenia TASKI zosta\u0142y zaprojektowane tak, by by\u0142y intuicyjne w u\u017cytkowaniu, proste w obs\u0142udze, zapewniaj\u0105c tym samym operatorowi komfortow\u0105 prac\u0119 nawet przez d\u0142ugi czas.<\/p>\n<p>Skuteczne osuszanie pod\u0142\u00f3g. Urz\u0105dzenia szoruj\u0105co-zbieraj\u0105ce zapewniaj\u0105 usuni\u0119cie roztworu z pod\u0142ogi nawet w 99%.<\/p>\n<p>Wi\u0119kszy nacisk, wy\u017cszy poziom higieny. Urz\u0105dzenia szoruj\u0105co-zbieraj\u0105ce maj\u0105 nawet do 10-razy wi\u0119kszy nacisk w por\u00f3wnaniu do tradycyjnych (r\u0119cznych) metod czyszczenia pod\u0142\u00f3g, zapewniaj\u0105c tym samym czystsze, bardziej suche i bezpieczne pod\u0142ogi.<\/p>\n<\/div>\n        <\/div>\n        <div class=\"product-description-block-image\" style=\"background-image:url(https:\/\/staging.taski.com\/wp-content\/uploads\/2023\/01\/Robot-247-scaled-4.jpg)\">\n\n        <\/div>\n    <\/div>\n  <\/div>\n  <div class=\"cl-fl\"><\/div>\n[\/vc_column][\/vc_row][vc_row][vc_column][vc_row_inner][vc_column_inner]\n  <div class=\"three-cta-block\">\n    <div class=\"three-cta-block-i\">\n      <div class=\"row\">\n        <div class=\"three-cta-block-grid\">\n           <div class=\"three-cta-item\">\n            <div class=\"tci-i\">\n             <div class=\"tci-item-content\">\n                <h5><strong>See our<\/strong><br \/>\nIndustry<br \/>\nSolutions<\/h5>\n                <a href=\"\/products-innovations-solutions\/\"><p>PRODUCTS,<br \/>SOLUTIONS &<br \/>INNOVATIONS<\/p><\/a>\n             <\/div>\n            <\/div>\n           <\/div>\n           <div class=\"three-cta-item\">\n            <div class=\"tci-i\">\n             <div class=\"tci-item-content\">\n                <h5><strong>See the latest<\/strong><br \/>\nTASKI<br \/>\ninnovations<\/h5>\n                <a href=\"\/shop\/\"><p>MY<br \/>TASKI<br \/>SHOP<\/p><\/a>\n             <\/div>\n            <\/div>\n           <\/div>\n           <div class=\"three-cta-item\">\n            <div class=\"tci-i\">\n             <div class=\"tci-item-content\">\n                <h5><strong>Get in touch<\/strong><br \/>\nwith<br \/>\nus<\/h5>\n                <a href=\"\/news-help-contacts\/\"><p>CONTACT<br \/>US<\/p><\/a>\n             <\/div>\n            <\/div>\n           <\/div>\n        <\/div>\n      <\/div>\n    <\/div>\n  <\/div>\n  <div class=\"cl-fl\"><\/div>\n[\/vc_column_inner][\/vc_row_inner][\/vc_column][\/vc_row]<\/p>\n<\/div>","protected":false},"excerpt":{"rendered":"<p>[vc_row][vc_column][\/vc_column][\/vc_row][vc_row css=&#8221;.vc_custom_1607709989392{background-color: #fafafa !important;}&#8221;][vc_column][\/vc_column][\/vc_row][vc_row css=&#8221;.vc_custom_1606587476742{padding-top: 80px !important;padding-bottom: 95px !important;}&#8221;][vc_column][\/vc_column][\/vc_row][vc_row][vc_column][vc_row_inner][vc_column_inner][\/vc_column_inner][\/vc_row_inner][\/vc_column][\/vc_row]<\/p>\n","protected":false},"author":1,"featured_media":0,"parent":32635,"menu_order":155,"comment_status":"closed","ping_status":"closed","template":"page-products.php","meta":{"_acf_changed":false,"_seopress_robots_primary_cat":"","_seopress_titles_title":"","_seopress_titles_desc":"","_seopress_robots_index":"","inline_featured_image":false,"footnotes":""},"class_list":["post-32687","page","type-page","status-publish","hentry"],"acf":[],"_links":{"self":[{"href":"https:\/\/staging.taski.com\/pl\/wp-json\/wp\/v2\/pages\/32687","targetHints":{"allow":["GET"]}}],"collection":[{"href":"https:\/\/staging.taski.com\/pl\/wp-json\/wp\/v2\/pages"}],"about":[{"href":"https:\/\/staging.taski.com\/pl\/wp-json\/wp\/v2\/types\/page"}],"author":[{"embeddable":true,"href":"https:\/\/staging.taski.com\/pl\/wp-json\/wp\/v2\/users\/1"}],"replies":[{"embeddable":true,"href":"https:\/\/staging.taski.com\/pl\/wp-json\/wp\/v2\/comments?post=32687"}],"version-history":[{"count":0,"href":"https:\/\/staging.taski.com\/pl\/wp-json\/wp\/v2\/pages\/32687\/revisions"}],"up":[{"embeddable":true,"href":"https:\/\/staging.taski.com\/pl\/wp-json\/wp\/v2\/pages\/32635"}],"wp:attachment":[{"href":"https:\/\/staging.taski.com\/pl\/wp-json\/wp\/v2\/media?parent=32687"}],"curies":[{"name":"wp","href":"https:\/\/api.w.org\/{rel}","templated":true}]}}