{"id":32686,"date":"2020-12-13T13:29:46","date_gmt":"2020-12-13T13:29:46","guid":{"rendered":"https:\/\/taski.com\/products\/sprayers\/"},"modified":"2023-01-23T20:04:41","modified_gmt":"2023-01-23T20:04:41","slug":"sprayers","status":"publish","type":"page","link":"https:\/\/staging.taski.com\/pl\/products-innovations-solutions\/products\/sprayers\/","title":{"rendered":"Spryskiwacze"},"content":{"rendered":"<div class=\"wpb-content-wrapper\"><p>[vc_row][vc_column]\n  <div class=\"page-intro-block size-fit-image style-dark font-large\">\n         <div class=\"page-intro-block-i\">\n      <div class=\"row\">\n        <div class=\"page-intro-content\">\n            <div class=\"title-block\">\n                                     <h2><span class=\"pt\">Spryskiwacze<\/span>Spryskiwacz plecakowy BP 15 z bateri\u0105 litow\u0105 <strong>u\u0142atwia <\/strong>natryskiwanie ma\u0142ych i \u015brednich powierzchni<\/h2>\n                                                 <\/div>\n            <div class=\"page-intro-image\">\n                                <div class=\"page-intro-image-alt\">\n                    \n                    <img decoding=\"async\" src=\"https:\/\/staging.taski.com\/wp-content\/uploads\/2020\/12\/Spray_053g1.jpg\" alt=\"\" \/>\n\n                <\/div>\n            <\/div>\n        <\/div>\n      <\/div>\n\n\n    <\/div>\n  <\/div>\n  <div class=\"cl-fl\"><\/div>\n[\/vc_column][\/vc_row][vc_row css=&#8221;.vc_custom_1607709989392{background-color: #fafafa !important;}&#8221;][vc_column]\n  <div class=\"product-carousel-block\" style=\"\">\n    <div class=\"product-carousel-block-i\">\n\n             <div class=\"product-carousel-filter\">Filtruj wed\u0142ug typu &ndash; <a href=\"#\" class=\"active\" data-category=\"*\">Wszystko<\/a><\/div>\n     \n     <div class=\"product-carousel-wrapper\">\n      <div class=\"row\">\n       <div class=\"taski-carousel-holder\">\n        <div class=\"product-carousel owl-carousel owl-theme\" id=\"product-carousel\">\n\n           \n            <div class=\"item product-slide spryskiwacze-pl plecakowe-pl\">\n              <div class=\"its-i\">\n                <div class=\"media-w\">\n                    <div class=\"image\">\n                      <div class=\"image-i\">\n                                                    <img decoding=\"async\" src=\"https:\/\/staging.taski.com\/wp-content\/uploads\/2020\/12\/Spray_003.jpg\" \/>\n                                              <\/div>\n                    <\/div>\n                <\/div>\n                <div class=\"text\">\n                    <div class=\"title\">Spryskiwacz BP 15 Li Ion z bateri\u0105 litowo-jonow\u0105<\/div>\n                    <p>High quality li-Ion battery backpack sprayer for applying chemical & disinfection solutions<\/p>                    <div class=\"prod-page-view\"><a href=\"https:\/\/staging.taski.com\/pl\/taski-products\/sprayer-bp-15-li-ion\/\" class=\"button\">Zobacz produkt<\/a><\/div>\n                <\/div>\n              <\/div>\n\n\n\n            <\/div>\n\n              \n\n\n        <\/div>\n        <div id=\"product-carousel-storage\" style=\"display:none !important; height:0;\">\n                       <div class=\"item product-slide spryskiwacze-pl plecakowe-pl\">\n              <div class=\"its-i\">\n                <div class=\"media-w\">\n                    <div class=\"image\">\n                      <div class=\"image-i\">\n                                                    <img decoding=\"async\" src=\"https:\/\/staging.taski.com\/wp-content\/uploads\/2020\/12\/Spray_003.jpg\" \/>\n                                              <\/div>\n                    <\/div>\n                <\/div>\n                <div class=\"text\">\n                    <div class=\"title\">Spryskiwacz BP 15 Li Ion z bateri\u0105 litowo-jonow\u0105<\/div>\n                    <p>High quality li-Ion battery backpack sprayer for applying chemical & disinfection solutions<\/p>                    <div class=\"prod-page-view\"><a href=\"https:\/\/staging.taski.com\/pl\/taski-products\/sprayer-bp-15-li-ion\/\" class=\"button\">Zobacz produkt<\/a><\/div>\n                <\/div>\n              <\/div>\n            <\/div>\n                      <\/div>\n\n        <div class=\"product-carousel-navigation\">\n          <div class=\"nav-left\">\n            <a href=\"#\"><i class=\"fa fa-chevron-left\"><\/i><\/a>\n          <\/div>\n          <div class=\"nav-description\">\n\n          <\/div>\n          <div class=\"nav-right\">\n            <a href=\"#\"><i class=\"fa fa-chevron-right\"><\/i><\/a>\n          <\/div>\n        <\/div>\n       <\/div>\n      <\/div>\n     <\/div>\n\n\n\n\n   <\/div>\n  <\/div>\n  <div class=\"cl-fl\"><\/div>\n[\/vc_column][\/vc_row][vc_row css=&#8221;.vc_custom_1606587476742{padding-top: 80px !important;padding-bottom: 95px !important;}&#8221;][vc_column]\n  <div class=\"product-description-block style-dark image-right\">\n    <div class=\"product-description-block-i\">\n        <div class=\"product-description-block-content\">\n          <div class=\"product-description-block-title\">\n                            <div class=\"pdbt-icon\"><img decoding=\"async\" src=\"https:\/\/staging.taski.com\/wp-content\/uploads\/2020\/12\/infection-prevention.svg\" \/><\/div>\n                <div class=\"pdbt-text\">zapobieganie infekcjom<\/div>\n                      <\/div>\n          <div class=\"product-description-block-text\"><p><span class=\"Y2IQFc\" lang=\"pl\">Spryskiwacz BP 15 zasilany akumulatorem<strong> o du\u017cej pojemno\u015bci 15 litr\u00f3w,<\/strong> oferuje teraz mo\u017cliwo\u015b\u0107 skutecznego i konsekwentnego stosowania roztwor\u00f3w chemicznych i dezynfekuj\u0105cych.<\/span><\/p>\n<\/div>\n        <\/div>\n        <div class=\"product-description-block-image\" style=\"background-image:url(https:\/\/staging.taski.com\/wp-content\/uploads\/2021\/01\/Spray_124-scaled.jpg)\">\n\n        <\/div>\n    <\/div>\n  <\/div>\n  <div class=\"cl-fl\"><\/div>\n\n  <div class=\"product-description-block style-light image-left\">\n    <div class=\"product-description-block-i\">\n        <div class=\"product-description-block-content\">\n          <div class=\"product-description-block-title\">\n                            <div class=\"pdbt-icon\"><img decoding=\"async\" src=\"https:\/\/staging.taski.com\/wp-content\/uploads\/2020\/12\/dollar.png\" \/><\/div>\n                <div class=\"pdbt-text\">Ochrona marki i jej aktyw\u00f3w<\/div>\n                      <\/div>\n          <div class=\"product-description-block-text\"><p><span class=\"Y2IQFc\" lang=\"pl\">Spryskiwacz BP 15 mo\u017cna wyregulowa\u0107 tak, aby dostarcza\u0142 precyzyjny rozmiar i wz\u00f3r kropli w zakresie od <strong>60 do 200 mikron\u00f3w<\/strong>, co zapewnia dok\u0142adno\u015b\u0107 i pewno\u015b\u0107 w krytycznych zastosowaniach.<\/span><\/p>\n<\/div>\n        <\/div>\n        <div class=\"product-description-block-image\" style=\"background-image:url(https:\/\/staging.taski.com\/wp-content\/uploads\/2021\/01\/Spray-fine-mist.jpg)\">\n\n        <\/div>\n    <\/div>\n  <\/div>\n  <div class=\"cl-fl\"><\/div>\n\n  <div class=\"product-description-block style-dark image-right\">\n    <div class=\"product-description-block-i\">\n        <div class=\"product-description-block-content\">\n          <div class=\"product-description-block-title\">\n                            <div class=\"pdbt-icon\"><img decoding=\"async\" src=\"https:\/\/staging.taski.com\/wp-content\/uploads\/2020\/12\/clock.png\" \/><\/div>\n                <div class=\"pdbt-text\">Wydajno\u015b\u0107 operacyjna<\/div>\n                      <\/div>\n          <div class=\"product-description-block-text\"><p><span class=\"Y2IQFc\" lang=\"pl\">Dzi\u0119ki <strong>4-godzinnemu czasowi pracy baterii i du\u017cej, 15 litrowej pojemno\u015bci,<\/strong>\u00a0BP 15 mo\u017ce pokrywa\u0107 stale du\u017ce przestrzenie bez konieczno\u015bci cz\u0119stego uzupe\u0142niania.<\/span><\/p>\n<p>Do zastosowania na najwi\u0119kszych powierzchniach, rozwa\u017c <strong>IntelliSpray<\/strong>.<\/p>\n<\/div>\n        <\/div>\n        <div class=\"product-description-block-image\" style=\"background-image:url(https:\/\/staging.taski.com\/wp-content\/uploads\/2021\/01\/Spray_126-scaled.jpg)\">\n\n        <\/div>\n    <\/div>\n  <\/div>\n  <div class=\"cl-fl\"><\/div>\n[\/vc_column][\/vc_row][vc_row][vc_column][vc_row_inner][vc_column_inner]\n  <div class=\"three-cta-block\">\n    <div class=\"three-cta-block-i\">\n      <div class=\"row\">\n        <div class=\"three-cta-block-grid\">\n           <div class=\"three-cta-item\">\n            <div class=\"tci-i\">\n             <div class=\"tci-item-content\">\n                <h5><strong>Zobacz nasze<\/strong><br \/>\nRozwi\u0105zania<br \/>\nPrzemys\u0142owe<\/h5>\n                <a href=\"\/products-innovations-solutions\/\"><p>PRODUCTS,<br \/>SOLUTIONS &<br \/>INNOVATIONS<\/p><\/a>\n             <\/div>\n            <\/div>\n           <\/div>\n           <div class=\"three-cta-item\">\n            <div class=\"tci-i\">\n             <div class=\"tci-item-content\">\n                <h5><strong>Zobacz najnowsze<\/strong><br \/>\ninnowacje<br \/>\nTASKI<\/h5>\n                <a href=\"\/shop\/\"><p>MY<br \/>TASKI<br \/>SHOP<\/p><\/a>\n             <\/div>\n            <\/div>\n           <\/div>\n           <div class=\"three-cta-item\">\n            <div class=\"tci-i\">\n             <div class=\"tci-item-content\">\n                <h5><strong>Skontaktuj si\u0119<\/strong><br \/>\nz<br \/>\nnami<\/h5>\n                <a href=\"\/news-help-contacts\/\"><p>CONTACT<br \/>US<\/p><\/a>\n             <\/div>\n            <\/div>\n           <\/div>\n        <\/div>\n      <\/div>\n    <\/div>\n  <\/div>\n  <div class=\"cl-fl\"><\/div>\n[\/vc_column_inner][\/vc_row_inner][\/vc_column][\/vc_row]<\/p>\n<\/div>","protected":false},"excerpt":{"rendered":"<p>[vc_row][vc_column][\/vc_column][\/vc_row][vc_row css=&#8221;.vc_custom_1607709989392{background-color: #fafafa !important;}&#8221;][vc_column][\/vc_column][\/vc_row][vc_row css=&#8221;.vc_custom_1606587476742{padding-top: 80px !important;padding-bottom: 95px !important;}&#8221;][vc_column][\/vc_column][\/vc_row][vc_row][vc_column][vc_row_inner][vc_column_inner][\/vc_column_inner][\/vc_row_inner][\/vc_column][\/vc_row]<\/p>\n","protected":false},"author":1,"featured_media":0,"parent":32635,"menu_order":191,"comment_status":"closed","ping_status":"closed","template":"page-products.php","meta":{"_acf_changed":false,"_seopress_robots_primary_cat":"","_seopress_titles_title":"","_seopress_titles_desc":"","_seopress_robots_index":"","inline_featured_image":false,"footnotes":""},"class_list":["post-32686","page","type-page","status-publish","hentry"],"acf":[],"_links":{"self":[{"href":"https:\/\/staging.taski.com\/pl\/wp-json\/wp\/v2\/pages\/32686","targetHints":{"allow":["GET"]}}],"collection":[{"href":"https:\/\/staging.taski.com\/pl\/wp-json\/wp\/v2\/pages"}],"about":[{"href":"https:\/\/staging.taski.com\/pl\/wp-json\/wp\/v2\/types\/page"}],"author":[{"embeddable":true,"href":"https:\/\/staging.taski.com\/pl\/wp-json\/wp\/v2\/users\/1"}],"replies":[{"embeddable":true,"href":"https:\/\/staging.taski.com\/pl\/wp-json\/wp\/v2\/comments?post=32686"}],"version-history":[{"count":0,"href":"https:\/\/staging.taski.com\/pl\/wp-json\/wp\/v2\/pages\/32686\/revisions"}],"up":[{"embeddable":true,"href":"https:\/\/staging.taski.com\/pl\/wp-json\/wp\/v2\/pages\/32635"}],"wp:attachment":[{"href":"https:\/\/staging.taski.com\/pl\/wp-json\/wp\/v2\/media?parent=32686"}],"curies":[{"name":"wp","href":"https:\/\/api.w.org\/{rel}","templated":true}]}}