{"id":32678,"date":"2021-01-07T15:35:39","date_gmt":"2021-01-07T15:35:39","guid":{"rendered":"https:\/\/taski.com\/training\/"},"modified":"2023-01-22T17:47:42","modified_gmt":"2023-01-22T17:47:42","slug":"training","status":"publish","type":"page","link":"https:\/\/staging.taski.com\/pl\/why-taski\/expert-advice\/training\/","title":{"rendered":"Narz\u0119dzia szkoleniowe"},"content":{"rendered":"<div class=\"wpb-content-wrapper\"><p>[vc_row][vc_column]\n  <div class=\"main-banner-block full-width content-video-no\" style=\"background-image:url(https:\/\/staging.taski.com\/wp-content\/uploads\/2020\/12\/Rental-1-scaled.jpg);\">\n         <div class=\"main-banner-block-i\">\n      <div class=\"row\">\n       <div class=\"mbb-fl\">\n        <div class=\"main-banner-block-content\">\n            <h2>Maszyny TASKI s\u0105 intuicyjne i od razu gotowe do pracy.<br \/>\nSprawd\u017a nasz kompleksowy zestaw Narz\u0119dzi Szkoleniowych, aby jak najlepiej wykorzysta\u0107 TASKI.<\/h2>\n            <div class=\"button-wrapper\">\n                        <\/div>\n        <\/div>\n               <\/div>\n      <\/div>\n\n\n    <\/div>\n  <\/div>\n  <div class=\"cl-fl\"><\/div>\n[\/vc_column][\/vc_row][vc_row][vc_column]\n  <div class=\"page-description-block style-dark\">\n    <div class=\"page-description-block-i\">\n      <div class=\"row\">\n        <div class=\"page-description-content\">\n          <\/div><\/div><\/div><\/div><\/p>\n<h2>TASKI zapewnia szereg prostych do opanowania materia\u0142\u00f3w szkoleniowych, w tym schemat\u00f3w i film\u00f3w, kt\u00f3re pomagaj\u0105 u\u017cytkownikom szybko nauczy\u0107 si\u0119, jak efektywnie i bezpiecznie korzysta\u0107 z maszyn.<\/h2>\n<p>Wszystkie schematy, instrukcje obs\u0142ugi i filmy video mo\u017cna \u0142atwo znale\u017a\u0107 klikaj\u0105c na strony produktu aby pobra\u0107 potrzebny dokument lub obejrze\u0107 film instrukta\u017cowy.<\/p>\n<p><img alt=\"\" loading=\"lazy\" decoding=\"async\" class=\"alignnone wp-image-3001\" src=\"https:\/\/taski.com\/wp-content\/uploads\/2021\/01\/TASKI-Wallchart-210x300.png\" alt=\"\" width=\"250\" height=\"357\" \/>\u00a0 \u00a0 <img alt=\"\" loading=\"lazy\" decoding=\"async\" class=\"alignnone wp-image-3000\" src=\"https:\/\/taski.com\/wp-content\/uploads\/2021\/01\/TASKI-User-Manual-210x300.png\" alt=\"\" width=\"250\" height=\"357\" \/>\u00a0 \u00a0\u00a0<img alt=\"\" loading=\"lazy\" decoding=\"async\" class=\"alignnone wp-image-3003\" src=\"https:\/\/taski.com\/wp-content\/uploads\/2021\/01\/TASKI-video-300x292.png\" alt=\"\" width=\"368\" height=\"358\" \/><\/p>\n<ul>\n<li>Kliknij poni\u017cszy link do strony produktu, aby znale\u017a\u0107 schemat produktu, instrukcj\u0119 obs\u0142ugi lub film.<\/li>\n<li>Alternatywnie kliknij poni\u017cszy link, aby pobra\u0107 nasz\u0105 aplikacj\u0119 TASKI. <\/li>\n<li>Aby znale\u017a\u0107&nbsp;<a href=\"https:\/\/taski.com\/instructions-use\/?lang=pl\"><strong>&nbsp;Instrukcje obs\u0142ugi i instrukcje u\u017cytkowania kliknij tutaj.<\/strong><\/a><\/li>\n<\/ul>\n<\/div>\n      \n    \n  \n  <div class=\"cl-fl\"><\/div>\n[\/vc_column][\/vc_row][vc_row css=&#8221;.vc_custom_1612789544071{padding-top: 75px !important;}&#8221;][vc_column][vc_column_text]\n<h2 style=\"text-align: center;\">Do pobrania<\/h2>\n<p>[\/vc_column_text][\/vc_column][\/vc_row][vc_row][vc_column width=&#8221;1\/3&#8243;][\/vc_column][vc_column width=&#8221;1\/3&#8243;][\/vc_column][vc_column width=&#8221;1\/3&#8243;][\/vc_column][\/vc_row][vc_row][vc_column]\n  <div class=\"two-cta-block\">\n    <div class=\"two-cta-block-i\">\n      <div class=\"row\">\n        <div class=\"two-cta-block-grid\">\n           <div class=\"two-cta-item\">\n            <div class=\"tci-i\">\n             <div class=\"tci-item-content\">\n                <h5>Znajd\u017a produkt<\/h5>\n                <a href=\"https:\/\/taski.com\/products-innovations-solutions\/products\/?lang=pl\"><p>STRONA PRODUKTU<\/p><\/a>\n             <\/div>\n            <\/div>\n           <\/div>\n           <div class=\"two-cta-item\">\n            <div class=\"tci-i\">\n             <div class=\"tci-item-content\">\n                <h5>Pobierz nasz\u0105 Aplikacj\u0119 TASKI<\/h5>\n                <a href=\"https:\/\/taski.com\/taski-app\/?lang=pl\"><p>Aplikacja TASKI<\/p><\/a>\n             <\/div>\n            <\/div>\n           <\/div>\n        <\/div>\n      <\/div>\n    <\/div>\n  <\/div>\n  <div class=\"cl-fl\"><\/div>\n[\/vc_column][\/vc_row]<\/p>\n","protected":false},"excerpt":{"rendered":"<p>Szereg prostych do na\u015bladowania materia\u0142\u00f3w szkoleniowych do efektywnego i bezpiecznego stosowania.<\/p>\n","protected":false},"author":1,"featured_media":29057,"parent":32802,"menu_order":670,"comment_status":"closed","ping_status":"closed","template":"","meta":{"_acf_changed":false,"_seopress_robots_primary_cat":"","_seopress_titles_title":"","_seopress_titles_desc":"","_seopress_robots_index":"","inline_featured_image":false,"footnotes":""},"class_list":["post-32678","page","type-page","status-publish","has-post-thumbnail","hentry"],"acf":[],"_links":{"self":[{"href":"https:\/\/staging.taski.com\/pl\/wp-json\/wp\/v2\/pages\/32678","targetHints":{"allow":["GET"]}}],"collection":[{"href":"https:\/\/staging.taski.com\/pl\/wp-json\/wp\/v2\/pages"}],"about":[{"href":"https:\/\/staging.taski.com\/pl\/wp-json\/wp\/v2\/types\/page"}],"author":[{"embeddable":true,"href":"https:\/\/staging.taski.com\/pl\/wp-json\/wp\/v2\/users\/1"}],"replies":[{"embeddable":true,"href":"https:\/\/staging.taski.com\/pl\/wp-json\/wp\/v2\/comments?post=32678"}],"version-history":[{"count":0,"href":"https:\/\/staging.taski.com\/pl\/wp-json\/wp\/v2\/pages\/32678\/revisions"}],"up":[{"embeddable":true,"href":"https:\/\/staging.taski.com\/pl\/wp-json\/wp\/v2\/pages\/32802"}],"wp:featuredmedia":[{"embeddable":true,"href":"https:\/\/staging.taski.com\/pl\/wp-json\/wp\/v2\/media\/29057"}],"wp:attachment":[{"href":"https:\/\/staging.taski.com\/pl\/wp-json\/wp\/v2\/media?parent=32678"}],"curies":[{"name":"wp","href":"https:\/\/api.w.org\/{rel}","templated":true}]}}