{"id":32664,"date":"2021-02-04T17:07:02","date_gmt":"2021-02-04T17:07:02","guid":{"rendered":"https:\/\/taski.com\/taski-app\/"},"modified":"2023-01-16T11:49:21","modified_gmt":"2023-01-16T11:49:21","slug":"taski-app","status":"publish","type":"page","link":"https:\/\/staging.taski.com\/pl\/taski-app\/","title":{"rendered":"Aplikacja TASKI"},"content":{"rendered":"<div class=\"wpb-content-wrapper\"><p>[vc_row][vc_column]\n  <div class=\"page-intro-block size-fit-image style-light font-large\">\n         <div class=\"page-intro-block-i\">\n      <div class=\"row\">\n        <div class=\"page-intro-content\">\n            <div class=\"title-block\">\n                                     <h2>Pobierz aplikacj\u0119 TASKI<\/h2>\n                    <p>Wszystko o TASKI w wygodnym formatcie na telefonie b\u0105d\u017a tablecie.<\/p>\n<p><strong>G\u0142\u00f3wne funkcje obejmuj\u0105:<\/strong><br \/>\nProdukty oraz Innowacje<br \/>\nWyszukiwarka maszyn TASKI<br \/>\nStrony Sektor\u00f3w<br \/>\nMateria\u0142y Video \/ sekcja e-learningowa<br \/>\nKody QR TASKI<br \/>\nLogin Diversey<\/p>\n<p>Wszystko czego potrzebujesz w zasi\u0119gu klikni\u0119cia.<\/p>\n                             <\/div>\n            <div class=\"page-intro-image\">\n                                <div class=\"page-intro-image-alt\">\n                    \n                    <img decoding=\"async\" src=\"https:\/\/staging.taski.com\/wp-content\/uploads\/2020\/12\/electronic-tools-1.jpg\" alt=\"\" \/>\n\n                <\/div>\n            <\/div>\n        <\/div>\n      <\/div>\n\n\n    <\/div>\n  <\/div>\n  <div class=\"cl-fl\"><\/div>\n[\/vc_column][\/vc_row][vc_row css=&#8221;.vc_custom_1612459281641{padding-top: 90px !important;padding-bottom: 70px !important;}&#8221;][vc_column width=&#8221;1\/4&#8243;][\/vc_column][vc_column width=&#8221;1\/4&#8243;][vc_single_image image=&#8221;30017&#8243; img_size=&#8221;full&#8221; onclick=&#8221;custom_link&#8221; img_link_target=&#8221;_blank&#8221; link=&#8221;https:\/\/itunes.apple.com\/gb\/app\/taski-intelligent-solutions\/id1015012577?mt=8&#8243; el_class=&#8221;app-button&#8221;][\/vc_column][vc_column width=&#8221;1\/4&#8243;][vc_single_image image=&#8221;30016&#8243; img_size=&#8221;full&#8221; onclick=&#8221;custom_link&#8221; img_link_target=&#8221;_blank&#8221; link=&#8221;https:\/\/play.google.com\/store\/apps\/details?id=cubera.ch.taski&amp;hl=en&#8221; el_class=&#8221;google-button&#8221;][\/vc_column][vc_column width=&#8221;1\/4&#8243;][\/vc_column][\/vc_row][vc_row][vc_column]\n  <div class=\"page-description-block style-dark\">\n    <div class=\"page-description-block-i\">\n      <div class=\"row\">\n        <div class=\"page-description-content\">\n          <\/div><\/div><\/div><\/div><\/p>\n<h2>Aplikacja TASKI to jedna z elektronicznych udogodnie\u0144 TASKI stworzona z my\u015bl\u0105 o Tobie.<br \/>\n<strong>Aplikacja TASKI \/ Wyszukiwarka TASKI\u00a0 \/ <\/strong><strong>Analityka systemu IntelliTrail \/ System Zdalnego Zarz\u0105dzania<\/strong><\/h2>\n<\/div>\n      \n    \n  \n  <div class=\"cl-fl\"><\/div>\n[\/vc_column][\/vc_row][vc_row][vc_column]\n  <div class=\"three-cta-block\">\n    <div class=\"three-cta-block-i\">\n      <div class=\"row\">\n        <div class=\"three-cta-block-grid\">\n           <div class=\"three-cta-item\">\n            <div class=\"tci-i\">\n             <div class=\"tci-item-content\">\n                <h5><strong>Zobacz nasze<\/strong><br \/>\nBran\u017cowe<br \/>\nRozwi\u0105zania<\/h5>\n                <a href=\"https:\/\/taski.com\/why-taski\/your-markets-sectors\/\"><p>PRODUCTS,<br \/>SOLUTIONS &<br \/>INNOVATIONS<\/p><\/a>\n             <\/div>\n            <\/div>\n           <\/div>\n           <div class=\"three-cta-item\">\n            <div class=\"tci-i\">\n             <div class=\"tci-item-content\">\n                <h5><strong>Zobacz nasze najnowsze<\/strong><br \/>\nInnowacje<br \/>\nTASKI<\/h5>\n                <a href=\"https:\/\/taski.com\/products-innovations-solutions\/innovations\/\"><p>Dowiedz<br \/>\nSI\u0118<br \/>\nWI\u0118CEJ<\/p><\/a>\n             <\/div>\n            <\/div>\n           <\/div>\n           <div class=\"three-cta-item\">\n            <div class=\"tci-i\">\n             <div class=\"tci-item-content\">\n                <h5><strong>Skontaktuj si\u0119<\/strong><br \/>\nz<br \/>\nnami<\/h5>\n                <a href=\"\/news-help-contacts\/\"><p>CONTACT<br \/>US<\/p><\/a>\n             <\/div>\n            <\/div>\n           <\/div>\n        <\/div>\n      <\/div>\n    <\/div>\n  <\/div>\n  <div class=\"cl-fl\"><\/div>\n[\/vc_column][\/vc_row]\n","protected":false},"excerpt":{"rendered":"<p>[vc_row][vc_column][\/vc_column][\/vc_row][vc_row css=&#8221;.vc_custom_1612459281641{padding-top: 90px !important;padding-bottom: 70px !important;}&#8221;][vc_column width=&#8221;1\/4&#8243;][\/vc_column][vc_column width=&#8221;1\/4&#8243;][vc_single_image image=&#8221;30017&#8243; img_size=&#8221;full&#8221; onclick=&#8221;custom_link&#8221; img_link_target=&#8221;_blank&#8221; link=&#8221;https:\/\/itunes.apple.com\/gb\/app\/taski-intelligent-solutions\/id1015012577?mt=8&#8243; el_class=&#8221;app-button&#8221;][\/vc_column][vc_column width=&#8221;1\/4&#8243;][vc_single_image image=&#8221;30016&#8243; img_size=&#8221;full&#8221; onclick=&#8221;custom_link&#8221; img_link_target=&#8221;_blank&#8221; link=&#8221;https:\/\/play.google.com\/store\/apps\/details?id=cubera.ch.taski&amp;hl=en&#8221; el_class=&#8221;google-button&#8221;][\/vc_column][vc_column width=&#8221;1\/4&#8243;][\/vc_column][\/vc_row][vc_row][vc_column][\/vc_column][\/vc_row][vc_row][vc_column][\/vc_column][\/vc_row]<\/p>\n","protected":false},"author":1,"featured_media":0,"parent":0,"menu_order":120,"comment_status":"closed","ping_status":"closed","template":"","meta":{"_acf_changed":false,"_seopress_robots_primary_cat":"","_seopress_titles_title":"","_seopress_titles_desc":"","_seopress_robots_index":"","inline_featured_image":false,"footnotes":""},"class_list":["post-32664","page","type-page","status-publish","hentry"],"acf":[],"_links":{"self":[{"href":"https:\/\/staging.taski.com\/pl\/wp-json\/wp\/v2\/pages\/32664","targetHints":{"allow":["GET"]}}],"collection":[{"href":"https:\/\/staging.taski.com\/pl\/wp-json\/wp\/v2\/pages"}],"about":[{"href":"https:\/\/staging.taski.com\/pl\/wp-json\/wp\/v2\/types\/page"}],"author":[{"embeddable":true,"href":"https:\/\/staging.taski.com\/pl\/wp-json\/wp\/v2\/users\/1"}],"replies":[{"embeddable":true,"href":"https:\/\/staging.taski.com\/pl\/wp-json\/wp\/v2\/comments?post=32664"}],"version-history":[{"count":0,"href":"https:\/\/staging.taski.com\/pl\/wp-json\/wp\/v2\/pages\/32664\/revisions"}],"wp:attachment":[{"href":"https:\/\/staging.taski.com\/pl\/wp-json\/wp\/v2\/media?parent=32664"}],"curies":[{"name":"wp","href":"https:\/\/api.w.org\/{rel}","templated":true}]}}