{"id":32646,"date":"2021-09-13T10:48:00","date_gmt":"2021-09-13T10:48:00","guid":{"rendered":"https:\/\/taski.com\/taski-ar-intellisupport\/"},"modified":"2023-01-23T21:37:19","modified_gmt":"2023-01-23T21:37:19","slug":"taski-ar-intellisupport","status":"publish","type":"page","link":"https:\/\/staging.taski.com\/pl\/why-taski\/expert-advice\/taski-ar-intellisupport\/","title":{"rendered":"Aplikacja TASKI AR i IntelliSupport"},"content":{"rendered":"<div class=\"wpb-content-wrapper\"><p>[vc_row][vc_column]\n  <div class=\"main-banner-block half-blocks content-video-no\" style=\"background-image:url(https:\/\/staging.taski.com\/wp-content\/uploads\/2021\/09\/Feature-Image-1.jpeg);\">\n         <div class=\"main-banner-block-i\">\n      <div class=\"row\">\n       <div class=\"mbb-fl\">\n        <div class=\"main-banner-block-content\">\n            <h2><\/h2>\n            <div class=\"button-wrapper\">\n                        <\/div>\n        <\/div>\n               <\/div>\n      <\/div>\n\n\n    <\/div>\n  <\/div>\n  <div class=\"cl-fl\"><\/div>\n[vc_empty_space][vc_custom_heading text=&#8221;Aplikacja Towarzysz\u0105ca dla Twojej maszyny do konserwacji, samoobs\u0142ugi, funkcji pokazowej<br \/>\ni obs\u0142ugi TASKI IntelliSupport.&#8221; font_container=&#8221;tag:h2|text_align:center|color:%23f48938&#8243; use_theme_fonts=&#8221;yes&#8221; css=&#8221;.vc_custom_1668682695400{padding-top: 50px !important;padding-right: 50px !important;padding-bottom: 50px !important;padding-left: 50px !important;border-radius: 35px !important;}&#8221;]  <div class=\"simple-icons\">\n    <div class=\"simple-icons-i\">\n              <div class=\"simple-icon-each\">\n        <div class=\"si-image\">\n          <img decoding=\"async\" class=\"aligncenter size-full\" alt=\"\" src=\"https:\/\/staging.taski.com\/wp-content\/uploads\/2021\/09\/90132-VCT-TASKI_AR__Demonstrate_Icon.png\"\/>\n        <\/div>\n        <div class=\"si-image-desc\">\n          <p>Funkcja Pokazowa<br \/>\nDemonstruje g\u0142\u00f3wne czynno\u015bci i elementy maszyny, w celu zrozumienia jej dzia\u0142anie<br \/>\ni obja\u015bnienia zakresu u\u017cytkowania. Pozwala na odkrywanie takich cech maszyny jak: unikalny zesp\u00f3\u0142 szczotek i ergonomiczna konstrukcja.<\/p>\n        <\/div>\n       <\/div>\n                     <div class=\"simple-icon-each\">\n        <div class=\"si-image\">\n          <img decoding=\"async\" class=\"aligncenter size-full\" alt=\"\" src=\"https:\/\/staging.taski.com\/wp-content\/uploads\/2021\/09\/Untitled-1.png\"\/>\n        <\/div>\n        <div class=\"si-image-desc\">\n          <p><strong>Konserwacja<\/strong><\/p>\n<p>Dbaj o swoj\u0105 maszyn\u0119 po ka\u017cdej zmianie dzi\u0119ki wskaz\u00f3wkom krok po kroku wspomaganym przez aplikacj\u0119 we wszystkich 7 \u017c\u00f3\u0142tych punktach dedykowanych konserwacji. Opr\u00f3\u017cnianie zbiornika, sprawdzanie worka na kurz, czyszczenie szczotki i wiele wi\u0119cej. Czynno\u015bci te maj\u0105 na celu wczesne i ca\u0142kowitego zapobieganie awariom w przysz\u0142o\u015bci.<\/p>\n        <\/div>\n       <\/div>\n                     <div class=\"simple-icon-each\">\n        <div class=\"si-image\">\n          <img decoding=\"async\" class=\"aligncenter size-full\" alt=\"\" src=\"https:\/\/staging.taski.com\/wp-content\/uploads\/2021\/09\/Service.png\"\/>\n        <\/div>\n        <div class=\"si-image-desc\">\n          <p><strong>Samoobs\u0142uga<\/strong><\/p>\n<p>Je\u015bli masz problem z maszyn\u0105, najpierw pozw\u00f3l maszynie zweryfikowa\u0107 go samodzielnie. TASKI AR zapewnia proste wskaz\u00f3wki dotycz\u0105ce rozwi\u0105zywania typowych problem\u00f3w z maszyn\u0105, zapobiegaj\u0105c przestojom i k\u0142opotom.<\/p>\n        <\/div>\n       <\/div>\n                     <div class=\"simple-icon-each\">\n        <div class=\"si-image\">\n          <img decoding=\"async\" class=\"aligncenter size-full\" alt=\"\" src=\"https:\/\/staging.taski.com\/wp-content\/uploads\/2021\/09\/90131-VCT-TASKI_AR_IntelliSupport_Icon.png\"\/>\n        <\/div>\n        <div class=\"si-image-desc\">\n          <p><strong>IntelliSupport TASKI<\/strong><\/p>\n<p>Je\u015bli nie jeste\u015b w stanie samodzielnie rozwi\u0105za\u0107 problemu, system IntelliSupport TASKI to prosty i \u0142atwy spos\u00f3b na natychmiastowe otrzymanie pomocy od autoryzowanego technika Diversey. Dajemy pewno\u015b\u0107, \u017ce wszystkie zasoby TASKI masz na wyci\u0105gni\u0119cie r\u0119ki, aby zapewni\u0107 Ci ci\u0105g\u0142\u0105 gotowo\u015b\u0107 dzia\u0142ania.<\/p>\n        <\/div>\n       <\/div>\n                     <div class=\"simple-icon-each\">\n        <div class=\"si-image\">\n          <img decoding=\"async\" class=\"aligncenter size-full\" alt=\"\" src=\"https:\/\/staging.taski.com\/wp-content\/uploads\/2021\/09\/Untitled-2.png\"\/>\n        <\/div>\n        <div class=\"si-image-desc\">\n          <p><strong>Dokumenty i cz\u0119\u015bci zamienne<\/strong><\/p>\n<p>Dokumentacja, taka jak instrukcje u\u017cytkowania i cyfrowe wykresy, jest r\u00f3wnie\u017c zintegrowana z aplikacj\u0105, aby umo\u017cliwi\u0107 Ci do nich szybki dost\u0119p. Ponadto mo\u017cesz otworzy\u0107 centrum Cz\u0119\u015bci zamienne TASKI, aby uzyska\u0107 szybki dost\u0119p do cz\u0119\u015bci zamiennych.<\/p>\n        <\/div>\n       <\/div>\n           <\/div>\n  <\/div>\n  <div class=\"cl-fl\"><\/div>\n[vc_single_image image=&#8221;31852&#8243; img_size=&#8221;medium&#8221; alignment=&#8221;center&#8221; title=&#8221;Pobierz TASKI AR teraz!&#8221;][vc_single_image image=&#8221;31851&#8243; img_size=&#8221;Full&#8221; alignment=&#8221;center&#8221; css=&#8221;.vc_custom_1631026756157{background-color: #636363 !important;}&#8221;][\/vc_column][\/vc_row][vc_row][vc_column][\/vc_column][\/vc_row][vc_row][vc_column]  <div class=\"feature-icon-w\">\n    <div class=\"feature-icon-i\">\n            <div class=\"feature-tbl\">\n        <div class=\"feature-cell image-cell\">\n          <img decoding=\"async\" class=\"aligncenter size-full\" alt=\"\" src=\"\"\/>\n        <\/div>\n        <div class=\"feature-cell description-cell\">\n                  <\/div>\n       <\/div>\n               <div class=\"cl-fl\"><\/div>\n    <\/div>\n  <\/div>\n[\/vc_column][\/vc_row][vc_row][vc_column width=&#8221;1\/3&#8243;]  <div class=\"feature-icon-w\">\n    <div class=\"feature-icon-i\">\n     <a href=\"https:\/\/taski.com\/wp-content\/uploads\/2021\/09\/90136-LIT-TASKI_AR_Brochure-A4-MASTER-HRNC.pdf?_t=1631023550\" target=\"_blank\">       <div class=\"feature-tbl\">\n        <div class=\"feature-cell image-cell\">\n          <img decoding=\"async\" class=\"aligncenter size-full\" alt=\"\" src=\"https:\/\/staging.taski.com\/wp-content\/uploads\/2021\/09\/TASKI-AR-PSS-Image.png\"\/>\n        <\/div>\n        <div class=\"feature-cell description-cell\">\n          <p>TASKI AR Brochure<\/p>\n        <\/div>\n       <\/div>\n        <\/a>       <div class=\"cl-fl\"><\/div>\n    <\/div>\n  <\/div>\n[\/vc_column][vc_column width=&#8221;1\/3&#8243;]  <div class=\"feature-icon-w\">\n    <div class=\"feature-icon-i\">\n     <a href=\"https:\/\/taski.com\/wp-content\/uploads\/2021\/09\/90135-SAL-TASKI_AR_Leaflet-A4-MASTER-HRNC_20210727145416.pdf?_t=1631023544\" target=\"_blank\">       <div class=\"feature-tbl\">\n        <div class=\"feature-cell image-cell\">\n          <img decoding=\"async\" class=\"aligncenter size-full\" alt=\"\" src=\"https:\/\/staging.taski.com\/wp-content\/uploads\/2021\/09\/TASKI-AR-PSS-Image.png\"\/>\n        <\/div>\n        <div class=\"feature-cell description-cell\">\n          <p>TASKI AR PSS<\/p>\n        <\/div>\n       <\/div>\n        <\/a>       <div class=\"cl-fl\"><\/div>\n    <\/div>\n  <\/div>\n[\/vc_column][vc_column width=&#8221;1\/3&#8243;][\/vc_column][\/vc_row][vc_row][vc_column][vc_tta_pageable][vc_tta_section title=&#8221;Section 2&#8243; tab_id=&#8221;1631026491373-6403a758-95b8&#8243;][\/vc_tta_section][\/vc_tta_pageable][\/vc_column][\/vc_row]<\/p>\n<\/div>","protected":false},"excerpt":{"rendered":"<p>[vc_row][vc_column][vc_empty_space][vc_custom_heading text=&#8221;Aplikacja Towarzysz\u0105ca dla Twojej maszyny do konserwacji, samoobs\u0142ugi, funkcji pokazowej i obs\u0142ugi TASKI IntelliSupport.&#8221; font_container=&#8221;tag:h2|text_align:center|color:%23f48938&#8243; use_theme_fonts=&#8221;yes&#8221; css=&#8221;.vc_custom_1668682695400{padding-top: 50px !important;padding-right: 50px !important;padding-bottom: 50px !important;padding-left: 50px !important;border-radius: 35px !important;}&#8221;][vc_single_image image=&#8221;31852&#8243; img_size=&#8221;medium&#8221; alignment=&#8221;center&#8221; title=&#8221;Pobierz TASKI AR teraz!&#8221;][vc_single_image image=&#8221;31851&#8243; img_size=&#8221;Full&#8221; alignment=&#8221;center&#8221; css=&#8221;.vc_custom_1631026756157{background-color: #636363 !important;}&#8221;][\/vc_column][\/vc_row][vc_row][vc_column][\/vc_column][\/vc_row][vc_row][vc_column][\/vc_column][\/vc_row][vc_row][vc_column width=&#8221;1\/3&#8243;][\/vc_column][vc_column width=&#8221;1\/3&#8243;][\/vc_column][vc_column width=&#8221;1\/3&#8243;][\/vc_column][\/vc_row][vc_row][vc_column][vc_tta_pageable][vc_tta_section title=&#8221;Section 2&#8243; tab_id=&#8221;1631026491373-6403a758-95b8&#8243;][\/vc_tta_section][\/vc_tta_pageable][\/vc_column][\/vc_row]<\/p>\n","protected":false},"author":5,"featured_media":31872,"parent":32802,"menu_order":71,"comment_status":"closed","ping_status":"closed","template":"","meta":{"_acf_changed":false,"_seopress_robots_primary_cat":"","_seopress_titles_title":"","_seopress_titles_desc":"","_seopress_robots_index":"","inline_featured_image":false,"footnotes":""},"class_list":["post-32646","page","type-page","status-publish","has-post-thumbnail","hentry"],"acf":[],"_links":{"self":[{"href":"https:\/\/staging.taski.com\/pl\/wp-json\/wp\/v2\/pages\/32646","targetHints":{"allow":["GET"]}}],"collection":[{"href":"https:\/\/staging.taski.com\/pl\/wp-json\/wp\/v2\/pages"}],"about":[{"href":"https:\/\/staging.taski.com\/pl\/wp-json\/wp\/v2\/types\/page"}],"author":[{"embeddable":true,"href":"https:\/\/staging.taski.com\/pl\/wp-json\/wp\/v2\/users\/5"}],"replies":[{"embeddable":true,"href":"https:\/\/staging.taski.com\/pl\/wp-json\/wp\/v2\/comments?post=32646"}],"version-history":[{"count":0,"href":"https:\/\/staging.taski.com\/pl\/wp-json\/wp\/v2\/pages\/32646\/revisions"}],"up":[{"embeddable":true,"href":"https:\/\/staging.taski.com\/pl\/wp-json\/wp\/v2\/pages\/32802"}],"wp:featuredmedia":[{"embeddable":true,"href":"https:\/\/staging.taski.com\/pl\/wp-json\/wp\/v2\/media\/31872"}],"wp:attachment":[{"href":"https:\/\/staging.taski.com\/pl\/wp-json\/wp\/v2\/media?parent=32646"}],"curies":[{"name":"wp","href":"https:\/\/api.w.org\/{rel}","templated":true}]}}