{"id":32635,"date":"2020-11-30T13:53:33","date_gmt":"2020-11-30T13:53:33","guid":{"rendered":"https:\/\/taski.com\/products\/"},"modified":"2023-09-28T20:52:08","modified_gmt":"2023-09-28T20:52:08","slug":"products","status":"publish","type":"page","link":"https:\/\/staging.taski.com\/pl\/products-innovations-solutions\/products\/","title":{"rendered":"Produkty"},"content":{"rendered":"<div class=\"wpb-content-wrapper\"><p>[vc_row el_id=&#8221;main-banner&#8221;][vc_column]\n  <div class=\"main-banner-block full-width content-video-no\" style=\"background-image:url(https:\/\/staging.taski.com\/wp-content\/uploads\/2020\/12\/Aero_8_plus_0036g-scaled.jpg);\">\n         <div class=\"main-banner-block-i\">\n      <div class=\"row\">\n       <div class=\"mbb-fl\">\n        <div class=\"main-banner-block-content\">\n            <h2>Zapoznaj si\u0119 z ofert\u0105 maszyn TASKI lub u\u017cyj naszego Selektora, by znale\u017a\u0107 najlepsze (ULTIMATE) rozwi\u0105zanie dla maszynowego czyszczenia pod\u0142\u00f3g.<\/h2>\n            <div class=\"button-wrapper\">\n                        <\/div>\n        <\/div>\n               <\/div>\n      <\/div>\n\n\n    <\/div>\n  <\/div>\n  <div class=\"cl-fl\"><\/div>\n[\/vc_column][\/vc_row][vc_row css=&#8221;.vc_custom_1606749717145{padding-top: 90px !important;padding-bottom: 190px !important;}&#8221; el_id=&#8221;full-width-categories&#8221;][vc_column][vc_row_inner el_class=&#8221;full-width-categories&#8221;][vc_column_inner]\n  <div class=\"cleaning-machines-grid-block full-width\" style=\"\">\n    <div class=\"cleaning-machines-grid-block-i\">\n      <div class=\"row\">\n       <div class=\"clman-grid-row\">\n        <div class=\"clman-intro-block\">\n          <p>Pozw\u00f3l nam pom\u00f3c Ci w znalezieniu idealnej maszyny czyszcz\u0105cej<\/p>\n          <div class=\"clman-contact\"><a href=\"\">Contact<br \/>Us<\/a><\/div>\n\n\n        <\/div>\n        <div class=\"clman-grid-block\">\n            <div class=\"clman-grid\">\n\n                              <div class=\"clman-grid-item\">\n               <a href=\"https:\/\/staging.taski.com\/products-innovations-solutions\/products\/robotics\/\">\n                <div class=\"front\"><img decoding=\"async\" src=\"https:\/\/staging.taski.com\/wp-content\/uploads\/2023\/02\/robotics-category-image-l-300x300.png\" \/><div class=\"desc\"><h6>Robotyka<\/h6><p>Uwolnij potencja\u0142 automatycznego czyszczenia pod\u0142\u00f3g i dywan\u00f3w dzi\u0119ki Ecobot 50 pro i Ecobot 40.<\/p><\/div><\/div>\n                <div class=\"back\"><\/div>\n               <\/a>\n              <\/div>\n                              <div class=\"clman-grid-item\">\n               <a href=\"https:\/\/staging.taski.com\/products-innovations-solutions\/products\/single-discs\/\">\n                <div class=\"front\"><img decoding=\"async\" src=\"https:\/\/staging.taski.com\/wp-content\/uploads\/2020\/12\/single-discs.png\" \/><div class=\"desc\"><h6>Maszyny jednotarczowe<\/h6><p>Maszyny jednotarczowe TASKI ergodisc maj\u0105 legendarny status jako\u015bci i niezawodno\u015bci. Niezr\u00f3wnana konstrukcja i precyzja oznaczaj\u0105, \u017ce mog\u0105 poradzi\u0107 sobie z ka\u017cdym zadaniem czyszczenia pod\u0142\u00f3g, bez wzgl\u0119du na to, jak trudnym.<\/p><\/div><\/div>\n                <div class=\"back\"><\/div>\n               <\/a>\n              <\/div>\n                              <div class=\"clman-grid-item\">\n               <a href=\"https:\/\/staging.taski.com\/products-innovations-solutions\/products\/vacuum-cleaners\/\">\n                <div class=\"front\"><img decoding=\"async\" src=\"https:\/\/staging.taski.com\/wp-content\/uploads\/2020\/12\/vacuums.png\" \/><div class=\"desc\"><h6>Odkurzacze<\/h6><p>Odkurzacze TASKI AERO i Jet &amp; Vacumat posiadaj\u0105 modele wykorzystuj\u0105ce najnowsze technologie silnika cyfrowego i baterii litowych, zapewniaj\u0105ce wyj\u0105tkow\u0105 wydajno\u015b\u0107 i autonomi\u0119. Opatentowane silniki Whisper zapewniaj\u0105 znacznie ni\u017csze koszty energii i niesamowicie niski poziom ha\u0142asu.<\/p><\/div><\/div>\n                <div class=\"back\"><\/div>\n               <\/a>\n              <\/div>\n                              <div class=\"clman-grid-item\">\n               <a href=\"https:\/\/staging.taski.com\/products-innovations-solutions\/products\/sprayers\/\">\n                <div class=\"front\"><img decoding=\"async\" src=\"https:\/\/staging.taski.com\/wp-content\/uploads\/2021\/02\/Sprayer15-image4-recut-final.png\" \/><div class=\"desc\"><h6>Spryskiwacze<\/h6><p>W\u015br\u00f3d spryskiwaczy TASKI znajduje si\u0119 spryskiwacz plecakowy zasilany akumulatorem litowym BP 15, kt\u00f3ry u\u0142atwia opryskiwanie ma\u0142ych i \u015brednich powierzchni.<\/p><\/div><\/div>\n                <div class=\"back\"><\/div>\n               <\/a>\n              <\/div>\n                              <div class=\"clman-grid-item\">\n               <a href=\"https:\/\/staging.taski.com\/products-innovations-solutions\/products\/steam-cleaners\/\">\n                <div class=\"front\"><img decoding=\"async\" src=\"https:\/\/staging.taski.com\/wp-content\/uploads\/2021\/02\/Dampfgeraet_016-1.png\" \/><div class=\"desc\"><h6>Parownice<\/h6><p>TASKI Steam to gama wysokowydajnych parownic, parownic z odsysaniem oraz parownic z odsysaniem i pojemnikiem na chemi\u0119. Wszystkie wykorzystuj\u0105 such\u0105 par\u0119 wytwarzan\u0105 pod wysokim ci\u015bnieniem i wysok\u0105 temperatur\u0105 ze swoich samo nape\u0142niaj\u0105cych si\u0119 bojler\u00f3w.\n<\/p><\/div><\/div>\n                <div class=\"back\"><\/div>\n               <\/a>\n              <\/div>\n                              <div class=\"clman-grid-item\">\n               <a href=\"https:\/\/staging.taski.com\/products-innovations-solutions\/products\/carpet-care\/\">\n                <div class=\"front\"><img decoding=\"async\" src=\"https:\/\/staging.taski.com\/wp-content\/uploads\/2020\/12\/carpet-care.png\" \/><div class=\"desc\"><h6>Piel\u0119gnacja Wyk\u0142adzin<\/h6><p>Maszyny TASKI aquamat &amp; procarpet zapewniaj\u0105 doskona\u0142e rezultaty w gruntownym czyszczeniu. Wyj\u0105tkowe suszenie w po\u0142\u0105czeniu z dog\u0142\u0119bnym czyszczeniem, kt\u00f3re zapewniaj\u0105 dedykowane szczotki, oznacza, \u017ce \u200b\u200bmodele procarpet zapewniaj\u0105 najlepsze wyniki w swojej klasie.<\/p><\/div><\/div>\n                <div class=\"back\"><\/div>\n               <\/a>\n              <\/div>\n                              <div class=\"clman-grid-item\">\n               <a href=\"https:\/\/staging.taski.com\/products-innovations-solutions\/products\/sweepers\/\">\n                <div class=\"front\"><img decoding=\"async\" src=\"https:\/\/staging.taski.com\/wp-content\/uploads\/2021\/01\/Balimat_1600_015_scale-300x300.png\" \/><div class=\"desc\"><h6>Zamiatrki<\/h6><p>Gama zamiatarek TASKI balimat prowadzonych r\u0119cznie i samojezdnych zawiera unikalny System Rolek Tandemowych (TRS) zapewniaj\u0105cy doskona\u0142e zbieranie zabrudze\u0144 i usuwanie kurzu.<\/p><\/div><\/div>\n                <div class=\"back\"><\/div>\n               <\/a>\n              <\/div>\n                              <div class=\"clman-grid-item\">\n               <a href=\"https:\/\/staging.taski.com\/products-innovations-solutions\/products\/scrubber-driers\/\">\n                <div class=\"front\"><img decoding=\"async\" src=\"https:\/\/staging.taski.com\/wp-content\/uploads\/2020\/12\/scrubbers-driers.png\" \/><div class=\"desc\"><h6>Maszyny szoruj\u0105co-czyszcz\u0105ce<\/h6><p>Maszyny szoruj\u0105co-czyszcz\u0105ce TASKI to szczyt doskona\u0142o\u015bci w sprz\u0105taniu. Zapewniaj\u0105 NAJLEPSZE rezultaty czyszczenia przy zachowaniu doskona\u0142ej ergonomii pracy. Ich wyj\u0105tkowa wydajno\u015b\u0107 obni\u017ca koszty sprz\u0105tania.\n<\/p><\/div><\/div>\n                <div class=\"back\"><\/div>\n               <\/a>\n              <\/div>\n                \n            <\/div>\n\n        <\/div>\n       <\/div>\n\n\n      <\/div>\n\n   <\/div>\n  <\/div>\n  <div class=\"cl-fl\"><\/div>\n[\/vc_column_inner][\/vc_row_inner][\/vc_column][\/vc_row][vc_row css=&#8221;.vc_custom_1606750435278{padding-top: 90px !important;}&#8221;][vc_column]\n  <div class=\"page-description-block style-dark\">\n    <div class=\"page-description-block-i\">\n      <div class=\"row\">\n        <div class=\"page-description-content\">\n          <\/div><\/div><\/div><\/div><\/p>\n<h2><span class=\"Y2IQFc\" lang=\"pl\">TASKI oferuje najlepsze w swojej klasie maszyny czyszcz\u0105ce, kt\u00f3re zapewni\u0107 doskona\u0142e wyniki.<\/span><\/h2>\n<p><span class=\"Y2IQFc\" lang=\"pl\">Po\u0142\u0105czenie innowacyjnej technologii i ergonomii konstrukcja u\u0142atwia lepsze czyszczenie.<\/span><\/p>\n<p id=\"tw-target-text\" class=\"tw-data-text tw-text-large tw-ta\" dir=\"ltr\" data-placeholder=\"T\u0142umaczenie\"><span class=\"Y2IQFc\" lang=\"pl\">Idealna maszyna spe\u0142niaj\u0105ca Twoje potrzeby.<\/span><\/p>\n<\/div>\n      \n    \n  \n  <div class=\"cl-fl\"><\/div>\n[\/vc_column][\/vc_row][vc_row css=&#8221;.vc_custom_1606750505039{padding-top: 40px !important;padding-bottom: 40px !important;}&#8221;][vc_column]\n  <div class=\"three-cta-block\">\n    <div class=\"three-cta-block-i\">\n      <div class=\"row\">\n        <div class=\"three-cta-block-grid\">\n           <div class=\"three-cta-item\">\n            <div class=\"tci-i\">\n             <div class=\"tci-item-content\">\n                <h5><strong>U\u017cyj naszego<\/strong><br \/>\nSelektora<br \/>\nTASKI<\/h5>\n                <a href=\"\/products-innovations-solutions\/\"><p>PRODUCTS,<br \/>SOLUTIONS &<br \/>INNOVATIONS<\/p><\/a>\n             <\/div>\n            <\/div>\n           <\/div>\n           <div class=\"three-cta-item\">\n            <div class=\"tci-i\">\n             <div class=\"tci-item-content\">\n                <h5><strong>Zobacz nasze najnowsze<\/strong><br \/>\ninnowacje<br \/>\nTASKI<\/h5>\n                <a href=\"\/shop\/\"><p>MY<br \/>TASKI<br \/>SHOP<\/p><\/a>\n             <\/div>\n            <\/div>\n           <\/div>\n           <div class=\"three-cta-item\">\n            <div class=\"tci-i\">\n             <div class=\"tci-item-content\">\n                <h5><strong>Skontaktuj si\u0119<\/strong><br \/>\nz nami<\/h5>\n                <a href=\"\/news-help-contacts\/\"><p>CONTACT<br \/>US<\/p><\/a>\n             <\/div>\n            <\/div>\n           <\/div>\n        <\/div>\n      <\/div>\n    <\/div>\n  <\/div>\n  <div class=\"cl-fl\"><\/div>\n[\/vc_column][\/vc_row]\n","protected":false},"excerpt":{"rendered":"<p>[vc_row el_id=&#8221;main-banner&#8221;][vc_column][\/vc_column][\/vc_row][vc_row css=&#8221;.vc_custom_1606749717145{padding-top: 90px !important;padding-bottom: 190px !important;}&#8221; el_id=&#8221;full-width-categories&#8221;][vc_column][vc_row_inner el_class=&#8221;full-width-categories&#8221;][vc_column_inner][\/vc_column_inner][\/vc_row_inner][\/vc_column][\/vc_row][vc_row css=&#8221;.vc_custom_1606750435278{padding-top: 90px !important;}&#8221;][vc_column][\/vc_column][\/vc_row][vc_row css=&#8221;.vc_custom_1606750505039{padding-top: 40px !important;padding-bottom: 40px !important;}&#8221;][vc_column][\/vc_column][\/vc_row]<\/p>\n","protected":false},"author":1,"featured_media":0,"parent":32821,"menu_order":360,"comment_status":"closed","ping_status":"closed","template":"","meta":{"_acf_changed":false,"_seopress_robots_primary_cat":"","_seopress_titles_title":"","_seopress_titles_desc":"","_seopress_robots_index":"","inline_featured_image":false,"footnotes":""},"class_list":["post-32635","page","type-page","status-publish","hentry"],"acf":[],"_links":{"self":[{"href":"https:\/\/staging.taski.com\/pl\/wp-json\/wp\/v2\/pages\/32635","targetHints":{"allow":["GET"]}}],"collection":[{"href":"https:\/\/staging.taski.com\/pl\/wp-json\/wp\/v2\/pages"}],"about":[{"href":"https:\/\/staging.taski.com\/pl\/wp-json\/wp\/v2\/types\/page"}],"author":[{"embeddable":true,"href":"https:\/\/staging.taski.com\/pl\/wp-json\/wp\/v2\/users\/1"}],"replies":[{"embeddable":true,"href":"https:\/\/staging.taski.com\/pl\/wp-json\/wp\/v2\/comments?post=32635"}],"version-history":[{"count":0,"href":"https:\/\/staging.taski.com\/pl\/wp-json\/wp\/v2\/pages\/32635\/revisions"}],"up":[{"embeddable":true,"href":"https:\/\/staging.taski.com\/pl\/wp-json\/wp\/v2\/pages\/32821"}],"wp:attachment":[{"href":"https:\/\/staging.taski.com\/pl\/wp-json\/wp\/v2\/media?parent=32635"}],"curies":[{"name":"wp","href":"https:\/\/api.w.org\/{rel}","templated":true}]}}