{"id":9379,"date":"2020-11-30T15:58:36","date_gmt":"2020-11-30T15:58:36","guid":{"rendered":"https:\/\/taski.com\/waarom-taski\/uw-markten-en-sectoren\/gezondheidszorg-acuut\/"},"modified":"2021-07-12T14:48:10","modified_gmt":"2021-07-12T14:48:10","slug":"gezondheidszorg-acuut","status":"publish","type":"page","link":"https:\/\/staging.taski.com\/nl\/waarom-taski\/uw-markten-en-sectoren\/gezondheidszorg-acuut\/","title":{"rendered":"Healthcare Acute"},"content":{"rendered":"<div class=\"wpb-content-wrapper\"><p>[vc_row][vc_column]\n  <div class=\"page-intro-block size-fit-image style-dark font-large\">\n         <div class=\"page-intro-block-i\">\n      <div class=\"row\">\n        <div class=\"page-intro-content\">\n            <div class=\"title-block\">\n                                     <h2><span class=\"pt\">Healthcare Acute<\/span>Moet u uw ziekenhuis veilig en hygi\u00ebnisch houden om&lt;strong&gt; infecties te helpen verminderen?&lt;\/strong&gt;<br \/>\nTASKI kan helpen.<\/h2>\n                                                 <\/div>\n            <div class=\"page-intro-image\">\n                                <div class=\"page-intro-image-alt\">\n                    \n                    <img decoding=\"async\" src=\"https:\/\/staging.taski.com\/wp-content\/uploads\/2021\/01\/HEALTHCARE_26_Cleaning_hallway-3-1.jpg\" alt=\"\" \/>\n\n                <\/div>\n            <\/div>\n        <\/div>\n      <\/div>\n\n\n    <\/div>\n  <\/div>\n  <div class=\"cl-fl\"><\/div>\n[\/vc_column][\/vc_row][vc_row css=&#8221;.vc_custom_1606587476742{padding-top: 80px !important;padding-bottom: 95px !important;}&#8221;][vc_column][vc_row_inner][vc_column_inner]\n  <div class=\"page-video-block\">\n    <div class=\"page-video-block-i\">\n      <div class=\"row\">\n        <div class=\"page-video-block-content\">\n            <div class=\"title-block\">\n                 <h2>Wat zijn uw prioritaire uitdagingen?<\/h2>\n            <\/div>\n            <div class=\"page-video-image\">\n                \n              <a href=\"#\" class=\"video-player-link\" data-video-id=\"485944407\" data-src=\"https:\/\/player.vimeo.com\/video\/485944407\">\n                <img decoding=\"async\" src=\"https:\/\/staging.taski.com\/wp-content\/uploads\/2021\/01\/Healthcare-Acute-needs-image.jpg\" alt=\"Wat zijn uw prioritaire uitdagingen? Image\" \/>\n\n     <div class=\"page-video-video-abs\"><div class=\"video-embed\"><iframe loading=\"lazy\" id=\"\" src=\"\" width=\"100%\" height=\"100%\" frameborder=\"0\" style=\"position:absolute;top:0;left:0;width:100%;height:100%;\"   allow=\"autoplay; fullscreen\" muted webkitallowfullscreen mozallowfullscreen allowfullscreen><\/iframe><\/div><\/div>              <\/a>\n            <\/div>\n        <\/div>\n      <\/div>\n\n\n    <\/div>\n  <\/div>\n  <div class=\"cl-fl\"><\/div>\n[\/vc_column_inner][\/vc_row_inner][\/vc_column][\/vc_row][vc_row css=&#8221;.vc_custom_1606587476742{padding-top: 80px !important;padding-bottom: 95px !important;}&#8221;][vc_column]\n  <div class=\"taski-carousel-block \" style=\"\">\n    <div class=\"taski-carousel-block-i\">\n\n      <div class=\"taski-carousel-title\"><p>Wij begrijpen de behoeften van uw sector<\/p><\/div>\n      <div class=\"row\">\n       <div class=\"taski-carousel-holder\">\n        <div class=\"taski-carousel owl-carousel owl-theme\" id=\"taski-carousel\">\n                                    <div class=\"item taski-slide\">\n                            <div class=\"its-i\">\n                <div class=\"media-w\">\n                    <div class=\"image\">\n                      <div class=\"image-i\">\n                        <img decoding=\"async\" src=\"https:\/\/staging.taski.com\/wp-content\/uploads\/2020\/12\/customer-experience.svg\" \/>\n                      <\/div>\n                    <\/div>\n                <\/div>\n                <div class=\"text\">\n                    <div class=\"title\">Ervaring van pati\u00ebnten<\/div>\n                    <p>Cre\u00eber een veilige en hygi\u00ebnische omgeving voor uw pati\u00ebnten. Kijk eens hoe onze &lt;strong&gt;swingo schrobzuigmachines en HEPA filters&lt;\/strong&gt; risico's verminderen.<\/p>\n                                    <\/div>\n              <\/div>\n                          <\/div>\n            <div class=\"item taski-slide\">\n                            <div class=\"its-i\">\n                <div class=\"media-w\">\n                    <div class=\"image\">\n                      <div class=\"image-i\">\n                        <img decoding=\"async\" src=\"https:\/\/staging.taski.com\/wp-content\/uploads\/2020\/12\/people-safety.svg\" \/>\n                      <\/div>\n                    <\/div>\n                <\/div>\n                <div class=\"text\">\n                    <div class=\"title\">Mensen en veiligheid<\/div>\n                    <p>Bescherm uw pati\u00ebnten en personeel met verbeterde lucht-, hygi\u00ebne- en vloerdroging. Mechaniseer meer van uw schoonmaakwerk en verminder het risico op struikelen met &lt;strong&gt; snoerloze AERO batterijzuigers.&lt;\/strong&gt;<\/p>\n                                    <\/div>\n              <\/div>\n                          <\/div>\n            <div class=\"item taski-slide\">\n                            <div class=\"its-i\">\n                <div class=\"media-w\">\n                    <div class=\"image\">\n                      <div class=\"image-i\">\n                        <img decoding=\"async\" src=\"https:\/\/staging.taski.com\/wp-content\/uploads\/2020\/12\/brand-protection.svg\" \/>\n                      <\/div>\n                    <\/div>\n                <\/div>\n                <div class=\"text\">\n                    <div class=\"title\">Merk Bescherming<\/div>\n                    <p>Bescherm uw pati\u00ebnten terwijl u uw merk beschermt. Kijk eens naar onze &lt;strong&gt;HEPA-filters en batterij micro schrobzuigmachines&lt;\/strong&gt; voor een betere luchtkwaliteit binnenshuis en veiligere vloeren.<\/p>\n                                    <\/div>\n              <\/div>\n                          <\/div>\n            <div class=\"item taski-slide\">\n                            <div class=\"its-i\">\n                <div class=\"media-w\">\n                    <div class=\"image\">\n                      <div class=\"image-i\">\n                        <img decoding=\"async\" src=\"https:\/\/staging.taski.com\/wp-content\/uploads\/2020\/12\/cost-control.svg\" \/>\n                      <\/div>\n                    <\/div>\n                <\/div>\n                <div class=\"text\">\n                    <div class=\"title\">Kostenbeheersing<\/div>\n                    <p>Verlaag uw eigendomskosten en schoonmaakkosten met flexibele financiering en vlootbeheer. Kijk eens naar onze flexibele &lt;strong&gt;financierings- en serviceopties&lt;\/strong&gt; en onze IntelliTrail &lt;strong&gt;fleet management tool.&lt;\/strong&gt;<\/p>\n                                    <\/div>\n              <\/div>\n                          <\/div>\n            <div class=\"item taski-slide\">\n                            <div class=\"its-i\">\n                <div class=\"media-w\">\n                    <div class=\"image\">\n                      <div class=\"image-i\">\n                        <img decoding=\"async\" src=\"https:\/\/staging.taski.com\/wp-content\/uploads\/2020\/12\/infection-prevention.svg\" \/>\n                      <\/div>\n                    <\/div>\n                <\/div>\n                <div class=\"text\">\n                    <div class=\"title\">Infectie Preventie<\/div>\n                    <p>Bescherm uw pati\u00ebnten en uw personeel. TASKI machines zijn ontworpen om &lt;strong&gt;ergonomischte zijn , uitmuntende reiniging te leveren, gemakkelijk schoon te maken en om risico's te verminderen zijn gemakkelijk schoon te houden &amp; hygi\u00ebnisch.&lt;\/strong&gt;<\/p>\n                                    <\/div>\n              <\/div>\n                          <\/div>\n                    <\/div>\n\n        <div class=\"taski-carousel-navigation\">\n          <div class=\"nav-left\">\n            <a href=\"#\"><i class=\"fa fa-chevron-left\"><\/i><\/a>\n          <\/div>\n          <div class=\"nav-description\">\n\n          <\/div>\n          <div class=\"nav-right\">\n            <a href=\"#\"><i class=\"fa fa-chevron-right\"><\/i><\/a>\n          <\/div>\n        <\/div>\n       <\/div>\n      <\/div>\n   <\/div>\n  <\/div>\n  <div class=\"cl-fl\"><\/div>\n[\/vc_column][\/vc_row][vc_row css=&#8221;.vc_custom_1606653988515{padding-top: 80px !important;padding-bottom: 80px !important;background-color: #505050 !important;}&#8221;][vc_column][vc_row_inner][vc_column_inner]\n  <div class=\"testimonials-block\">\n    <div class=\"testimonials-block-i\">\n      <div class=\"row\">\n        <div class=\"title-block\">\n            <h2>Wat onze klanten zeggen<\/h2>\n        <\/div>\n\n        <div class=\"testimonials-grid\">\n           <div class=\"testimonial-item\">\n            <div class=\"ti-i\">\n             <img decoding=\"async\" src=\"https:\/\/staging.taski.com\/wp-content\/uploads\/2020\/11\/testimonial-1.jpg\" alt=\"Image\" \/>\n             <div class=\"test-item-content\">\n                <div class=\"test-item-title\">De kwaliteit van de binnenlucht (IAQ) werd door een Amerikaanse ziekenhuisgroep onderzocht als een &lt;strong&gt;gebied dat voor verbetering vatbaar&lt;\/strong&gt; is.<\/div>\n                <div class=\"test-item-text\"><p>&quot;Het ziekenhuis heeft een zorgplicht naar zijn pati\u00ebnten, we vragen naar hun feedback. Zij vertellen ons dat hygi\u00ebne in hun top 3 staat van factoren die belangrijk voor hen zijn. Wij doen er alles aan om aan de hoogste normen te voldoen. De overstap naar HEPA-filters in ons hele stofzuigpark was een beslissing die we hebben genomen om de luchtkwaliteit te verbeteren, niet alleen in klinische ruimten. We kozen ook voor de geluidsarme TASKI AERO om de pati\u00ebnten zo min mogelijk te storen&quot;.<\/p><\/div>\n             <\/div>\n            <\/div>\n           <\/div>\n           <div class=\"testimonial-item\">\n            <div class=\"ti-i\">\n             <img decoding=\"async\" src=\"https:\/\/staging.taski.com\/wp-content\/uploads\/2020\/11\/testimonial-2.jpg\" alt=\"Image\" \/>\n             <div class=\"test-item-content\">\n                <div class=\"test-item-title\">Een Duits ziekenhuis dat nog &lt;strong&gt;lagere infectiecijfers&lt;\/strong&gt; wil, heeft dieper gekeken naar hoe zijn schoonmaakapparatuur wordt onderhouden<\/div>\n                <div class=\"test-item-text\"><p>&quot;We hebben hard gewerkt om zorginfecties onder controle te houden in dit ziekenhuis. Het reinigen en desinfecteren van onze reinigingsapparatuur na elke dienst is nu een standaardwerkwijze. De gele reinigingspunten van TASKI en de gemakkelijk te verwijderen onderhoudsonderdelen waren een sleutelelement in de reden waarom wij voor TASKI hebben gekozen&quot;.<\/p><\/div>\n             <\/div>\n            <\/div>\n           <\/div>\n           <div class=\"testimonial-item\">\n            <div class=\"ti-i\">\n             <img decoding=\"async\" src=\"https:\/\/staging.taski.com\/wp-content\/uploads\/2020\/11\/testimonial-3.jpg\" alt=\"Image\" \/>\n             <div class=\"test-item-content\">\n                <div class=\"test-item-title\">Een groot Spaans stadsziekenhuis besloot zijn schoonmaak te mechaniseren na een evaluatie van de risico's voor het publiek als gevolg van een valpartij.<\/div>\n                <div class=\"test-item-text\"><p>&quot;Het publiek dat gebruik maakt van dit ziekenhuis is vaak kwetsbaar, dus we doen er alles aan om ervoor te zorgen dat de vloeren niet alleen schoon, maar ook hygi\u00ebnisch schoon zijn en altijd volledig droog worden achtergelaten. Het was een bewuste keuze om af te stappen van het dweilen en onze vloerreiniging volledig te mechaniseren om ervoor te zorgen dat onze vloeren droog en veiliger zijn voor het publiek. TASKI biedt een oplossing voor elke vloer in elk deel van het ziekenhuis&quot;.<\/p><\/div>\n             <\/div>\n            <\/div>\n           <\/div>\n\n        <\/div>\n\n      <\/div>\n    <\/div>\n  <\/div>\n  <div class=\"cl-fl\"><\/div>\n[\/vc_column_inner][\/vc_row_inner][\/vc_column][\/vc_row][vc_row][vc_column][vc_column_text]<\/p>\n<h2 style=\"text-align: center;\">Download onze industri\u00eble brochures en productgidsen<\/h2>\n<p>[\/vc_column_text][\/vc_column][\/vc_row][vc_row][vc_column width=&#8221;1\/3&#8243;]  <div class=\"feature-icon-w\">\n    <div class=\"feature-icon-i\">\n     <a href=\"https:\/\/taski.com\/wp-content\/uploads\/2021\/01\/Healthcare-Acute-Sector-Brochure.pdf\" target=\"_blank\">       <div class=\"feature-tbl\">\n        <div class=\"feature-cell image-cell\">\n          <img decoding=\"async\" class=\"aligncenter size-full\" alt=\"\" src=\"https:\/\/staging.taski.com\/wp-content\/uploads\/2020\/12\/icon-document.png\"\/>\n        <\/div>\n        <div class=\"feature-cell description-cell\">\n          <p>Gezondheidszorg Acute Sector<br \/>\nBrochure<\/p>\n        <\/div>\n       <\/div>\n        <\/a>       <div class=\"cl-fl\"><\/div>\n    <\/div>\n  <\/div>\n[\/vc_column][vc_column width=&#8221;1\/3&#8243;][\/vc_column][\/vc_row][vc_row][vc_column][vc_row_inner][vc_column_inner]\n  <div class=\"three-cta-block\">\n    <div class=\"three-cta-block-i\">\n      <div class=\"row\">\n        <div class=\"three-cta-block-grid\">\n           <div class=\"three-cta-item\">\n            <div class=\"tci-i\">\n             <div class=\"tci-item-content\">\n                <h5><strong>Wil je<\/strong><br \/>te weten komen<br \/>meer<\/h5>\n                <a href=\"\/products-innovations-solutions\/\"><p>PRODUCTEN,<br \/>OPLOSSINGEN &<br \/>INNOVATIES<\/p><\/a>\n             <\/div>\n            <\/div>\n           <\/div>\n           <div class=\"three-cta-item\">\n            <div class=\"tci-i\">\n             <div class=\"tci-item-content\">\n                <h5><strong>Wil je<\/strong><br \/>naar<br \/>kopen?<\/h5>\n                <a href=\"\/shop\/\"><p>MIJN<br \/>TASKI<br \/>SHOP<\/p><\/a>\n             <\/div>\n            <\/div>\n           <\/div>\n           <div class=\"three-cta-item\">\n            <div class=\"tci-i\">\n             <div class=\"tci-item-content\">\n                <h5><strong>Neem contact op.<\/strong><br \/>met<br \/>ons<\/h5>\n                <a href=\"\/news-help-contacts\/\"><p>CONTACT<br \/>VS<\/p><\/a>\n             <\/div>\n            <\/div>\n           <\/div>\n        <\/div>\n      <\/div>\n    <\/div>\n  <\/div>\n  <div class=\"cl-fl\"><\/div>\n[\/vc_column_inner][\/vc_row_inner][\/vc_column][\/vc_row]<\/p>\n<\/div>","protected":false},"excerpt":{"rendered":"<p>TASKI machineoplossingen voor infectiepreventie en veiligheid voor uw pati\u00ebnten en het publiek.<\/p>\n","protected":false},"author":1,"featured_media":8208,"parent":9281,"menu_order":583,"comment_status":"closed","ping_status":"closed","template":"","meta":{"_acf_changed":false,"_seopress_robots_primary_cat":"","_seopress_titles_title":"","_seopress_titles_desc":"","_seopress_robots_index":"","inline_featured_image":false,"footnotes":""},"class_list":["post-9379","page","type-page","status-publish","has-post-thumbnail","hentry"],"acf":[],"_links":{"self":[{"href":"https:\/\/staging.taski.com\/nl\/wp-json\/wp\/v2\/pages\/9379","targetHints":{"allow":["GET"]}}],"collection":[{"href":"https:\/\/staging.taski.com\/nl\/wp-json\/wp\/v2\/pages"}],"about":[{"href":"https:\/\/staging.taski.com\/nl\/wp-json\/wp\/v2\/types\/page"}],"author":[{"embeddable":true,"href":"https:\/\/staging.taski.com\/nl\/wp-json\/wp\/v2\/users\/1"}],"replies":[{"embeddable":true,"href":"https:\/\/staging.taski.com\/nl\/wp-json\/wp\/v2\/comments?post=9379"}],"version-history":[{"count":0,"href":"https:\/\/staging.taski.com\/nl\/wp-json\/wp\/v2\/pages\/9379\/revisions"}],"up":[{"embeddable":true,"href":"https:\/\/staging.taski.com\/nl\/wp-json\/wp\/v2\/pages\/9281"}],"wp:featuredmedia":[{"embeddable":true,"href":"https:\/\/staging.taski.com\/nl\/wp-json\/wp\/v2\/media\/8208"}],"wp:attachment":[{"href":"https:\/\/staging.taski.com\/nl\/wp-json\/wp\/v2\/media?parent=9379"}],"curies":[{"name":"wp","href":"https:\/\/api.w.org\/{rel}","templated":true}]}}