{"id":13945,"date":"2021-01-14T17:11:53","date_gmt":"2021-01-14T17:11:53","guid":{"rendered":"https:\/\/taski.com\/product\/aquamat-20\/"},"modified":"2021-04-10T10:07:24","modified_gmt":"2021-04-10T10:07:24","slug":"acquamat-20","status":"publish","type":"product","link":"https:\/\/staging.taski.com\/it\/prodotto\/acquamat-20\/","title":{"rendered":"aquamat 20"},"content":{"rendered":"","protected":false},"excerpt":{"rendered":"<p>Aspirazione spray di media capacit\u00e0 per tappeti e tappezzeria<\/p>\n<h3>Caratteristiche principali<\/h3>\n<p>Capacit\u00e0 20L<br \/>\nMotore 1050w<br \/>\nAspirazione 47L\/sec<br \/>\nSelezione di accessori<\/p>\n<h3>Vantaggi principali<\/h3>\n<p>Capacit\u00e0 media per flessibilit\u00e0 e produttivit\u00e0<br \/>\nAspirazione potente per un&#8217;asciugatura veloce<br \/>\nStrumenti per la pulizia di macchie, tappezzeria e tessuti<\/p>\n","protected":false},"featured_media":12112,"template":"","meta":{"_acf_changed":false,"_seopress_robots_primary_cat":"","_seopress_titles_title":"","_seopress_titles_desc":"","_seopress_robots_index":"","inline_featured_image":false},"product_brand":[],"product_cat":[397,396],"product_tag":[],"class_list":{"0":"post-13945","1":"product","2":"type-product","3":"status-publish","4":"has-post-thumbnail","6":"product_cat-estrazione-a-spruzzo","7":"product_cat-carpet-care-it","9":"first","10":"instock","11":"shipping-taxable","12":"purchasable","13":"product-type-simple"},"acf":[],"_links":{"self":[{"href":"https:\/\/staging.taski.com\/it\/wp-json\/wp\/v2\/product\/13945","targetHints":{"allow":["GET"]}}],"collection":[{"href":"https:\/\/staging.taski.com\/it\/wp-json\/wp\/v2\/product"}],"about":[{"href":"https:\/\/staging.taski.com\/it\/wp-json\/wp\/v2\/types\/product"}],"wp:featuredmedia":[{"embeddable":true,"href":"https:\/\/staging.taski.com\/it\/wp-json\/wp\/v2\/media\/12112"}],"wp:attachment":[{"href":"https:\/\/staging.taski.com\/it\/wp-json\/wp\/v2\/media?parent=13945"}],"wp:term":[{"taxonomy":"product_brand","embeddable":true,"href":"https:\/\/staging.taski.com\/it\/wp-json\/wp\/v2\/product_brand?post=13945"},{"taxonomy":"product_cat","embeddable":true,"href":"https:\/\/staging.taski.com\/it\/wp-json\/wp\/v2\/product_cat?post=13945"},{"taxonomy":"product_tag","embeddable":true,"href":"https:\/\/staging.taski.com\/it\/wp-json\/wp\/v2\/product_tag?post=13945"}],"curies":[{"name":"wp","href":"https:\/\/api.w.org\/{rel}","templated":true}]}}