{"id":9243,"date":"2020-11-30T09:06:18","date_gmt":"2020-11-30T09:06:18","guid":{"rendered":"https:\/\/taski.com\/perche-taski\/informazioni-su-taski\/"},"modified":"2022-06-06T15:00:15","modified_gmt":"2022-06-06T15:00:15","slug":"informazioni-su-taski","status":"publish","type":"page","link":"https:\/\/staging.taski.com\/it\/perche-taski\/informazioni-su-taski\/","title":{"rendered":"Informazioni su TASKI"},"content":{"rendered":"<div class=\"wpb-content-wrapper\"><p>[vc_row][vc_column]\n  <div class=\"page-intro-block size-fit-image style-light font-large\">\n         <div class=\"page-intro-block-i\">\n      <div class=\"row\">\n        <div class=\"page-intro-content\">\n            <div class=\"title-block\">\n                                     <h2>TASKI \u00e8 orgogliosa di far parte della famiglia Diversey.<br \/>\nLa sua reputazione come<br \/>\n<strong>marchio svizzero<\/strong> \u00e8<br \/>\nben nota.<\/h2>\n                                                 <\/div>\n            <div class=\"page-intro-image\">\n                                <div class=\"page-intro-image-alt\">\n                    \n                    <img decoding=\"async\" src=\"https:\/\/staging.taski.com\/wp-content\/uploads\/2020\/12\/Swiss-flag_1.2.1-2.jpg\" alt=\"\" \/>\n\n                <\/div>\n            <\/div>\n        <\/div>\n      <\/div>\n\n\n    <\/div>\n  <\/div>\n  <div class=\"cl-fl\"><\/div>\n[\/vc_column][\/vc_row][vc_row][vc_column]\n  <div class=\"page-description-block style-dark\">\n    <div class=\"page-description-block-i\">\n      <div class=\"row\">\n        <div class=\"page-description-content\">\n          <\/div><\/div><\/div><\/div><\/p>\n<h2><strong>Vision<\/strong> e <strong>mission<\/strong>\u00a0di TASKI:<\/h2>\n<h3><strong>Trasformiamo<\/strong>\u00a0la pulizia sostenibile e intelligente per un mondo pi\u00f9 sicuro e pi\u00f9 sano.<\/h3>\n<h3>Il <strong>patrimonio di innovazione <\/strong>sar\u00e0 accelerato e trasformato nel futuro.<\/h3>\n<h2>Gli altri brand possono seguire, ma <strong>TASKI conduce.<\/strong><\/h2>\n<\/div>\n      \n    \n  \n  <div class=\"cl-fl\"><\/div>\n[\/vc_column][\/vc_row][vc_row css=&#8221;.vc_custom_1606742742288{background-color: #f18a00 !important;}&#8221;][vc_column css=&#8221;.vc_custom_1606743732250{margin-top: 0px !important;margin-bottom: 0px !important;padding-top: 0px !important;padding-bottom: 0px !important;}&#8221;]\n  <div class=\"image-hover-block\">\n    <div class=\"image-hover-block-i\">\n\n        <div class=\"image-hover-grid\">\n           <div class=\"image-hover-item\">\n            <div class=\"ih-i\" style=\"background:url(https:\/\/staging.taski.com\/wp-content\/uploads\/2020\/11\/image-hover-1.jpg);\">\n             <div class=\"ih-item-content\">\n                <div class=\"ih-item-content-i\"><p>Siamo orgogliosi del nostro patrimonio svizzero, \u00e8 nel nostro DNA. \u00c8 un punto di riferimento e un'ispirazione che \u00e8 viva e vegeta<\/p>\n<\/div>\n             <\/div>\n            <\/div>\n           <\/div>\n           <div class=\"image-hover-item\">\n            <div class=\"ih-i\" style=\"background:url(https:\/\/staging.taski.com\/wp-content\/uploads\/2020\/11\/image-hover-2.jpg);\">\n             <div class=\"ih-item-content\">\n                <div class=\"ih-item-content-i\"><p>La qualit\u00e0 informa la nostra meritata reputazione per brillante ingegneria.<\/p>\n<\/div>\n             <\/div>\n            <\/div>\n           <\/div>\n           <div class=\"image-hover-item\">\n            <div class=\"ih-i\" style=\"background:url(https:\/\/staging.taski.com\/wp-content\/uploads\/2021\/01\/Engineering-excellence-image.png);\">\n             <div class=\"ih-item-content\">\n                <div class=\"ih-item-content-i\"><p>I nostri designer e ingegneri sfidano le convenzioni, ottimizzano e innovano per raggiungere l'eccellenza nella pulizia.<\/p>\n<\/div>\n             <\/div>\n            <\/div>\n           <\/div>\n           <div class=\"image-hover-item\">\n            <div class=\"ih-i\" style=\"background:url(https:\/\/staging.taski.com\/wp-content\/uploads\/2021\/01\/Machine-testing-image.jpg);\">\n             <div class=\"ih-item-content\">\n                <div class=\"ih-item-content-i\"><p>Prova, prova e prova ancora. A Munchwilen ogni macchina viene rigorosamente testata prima di lasciare la fabbrica. Non un lotto o un campione, ogni singola macchina. Ogni macchina ha la firma dell'ingegnere come suo impegno personale nei confronti del ULTIMO in termini di qualit\u00e0.<\/p>\n<\/div>\n             <\/div>\n            <\/div>\n           <\/div>\n\n        <\/div>\n\n\n    <\/div>\n  <\/div>\n  <div class=\"cl-fl\"><\/div>\n[\/vc_column][\/vc_row][vc_row][vc_column][vc_column_text]\n<h3 style=\"text-align: center;\">Per saperne di pi\u00f9 su come TASKI trasformer\u00e0 la pulizia scarica i file<\/h3>\n<p>[\/vc_column_text][\/vc_column][\/vc_row][vc_row][vc_column width=&#8221;1\/2&#8243;]  <div class=\"feature-icon-w\">\n    <div class=\"feature-icon-i\">\n     <a href=\"https:\/\/taski.com\/wp-content\/uploads\/2021\/03\/Taski-Vision-flyer-.pdf\" target=\"_blank\">       <div class=\"feature-tbl\">\n        <div class=\"feature-cell image-cell\">\n          <img decoding=\"async\" class=\"aligncenter size-full\" alt=\"\" src=\"https:\/\/staging.taski.com\/wp-content\/uploads\/2020\/12\/icon-document.png\"\/>\n        <\/div>\n        <div class=\"feature-cell description-cell\">\n          <p>TASKI Mission Flyer<\/p>\n        <\/div>\n       <\/div>\n        <\/a>       <div class=\"cl-fl\"><\/div>\n    <\/div>\n  <\/div>\n[\/vc_column][vc_column width=&#8221;1\/2&#8243;]  <div class=\"feature-icon-w\">\n    <div class=\"feature-icon-i\">\n     <a href=\"https:\/\/taski.com\/wp-content\/uploads\/2021\/03\/Taski-Vision-poster-.pdf\" target=\"_blank\">       <div class=\"feature-tbl\">\n        <div class=\"feature-cell image-cell\">\n          <img decoding=\"async\" class=\"aligncenter size-full\" alt=\"\" src=\"https:\/\/staging.taski.com\/wp-content\/uploads\/2020\/12\/icon-document.png\"\/>\n        <\/div>\n        <div class=\"feature-cell description-cell\">\n          <p>TASKI Mission Poster<\/p>\n        <\/div>\n       <\/div>\n        <\/a>       <div class=\"cl-fl\"><\/div>\n    <\/div>\n  <\/div>\n[\/vc_column][\/vc_row][vc_row][vc_column]\n  <div class=\"three-cta-block\">\n    <div class=\"three-cta-block-i\">\n      <div class=\"row\">\n        <div class=\"three-cta-block-grid\">\n           <div class=\"three-cta-item\">\n            <div class=\"tci-i\">\n             <div class=\"tci-item-content\">\n                <h5><strong>Scopri le nostre<\/strong><br \/>\nsoluzioni<br \/>\nper l'industria<\/h5>\n                <a href=\"\/products-innovations-solutions\/\"><p>PRODOTTI, <br \/> SOLUZIONI E INNOVAZIONI <br \/><\/p><\/a>\n             <\/div>\n            <\/div>\n           <\/div>\n           <div class=\"three-cta-item\">\n            <div class=\"tci-i\">\n             <div class=\"tci-item-content\">\n                <h5><strong>Scopri le ultime<\/strong><br \/>innovazioni<br \/>TASKI<\/h5>\n                <a href=\"\/shop\/\"><p>IL MIO TASKI<br \/>SHOP<\/p><\/a>\n             <\/div>\n            <\/div>\n           <\/div>\n           <div class=\"three-cta-item\">\n            <div class=\"tci-i\">\n             <div class=\"tci-item-content\">\n                <h5><strong>Chiedi<\/strong><br \/>\nad un nostro<br \/>\nesperto<\/h5>\n                <a href=\"\/news-help-contacts\/\"><p>Contattaci<\/p><\/a>\n             <\/div>\n            <\/div>\n           <\/div>\n        <\/div>\n      <\/div>\n    <\/div>\n  <\/div>\n  <div class=\"cl-fl\"><\/div>\n[\/vc_column][\/vc_row]<\/p>\n","protected":false},"excerpt":{"rendered":"<p>[vc_row][vc_column][\/vc_column][\/vc_row][vc_row][vc_column][\/vc_column][\/vc_row][vc_row css=&#8221;.vc_custom_1606742742288{background-color: #f18a00 !important;}&#8221;][vc_column css=&#8221;.vc_custom_1606743732250{margin-top: 0px !important;margin-bottom: 0px !important;padding-top: 0px !important;padding-bottom: 0px !important;}&#8221;][\/vc_column][\/vc_row][vc_row][vc_column][vc_column_text] Per saperne di pi\u00f9 su come TASKI trasformer\u00e0 la pulizia scarica i file [\/vc_column_text][\/vc_column][\/vc_row][vc_row][vc_column width=&#8221;1\/2&#8243;][\/vc_column][vc_column width=&#8221;1\/2&#8243;][\/vc_column][\/vc_row][vc_row][vc_column][\/vc_column][\/vc_row]<\/p>\n","protected":false},"author":1,"featured_media":0,"parent":9132,"menu_order":552,"comment_status":"closed","ping_status":"closed","template":"","meta":{"_acf_changed":false,"_seopress_robots_primary_cat":"","_seopress_titles_title":"","_seopress_titles_desc":"","_seopress_robots_index":"","inline_featured_image":false,"footnotes":""},"class_list":["post-9243","page","type-page","status-publish","hentry"],"acf":[],"_links":{"self":[{"href":"https:\/\/staging.taski.com\/it\/wp-json\/wp\/v2\/pages\/9243","targetHints":{"allow":["GET"]}}],"collection":[{"href":"https:\/\/staging.taski.com\/it\/wp-json\/wp\/v2\/pages"}],"about":[{"href":"https:\/\/staging.taski.com\/it\/wp-json\/wp\/v2\/types\/page"}],"author":[{"embeddable":true,"href":"https:\/\/staging.taski.com\/it\/wp-json\/wp\/v2\/users\/1"}],"replies":[{"embeddable":true,"href":"https:\/\/staging.taski.com\/it\/wp-json\/wp\/v2\/comments?post=9243"}],"version-history":[{"count":0,"href":"https:\/\/staging.taski.com\/it\/wp-json\/wp\/v2\/pages\/9243\/revisions"}],"up":[{"embeddable":true,"href":"https:\/\/staging.taski.com\/it\/wp-json\/wp\/v2\/pages\/9132"}],"wp:attachment":[{"href":"https:\/\/staging.taski.com\/it\/wp-json\/wp\/v2\/media?parent=9243"}],"curies":[{"name":"wp","href":"https:\/\/api.w.org\/{rel}","templated":true}]}}