{"id":8948,"date":"2020-12-13T13:24:13","date_gmt":"2020-12-13T13:24:13","guid":{"rendered":"https:\/\/taski.com\/prodotti\/robotica\/"},"modified":"2023-04-04T14:46:57","modified_gmt":"2023-04-04T14:46:57","slug":"robotica","status":"publish","type":"page","link":"https:\/\/staging.taski.com\/it\/prodotti-innovazioni-e-soluzioni\/prodotti\/robotica\/","title":{"rendered":"Robotica"},"content":{"rendered":"<div class=\"wpb-content-wrapper\"><p>[vc_row][vc_column]\n  <div class=\"page-intro-block size-fit-image style-dark font-large\">\n         <div class=\"page-intro-block-i\">\n      <div class=\"row\">\n        <div class=\"page-intro-content\">\n            <div class=\"title-block\">\n                                     <h2><span class=\"pt\">Robotica<\/span>Benvenuti nella nuova era di automazione della pulizia dei pavimenti. Vi presentiamo Ecobot<\/h2>\n                                                 <\/div>\n            <div class=\"page-intro-image\">\n                                <div class=\"page-intro-image-alt\">\n                    \n                    <img decoding=\"async\" src=\"https:\/\/staging.taski.com\/wp-content\/uploads\/2020\/12\/Swingobot_3000_001-scaled.jpg\" alt=\"\" \/>\n\n                <\/div>\n            <\/div>\n        <\/div>\n      <\/div>\n\n\n    <\/div>\n  <\/div>\n  <div class=\"cl-fl\"><\/div>\n[\/vc_column][\/vc_row][vc_row css=&#8221;.vc_custom_1607709989392{background-color: #fafafa !important;}&#8221;][vc_column]\n  <div class=\"product-carousel-block\" style=\"\">\n    <div class=\"product-carousel-block-i\">\n\n             <div class=\"product-carousel-filter\">Filtrare per tipo &ndash; <a href=\"#\" class=\"active\" data-category=\"*\">Tutti<\/a> | <a href=\"#\" class=\"\" data-category=\"vacuum-it\">Vuoto<\/a> | <a href=\"#\" class=\"\" data-category=\"lavapavimenti\">Lavasciuga pavimenti<\/a><\/div>\n     \n     <div class=\"product-carousel-wrapper\">\n      <div class=\"row\">\n       <div class=\"taski-carousel-holder\">\n        <div class=\"product-carousel owl-carousel owl-theme\" id=\"product-carousel\">\n\n           \n            <div class=\"item product-slide robotica lavapavimenti\">\n              <div class=\"its-i\">\n                <div class=\"media-w\">\n                    <div class=\"image\">\n                      <div class=\"image-i\">\n                                                    <img decoding=\"async\" src=\"https:\/\/staging.taski.com\/wp-content\/uploads\/2022\/12\/ecobot-40-1-618x608.jpg\" \/>\n                                              <\/div>\n                    <\/div>\n                <\/div>\n                <div class=\"text\">\n                    <div class=\"title\">ECOBOT 40<\/div>\n                    <p>Unlock the potential of automated vacuuming of carpets and hard floors with Ecobot 40<\/p>                    <div class=\"prod-page-view\"><a href=\"https:\/\/staging.taski.com\/it\/taski-products\/ecobot-40\/\" class=\"button\">Visualizza il prodotto<\/a><\/div>\n                <\/div>\n              <\/div>\n\n\n\n            <\/div>\n\n              \n            <div class=\"item product-slide vacuum-it robotica lavapavimenti\">\n              <div class=\"its-i\">\n                <div class=\"media-w\">\n                    <div class=\"image\">\n                      <div class=\"image-i\">\n                                                    <img decoding=\"async\" src=\"https:\/\/staging.taski.com\/wp-content\/uploads\/2024\/11\/Phantas-Packshot.jpg\" \/>\n                                              <\/div>\n                    <\/div>\n                <\/div>\n                <div class=\"text\">\n                    <div class=\"title\">TASKI Phantas<\/div>\n                    <p>Sblocca il potenziale della pulizia automatizzata. Progettato per gli spazi pi\u00f9 piccoli!<\/p>                    <div class=\"prod-page-view\"><a href=\"https:\/\/staging.taski.com\/it\/taski-products\/taski-phantas\/\" class=\"button\">Visualizza il prodotto<\/a><\/div>\n                <\/div>\n              <\/div>\n\n\n\n            <\/div>\n\n              \n            <div class=\"item product-slide vacuum-it robotica lavapavimenti\">\n              <div class=\"its-i\">\n                <div class=\"media-w\">\n                    <div class=\"image\">\n                      <div class=\"image-i\">\n                                                    <img decoding=\"async\" src=\"https:\/\/staging.taski.com\/wp-content\/uploads\/2022\/12\/ecobot-50-2-618x608.jpg\" \/>\n                                              <\/div>\n                    <\/div>\n                <\/div>\n                <div class=\"text\">\n                    <div class=\"title\">Ecobot 50 Pro<\/div>\n                    <p>Sblocca il potenziale di asciugatura automatizzata dello scrubber con Ecobot 50 Pro\r\n<\/p>                    <div class=\"prod-page-view\"><a href=\"https:\/\/staging.taski.com\/it\/taski-products\/ecobot-50-pro\/\" class=\"button\">Visualizza il prodotto<\/a><\/div>\n                <\/div>\n              <\/div>\n\n\n\n            <\/div>\n\n              \n            <div class=\"item product-slide robotica lavapavimenti\">\n              <div class=\"its-i\">\n                <div class=\"media-w\">\n                    <div class=\"image\">\n                      <div class=\"image-i\">\n                                                    <img decoding=\"async\" src=\"https:\/\/staging.taski.com\/wp-content\/uploads\/2020\/12\/swingobot2000.jpg\" \/>\n                                              <\/div>\n                    <\/div>\n                <\/div>\n                <div class=\"text\">\n                    <div class=\"title\">SWINGOBOT 2000<\/div>\n                    <p>Lavasciuga autonoma per la pulizia a mani libere di grandi aree. <\/p>                    <div class=\"prod-page-view\"><a href=\"https:\/\/staging.taski.com\/it\/taski-products\/swingobot-2000\/\" class=\"button\">Visualizza il prodotto<\/a><\/div>\n                <\/div>\n              <\/div>\n\n\n\n            <\/div>\n\n              \n\n\n        <\/div>\n        <div id=\"product-carousel-storage\" style=\"display:none !important; height:0;\">\n                       <div class=\"item product-slide robotica lavapavimenti\">\n              <div class=\"its-i\">\n                <div class=\"media-w\">\n                    <div class=\"image\">\n                      <div class=\"image-i\">\n                                                    <img decoding=\"async\" src=\"https:\/\/staging.taski.com\/wp-content\/uploads\/2022\/12\/ecobot-40-1-618x608.jpg\" \/>\n                                              <\/div>\n                    <\/div>\n                <\/div>\n                <div class=\"text\">\n                    <div class=\"title\">ECOBOT 40<\/div>\n                    <p>Unlock the potential of automated vacuuming of carpets and hard floors with Ecobot 40<\/p>                    <div class=\"prod-page-view\"><a href=\"https:\/\/staging.taski.com\/it\/taski-products\/ecobot-40\/\" class=\"button\">Visualizza il prodotto<\/a><\/div>\n                <\/div>\n              <\/div>\n            <\/div>\n                          <div class=\"item product-slide vacuum-it robotica lavapavimenti\">\n              <div class=\"its-i\">\n                <div class=\"media-w\">\n                    <div class=\"image\">\n                      <div class=\"image-i\">\n                                                    <img decoding=\"async\" src=\"https:\/\/staging.taski.com\/wp-content\/uploads\/2024\/11\/Phantas-Packshot.jpg\" \/>\n                                              <\/div>\n                    <\/div>\n                <\/div>\n                <div class=\"text\">\n                    <div class=\"title\">TASKI Phantas<\/div>\n                    <p>Sblocca il potenziale della pulizia automatizzata. Progettato per gli spazi pi\u00f9 piccoli!<\/p>                    <div class=\"prod-page-view\"><a href=\"https:\/\/staging.taski.com\/it\/taski-products\/taski-phantas\/\" class=\"button\">Visualizza il prodotto<\/a><\/div>\n                <\/div>\n              <\/div>\n            <\/div>\n                          <div class=\"item product-slide vacuum-it robotica lavapavimenti\">\n              <div class=\"its-i\">\n                <div class=\"media-w\">\n                    <div class=\"image\">\n                      <div class=\"image-i\">\n                                                    <img decoding=\"async\" src=\"https:\/\/staging.taski.com\/wp-content\/uploads\/2022\/12\/ecobot-50-2-618x608.jpg\" \/>\n                                              <\/div>\n                    <\/div>\n                <\/div>\n                <div class=\"text\">\n                    <div class=\"title\">Ecobot 50 Pro<\/div>\n                    <p>Sblocca il potenziale di asciugatura automatizzata dello scrubber con Ecobot 50 Pro\r\n<\/p>                    <div class=\"prod-page-view\"><a href=\"https:\/\/staging.taski.com\/it\/taski-products\/ecobot-50-pro\/\" class=\"button\">Visualizza il prodotto<\/a><\/div>\n                <\/div>\n              <\/div>\n            <\/div>\n                          <div class=\"item product-slide robotica lavapavimenti\">\n              <div class=\"its-i\">\n                <div class=\"media-w\">\n                    <div class=\"image\">\n                      <div class=\"image-i\">\n                                                    <img decoding=\"async\" src=\"https:\/\/staging.taski.com\/wp-content\/uploads\/2020\/12\/swingobot2000.jpg\" \/>\n                                              <\/div>\n                    <\/div>\n                <\/div>\n                <div class=\"text\">\n                    <div class=\"title\">SWINGOBOT 2000<\/div>\n                    <p>Lavasciuga autonoma per la pulizia a mani libere di grandi aree. <\/p>                    <div class=\"prod-page-view\"><a href=\"https:\/\/staging.taski.com\/it\/taski-products\/swingobot-2000\/\" class=\"button\">Visualizza il prodotto<\/a><\/div>\n                <\/div>\n              <\/div>\n            <\/div>\n                      <\/div>\n\n        <div class=\"product-carousel-navigation\">\n          <div class=\"nav-left\">\n            <a href=\"#\"><i class=\"fa fa-chevron-left\"><\/i><\/a>\n          <\/div>\n          <div class=\"nav-description\">\n\n          <\/div>\n          <div class=\"nav-right\">\n            <a href=\"#\"><i class=\"fa fa-chevron-right\"><\/i><\/a>\n          <\/div>\n        <\/div>\n       <\/div>\n      <\/div>\n     <\/div>\n\n\n\n\n   <\/div>\n  <\/div>\n  <div class=\"cl-fl\"><\/div>\n[\/vc_column][\/vc_row][vc_row css=&#8221;.vc_custom_1606587476742{padding-top: 80px !important;padding-bottom: 95px !important;}&#8221;][vc_column]\n  <div class=\"product-description-block style-dark image-left\">\n    <div class=\"product-description-block-i\">\n        <div class=\"product-description-block-content\">\n          <div class=\"product-description-block-title\">\n                            <div class=\"pdbt-icon\"><img decoding=\"async\" src=\"https:\/\/staging.taski.com\/wp-content\/uploads\/2020\/12\/operational-efficiency.svg\" \/><\/div>\n                <div class=\"pdbt-text\">Eficiencia operativa<\/div>\n                      <\/div>\n          <div class=\"product-description-block-text\"><p>Le macchine per la pulizia autonoma TASKI, ti danno l&#8217;opportunit\u00e0 di ridistribuire il lavoro per compiti con priorit\u00e0 pi\u00f9 elevata.<\/p>\n<p>La pulizia autonoma dei pavimenti libera le risorse aggiugendo valore reale e offrendo ai tuoi collaboratori la possibilit\u00e0 di dedicarsi a compiti pi\u00f9 gratificanti e apprezzati.<\/p>\n<\/div>\n        <\/div>\n        <div class=\"product-description-block-image\" style=\"background-image:url(https:\/\/staging.taski.com\/wp-content\/uploads\/2021\/01\/Robot-productivity-scaled.jpg)\">\n\n        <\/div>\n    <\/div>\n  <\/div>\n  <div class=\"cl-fl\"><\/div>\n\n  <div class=\"product-description-block style-light image-right\">\n    <div class=\"product-description-block-i\">\n        <div class=\"product-description-block-content\">\n          <div class=\"product-description-block-title\">\n                            <div class=\"pdbt-icon\"><img decoding=\"async\" src=\"https:\/\/staging.taski.com\/wp-content\/uploads\/2020\/12\/people-safety.svg\" \/><\/div>\n                <div class=\"pdbt-text\">Protezione del marchio e delle risorse<\/div>\n                      <\/div>\n          <div class=\"product-description-block-text\"><p>Sia che la tua attivit\u00e0 si tratti di sfruttare le ultime innovazioni o la tua azienda ha sfide e vincoli di lavoro, i robot di pulizia automatizzati Taski portano infinite possibilit\u00e0 per migliorare e proteggere il tuo marchio.<\/p>\n<\/div>\n        <\/div>\n        <div class=\"product-description-block-image\" style=\"background-image:url(https:\/\/staging.taski.com\/wp-content\/uploads\/2020\/12\/Swingobot-2000_004-1.jpg)\">\n\n        <\/div>\n    <\/div>\n  <\/div>\n  <div class=\"cl-fl\"><\/div>\n\n  <div class=\"product-description-block style-dark image-left\">\n    <div class=\"product-description-block-i\">\n        <div class=\"product-description-block-content\">\n          <div class=\"product-description-block-title\">\n                            <div class=\"pdbt-icon\"><img decoding=\"async\" src=\"https:\/\/staging.taski.com\/wp-content\/uploads\/2020\/12\/people-safety.svg\" \/><\/div>\n                <div class=\"pdbt-text\">L'esperienza del tuo cliente\/ospite\/cliente\/paziente<\/div>\n                      <\/div>\n          <div class=\"product-description-block-text\"><p>Automatizzare la pulizia del pavimento significa che ora pu\u00f2 avvenire 24 ore su 24, 7 giorni su 7.<\/p>\n<p>I robot Ecobot 50p e Ecobot 40 puliranno dove e ogni volta che ne avrai bisogno.<\/p>\n<p>Ci\u00f2 garantisce che qualunque sia il vincolo che crei sembrer\u00e0 meglio per i tuoi clienti, ospiti e il pubblico.<\/p>\n<\/div>\n        <\/div>\n        <div class=\"product-description-block-image\" style=\"background-image:url(https:\/\/staging.taski.com\/wp-content\/uploads\/2021\/01\/Robot-247-scaled.jpg)\">\n\n        <\/div>\n    <\/div>\n  <\/div>\n  <div class=\"cl-fl\"><\/div>\n\n  <div class=\"product-description-block style-light image-left\">\n    <div class=\"product-description-block-i\">\n        <div class=\"product-description-block-content\">\n          <div class=\"product-description-block-title\">\n                            <div class=\"pdbt-icon\"><img decoding=\"async\" src=\"https:\/\/staging.taski.com\/wp-content\/uploads\/2020\/12\/continuous-innovation.svg\" \/><\/div>\n                <div class=\"pdbt-text\">Innovazione continua<\/div>\n                      <\/div>\n          <div class=\"product-description-block-text\"><p>Ecobot 50 Pro \u00e8 l&#8217;ultima generazione di lavasciuga pavimenti autonoma ed Ecobot 40 aggiunge il potenziale del aspirazione automatizzata.<\/p>\n<p>Con una storia di oltre 65 anni di innovazione, Taski continua a portare sul mercato tecnologie rivoluzionarie.<\/p>\n<\/div>\n        <\/div>\n        <div class=\"product-description-block-image\" style=\"background-image:url(https:\/\/staging.taski.com\/wp-content\/uploads\/2021\/01\/Robotic-innovation-scaled-e1610551504970.jpg)\">\n\n        <\/div>\n    <\/div>\n  <\/div>\n  <div class=\"cl-fl\"><\/div>\n\n  <div class=\"product-description-block style-dark image-right\">\n    <div class=\"product-description-block-i\">\n        <div class=\"product-description-block-content\">\n          <div class=\"product-description-block-title\">\n                            <div class=\"pdbt-icon\"><img decoding=\"async\" src=\"https:\/\/staging.taski.com\/wp-content\/uploads\/2020\/12\/people.png\" \/><\/div>\n                <div class=\"pdbt-text\">Persone e sicurezza<\/div>\n                      <\/div>\n          <div class=\"product-description-block-text\"><p>Meno fatica, meno tempi di inattivit\u00e0. Tutte le macchine Taski sono progettate per essere intuitive, semplici da usare e senza fatiche per l&#8217;utilizzatore.<\/p>\n<p>Rimuove tutti i pericolosi residui di acqua. La lavasciuga pavimenti Taski rimuove il 99% dell&#8217;acqua grazie allo squeegee brevettato.<\/p>\n<p>Maggiore pressione a terra, migliori risultati di pulizia. Le lavasciuga pavimenti TASKI applicano una pressione a terra 10 volte superiore ad un mop garantendo pavimenti pi\u00f9 puliti pi\u00f9 asciutti e perfettamente sicuri<\/p>\n<\/div>\n        <\/div>\n        <div class=\"product-description-block-image\" style=\"background-image:url(https:\/\/staging.taski.com\/wp-content\/uploads\/2021\/01\/Robot-people-2.jpg)\">\n\n        <\/div>\n    <\/div>\n  <\/div>\n  <div class=\"cl-fl\"><\/div>\n[\/vc_column][\/vc_row][vc_row][vc_column][vc_row_inner][vc_column_inner]\n  <div class=\"three-cta-block\">\n    <div class=\"three-cta-block-i\">\n      <div class=\"row\">\n        <div class=\"three-cta-block-grid\">\n           <div class=\"three-cta-item\">\n            <div class=\"tci-i\">\n             <div class=\"tci-item-content\">\n                <h5>&lt;strong&gt;Scopri le nostre&lt;\/strong&gt;<br \/>\nsoluzioni<br \/>\nper l'industria<\/h5>\n                <a href=\"\/products-innovations-solutions\/\"><p>PRODOTTI, <br \/> SOLUZIONI E INNOVAZIONI <br \/><\/p><\/a>\n             <\/div>\n            <\/div>\n           <\/div>\n           <div class=\"three-cta-item\">\n            <div class=\"tci-i\">\n             <div class=\"tci-item-content\">\n                <h5>&lt;strong&gt;Scopri le ultime&lt;\/strong&gt;<br \/>\nInnovazioni<br \/>\nTASKI<\/h5>\n                <a href=\"\/shop\/\"><p>IL MIO TASKI<br \/>SHOP<\/p><\/a>\n             <\/div>\n            <\/div>\n           <\/div>\n           <div class=\"three-cta-item\">\n            <div class=\"tci-i\">\n             <div class=\"tci-item-content\">\n                <h5>&lt;strong&gt;Contattaci&lt;\/strong&gt;<\/h5>\n                <a href=\"\/news-help-contacts\/\"><p>Contattaci<\/p><\/a>\n             <\/div>\n            <\/div>\n           <\/div>\n        <\/div>\n      <\/div>\n    <\/div>\n  <\/div>\n  <div class=\"cl-fl\"><\/div>\n[\/vc_column_inner][\/vc_row_inner][\/vc_column][\/vc_row]<\/p>\n<\/div>","protected":false},"excerpt":{"rendered":"<p>[vc_row][vc_column][\/vc_column][\/vc_row][vc_row css=&#8221;.vc_custom_1607709989392{background-color: #fafafa !important;}&#8221;][vc_column][\/vc_column][\/vc_row][vc_row css=&#8221;.vc_custom_1606587476742{padding-top: 80px !important;padding-bottom: 95px !important;}&#8221;][vc_column][\/vc_column][\/vc_row][vc_row][vc_column][vc_row_inner][vc_column_inner][\/vc_column_inner][\/vc_row_inner][\/vc_column][\/vc_row]<\/p>\n","protected":false},"author":1,"featured_media":0,"parent":7929,"menu_order":155,"comment_status":"closed","ping_status":"closed","template":"page-products.php","meta":{"_acf_changed":false,"_seopress_robots_primary_cat":"","_seopress_titles_title":"","_seopress_titles_desc":"","_seopress_robots_index":"","inline_featured_image":false,"footnotes":""},"class_list":["post-8948","page","type-page","status-publish","hentry"],"acf":[],"_links":{"self":[{"href":"https:\/\/staging.taski.com\/it\/wp-json\/wp\/v2\/pages\/8948","targetHints":{"allow":["GET"]}}],"collection":[{"href":"https:\/\/staging.taski.com\/it\/wp-json\/wp\/v2\/pages"}],"about":[{"href":"https:\/\/staging.taski.com\/it\/wp-json\/wp\/v2\/types\/page"}],"author":[{"embeddable":true,"href":"https:\/\/staging.taski.com\/it\/wp-json\/wp\/v2\/users\/1"}],"replies":[{"embeddable":true,"href":"https:\/\/staging.taski.com\/it\/wp-json\/wp\/v2\/comments?post=8948"}],"version-history":[{"count":0,"href":"https:\/\/staging.taski.com\/it\/wp-json\/wp\/v2\/pages\/8948\/revisions"}],"up":[{"embeddable":true,"href":"https:\/\/staging.taski.com\/it\/wp-json\/wp\/v2\/pages\/7929"}],"wp:attachment":[{"href":"https:\/\/staging.taski.com\/it\/wp-json\/wp\/v2\/media?parent=8948"}],"curies":[{"name":"wp","href":"https:\/\/api.w.org\/{rel}","templated":true}]}}