{"id":8687,"date":"2020-12-01T11:57:42","date_gmt":"2020-12-01T11:57:42","guid":{"rendered":"https:\/\/taski.com\/faqs\/"},"modified":"2022-05-11T09:27:50","modified_gmt":"2022-05-11T09:27:50","slug":"faqs","status":"publish","type":"page","link":"https:\/\/staging.taski.com\/it\/faqs\/","title":{"rendered":"Domande e risposte frequenti"},"content":{"rendered":"<div class=\"wpb-content-wrapper\"><p>[vc_row][vc_column]               <div class=\"row full-row\">\n                 <div class=\"faq-block\">\n                  <div class=\"faq-block-i\">\n                    <div class=\"faq-block-title\"><h2>Domande e risposte frequenti<\/h2><\/div>\n                    <div class=\"faq-block-nav\">\n                      <div class=\"faq-block-nav-grid\">\n                        <a href=\"#\" class=\"active\" data-tab=\"all\">All<\/a>\n                                    <a href=\"#\" data-tab=\"generale\">Generale<\/a>\n\n                                    <a href=\"#\" data-tab=\"industria-mercati-e-tendenze\">Industria, mercati e tendenze<\/a>\n\n                                    <a href=\"#\" data-tab=\"prodotti-e-servizi\">Prodotti e servizi<\/a>\n\n                \n                      <\/div>\n                    <\/div>\n\n\n                    <div class=\"faq-block-items\">\n                                        <div class=\"faq-block-item prodotti-e-servizi\">\n                      <div class=\"fbi-header\"><a href=\"#\">Vendete aspirapolvere a batteria e piccole macchine? <i class=\"fa fa-chevron-down\"><\/i><\/a><\/div>\n                      <div class=\"fbi-content\"><div class=\"fbi-content-i\"><p>S\u00ec, produciamo aspirapolvere e lavasciuga pavimenti con motore al litio e digitale. Per maggiori dettagli vai alle nostre pagine <a href=\"\/products-innovations-solutions\/innovations\/\">Innovazione<\/a> e <a href=\"https:\/\/taski.com\/prodotti-innovazioni-e-soluzioni\/prodotti\/?lang=it\">Prodotto<\/a><\/p>\n<\/div><\/div>\n                    <\/div>\n                                        <div class=\"faq-block-item industria-mercati-e-tendenze\">\n                      <div class=\"fbi-header\"><a href=\"#\">TASKI ha qualche caso studio sulla sua sostenibilit\u00e0? <i class=\"fa fa-chevron-down\"><\/i><\/a><\/div>\n                      <div class=\"fbi-content\"><div class=\"fbi-content-i\"><p>S\u00ec. Possiamo mostrare gli studi sulle soluzioni sostenibili sia per i pavimenti duri che per i tappeti. Anche Innovazioni e tecnologie. Per maggiori dettagli vai alla nostra <a href=\"\/why-taski\/about-taski\/sustainability\/\">pagina sulla sostenibilit\u00e0<\/a><\/p>\n<\/div><\/div>\n                    <\/div>\n                                        <div class=\"faq-block-item generale\">\n                      <div class=\"fbi-header\"><a href=\"#\">Tutte le macchine TASKI sono prodotte in Svizzera? <i class=\"fa fa-chevron-down\"><\/i><\/a><\/div>\n                      <div class=\"fbi-content\"><div class=\"fbi-content-i\"><p>No. TASKI produce e si rifornisce principalmente da paesi europei ma anche dall&#8217;Asia. Per maggiori dettagli, entrate in <a href=\"https:\/\/taski.com\/notizie-aiuto-e-contatti\/contatta\/?lang=it\">contatto.<\/a><\/p>\n<\/div><\/div>\n                    <\/div>\n                                        <div class=\"faq-block-item generale\">\n                      <div class=\"fbi-header\"><a href=\"#\">Da quanto tempo esiste TASKI? <i class=\"fa fa-chevron-down\"><\/i><\/a><\/div>\n                      <div class=\"fbi-content\"><div class=\"fbi-content-i\"><p>Pi\u00f9 di 65 anni. Siamo orgogliosi della nostra eredit\u00e0 svizzera.<\/p>\n<\/div><\/div>\n                    <\/div>\n                                        <div class=\"faq-block-item generale\">\n                      <div class=\"fbi-header\"><a href=\"#\">Dove si trova TASKI? <i class=\"fa fa-chevron-down\"><\/i><\/a><\/div>\n                      <div class=\"fbi-content\"><div class=\"fbi-content-i\"><p>Munchwilen si trova nel nord-est della Svizzera, a nord di Zurigo.<\/p>\n<\/div><\/div>\n                    <\/div>\n                                        <div class=\"faq-block-item generale\">\n                      <div class=\"fbi-header\"><a href=\"#\">TASKI fa parte di Diversey? <i class=\"fa fa-chevron-down\"><\/i><\/a><\/div>\n                      <div class=\"fbi-content\"><div class=\"fbi-content-i\"><p>S\u00ec ed \u00e8 molto orgoglioso di far parte della famiglia. TASKI \u00e8 una business unit strategica della famiglia Diversey. Per maggiori dettagli su Diversey \u00e8 visita <a href=\"https:\/\/diversey.com\/en\">www.diversey.com<\/a><\/p>\n<p>&nbsp;<\/p>\n<\/div><\/div>\n                    <\/div>\n                                        <div class=\"faq-block-item generale\">\n                      <div class=\"fbi-header\"><a href=\"#\">Quali regioni e paesi serve TASKI? <i class=\"fa fa-chevron-down\"><\/i><\/a><\/div>\n                      <div class=\"fbi-content\"><div class=\"fbi-content-i\"><p>TASKI \u00e8 disponibile in ogni continente e in ogni paese in cui Diversey \u00e8 presente. Sono pi\u00f9 di 80 paesi! Per maggiori dettagli, <a href=\"https:\/\/taski.com\/notizie-aiuto-e-contatti\/contatta\/?lang=it\">contattateci<\/a> e saremo lieti di fornirvi un consiglio esperto.<\/p>\n<\/div><\/div>\n                    <\/div>\n                                        <div class=\"faq-block-item generale industria-mercati-e-tendenze\">\n                      <div class=\"fbi-header\"><a href=\"#\">Avete soluzioni per la pulizia diurna? <i class=\"fa fa-chevron-down\"><\/i><\/a><\/div>\n                      <div class=\"fbi-content\"><div class=\"fbi-content-i\"><p>S\u00ec, TASKI ha sviluppato delle piccole <a href=\"https:\/\/taski.com\/prodotto\/aero-8-15-8-15-plus\/?lang=it\">macchine a batteria<\/a> per facilitare la pulizia meccanica sicura durante il giorno. Per maggiori dettagli vai alle nostre pagine <a href=\"\/why-taski\/expert-advice\/current-trends-best-practise\/\">Tendenze attuali e Best Practice<\/a><\/p>\n<\/div><\/div>\n                    <\/div>\n                                        <div class=\"faq-block-item prodotti-e-servizi\">\n                      <div class=\"fbi-header\"><a href=\"#\">TASKI ha delle innovazioni sostenibili? <i class=\"fa fa-chevron-down\"><\/i><\/a><\/div>\n                      <div class=\"fbi-content\"><div class=\"fbi-content-i\"><p>S\u00ec. Sia le innovazioni che le tecnologie. Per maggiori dettagli vai alle nostre pagine di <a href=\"\/products-innovations-solutions\/innovations\/\">Soluzioni Intelligenti<\/a> <\/p>\n<\/div><\/div>\n                    <\/div>\n                                        <div class=\"faq-block-item industria-mercati-e-tendenze\">\n                      <div class=\"fbi-header\"><a href=\"#\">Quali settori serve TASKI? <i class=\"fa fa-chevron-down\"><\/i><\/a><\/div>\n                      <div class=\"fbi-content\"><div class=\"fbi-content-i\"><p>TASKI fornisce tutti i principali mercati e settori. Compresi Facility Management, Retail, Settore alberghiero, Settore sanitario-ospedaliero &amp; Settore sanitario-RSA, Pubblica amministrazione e Ristorazione. Per maggiori dettagli, vai alle nostre pagine dei <a href=\"\/why-taski\/your-markets-sectors\/\">Mercati e dei Settori<\/a> <\/p>\n<\/div><\/div>\n                    <\/div>\n                                        <div class=\"faq-block-item industria-mercati-e-tendenze\">\n                      <div class=\"fbi-header\"><a href=\"#\">Come fa TASKI a tenersi in contatto con le tendenze del mercato? <i class=\"fa fa-chevron-down\"><\/i><\/a><\/div>\n                      <div class=\"fbi-content\"><div class=\"fbi-content-i\"><p>TASKI \u00e8 diversa da qualsiasi altro produttore di macchine. Essere parte di Diversey permette a TASKI di rimanere davanti alla concorrenza. Per maggiori dettagli vai alle nostre pagine <a href=\"https:\/\/taski.com\/perche-taski\/?lang=it\">Perch\u00e8 TASKI?<\/a> e <a href=\"https:\/\/taski.com\/perche-taski\/competenze-taski\/?lang=it\">Competenze TASKI.<\/a><\/p>\n<\/div><\/div>\n                    <\/div>\n                                        <\/div>\n\n\n                  <\/div>\n                 <\/div>\n               <\/div>\n               <script>\n                    if(window.location.hash) {\n                        \/\/ Fragment exists\n                        var tab_to_call = window.location.hash;\n                        tab_to_call = tab_to_call.replace('#','');\n                        jQuery(window).load( function(){\n                            \/\/jQuery('.faq-block-nav-grid a[data-tab=products-services]').addClass('woo');\n\n                               jQuery('.faq-block-nav-grid a[data-tab='+tab_to_call+']').addClass('woo').trigger('click');\n\n                        });\n                    } else {\n                    \/\/ Fragment doesn't exist\n                    }\n               <\/script>\n[\/vc_column][\/vc_row][vc_row][vc_column][vc_row_inner][vc_column_inner][vc_column_text]<\/p>\n<h2>Non riesci a trovare la risposta alla tua domanda?<br \/>\nContattaci <a href=\"https:\/\/taski.com\/notizie-aiuto-e-contatti\/contatta\/?lang=it\">qui<\/a><\/h2>\n<p>Il nostro team di esperti \u00e8 sempre pronto ad aiutarti e condividiamo le vostre domande nella sezione FAQ<\/p>\n<p>[\/vc_column_text][\/vc_column_inner][\/vc_row_inner][\/vc_column][\/vc_row]<\/p>\n<\/div>","protected":false},"excerpt":{"rendered":"<p>[vc_row][vc_column][\/vc_column][\/vc_row][vc_row][vc_column][vc_row_inner][vc_column_inner][vc_column_text] Non riesci a trovare la risposta alla tua domanda? Contattaci qui Il nostro team di esperti \u00e8 sempre pronto ad aiutarti e condividiamo le vostre domande nella sezione FAQ [\/vc_column_text][\/vc_column_inner][\/vc_row_inner][\/vc_column][\/vc_row]<\/p>\n","protected":false},"author":1,"featured_media":0,"parent":0,"menu_order":695,"comment_status":"closed","ping_status":"closed","template":"","meta":{"_acf_changed":false,"_seopress_robots_primary_cat":"","_seopress_titles_title":"","_seopress_titles_desc":"","_seopress_robots_index":"","inline_featured_image":false,"footnotes":""},"class_list":["post-8687","page","type-page","status-publish","hentry"],"acf":[],"_links":{"self":[{"href":"https:\/\/staging.taski.com\/it\/wp-json\/wp\/v2\/pages\/8687","targetHints":{"allow":["GET"]}}],"collection":[{"href":"https:\/\/staging.taski.com\/it\/wp-json\/wp\/v2\/pages"}],"about":[{"href":"https:\/\/staging.taski.com\/it\/wp-json\/wp\/v2\/types\/page"}],"author":[{"embeddable":true,"href":"https:\/\/staging.taski.com\/it\/wp-json\/wp\/v2\/users\/1"}],"replies":[{"embeddable":true,"href":"https:\/\/staging.taski.com\/it\/wp-json\/wp\/v2\/comments?post=8687"}],"version-history":[{"count":0,"href":"https:\/\/staging.taski.com\/it\/wp-json\/wp\/v2\/pages\/8687\/revisions"}],"wp:attachment":[{"href":"https:\/\/staging.taski.com\/it\/wp-json\/wp\/v2\/media?parent=8687"}],"curies":[{"name":"wp","href":"https:\/\/api.w.org\/{rel}","templated":true}]}}