{"id":8651,"date":"2020-11-30T16:23:31","date_gmt":"2020-11-30T16:23:31","guid":{"rendered":"https:\/\/taski.com\/i-vostri-mercati-e-settori\/magazzinaggio-e-logistica\/"},"modified":"2022-09-15T09:00:17","modified_gmt":"2022-09-15T09:00:17","slug":"magazzinaggio-e-logistica","status":"publish","type":"page","link":"https:\/\/staging.taski.com\/it\/perche-taski\/i-vostri-mercati-e-settori\/magazzinaggio-e-logistica\/","title":{"rendered":"Magazzinaggio e logistica"},"content":{"rendered":"<div class=\"wpb-content-wrapper\"><p>[vc_row][vc_column]\n  <div class=\"page-intro-block size-fit-image style-dark font-large\">\n         <div class=\"page-intro-block-i\">\n      <div class=\"row\">\n        <div class=\"page-intro-content\">\n            <div class=\"title-block\">\n                                     <h2><span class=\"pt\">Warehousing &amp; Logistics<\/span>Avete bisogno di mantenere la vostra struttura &lt;strong&gt;pulita e sicura&lt;\/strong&gt; ma con il &lt;strong&gt;minimo disturbo?&lt;\/strong&gt;<br \/>\nTASKI pu\u00f2 aiutare.<\/h2>\n                                                 <\/div>\n            <div class=\"page-intro-image\">\n                                <div class=\"page-intro-image-alt\">\n                    \n                    <img decoding=\"async\" src=\"https:\/\/staging.taski.com\/wp-content\/uploads\/2020\/11\/warehouse.jpg\" alt=\"\" \/>\n\n                <\/div>\n            <\/div>\n        <\/div>\n      <\/div>\n\n\n    <\/div>\n  <\/div>\n  <div class=\"cl-fl\"><\/div>\n[\/vc_column][\/vc_row][vc_row css=&#8221;.vc_custom_1606587476742{padding-top: 80px !important;padding-bottom: 95px !important;}&#8221;][vc_column][vc_row_inner][vc_column_inner]\n  <div class=\"page-video-block\">\n    <div class=\"page-video-block-i\">\n      <div class=\"row\">\n        <div class=\"page-video-block-content\">\n            <div class=\"title-block\">\n                 <h2>Quali sono le sue sfide prioritarie?<\/h2>\n            <\/div>\n            <div class=\"page-video-image\">\n                \n              <a href=\"#\" class=\"video-player-link\" data-video-id=\"485944756\" data-src=\"https:\/\/player.vimeo.com\/video\/485944756\">\n                <img decoding=\"async\" src=\"https:\/\/staging.taski.com\/wp-content\/uploads\/2021\/01\/Warhosuing-need-image.jpg\" alt=\"Quali sono le sue sfide prioritarie? Image\" \/>\n\n     <div class=\"page-video-video-abs\"><div class=\"video-embed\"><iframe loading=\"lazy\" id=\"\" src=\"\" width=\"100%\" height=\"100%\" frameborder=\"0\" style=\"position:absolute;top:0;left:0;width:100%;height:100%;\"   allow=\"autoplay; fullscreen\" muted webkitallowfullscreen mozallowfullscreen allowfullscreen><\/iframe><\/div><\/div>              <\/a>\n            <\/div>\n        <\/div>\n      <\/div>\n\n\n    <\/div>\n  <\/div>\n  <div class=\"cl-fl\"><\/div>\n[\/vc_column_inner][\/vc_row_inner][\/vc_column][\/vc_row][vc_row][vc_column]\n  <div class=\"taski-carousel-block \" style=\"\">\n    <div class=\"taski-carousel-block-i\">\n\n      <div class=\"taski-carousel-title\"><p>Capiamo le esigenze del tuo settore<\/p><\/div>\n      <div class=\"row\">\n       <div class=\"taski-carousel-holder\">\n        <div class=\"taski-carousel owl-carousel owl-theme\" id=\"taski-carousel\">\n                                    <div class=\"item taski-slide\">\n                            <div class=\"its-i\">\n                <div class=\"media-w\">\n                    <div class=\"image\">\n                      <div class=\"image-i\">\n                        <img decoding=\"async\" src=\"https:\/\/staging.taski.com\/wp-content\/uploads\/2020\/12\/operational-efficiency.svg\" \/>\n                      <\/div>\n                    <\/div>\n                <\/div>\n                <div class=\"text\">\n                    <div class=\"title\">Efficienza delle Operazioni<\/div>\n                    <p>Aumentare l'efficienza operativa e passare meno tempo a pulire. Scopri la nostra &lt;strong&gt;innovazione IntellSweep 2in1&lt;\/strong&gt;. Spazza e lava i pavimenti in una sola passata, risparmiando il 30% di tempo.<\/p>\n                                    <\/div>\n              <\/div>\n                          <\/div>\n            <div class=\"item taski-slide\">\n                            <div class=\"its-i\">\n                <div class=\"media-w\">\n                    <div class=\"image\">\n                      <div class=\"image-i\">\n                        <img decoding=\"async\" src=\"https:\/\/staging.taski.com\/wp-content\/uploads\/2020\/12\/people-safety.svg\" \/>\n                      <\/div>\n                    <\/div>\n                <\/div>\n                <div class=\"text\">\n                    <div class=\"title\">Persone e sicurezza<\/div>\n                    <p>Migliora l'igiene e mantieni i tuoi pavimenti sicuri. Le &lt;strong&gt;spazzatrici e le lavapavimenti TASKI&lt;\/strong&gt; sono progettate per la pulizia in una sola passata, per pavimenti pi\u00f9 sicuri e pi\u00f9 puliti.<\/p>\n                                    <\/div>\n              <\/div>\n                          <\/div>\n            <div class=\"item taski-slide\">\n                            <div class=\"its-i\">\n                <div class=\"media-w\">\n                    <div class=\"image\">\n                      <div class=\"image-i\">\n                        <img decoding=\"async\" src=\"https:\/\/staging.taski.com\/wp-content\/uploads\/2020\/12\/cost-control.svg\" \/>\n                      <\/div>\n                    <\/div>\n                <\/div>\n                <div class=\"text\">\n                    <div class=\"title\">Controllo dei Costi<\/div>\n                    <p>Riduci i tuoi costi di propriet\u00e0 e i costi di pulizia con una gestione flessibile dei finanziamenti e delle vostre macchine Dai un'occhiata ai nostri strumenti di gestione della flotta IntelliTrail e alle nostre &lt;strong&gt;opzioni di finanziamento e assistenza&lt;\/strong&gt;flessibili.<\/p>\n                                    <\/div>\n              <\/div>\n                          <\/div>\n            <div class=\"item taski-slide\">\n                            <div class=\"its-i\">\n                <div class=\"media-w\">\n                    <div class=\"image\">\n                      <div class=\"image-i\">\n                        <img decoding=\"async\" src=\"https:\/\/staging.taski.com\/wp-content\/uploads\/2020\/12\/profitable-growth.svg\" \/>\n                      <\/div>\n                    <\/div>\n                <\/div>\n                <div class=\"text\">\n                    <div class=\"title\">Crescita redditizia<\/div>\n                    <p>Riducete il costo della manodopera meccanizzando una parte maggiore delle vostre pulizie per migliorare il profitto. Dai un'occhiata alle nostre &lt;strong&gt;lavasciugatrici operatore a bordo altamente produttive e alla nostra stazione di riempimento rapido del serbatoio&lt;\/strong&gt;.<\/p>\n                                    <\/div>\n              <\/div>\n                          <\/div>\n            <div class=\"item taski-slide\">\n                            <div class=\"its-i\">\n                <div class=\"media-w\">\n                    <div class=\"image\">\n                      <div class=\"image-i\">\n                        <img decoding=\"async\" src=\"https:\/\/staging.taski.com\/wp-content\/uploads\/2020\/12\/continuous-innovation.svg\" \/>\n                      <\/div>\n                    <\/div>\n                <\/div>\n                <div class=\"text\">\n                    <div class=\"title\">Innovazione continua<\/div>\n                    <p>Utilizzare le ultime tecnologie e l'Internet of Clean per migliorare il controllo dei costi e l'efficienza. Scopri i nostri &lt;strong&gt;strumenti di telemetria IntelliTrail e di gestione della flotta, nonch\u00e9 le nostre innovazioni Swingobot 2000 e IntelliSweep&lt;\/strong&gt;.<\/p>\n                                    <\/div>\n              <\/div>\n                          <\/div>\n                    <\/div>\n\n        <div class=\"taski-carousel-navigation\">\n          <div class=\"nav-left\">\n            <a href=\"#\"><i class=\"fa fa-chevron-left\"><\/i><\/a>\n          <\/div>\n          <div class=\"nav-description\">\n\n          <\/div>\n          <div class=\"nav-right\">\n            <a href=\"#\"><i class=\"fa fa-chevron-right\"><\/i><\/a>\n          <\/div>\n        <\/div>\n       <\/div>\n      <\/div>\n   <\/div>\n  <\/div>\n  <div class=\"cl-fl\"><\/div>\n[\/vc_column][\/vc_row][vc_row css=&#8221;.vc_custom_1606653988515{padding-top: 80px !important;padding-bottom: 80px !important;background-color: #505050 !important;}&#8221;][vc_column][vc_row_inner][vc_column_inner]\n  <div class=\"testimonials-block\">\n    <div class=\"testimonials-block-i\">\n      <div class=\"row\">\n        <div class=\"title-block\">\n            <h2>Cosa dicono i nostri clienti<\/h2>\n        <\/div>\n\n        <div class=\"testimonials-grid\">\n           <div class=\"testimonial-item\">\n            <div class=\"ti-i\">\n             <img decoding=\"async\" src=\"https:\/\/staging.taski.com\/wp-content\/uploads\/2020\/11\/testimonial-1.jpg\" alt=\"Image\" \/>\n             <div class=\"test-item-content\">\n                <div class=\"test-item-title\">&lt;strong&gt;Uno specialista di magazzini high tech&lt;\/strong&gt; nel Regno Unito ha contattato TASKI quando il suo cliente si \u00e8 lamentato dei contaminanti.<\/div>\n                <div class=\"test-item-text\"><p>&quot;Avevamo un problema di contaminanti. TASKI ha fatto un sopralluogo che si \u00e8 concluso con il passaggio al pre-pulizia con le spazzatrici prima di utilizzare la loro lavasciuga Swingo 4000 e la sua sorprendente raccolta d'acqua. Con la loro telemetria abbiamo potuto verificare che il problema era risolto&quot;.<\/p><\/div>\n             <\/div>\n            <\/div>\n           <\/div>\n           <div class=\"testimonial-item\">\n            <div class=\"ti-i\">\n             <img decoding=\"async\" src=\"https:\/\/staging.taski.com\/wp-content\/uploads\/2020\/11\/testimonial-2.jpg\" alt=\"Image\" \/>\n             <div class=\"test-item-content\">\n                <div class=\"test-item-title\">In un trafficato hub logistico in Nord America, mantenere i pavimenti &lt;strong&gt;liberi da acqua e ghiaccio era fondamentale per ridurre il problema dello scivolamento&lt;\/strong&gt;.<\/div>\n                <div class=\"test-item-text\"><p>&quot;Il nostro staff \u00e8 la nostra pi\u00f9 grande risorsa. Avevamo problemi di scivolamento in autunno e in inverno. La raccolta dell'acqua di TASKI \u00e8 la migliore sul mercato, ecco perch\u00e9 li abbiamo scelti&quot;.<\/p><\/div>\n             <\/div>\n            <\/div>\n           <\/div>\n           <div class=\"testimonial-item\">\n            <div class=\"ti-i\">\n             <img decoding=\"async\" src=\"https:\/\/staging.taski.com\/wp-content\/uploads\/2020\/11\/testimonial-3.jpg\" alt=\"Image\" \/>\n             <div class=\"test-item-content\">\n                <div class=\"test-item-title\">Con i budget ridotti, la TASKI \u00e8 stata contattata per aiutare una &lt;strong&gt;catena europea di supermercati a risolvere i propri costi&lt;\/strong&gt;. &lt;strong&gt;<br \/>\n&lt;\/strong&gt;<\/div>\n                <div class=\"test-item-text\"><p>&quot;Abbiamo avuto delle grosse fatture di riparazione inaspettate per le nostre vecchie macchine. I ragazzi di TASKI ci hanno aiutato a passare a un nuovo leasing operativo di 5 anni. Abbiamo scelto il loro servizio Gold Intelli che includeva la telemetria e anche batterie e caricatori. Per noi una singola fattura fissa mensile per il finanziamento e l'assistenza funziona. Niente pi\u00f9 brutte sorprese&quot;.<\/p><\/div>\n             <\/div>\n            <\/div>\n           <\/div>\n\n        <\/div>\n\n      <\/div>\n    <\/div>\n  <\/div>\n  <div class=\"cl-fl\"><\/div>\n[\/vc_column_inner][\/vc_row_inner][\/vc_column][\/vc_row][vc_row][vc_column][vc_column_text]<\/p>\n<h2 style=\"text-align: center;\">Scarica i nostri opuscoli industriali e le guide dei prodotti<\/h2>\n<p>[\/vc_column_text][\/vc_column][\/vc_row][vc_row][vc_column width=&#8221;1\/3&#8243;]  <div class=\"feature-icon-w\">\n    <div class=\"feature-icon-i\">\n     <a href=\"https:\/\/taski.com\/wp-content\/uploads\/2021\/10\/87761-LIT-TASKI_Warehousing_logistics-A4-master-HRNC.pdf\" target=\"_blank\">       <div class=\"feature-tbl\">\n        <div class=\"feature-cell image-cell\">\n          <img decoding=\"async\" class=\"aligncenter size-full\" alt=\"\" src=\"https:\/\/staging.taski.com\/wp-content\/uploads\/2020\/12\/icon-document.png\"\/>\n        <\/div>\n        <div class=\"feature-cell description-cell\">\n          <p>Stoccaggio<br \/>\n&amp; Settore logistico<br \/>\nOpuscolo<\/p>\n        <\/div>\n       <\/div>\n        <\/a>       <div class=\"cl-fl\"><\/div>\n    <\/div>\n  <\/div>\n[\/vc_column][vc_column width=&#8221;1\/3&#8243;]  <div class=\"feature-icon-w\">\n    <div class=\"feature-icon-i\">\n            <div class=\"feature-tbl\">\n        <div class=\"feature-cell image-cell\">\n          <img decoding=\"async\" class=\"aligncenter size-full\" alt=\"\" src=\"https:\/\/staging.taski.com\/wp-content\/uploads\/2020\/12\/icon-document.png\"\/>\n        <\/div>\n        <div class=\"feature-cell description-cell\">\n          <p>Stoccaggio<br \/>\n&amp; Logistica<br \/>\nGrafico del prodotto da usare<\/p>\n        <\/div>\n       <\/div>\n               <div class=\"cl-fl\"><\/div>\n    <\/div>\n  <\/div>\n[\/vc_column][vc_column width=&#8221;1\/3&#8243;]  <div class=\"feature-icon-w\">\n    <div class=\"feature-icon-i\">\n     <a href=\"https:\/\/taski.com\/wp-content\/uploads\/2022\/05\/ULTIMAXX-Warehousing-Logistics-Brochure.pdf\" target=\"_blank\">       <div class=\"feature-tbl\">\n        <div class=\"feature-cell image-cell\">\n          <img decoding=\"async\" class=\"aligncenter size-full\" alt=\"\" src=\"\"\/>\n        <\/div>\n        <div class=\"feature-cell description-cell\">\n          <p>New ULTIMAXX Warehousing &amp; Logistics Sector Brochure<\/p>\n        <\/div>\n       <\/div>\n        <\/a>       <div class=\"cl-fl\"><\/div>\n    <\/div>\n  <\/div>\n[\/vc_column][\/vc_row][vc_row][vc_column][vc_row_inner][vc_column_inner]\n  <div class=\"three-cta-block\">\n    <div class=\"three-cta-block-i\">\n      <div class=\"row\">\n        <div class=\"three-cta-block-grid\">\n           <div class=\"three-cta-item\">\n            <div class=\"tci-i\">\n             <div class=\"tci-item-content\">\n                <h5><strong>Scopri le nostre<\/strong><br \/>soluzioni per il<br \/>tuo settore<\/h5>\n                <a href=\"\/products-innovations-solutions\/\"><p>PRODOTTI, <br \/> SOLUZIONI E INNOVAZIONI <br \/><\/p><\/a>\n             <\/div>\n            <\/div>\n           <\/div>\n           <div class=\"three-cta-item\">\n            <div class=\"tci-i\">\n             <div class=\"tci-item-content\">\n                <h5><strong>Scopri le ultime<\/strong><br \/>innovazioni<br \/>TASKI<\/h5>\n                <a href=\"\/shop\/\"><p>IL MIO TASKI<br \/>SHOP<\/p><\/a>\n             <\/div>\n            <\/div>\n           <\/div>\n           <div class=\"three-cta-item\">\n            <div class=\"tci-i\">\n             <div class=\"tci-item-content\">\n                <h5><strong>Vuoi<\/strong><br \/>parlane?<br \/><\/h5>\n                <a href=\"\/news-help-contacts\/\"><p>Contattaci<\/p><\/a>\n             <\/div>\n            <\/div>\n           <\/div>\n        <\/div>\n      <\/div>\n    <\/div>\n  <\/div>\n  <div class=\"cl-fl\"><\/div>\n[\/vc_column_inner][\/vc_row_inner][\/vc_column][\/vc_row]<\/p>\n<\/div>","protected":false},"excerpt":{"rendered":"<p>Le soluzioni TASKI riducono al minimo le interruzioni per il tuo business e ottimizzano la tua efficienza<\/p>\n","protected":false},"author":1,"featured_media":52946,"parent":8259,"menu_order":632,"comment_status":"closed","ping_status":"closed","template":"","meta":{"_acf_changed":false,"_seopress_robots_primary_cat":"","_seopress_titles_title":"","_seopress_titles_desc":"","_seopress_robots_index":"","inline_featured_image":false,"footnotes":""},"class_list":["post-8651","page","type-page","status-publish","has-post-thumbnail","hentry"],"acf":[],"_links":{"self":[{"href":"https:\/\/staging.taski.com\/it\/wp-json\/wp\/v2\/pages\/8651","targetHints":{"allow":["GET"]}}],"collection":[{"href":"https:\/\/staging.taski.com\/it\/wp-json\/wp\/v2\/pages"}],"about":[{"href":"https:\/\/staging.taski.com\/it\/wp-json\/wp\/v2\/types\/page"}],"author":[{"embeddable":true,"href":"https:\/\/staging.taski.com\/it\/wp-json\/wp\/v2\/users\/1"}],"replies":[{"embeddable":true,"href":"https:\/\/staging.taski.com\/it\/wp-json\/wp\/v2\/comments?post=8651"}],"version-history":[{"count":0,"href":"https:\/\/staging.taski.com\/it\/wp-json\/wp\/v2\/pages\/8651\/revisions"}],"up":[{"embeddable":true,"href":"https:\/\/staging.taski.com\/it\/wp-json\/wp\/v2\/pages\/8259"}],"wp:featuredmedia":[{"embeddable":true,"href":"https:\/\/staging.taski.com\/it\/wp-json\/wp\/v2\/media\/52946"}],"wp:attachment":[{"href":"https:\/\/staging.taski.com\/it\/wp-json\/wp\/v2\/media?parent=8651"}],"curies":[{"name":"wp","href":"https:\/\/api.w.org\/{rel}","templated":true}]}}