{"id":8587,"date":"2020-11-30T15:59:44","date_gmt":"2020-11-30T15:59:44","guid":{"rendered":"https:\/\/taski.com\/i-vostri-mercati-e-settori\/assistenza-sanitaria-a-lungo-termine\/"},"modified":"2022-05-31T14:29:36","modified_gmt":"2022-05-31T14:29:36","slug":"assistenza-sanitaria-a-lungo-termine","status":"publish","type":"page","link":"https:\/\/staging.taski.com\/it\/perche-taski\/i-vostri-mercati-e-settori\/assistenza-sanitaria-a-lungo-termine\/","title":{"rendered":"Settore sanitario &#8211; RSA"},"content":{"rendered":"<div class=\"wpb-content-wrapper\"><p>[vc_row][vc_column]\n  <div class=\"page-intro-block size-fit-image style-dark font-large\">\n         <div class=\"page-intro-block-i\">\n      <div class=\"row\">\n        <div class=\"page-intro-content\">\n            <div class=\"title-block\">\n                                     <h2><span class=\"pt\">Settore sanitario - RSA<\/span>Vuoi soluzioni per mantenere la tua struttura <strong>igienizzata e sicura per i residenti? <\/strong><br \/>\nTASKI \u00e8 la scelta giusta per te.<\/h2>\n                                                 <\/div>\n            <div class=\"page-intro-image\">\n                                <div class=\"page-intro-image-alt\">\n                    \n                    <img decoding=\"async\" src=\"https:\/\/staging.taski.com\/wp-content\/uploads\/2021\/01\/HEALTHCARE_31_Vacuum_carpet-2-1.jpg\" alt=\"\" \/>\n\n                <\/div>\n            <\/div>\n        <\/div>\n      <\/div>\n\n\n    <\/div>\n  <\/div>\n  <div class=\"cl-fl\"><\/div>\n[\/vc_column][\/vc_row][vc_row css=&#8221;.vc_custom_1606587476742{padding-top: 80px !important;padding-bottom: 95px !important;}&#8221;][vc_column][vc_row_inner][vc_column_inner]\n  <div class=\"page-video-block\">\n    <div class=\"page-video-block-i\">\n      <div class=\"row\">\n        <div class=\"page-video-block-content\">\n            <div class=\"title-block\">\n                 <h2>Quali sono i tuoi obiettivi principali?<\/h2>\n            <\/div>\n            <div class=\"page-video-image\">\n                \n              <a href=\"#\" class=\"video-player-link\" data-video-id=\"485944439\" data-src=\"https:\/\/player.vimeo.com\/video\/485944439\">\n                <img decoding=\"async\" src=\"https:\/\/staging.taski.com\/wp-content\/uploads\/2021\/01\/Healthcare-LTC-needs-image.jpg\" alt=\"Quali sono i tuoi obiettivi principali? Image\" \/>\n\n     <div class=\"page-video-video-abs\"><div class=\"video-embed\"><iframe loading=\"lazy\" id=\"\" src=\"\" width=\"100%\" height=\"100%\" frameborder=\"0\" style=\"position:absolute;top:0;left:0;width:100%;height:100%;\"   allow=\"autoplay; fullscreen\" muted webkitallowfullscreen mozallowfullscreen allowfullscreen><\/iframe><\/div><\/div>              <\/a>\n            <\/div>\n        <\/div>\n      <\/div>\n\n\n    <\/div>\n  <\/div>\n  <div class=\"cl-fl\"><\/div>\n[\/vc_column_inner][\/vc_row_inner][\/vc_column][\/vc_row][vc_row css=&#8221;.vc_custom_1606587476742{padding-top: 80px !important;padding-bottom: 95px !important;}&#8221;][vc_column]\n  <div class=\"taski-carousel-block \" style=\"\">\n    <div class=\"taski-carousel-block-i\">\n\n      <div class=\"taski-carousel-title\"><p>Capiamo le esigenze del tuo settore<\/p><\/div>\n      <div class=\"row\">\n       <div class=\"taski-carousel-holder\">\n        <div class=\"taski-carousel owl-carousel owl-theme\" id=\"taski-carousel\">\n                                    <div class=\"item taski-slide\">\n                            <div class=\"its-i\">\n                <div class=\"media-w\">\n                    <div class=\"image\">\n                      <div class=\"image-i\">\n                        <img decoding=\"async\" src=\"https:\/\/staging.taski.com\/wp-content\/uploads\/2020\/12\/customer-experience.svg\" \/>\n                      <\/div>\n                    <\/div>\n                <\/div>\n                <div class=\"text\">\n                    <div class=\"title\">Esperienza degli ospiti<\/div>\n                    <p>Crea un ambiente sicuro e igienizzato per i tuoi ospiti. Dai un'occhiata ai nostri <strong>filtri HEPA e alle micro lavasciuga a batteria<\/strong> per una migliore qualit\u00e0 dell'aria e pavimenti pi\u00f9 sicuri e igienizzati.<\/p>\n                                    <\/div>\n              <\/div>\n                          <\/div>\n            <div class=\"item taski-slide\">\n                            <div class=\"its-i\">\n                <div class=\"media-w\">\n                    <div class=\"image\">\n                      <div class=\"image-i\">\n                        <img decoding=\"async\" src=\"https:\/\/staging.taski.com\/wp-content\/uploads\/2020\/12\/people-safety.svg\" \/>\n                      <\/div>\n                    <\/div>\n                <\/div>\n                <div class=\"text\">\n                    <div class=\"title\">Persone e sicurezza<\/div>\n                    <p>Proteggi i tuoi residenti con una migliore qualit\u00e0 dell'aria e igiene. I <strong>filtri HEPA<\/strong> sono un semplice aggiornamento a basso costo per una migliore Qualit\u00e0 dell'Aria Interna. Automatizza di pi\u00f9 le tue pulizie per pavimenti pi\u00f9 sicuri e igienizzati, dai un'occhiata alle nostre <strong>micro lavasciugatrici a batteria<\/strong>.<\/p>\n                                    <\/div>\n              <\/div>\n                          <\/div>\n            <div class=\"item taski-slide\">\n                            <div class=\"its-i\">\n                <div class=\"media-w\">\n                    <div class=\"image\">\n                      <div class=\"image-i\">\n                        <img decoding=\"async\" src=\"https:\/\/staging.taski.com\/wp-content\/uploads\/2020\/12\/operational-efficiency.svg\" \/>\n                      <\/div>\n                    <\/div>\n                <\/div>\n                <div class=\"text\">\n                    <div class=\"title\">Efficienza delle Operazioni<\/div>\n                    <p>Aumenta l'efficienza operativa del tuo business e migliora i processi di pulizia. Passa agli <strong>aspirapolvere a batteria AERO senza cavi e alle micro lavasciuga Swingo<\/strong>. Due semplici modi per risparmiare tempo prezioso.<\/p>\n                                    <\/div>\n              <\/div>\n                          <\/div>\n            <div class=\"item taski-slide\">\n                            <div class=\"its-i\">\n                <div class=\"media-w\">\n                    <div class=\"image\">\n                      <div class=\"image-i\">\n                        <img decoding=\"async\" src=\"https:\/\/staging.taski.com\/wp-content\/uploads\/2020\/12\/infection-prevention.svg\" \/>\n                      <\/div>\n                    <\/div>\n                <\/div>\n                <div class=\"text\">\n                    <div class=\"title\">Prevenzione delle Infezioni<\/div>\n                    <p>Proteggi i tuoi residenti mentre salvaguardi il tuo marchio. Mantieni pavimenti, tappeti, tessuti e tappezzeria puliti e senza odori con <strong>aspirapolvere, vaporizzatori e lavasciuga TASKI<\/strong>.<\/p>\n                                    <\/div>\n              <\/div>\n                          <\/div>\n                    <\/div>\n\n        <div class=\"taski-carousel-navigation\">\n          <div class=\"nav-left\">\n            <a href=\"#\"><i class=\"fa fa-chevron-left\"><\/i><\/a>\n          <\/div>\n          <div class=\"nav-description\">\n\n          <\/div>\n          <div class=\"nav-right\">\n            <a href=\"#\"><i class=\"fa fa-chevron-right\"><\/i><\/a>\n          <\/div>\n        <\/div>\n       <\/div>\n      <\/div>\n   <\/div>\n  <\/div>\n  <div class=\"cl-fl\"><\/div>\n[\/vc_column][\/vc_row][vc_row css=&#8221;.vc_custom_1606653988515{padding-top: 80px !important;padding-bottom: 80px !important;background-color: #505050 !important;}&#8221;][vc_column][vc_row_inner][vc_column_inner]\n  <div class=\"testimonials-block\">\n    <div class=\"testimonials-block-i\">\n      <div class=\"row\">\n        <div class=\"title-block\">\n            <h2>Cosa dicono i nostri clienti<\/h2>\n        <\/div>\n\n        <div class=\"testimonials-grid\">\n           <div class=\"testimonial-item\">\n            <div class=\"ti-i\">\n             <img decoding=\"async\" src=\"https:\/\/staging.taski.com\/wp-content\/uploads\/2020\/11\/testimonial-1.jpg\" alt=\"Image\" \/>\n             <div class=\"test-item-content\">\n                <div class=\"test-item-title\">Un'azienda sanitaria con sede nel Regno Unito voleva <strong>migliorare i suoi tassi di occupazione dei posti letto e migliorare l'ambiente per i suoi residenti<\/strong>.<\/div>\n                <div class=\"test-item-text\"><\/div>\n             <\/div>\n            <\/div>\n           <\/div>\n           <div class=\"testimonial-item\">\n            <div class=\"ti-i\">\n             <img decoding=\"async\" src=\"https:\/\/staging.taski.com\/wp-content\/uploads\/2020\/11\/testimonial-2.jpg\" alt=\"Image\" \/>\n             <div class=\"test-item-content\">\n                <div class=\"test-item-title\">Un gruppo sanitario in Europa aveva bisogno di affrontare un <strong>numero crescente di residenti con infezioni nosocomiali<\/strong>. Oltre a prendersi cura dei residenti vulnerabili, sono state messe in atto misure extra negli standard di igiene.<\/div>\n                <div class=\"test-item-text\"><\/div>\n             <\/div>\n            <\/div>\n           <\/div>\n           <div class=\"testimonial-item\">\n            <div class=\"ti-i\">\n             <img decoding=\"async\" src=\"https:\/\/staging.taski.com\/wp-content\/uploads\/2020\/11\/testimonial-3.jpg\" alt=\"Image\" \/>\n             <div class=\"test-item-content\">\n                <div class=\"test-item-title\">Un gruppo sanitario privato europeo ha consultato Diversey per capire meglio come <strong>migliorare i suoi metodi e processi di pulizia<\/strong>.<\/div>\n                <div class=\"test-item-text\"><\/div>\n             <\/div>\n            <\/div>\n           <\/div>\n\n        <\/div>\n\n      <\/div>\n    <\/div>\n  <\/div>\n  <div class=\"cl-fl\"><\/div>\n[\/vc_column_inner][\/vc_row_inner][\/vc_column][\/vc_row][vc_row][vc_column][vc_column_text]<\/p>\n<h2 style=\"text-align: center;\">Scarica le nostre brochure del settore e le guide dei prodotti<\/h2>\n<p>[\/vc_column_text][\/vc_column][\/vc_row][vc_row][vc_column width=&#8221;1\/3&#8243;]  <div class=\"feature-icon-w\">\n    <div class=\"feature-icon-i\">\n     <a href=\"https:\/\/taski.com\/wp-content\/uploads\/2021\/01\/Healthcare-LTC-Sector-Brochure.pdf\" target=\"_blank\">       <div class=\"feature-tbl\">\n        <div class=\"feature-cell image-cell\">\n          <img decoding=\"async\" class=\"aligncenter size-full\" alt=\"\" src=\"https:\/\/staging.taski.com\/wp-content\/uploads\/2020\/12\/icon-document.png\"\/>\n        <\/div>\n        <div class=\"feature-cell description-cell\">\n          <p>Brochure Settore sanitario - RSA (inglese)<\/p>\n        <\/div>\n       <\/div>\n        <\/a>       <div class=\"cl-fl\"><\/div>\n    <\/div>\n  <\/div>\n[\/vc_column][vc_column width=&#8221;1\/3&#8243;][\/vc_column][vc_column width=&#8221;1\/3&#8243;][\/vc_column][\/vc_row][vc_row][vc_column][vc_row_inner][vc_column_inner]\n  <div class=\"three-cta-block\">\n    <div class=\"three-cta-block-i\">\n      <div class=\"row\">\n        <div class=\"three-cta-block-grid\">\n           <div class=\"three-cta-item\">\n            <div class=\"tci-i\">\n             <div class=\"tci-item-content\">\n                <h5><strong>Scopri le nostre<\/strong><br \/>\nsoluzioni per il<br \/>\ntuo settore<\/h5>\n                <a href=\"https:\/\/taski.com\/prodotti-innovazioni-e-soluzioni\/?lang=it\"><p>Prodotti, Soluzioni e Innovazioni<\/p><\/a>\n             <\/div>\n            <\/div>\n           <\/div>\n           <div class=\"three-cta-item\">\n            <div class=\"tci-i\">\n             <div class=\"tci-item-content\">\n                <h5><strong>Scopri le ultime<\/strong><br \/>\ninnovazioni<br \/>\nTASKI<\/h5>\n                <a href=\"https:\/\/taski.com\/il-mio-negozio-di-taski\/?lang=it\"><p>Il mio TASKI Shop<\/p><\/a>\n             <\/div>\n            <\/div>\n           <\/div>\n           <div class=\"three-cta-item\">\n            <div class=\"tci-i\">\n             <div class=\"tci-item-content\">\n                <h5><strong>Vuoi parlare<\/strong><br \/>\ncon i nostri esperti<br \/>\nTASKI?<\/h5>\n                <a href=\"https:\/\/taski.com\/notizie-aiuto-e-contatti\/contatta\/?lang=it\"><p>Contattaci<\/p><\/a>\n             <\/div>\n            <\/div>\n           <\/div>\n        <\/div>\n      <\/div>\n    <\/div>\n  <\/div>\n  <div class=\"cl-fl\"><\/div>\n[\/vc_column_inner][\/vc_row_inner][\/vc_column][\/vc_row]<\/p>\n<\/div>","protected":false},"excerpt":{"rendered":"<p>Le macchine TASKI pensano ai tuoi residenti, per un controllo delle infezioni e una sicurezza superiori nella tua struttura di assistenza a lungo termine.<\/p>\n","protected":false},"author":1,"featured_media":15588,"parent":8259,"menu_order":591,"comment_status":"closed","ping_status":"closed","template":"","meta":{"_acf_changed":false,"_seopress_robots_primary_cat":"","_seopress_titles_title":"","_seopress_titles_desc":"","_seopress_robots_index":"","inline_featured_image":false,"footnotes":""},"class_list":["post-8587","page","type-page","status-publish","has-post-thumbnail","hentry"],"acf":[],"_links":{"self":[{"href":"https:\/\/staging.taski.com\/it\/wp-json\/wp\/v2\/pages\/8587","targetHints":{"allow":["GET"]}}],"collection":[{"href":"https:\/\/staging.taski.com\/it\/wp-json\/wp\/v2\/pages"}],"about":[{"href":"https:\/\/staging.taski.com\/it\/wp-json\/wp\/v2\/types\/page"}],"author":[{"embeddable":true,"href":"https:\/\/staging.taski.com\/it\/wp-json\/wp\/v2\/users\/1"}],"replies":[{"embeddable":true,"href":"https:\/\/staging.taski.com\/it\/wp-json\/wp\/v2\/comments?post=8587"}],"version-history":[{"count":0,"href":"https:\/\/staging.taski.com\/it\/wp-json\/wp\/v2\/pages\/8587\/revisions"}],"up":[{"embeddable":true,"href":"https:\/\/staging.taski.com\/it\/wp-json\/wp\/v2\/pages\/8259"}],"wp:featuredmedia":[{"embeddable":true,"href":"https:\/\/staging.taski.com\/it\/wp-json\/wp\/v2\/media\/15588"}],"wp:attachment":[{"href":"https:\/\/staging.taski.com\/it\/wp-json\/wp\/v2\/media?parent=8587"}],"curies":[{"name":"wp","href":"https:\/\/api.w.org\/{rel}","templated":true}]}}