{"id":8413,"date":"2020-11-30T14:05:55","date_gmt":"2020-11-30T14:05:55","guid":{"rendered":"https:\/\/taski.com\/soluzioni-finanziarie\/"},"modified":"2022-06-06T14:56:55","modified_gmt":"2022-06-06T14:56:55","slug":"soluzioni-finanziarie","status":"publish","type":"page","link":"https:\/\/staging.taski.com\/it\/soluzioni-finanziarie\/","title":{"rendered":"Soluzioni finanziarie"},"content":{"rendered":"<div class=\"wpb-content-wrapper\"><p>[vc_row][vc_column]\n  <div class=\"page-intro-block size-fit-image style-dark font-large\">\n         <div class=\"page-intro-block-i\">\n      <div class=\"row\">\n        <div class=\"page-intro-content\">\n            <div class=\"title-block\">\n                                     <h2><span class=\"pt\">Finance Solutions<\/span>Una gamma di opzioni di finanziamento flessibili tra cui leasing, noleggio, pay per use e macchine usate.<\/h2>\n                                                 <\/div>\n            <div class=\"page-intro-image\">\n                                <div class=\"page-intro-image-alt\">\n                    \n                    <img decoding=\"async\" src=\"https:\/\/staging.taski.com\/wp-content\/uploads\/2020\/12\/financial-solutions-intro.jpg\" alt=\"\" \/>\n\n                <\/div>\n            <\/div>\n        <\/div>\n      <\/div>\n\n\n    <\/div>\n  <\/div>\n  <div class=\"cl-fl\"><\/div>\n[\/vc_column][\/vc_row][vc_row][vc_column]\n  <div class=\"taski-column-block col-2\" style=\"\">\n                        <div class=\"single-block content-only yes-spacing light-grey\">\n              <div class=\"single-block-i\" style=\"background-image:url();\">\n                <div class=\"tbl\"><div class=\"cell\">\n                \n                <div class=\"content\"><h3><strong>Leasing<\/strong><\/h3>\n<p><strong>Le opzioni di leasing TASKI sono una serie di soluzioni flessibili e convenienti per acquisire macchine TASKI con la garanzia del servizio TASKI.<\/strong><\/p>\n<p>Le opzioni disponibili includono: Acquisto a rate \/ Noleggio a contratto \/ Leasing operativo.<\/p>\n<p>Con o senza servizio in facili pagamenti mensili o trimestrali da 1 a 5 anni.<\/p>\n<p>Alla fine del tuo accordo puoi scegliere di continuare a noleggiare la stessa attrezzatura, noleggiare una nuova attrezzatura o semplicemente restituire l&#8217;attrezzatura.<\/p>\n<p>Strutturiamo tutti i nostri prodotti per offrirti il controllo.<\/p>\n<\/div>\n                                <\/div><\/div>\n              <\/div>\n            <\/div>\n            <div class=\"single-block image-background-cover no-spacing dark-grey\">\n              <div class=\"single-block-i\" style=\"background-image:url(https:\/\/staging.taski.com\/wp-content\/uploads\/2021\/01\/finance_banner-scaled.jpg);\">\n                <div class=\"tbl\"><div class=\"cell\">\n                \n                \n                                <\/div><\/div>\n              <\/div>\n            <\/div>\n  <\/div>\n  <div class=\"cl-fl\"><\/div>\n\n  <div class=\"taski-column-block col-2\" style=\"\">\n                        <div class=\"single-block cta yes-spacing light-grey\">\n              <div class=\"single-block-i\" style=\"background-image:url();\">\n                <div class=\"tbl\"><div class=\"cell\">\n                \n                \n                                  <div class=\"tbl\"><div class=\"cell\">\n                    <div class=\"single-cta-item\">\n                        <div class=\"sci-i\">\n                            <div class=\"sci-item-content\">\n                                <div class=\"t\"><strong>Vuoi approfondire<\/strong>?<\/div>\n                                <div class=\"b\"><a href=\"\/news-help-contacts\/ask-paul-contact\/\">CONTATTACI<\/a><\/div>\n                            <\/div>\n                        <\/div>\n                    <\/div>\n                  <\/div><\/div>\n                                <\/div><\/div>\n              <\/div>\n            <\/div>\n            <div class=\"single-block content-only yes-spacing dark-grey\">\n              <div class=\"single-block-i\" style=\"background-image:url();\">\n                <div class=\"tbl\"><div class=\"cell\">\n                \n                <div class=\"content\"><p><strong>Opuscoli e download<\/strong><\/p>\n<ul>\n<li><a href=\"https:\/\/taski.com\/wp-content\/uploads\/2021\/01\/Leasing-Brochure.pdf\" target=\"_blank\" rel=\"noopener\">Opuscolo sul leasing<\/a><\/li>\n<\/ul>\n<\/div>\n                                <\/div><\/div>\n              <\/div>\n            <\/div>\n  <\/div>\n  <div class=\"cl-fl\"><\/div>\n[\/vc_column][\/vc_row][vc_row][vc_column]\n  <div class=\"taski-column-block col-2\" style=\"\">\n                        <div class=\"single-block all no-spacing white\">\n              <div class=\"single-block-i\" style=\"background-image:url(https:\/\/staging.taski.com\/wp-content\/uploads\/2020\/12\/Rental-scaled.jpg);\">\n                <div class=\"tbl\"><div class=\"cell\">\n                <div class=\"image\"><img decoding=\"async\" src=\"https:\/\/staging.taski.com\/wp-content\/uploads\/2020\/12\/Rental-scaled.jpg\"\/><\/div>\n                \n                                <\/div><\/div>\n              <\/div>\n            <\/div>\n            <div class=\"single-block content-only yes-spacing light-grey\">\n              <div class=\"single-block-i\" style=\"background-image:url();\">\n                <div class=\"tbl\"><div class=\"cell\">\n                \n                <div class=\"content\"><h3><strong>Noleggio<\/strong><\/h3>\n<p><strong>TASKI Rental (Rent &amp; Clean) risponde alla necessit\u00e0 di una tendenza crescente per un accesso flessibile alle macchine per un periodo pi\u00f9 breve senza possedere o affittare un bene.<\/strong><\/p>\n<p>Non importa quanto tempo hai bisogno, una settimana o un paio di mesi, abbiamo una vasta gamma di lavasciuga pavimenti a batteria disponibili per il noleggio.<\/p>\n<p>Dalle piccole macchine a piedi alle grandi lavapavimenti a bordo, abbiamo la macchina giusta per le tue esigenze. Tutte le macchine saranno consegnate in loco con formazione per l&#8217;utente.<\/p>\n<p>La nostra telemetria completa IntelliTrail fornisce un monitoraggio delle risorse 24\/7.<\/p>\n<p>Per maggiori dettagli sulla disponibilit\u00e0 nel tuo paese, clicca sulla nostra <a href=\"https:\/\/taski.com\/news-help-contacts\/ask-paul-contact\/\">pagina dei contatti<\/a>.<\/p>\n<\/div>\n                                <\/div><\/div>\n              <\/div>\n            <\/div>\n  <\/div>\n  <div class=\"cl-fl\"><\/div>\n\n  <div class=\"taski-column-block col-2\" style=\"\">\n                        <div class=\"single-block content-only yes-spacing white\">\n              <div class=\"single-block-i\" style=\"background-image:url();\">\n                <div class=\"tbl\"><div class=\"cell\">\n                \n                <div class=\"content\"><p><strong>Opuscoli e download<\/strong><\/p>\n<p><a href=\"https:\/\/taski.com\/wp-content\/uploads\/2020\/12\/Rental-Brochure.pdf\" target=\"_blank\" rel=\"noopener\">Opuscolo di noleggio<\/a><\/p>\n<\/div>\n                                <\/div><\/div>\n              <\/div>\n            <\/div>\n            <div class=\"single-block cta yes-spacing light-grey\">\n              <div class=\"single-block-i\" style=\"background-image:url();\">\n                <div class=\"tbl\"><div class=\"cell\">\n                \n                \n                                  <div class=\"tbl\"><div class=\"cell\">\n                    <div class=\"single-cta-item\">\n                        <div class=\"sci-i\">\n                            <div class=\"sci-item-content\">\n                                <div class=\"t\"><strong>Vuoi approfondire<\/strong>?<\/div>\n                                <div class=\"b\"><a href=\"\/news-help-contacts\/ask-paul-contact\/\">CONTATTACI<\/a><\/div>\n                            <\/div>\n                        <\/div>\n                    <\/div>\n                  <\/div><\/div>\n                                <\/div><\/div>\n              <\/div>\n            <\/div>\n  <\/div>\n  <div class=\"cl-fl\"><\/div>\n[\/vc_column][\/vc_row][vc_row][vc_column]\n  <div class=\"taski-column-block col-2\" style=\"\">\n                        <div class=\"single-block content-only yes-spacing light-grey\">\n              <div class=\"single-block-i\" style=\"background-image:url();\">\n                <div class=\"tbl\"><div class=\"cell\">\n                \n                <div class=\"content\"><h3><strong>A pagamento per uso<\/strong><\/h3>\n<p><strong>TASKI IntelliPay per use \u00e8 un nuovo concetto rivoluzionario dove si paga solo per il tempo in cui si usa una macchina.<\/strong><\/p>\n<p>La nostra telemetria completa IntelliTrail fornisce un monitoraggio delle risorse 24\/7. Registra l&#8217;uso esatto e restituisce i dati tra cui la sicurezza del geo-recinto, le collisioni o i danni, la carica della batteria e gli interventi di assistenza per garantire che la macchina funzioni al meglio per voi.<\/p>\n<p>Per maggiori dettagli sulla disponibilit\u00e0 nel tuo paese, clicca sulla nostra <a href=\"https:\/\/taski.com\/news-help-contacts\/ask-paul-contact\/\">pagina dei contatti<\/a>.<\/p>\n<\/div>\n                                <\/div><\/div>\n              <\/div>\n            <\/div>\n            <div class=\"single-block all yes-spacing dark-grey\">\n              <div class=\"single-block-i\" style=\"background-image:url(https:\/\/staging.taski.com\/wp-content\/uploads\/2020\/12\/Pay-per-use-scaled.jpeg);\">\n                <div class=\"tbl\"><div class=\"cell\">\n                <div class=\"image\"><img decoding=\"async\" src=\"https:\/\/staging.taski.com\/wp-content\/uploads\/2020\/12\/Pay-per-use-scaled.jpeg\"\/><\/div>\n                \n                                <\/div><\/div>\n              <\/div>\n            <\/div>\n  <\/div>\n  <div class=\"cl-fl\"><\/div>\n\n  <div class=\"taski-column-block col-2\" style=\"\">\n                        <div class=\"single-block cta yes-spacing light-grey\">\n              <div class=\"single-block-i\" style=\"background-image:url();\">\n                <div class=\"tbl\"><div class=\"cell\">\n                \n                \n                                  <div class=\"tbl\"><div class=\"cell\">\n                    <div class=\"single-cta-item\">\n                        <div class=\"sci-i\">\n                            <div class=\"sci-item-content\">\n                                <div class=\"t\"><strong>Vuoi approfondire<\/strong>?<\/div>\n                                <div class=\"b\"><a href=\"\/news-help-contacts\/ask-paul-contact\/\">CONTATTACI<\/a><\/div>\n                            <\/div>\n                        <\/div>\n                    <\/div>\n                  <\/div><\/div>\n                                <\/div><\/div>\n              <\/div>\n            <\/div>\n            <div class=\"single-block content-only yes-spacing dark-grey\">\n              <div class=\"single-block-i\" style=\"background-image:url();\">\n                <div class=\"tbl\"><div class=\"cell\">\n                \n                <div class=\"content\"><p><strong>Opuscoli e download<\/strong><\/p>\n<ul>\n<li>Si prega di compilare la pagina di contatto<\/li>\n<\/ul>\n<\/div>\n                                <\/div><\/div>\n              <\/div>\n            <\/div>\n  <\/div>\n  <div class=\"cl-fl\"><\/div>\n[\/vc_column][\/vc_row][vc_row][vc_column]\n  <div class=\"taski-column-block col-2\" style=\"\">\n                        <div class=\"single-block image-background-cover no-spacing white\">\n              <div class=\"single-block-i\" style=\"background-image:url(https:\/\/staging.taski.com\/wp-content\/uploads\/2020\/12\/machines.jpg);\">\n                <div class=\"tbl\"><div class=\"cell\">\n                \n                \n                                <\/div><\/div>\n              <\/div>\n            <\/div>\n            <div class=\"single-block content-only yes-spacing light-grey\">\n              <div class=\"single-block-i\" style=\"background-image:url();\">\n                <div class=\"tbl\"><div class=\"cell\">\n                \n                <div class=\"content\"><h3><strong>Macchine pre-utilizzate<\/strong><\/h3>\n<p><strong>Il programma TASKI Pre-Owned Machine offre l&#8217;opportunit\u00e0 di provare la qualit\u00e0 e l&#8217;affidabilit\u00e0 TASKI sotto forma di macchine di seconda mano accuratamente preparate e revisionate.<\/strong><\/p>\n<p>Gli esperti della pulizia e dell&#8217;igiene capiscono che TASKI ha un costo totale di propriet\u00e0 (TCO) e un totale costo di uso (TCU) superiori. Il design, la qualit\u00e0 e l&#8217;affidabilit\u00e0 di TASKI sono leggendari. Le macchine di seconda mano preparate per la rivendita da TASKI sono testate secondo standard di qualit\u00e0 esigenti. Ti aspetti il meglio e le migliori macchine usate sono disponibili solo da TASKI.<\/p>\n<p>Per maggiori dettagli sulla disponibilit\u00e0 nel tuo paese, clicca sulla nostra <a href=\"https:\/\/taski.com\/news-help-contacts\/ask-paul-contact\/\">pagina dei contatti<\/a>.<\/p>\n<\/div>\n                                <\/div><\/div>\n              <\/div>\n            <\/div>\n  <\/div>\n  <div class=\"cl-fl\"><\/div>\n\n  <div class=\"taski-column-block col-2\" style=\"\">\n                        <div class=\"single-block content-only yes-spacing white\">\n              <div class=\"single-block-i\" style=\"background-image:url();\">\n                <div class=\"tbl\"><div class=\"cell\">\n                \n                <div class=\"content\"><p><strong>Opuscoli e download<\/strong><\/p>\n<ul>\n<li><a href=\"https:\/\/taski.com\/wp-content\/uploads\/2020\/12\/Pre-Owned-Brochure.pdf\" target=\"_blank\" rel=\"noopener\">Opuscolo Pre-Owned<\/a><\/li>\n<\/ul>\n<\/div>\n                                <\/div><\/div>\n              <\/div>\n            <\/div>\n            <div class=\"single-block cta yes-spacing light-grey\">\n              <div class=\"single-block-i\" style=\"background-image:url();\">\n                <div class=\"tbl\"><div class=\"cell\">\n                \n                \n                                  <div class=\"tbl\"><div class=\"cell\">\n                    <div class=\"single-cta-item\">\n                        <div class=\"sci-i\">\n                            <div class=\"sci-item-content\">\n                                <div class=\"t\"><strong>Vuoi approfondire<\/strong>?<\/div>\n                                <div class=\"b\"><a href=\"\/news-help-contacts\/ask-paul-contact\/\">CONTATTACI<\/a><\/div>\n                            <\/div>\n                        <\/div>\n                    <\/div>\n                  <\/div><\/div>\n                                <\/div><\/div>\n              <\/div>\n            <\/div>\n  <\/div>\n  <div class=\"cl-fl\"><\/div>\n[\/vc_column][\/vc_row][vc_row][vc_column]\n  <div class=\"three-cta-block\">\n    <div class=\"three-cta-block-i\">\n      <div class=\"row\">\n        <div class=\"three-cta-block-grid\">\n           <div class=\"three-cta-item\">\n            <div class=\"tci-i\">\n             <div class=\"tci-item-content\">\n                <h5>&lt;strong&gt;Scorpri le nostre&lt;\/strong&gt;<br \/>\nsoluzioni<br \/>\ntuo settore<\/h5>\n                <a href=\"\/products-innovations-solutions\/\"><p>SOLUZIONI<br \/>\nPER LA TUA<br \/>\nINDUSTRIA<\/p><\/a>\n             <\/div>\n            <\/div>\n           <\/div>\n           <div class=\"three-cta-item\">\n            <div class=\"tci-i\">\n             <div class=\"tci-item-content\">\n                <h5>&lt;strong&gt;Cerca&lt;\/strong&gt;<br \/>\nil nostro selettore<br \/>\nTASKI<\/h5>\n                <a href=\"\/taski-selector\/\"><p>SCOPRI<br \/>\nIL TUO<br \/>\nTASKI<\/p><\/a>\n             <\/div>\n            <\/div>\n           <\/div>\n           <div class=\"three-cta-item\">\n            <div class=\"tci-i\">\n             <div class=\"tci-item-content\">\n                <h5>&lt;strong&gt;Vuoi&lt;\/strong&gt;<br \/>\nentrare<br \/>\nin contatto con noi?<\/h5>\n                <a href=\"\/news-help-contacts\/ask-paul-contact\/\"><p>Contattaci<\/p><\/a>\n             <\/div>\n            <\/div>\n           <\/div>\n        <\/div>\n      <\/div>\n    <\/div>\n  <\/div>\n  <div class=\"cl-fl\"><\/div>\n[\/vc_column][\/vc_row]<\/p>\n<\/div>","protected":false},"excerpt":{"rendered":"<p>[vc_row][vc_column][\/vc_column][\/vc_row][vc_row][vc_column][\/vc_column][\/vc_row][vc_row][vc_column][\/vc_column][\/vc_row][vc_row][vc_column][\/vc_column][\/vc_row][vc_row][vc_column][\/vc_column][\/vc_row][vc_row][vc_column][\/vc_column][\/vc_row]<\/p>\n","protected":false},"author":1,"featured_media":0,"parent":0,"menu_order":737,"comment_status":"closed","ping_status":"closed","template":"","meta":{"_acf_changed":false,"_seopress_robots_primary_cat":"","_seopress_titles_title":"","_seopress_titles_desc":"","_seopress_robots_index":"","inline_featured_image":false,"footnotes":""},"class_list":["post-8413","page","type-page","status-publish","hentry"],"acf":[],"_links":{"self":[{"href":"https:\/\/staging.taski.com\/it\/wp-json\/wp\/v2\/pages\/8413","targetHints":{"allow":["GET"]}}],"collection":[{"href":"https:\/\/staging.taski.com\/it\/wp-json\/wp\/v2\/pages"}],"about":[{"href":"https:\/\/staging.taski.com\/it\/wp-json\/wp\/v2\/types\/page"}],"author":[{"embeddable":true,"href":"https:\/\/staging.taski.com\/it\/wp-json\/wp\/v2\/users\/1"}],"replies":[{"embeddable":true,"href":"https:\/\/staging.taski.com\/it\/wp-json\/wp\/v2\/comments?post=8413"}],"version-history":[{"count":0,"href":"https:\/\/staging.taski.com\/it\/wp-json\/wp\/v2\/pages\/8413\/revisions"}],"wp:attachment":[{"href":"https:\/\/staging.taski.com\/it\/wp-json\/wp\/v2\/media?parent=8413"}],"curies":[{"name":"wp","href":"https:\/\/api.w.org\/{rel}","templated":true}]}}