{"id":8255,"date":"2020-11-30T09:06:34","date_gmt":"2020-11-30T09:06:34","guid":{"rendered":"https:\/\/taski.com\/competenze-taski\/"},"modified":"2022-06-23T11:18:46","modified_gmt":"2022-06-23T11:18:46","slug":"competenze-taski","status":"publish","type":"page","link":"https:\/\/staging.taski.com\/it\/perche-taski\/competenze-taski\/","title":{"rendered":"Competenze TASKI"},"content":{"rendered":"<div class=\"wpb-content-wrapper\"><p>[vc_row][vc_column]\n  <div class=\"page-intro-block size-fit-image style-light font-large\">\n         <div class=\"page-intro-block-i\">\n      <div class=\"row\">\n        <div class=\"page-intro-content\">\n            <div class=\"title-block\">\n                                     <h2>Perch\u00e9 TASKI pu\u00f2 affermare di<br \/>\nessere il produttore di<br \/>\n&lt;strong&gt;Macchine per la pulizia ULTIMATE?&lt;\/strong&gt;<\/h2>\n                                                 <\/div>\n            <div class=\"page-intro-image\">\n                                <div class=\"page-intro-image-alt\">\n                    \n                    <img decoding=\"async\" src=\"https:\/\/staging.taski.com\/wp-content\/uploads\/2020\/11\/Ultimate-Cleaning-Machines.jpg\" alt=\"\" \/>\n\n                <\/div>\n            <\/div>\n        <\/div>\n      <\/div>\n\n\n    <\/div>\n  <\/div>\n  <div class=\"cl-fl\"><\/div>\n[\/vc_column][\/vc_row][vc_row][vc_column]\n  <div class=\"page-description-block style-dark\">\n    <div class=\"page-description-block-i\">\n      <div class=\"row\">\n        <div class=\"page-description-content\">\n          <\/div><\/div><\/div><\/div><\/p>\n<h3><strong>A un livello\u2026<br \/>\n<\/strong>TASKI \u00e8 un\u00a0<strong>marchio globale<\/strong> leader nella pulizia meccanica. La reputazione di TASKI come marchio svizzero\u00a0<strong>progettato in modo brillante<\/strong>\u00a0\u00e8 ben nota. I nostri prodotti sono realizzati con componenti di qualit\u00e0 e\u00a0<strong>progettati per durare.<\/strong><br \/>\nMa la verit\u00e0 \u00e8 pi\u00f9 profonda di cos\u00ec&#8230;<\/h3>\n<h3>Il DNA di TASKI \u00e8 riassunto al meglio in\u00a0<strong>9 competenze principali.<\/strong><\/h3>\n<\/div>\n      \n    \n  \n  <div class=\"cl-fl\"><\/div>\n[\/vc_column][\/vc_row][vc_row css=&#8221;.vc_custom_1606748446025{padding-top: 90px !important;padding-bottom: 90px !important;}&#8221;][vc_column css=&#8221;.vc_custom_1606743732250{margin-top: 0px !important;margin-bottom: 0px !important;padding-top: 0px !important;padding-bottom: 0px !important;}&#8221;]\n  <div class=\"taski-carousel-block \" style=\"\">\n    <div class=\"taski-carousel-block-i\">\n\n      <div class=\"taski-carousel-title\"><p>Tutto ci\u00f2 che facciamo \u00e8 progettato per soddisfare le tue esigenze<\/p><\/div>\n      <div class=\"row\">\n       <div class=\"taski-carousel-holder\">\n        <div class=\"taski-carousel owl-carousel owl-theme\" id=\"taski-carousel\">\n                                    <div class=\"item taski-slide\">\n                              <a class=\"video-play\" href=\"#\" data-src=\"https:\/\/player.vimeo.com\/video\/485889180\">\n                    <div class=\"media-w\">\n                        <div class=\"image\">\n                            <img decoding=\"async\" src=\"https:\/\/staging.taski.com\/wp-content\/uploads\/2020\/12\/Customer-market-insight.jpg\" \/>\n                        <\/div>\n                        <div class=\"video-embed\">\n                            <iframe loading=\"lazy\" id=\"\" src=\"\" width=\"100%\" height=\"100%\" frameborder=\"0\" style=\"position:absolute;top:0;left:0;width:100%;height:100%;\"   allow=\"autoplay; fullscreen\" muted webkitallowfullscreen mozallowfullscreen allowfullscreen><\/iframe>\n                        <\/div>\n                    <\/div>\n                <\/a>\n                    <div class=\"text\">\n                        <div class=\"title\">1. Ricerche di mercato<\/div>\n                        <p>I nostri clienti ci fanno crescere richiedendo il meglio.<\/p>\n                        <div class=\"btn\"><a href=\"\/perche-taski\/i-vostri-mercati-e-settori\/?lang=it\">Scopri di pi\u00f9<\/a><\/div>                    <\/div>\n                          <\/div>\n            <div class=\"item taski-slide\">\n                              <a class=\"video-play\" href=\"#\" data-src=\"https:\/\/player.vimeo.com\/video\/485889302\">\n                    <div class=\"media-w\">\n                        <div class=\"image\">\n                            <img decoding=\"async\" src=\"https:\/\/staging.taski.com\/wp-content\/uploads\/2020\/12\/2-innovation.jpg\" \/>\n                        <\/div>\n                        <div class=\"video-embed\">\n                            <iframe loading=\"lazy\" id=\"\" src=\"\" width=\"100%\" height=\"100%\" frameborder=\"0\" style=\"position:absolute;top:0;left:0;width:100%;height:100%;\"   allow=\"autoplay; fullscreen\" muted webkitallowfullscreen mozallowfullscreen allowfullscreen><\/iframe>\n                        <\/div>\n                    <\/div>\n                <\/a>\n                    <div class=\"text\">\n                        <div class=\"title\">2. Innovation<\/div>\n                        <p>Our designers challenge convention, they optimise and they innovate.<\/p>\n                        <div class=\"btn\"><a href=\"\/products-innovations-solutions\/innovations\/\">Want to find out more?<\/a><\/div>                    <\/div>\n                          <\/div>\n            <div class=\"item taski-slide\">\n                              <a class=\"video-play\" href=\"#\" data-src=\"https:\/\/player.vimeo.com\/video\/485889311\">\n                    <div class=\"media-w\">\n                        <div class=\"image\">\n                            <img decoding=\"async\" src=\"https:\/\/staging.taski.com\/wp-content\/uploads\/2021\/01\/Swingo-2100-image-scaled.jpg\" \/>\n                        <\/div>\n                        <div class=\"video-embed\">\n                            <iframe loading=\"lazy\" id=\"\" src=\"\" width=\"100%\" height=\"100%\" frameborder=\"0\" style=\"position:absolute;top:0;left:0;width:100%;height:100%;\"   allow=\"autoplay; fullscreen\" muted webkitallowfullscreen mozallowfullscreen allowfullscreen><\/iframe>\n                        <\/div>\n                    <\/div>\n                <\/a>\n                    <div class=\"text\">\n                        <div class=\"title\">3. Best in class products<\/div>\n                        <p>Constructed with the highest quality components for outstanding productivity &amp; cleaning performance.<\/p>\n                        <div class=\"btn\"><a href=\"\/products-innovations-solutions\/products\/\">Want to find out more?<\/a><\/div>                    <\/div>\n                          <\/div>\n            <div class=\"item taski-slide\">\n                              <a class=\"video-play\" href=\"#\" data-src=\"https:\/\/player.vimeo.com\/video\/485889423\">\n                    <div class=\"media-w\">\n                        <div class=\"image\">\n                            <img decoding=\"async\" src=\"https:\/\/staging.taski.com\/wp-content\/uploads\/2020\/12\/expert-advice.jpg\" \/>\n                        <\/div>\n                        <div class=\"video-embed\">\n                            <iframe loading=\"lazy\" id=\"\" src=\"\" width=\"100%\" height=\"100%\" frameborder=\"0\" style=\"position:absolute;top:0;left:0;width:100%;height:100%;\"   allow=\"autoplay; fullscreen\" muted webkitallowfullscreen mozallowfullscreen allowfullscreen><\/iframe>\n                        <\/div>\n                    <\/div>\n                <\/a>\n                    <div class=\"text\">\n                        <div class=\"title\">4. Expert advice<\/div>\n                        <p>We take a consultative approach.<\/p>\n                        <div class=\"btn\"><a href=\"\/expert-advice\/\">Want to find out more?<\/a><\/div>                    <\/div>\n                          <\/div>\n            <div class=\"item taski-slide\">\n                              <a class=\"video-play\" href=\"#\" data-src=\"https:\/\/player.vimeo.com\/video\/485889497\">\n                    <div class=\"media-w\">\n                        <div class=\"image\">\n                            <img decoding=\"async\" src=\"https:\/\/staging.taski.com\/wp-content\/uploads\/2020\/12\/cleaning-excellence.jpg\" \/>\n                        <\/div>\n                        <div class=\"video-embed\">\n                            <iframe loading=\"lazy\" id=\"\" src=\"\" width=\"100%\" height=\"100%\" frameborder=\"0\" style=\"position:absolute;top:0;left:0;width:100%;height:100%;\"   allow=\"autoplay; fullscreen\" muted webkitallowfullscreen mozallowfullscreen allowfullscreen><\/iframe>\n                        <\/div>\n                    <\/div>\n                <\/a>\n                    <div class=\"text\">\n                        <div class=\"title\">5. Cleaning excellence<\/div>\n                        <p>If you are serious about cleaning, choose TASKI.<\/p>\n                        <div class=\"btn\"><a href=\"\/products-innovations-solutions\/products\/\">Want to find out more?<\/a><\/div>                    <\/div>\n                          <\/div>\n            <div class=\"item taski-slide\">\n                              <a class=\"video-play\" href=\"#\" data-src=\"https:\/\/player.vimeo.com\/video\/485889571\">\n                    <div class=\"media-w\">\n                        <div class=\"image\">\n                            <img decoding=\"async\" src=\"https:\/\/staging.taski.com\/wp-content\/uploads\/2020\/12\/internet-of-clean.jpg\" \/>\n                        <\/div>\n                        <div class=\"video-embed\">\n                            <iframe loading=\"lazy\" id=\"\" src=\"\" width=\"100%\" height=\"100%\" frameborder=\"0\" style=\"position:absolute;top:0;left:0;width:100%;height:100%;\"   allow=\"autoplay; fullscreen\" muted webkitallowfullscreen mozallowfullscreen allowfullscreen><\/iframe>\n                        <\/div>\n                    <\/div>\n                <\/a>\n                    <div class=\"text\">\n                        <div class=\"title\">6. Internet of clean<\/div>\n                        <p>Nessuno ha fatto pi\u00f9 di Diversey per sviluppare l'Internet of Clean.<br \/>\nNessuno ha collegato pi\u00f9 dispositivi con dati intelligenti di TASKI.<\/p>\n                        <div class=\"btn\"><a href=\"\/products-innovations-solutions\/innovations\/\">Want to find out more?<\/a><\/div>                    <\/div>\n                          <\/div>\n            <div class=\"item taski-slide\">\n                              <a class=\"video-play\" href=\"#\" data-src=\"https:\/\/player.vimeo.com\/video\/485889628\">\n                    <div class=\"media-w\">\n                        <div class=\"image\">\n                            <img decoding=\"async\" src=\"https:\/\/staging.taski.com\/wp-content\/uploads\/2020\/12\/sutainability.jpg\" \/>\n                        <\/div>\n                        <div class=\"video-embed\">\n                            <iframe loading=\"lazy\" id=\"\" src=\"\" width=\"100%\" height=\"100%\" frameborder=\"0\" style=\"position:absolute;top:0;left:0;width:100%;height:100%;\"   allow=\"autoplay; fullscreen\" muted webkitallowfullscreen mozallowfullscreen allowfullscreen><\/iframe>\n                        <\/div>\n                    <\/div>\n                <\/a>\n                    <div class=\"text\">\n                        <div class=\"title\">7. Sustainability<\/div>\n                        <p>Sostenibilit\u00e0 non significa solo Verde, da TASKI \u00e8 Arancione. La sostenibilit\u00e0 \u00e8 al centro di tutto ci\u00f2 che facciamo.<\/p>\n                        <div class=\"btn\"><a href=\"\/why-taski\/about-taski\/sustainability\/\">Want to find out more?<\/a><\/div>                    <\/div>\n                          <\/div>\n            <div class=\"item taski-slide\">\n                              <a class=\"video-play\" href=\"#\" data-src=\"https:\/\/player.vimeo.com\/video\/485889651\">\n                    <div class=\"media-w\">\n                        <div class=\"image\">\n                            <img decoding=\"async\" src=\"https:\/\/staging.taski.com\/wp-content\/uploads\/2020\/12\/tco.jpg\" \/>\n                        <\/div>\n                        <div class=\"video-embed\">\n                            <iframe loading=\"lazy\" id=\"\" src=\"\" width=\"100%\" height=\"100%\" frameborder=\"0\" style=\"position:absolute;top:0;left:0;width:100%;height:100%;\"   allow=\"autoplay; fullscreen\" muted webkitallowfullscreen mozallowfullscreen allowfullscreen><\/iframe>\n                        <\/div>\n                    <\/div>\n                <\/a>\n                    <div class=\"text\">\n                        <div class=\"title\">8. Lowest TCO<\/div>\n                        <p>We drive out cost for you at every stage of ownership.<\/p>\n                        <div class=\"btn\"><a href=\"\/taski-selector\/\">Want to find out more?<\/a><\/div>                    <\/div>\n                          <\/div>\n            <div class=\"item taski-slide\">\n                              <a class=\"video-play\" href=\"#\" data-src=\"https:\/\/player.vimeo.com\/video\/485889723\">\n                    <div class=\"media-w\">\n                        <div class=\"image\">\n                            <img decoding=\"async\" src=\"https:\/\/staging.taski.com\/wp-content\/uploads\/2021\/01\/ISS-Customer-Endorsement.jpg\" \/>\n                        <\/div>\n                        <div class=\"video-embed\">\n                            <iframe loading=\"lazy\" id=\"\" src=\"\" width=\"100%\" height=\"100%\" frameborder=\"0\" style=\"position:absolute;top:0;left:0;width:100%;height:100%;\"   allow=\"autoplay; fullscreen\" muted webkitallowfullscreen mozallowfullscreen allowfullscreen><\/iframe>\n                        <\/div>\n                    <\/div>\n                <\/a>\n                    <div class=\"text\">\n                        <div class=\"title\">9. Customer endorsement<\/div>\n                        <p>The best endorsement is our happy and loyal customers.<\/p>\n                        <div class=\"btn\"><a href=\"\/news-help-contacts\/\">Want to find out more?<\/a><\/div>                    <\/div>\n                          <\/div>\n                    <\/div>\n\n        <div class=\"taski-carousel-navigation\">\n          <div class=\"nav-left\">\n            <a href=\"#\"><i class=\"fa fa-chevron-left\"><\/i><\/a>\n          <\/div>\n          <div class=\"nav-description\">\n\n          <\/div>\n          <div class=\"nav-right\">\n            <a href=\"#\"><i class=\"fa fa-chevron-right\"><\/i><\/a>\n          <\/div>\n        <\/div>\n       <\/div>\n      <\/div>\n   <\/div>\n  <\/div>\n  <div class=\"cl-fl\"><\/div>\n[\/vc_column][\/vc_row][vc_row][vc_column]\n  <div class=\"three-cta-block\">\n    <div class=\"three-cta-block-i\">\n      <div class=\"row\">\n        <div class=\"three-cta-block-grid\">\n           <div class=\"three-cta-item\">\n            <div class=\"tci-i\">\n             <div class=\"tci-item-content\">\n                <h5>&lt;strong&gt;Scopri le nostre&lt;\/strong&gt;<br \/>\nsoluzioni<br \/>\nper l'industria<\/h5>\n                <a href=\"\/products-innovations-solutions\/\"><p>PRODOTTI, <br \/> SOLUZIONI E INNOVAZIONI <br \/><\/p><\/a>\n             <\/div>\n            <\/div>\n           <\/div>\n           <div class=\"three-cta-item\">\n            <div class=\"tci-i\">\n             <div class=\"tci-item-content\">\n                <h5>&lt;strong&gt;Scopri le ultime&lt;\/strong&gt;<br \/>\nInnovazioni<br \/>\nTASKI<\/h5>\n                <a href=\"https:\/\/taski.com\/products-innovations-solutions\/innovations\/\"><p>Innovazioni di TASKI<\/p><\/a>\n             <\/div>\n            <\/div>\n           <\/div>\n           <div class=\"three-cta-item\">\n            <div class=\"tci-i\">\n             <div class=\"tci-item-content\">\n                <h5>&lt;strong&gt;Contattaci&lt;\/strong&gt;<\/h5>\n                <a href=\"\/news-help-contacts\/ask-paul-contact\/\"><p>Contattaci<\/p><\/a>\n             <\/div>\n            <\/div>\n           <\/div>\n        <\/div>\n      <\/div>\n    <\/div>\n  <\/div>\n  <div class=\"cl-fl\"><\/div>\n[\/vc_column][\/vc_row]\n","protected":false},"excerpt":{"rendered":"<p>[vc_row][vc_column][\/vc_column][\/vc_row][vc_row][vc_column][\/vc_column][\/vc_row][vc_row css=&#8221;.vc_custom_1606748446025{padding-top: 90px !important;padding-bottom: 90px !important;}&#8221;][vc_column css=&#8221;.vc_custom_1606743732250{margin-top: 0px !important;margin-bottom: 0px !important;padding-top: 0px !important;padding-bottom: 0px !important;}&#8221;][\/vc_column][\/vc_row][vc_row][vc_column][\/vc_column][\/vc_row]<\/p>\n","protected":false},"author":1,"featured_media":0,"parent":9132,"menu_order":680,"comment_status":"closed","ping_status":"closed","template":"","meta":{"_acf_changed":false,"_seopress_robots_primary_cat":"","_seopress_titles_title":"","_seopress_titles_desc":"","_seopress_robots_index":"","inline_featured_image":false,"footnotes":""},"class_list":["post-8255","page","type-page","status-publish","hentry"],"acf":[],"_links":{"self":[{"href":"https:\/\/staging.taski.com\/it\/wp-json\/wp\/v2\/pages\/8255","targetHints":{"allow":["GET"]}}],"collection":[{"href":"https:\/\/staging.taski.com\/it\/wp-json\/wp\/v2\/pages"}],"about":[{"href":"https:\/\/staging.taski.com\/it\/wp-json\/wp\/v2\/types\/page"}],"author":[{"embeddable":true,"href":"https:\/\/staging.taski.com\/it\/wp-json\/wp\/v2\/users\/1"}],"replies":[{"embeddable":true,"href":"https:\/\/staging.taski.com\/it\/wp-json\/wp\/v2\/comments?post=8255"}],"version-history":[{"count":0,"href":"https:\/\/staging.taski.com\/it\/wp-json\/wp\/v2\/pages\/8255\/revisions"}],"up":[{"embeddable":true,"href":"https:\/\/staging.taski.com\/it\/wp-json\/wp\/v2\/pages\/9132"}],"wp:attachment":[{"href":"https:\/\/staging.taski.com\/it\/wp-json\/wp\/v2\/media?parent=8255"}],"curies":[{"name":"wp","href":"https:\/\/api.w.org\/{rel}","templated":true}]}}