{"id":7954,"date":"2020-12-05T13:17:51","date_gmt":"2020-12-05T13:17:51","guid":{"rendered":"https:\/\/taski.com\/pulizia-meccanica\/"},"modified":"2022-05-25T13:57:13","modified_gmt":"2022-05-25T13:57:13","slug":"pulizia-meccanica","status":"publish","type":"page","link":"https:\/\/staging.taski.com\/it\/perche-taski\/consigli-degli-esperti\/pulizia-meccanica\/","title":{"rendered":"Pulizia meccanica"},"content":{"rendered":"<div class=\"wpb-content-wrapper\"><p>[vc_row][vc_column]\n  <div class=\"main-banner-block full-width content-video-no\" style=\"background-image:url(https:\/\/staging.taski.com\/wp-content\/uploads\/2020\/12\/FOODSERVICE_5_SWINGO-1-1-1.jpg);\">\n         <div class=\"main-banner-block-i\">\n      <div class=\"row\">\n       <div class=\"mbb-fl\">\n        <div class=\"main-banner-block-content\">\n            <h2>A che punto sei con l'evoluzione della pulizia?<br \/>\nEcco i principali motivi per cui le macchine sono molto meglio della pulizia manuale<\/h2>\n            <div class=\"button-wrapper\">\n                        <\/div>\n        <\/div>\n               <\/div>\n      <\/div>\n\n\n    <\/div>\n  <\/div>\n  <div class=\"cl-fl\"><\/div>\n[\/vc_column][\/vc_row][vc_row][vc_column]\n  <div class=\"page-description-block style-dark\">\n    <div class=\"page-description-block-i\">\n      <div class=\"row\">\n        <div class=\"page-description-content\">\n          <\/div><\/div><\/div><\/div><\/p>\n<h2>Pulizia meccanica<\/h2>\n<p>Per coloro che vogliono il massimo risultato, l&#8217;utilizzo di soluzioni meccaniche rispetto ad attivit\u00e0 manuali \u00e8 superiore in ogni aspetto nel raggiungere l&#8217;<strong>eccellenza nella pulizia<\/strong>.<\/p>\n<p>\u2713 Migliore velocit\u00e0 &#8211; occupando meno tempo prezioso per le pulizie in modo da poter <strong><\/strong><strong>concentrarsi sui compiti di pulizia pi\u00f9 rischiosi o di maggior valore.<\/strong><\/p>\n<p><img alt=\"\" loading=\"lazy\" decoding=\"async\" class=\"alignnone wp-image-2990\" src=\"https:\/\/taski.com\/wp-content\/uploads\/2021\/01\/More-productive-image-300x96.png\" alt=\"\" width=\"701\" height=\"224\" \/><\/p>\n<p>\u2713 Risultato di pulizia superiore &#8211; le macchine applicano una <strong>pressione di pulizia 10 volte superiore<\/strong> per un migliore risultato di pulizia, lavorando pi\u00f9 velocemente e lasciando i pavimenti molto pi\u00f9 asciutti. Tutto in <strong>un&#8217;unica operazione automatizzata.<\/strong><\/p>\n<p><img alt=\"\" loading=\"lazy\" decoding=\"async\" class=\"alignnone wp-image-2988\" src=\"https:\/\/taski.com\/wp-content\/uploads\/2021\/01\/Cleaner-floors-image-300x97.png\" alt=\"\" width=\"699\" height=\"226\" \/><\/p>\n<p>\u2713 Pi\u00f9 sicuro &#8211; le macchine rendono l&#8217;ambiente di lavoro pi\u00f9 sicuro, rimuovendo <strong>il 65% di acqua in pi\u00f9<\/strong> rispetto ai panni bagnati. <strong><\/strong><strong>Meno acqua = minor rischio di scivolare.<\/strong><\/p>\n<p><img alt=\"\" loading=\"lazy\" decoding=\"async\" class=\"alignnone wp-image-2989\" src=\"https:\/\/taski.com\/wp-content\/uploads\/2021\/01\/Safer-Floors-image-300x99.png\" alt=\"\" width=\"700\" height=\"231\" \/><\/p>\n<p>\u2713 Igienico &#8211; le macchine rendono il vostro ambiente di lavoro pi\u00f9 igienico. Le macchine rimuovono <strong>5 volte pi\u00f9 sporco<\/strong>. <strong><\/strong><strong>Meno sporco = meno germi.<\/strong><\/p>\n<p>\u2713 Miglior Ergonomia &#8211; le macchine sono <strong>pi\u00f9 ergonomiche e meno faticose<\/strong> per gli operatori.<\/p>\n<p>\u2713 Minori costi e meno rifiuti &#8211; le macchine usano meno acqua e meno prodotti chimici. <strong>Pi\u00f9 sicuro + meno costo = semplicemente molto meglio!<\/strong><\/p>\n        <\/div>\n      \n    \n  \n  <div class=\"cl-fl\"><\/div>\n[\/vc_column][\/vc_row][vc_row css=&#8221;.vc_custom_1607164076720{padding-top: 90px !important;padding-bottom: 190px !important;}&#8221;][vc_column][vc_column_text css=&#8221;.vc_custom_1608052861471{padding-bottom: 90px !important;}&#8221;]\n<h2 style=\"text-align: center;\">Scarica<\/h2>\n<p>[\/vc_column_text][vc_row_inner css=&#8221;.vc_custom_1607161003581{padding-bottom: 50px !important;}&#8221;][vc_column_inner width=&#8221;1\/3&#8243;]  <div class=\"feature-icon-w\">\n    <div class=\"feature-icon-i\">\n     <a href=\"https:\/\/taski.com\/wp-content\/uploads\/2020\/12\/Machanical-Cleaning-Brochure.pdf\" target=\"_blank\">       <div class=\"feature-tbl\">\n        <div class=\"feature-cell image-cell\">\n          <img decoding=\"async\" class=\"aligncenter size-full\" alt=\"\" src=\"https:\/\/staging.taski.com\/wp-content\/uploads\/2020\/12\/icon-document.png\"\/>\n        <\/div>\n        <div class=\"feature-cell description-cell\">\n          <p>Brochure sulla pulizia meccanica<\/p>\n        <\/div>\n       <\/div>\n        <\/a>       <div class=\"cl-fl\"><\/div>\n    <\/div>\n  <\/div>\n[\/vc_column_inner][vc_column_inner width=&#8221;1\/3&#8243;]  <div class=\"feature-icon-w\">\n    <div class=\"feature-icon-i\">\n     <a href=\"https:\/\/taski.com\/wp-content\/uploads\/2020\/12\/Day-Time-Cleaning-Brochure-.pdf\" target=\"_blank\">       <div class=\"feature-tbl\">\n        <div class=\"feature-cell image-cell\">\n          <img decoding=\"async\" class=\"aligncenter size-full\" alt=\"\" src=\"https:\/\/staging.taski.com\/wp-content\/uploads\/2020\/12\/icon-document.png\"\/>\n        <\/div>\n        <div class=\"feature-cell description-cell\">\n          <p>Day Time Cleaning Brochure<\/p>\n        <\/div>\n       <\/div>\n        <\/a>       <div class=\"cl-fl\"><\/div>\n    <\/div>\n  <\/div>\n[\/vc_column_inner][\/vc_row_inner][\/vc_column][\/vc_row][vc_row css=&#8221;.vc_custom_1607327415736{background-color: #fafafa !important;}&#8221;][vc_column]\n  <div class=\"two-cta-block\">\n    <div class=\"two-cta-block-i\">\n      <div class=\"row\">\n        <div class=\"two-cta-block-grid\">\n           <div class=\"two-cta-item\">\n            <div class=\"tci-i\">\n             <div class=\"tci-item-content\">\n                <h5><strong>Vuoi parlare<\/strong><br \/>\ncon i nostri esperti<br \/>\nTASKI?<\/h5>\n                <a href=\"https:\/\/taski.com\/notizie-aiuto-e-contatti\/contatta\/?lang=it\"><p>Contattaci<\/p><\/a>\n             <\/div>\n            <\/div>\n           <\/div>\n           <div class=\"two-cta-item\">\n            <div class=\"tci-i\">\n             <div class=\"tci-item-content\">\n                <h5>Per <strong>domande<\/strong><br \/>\nconsulta la sezione<br \/>\nFAQ<\/h5>\n                <a href=\"https:\/\/taski.com\/faqs\/?lang=it\"><p>FAQ<\/p><\/a>\n             <\/div>\n            <\/div>\n           <\/div>\n        <\/div>\n      <\/div>\n    <\/div>\n  <\/div>\n  <div class=\"cl-fl\"><\/div>\n[\/vc_column][\/vc_row]<\/p>\n","protected":false},"excerpt":{"rendered":"<p>Dove ti trovi nell&#8217;evoluzione della pulizia?<br \/>\nEcco le ragioni principali per cui le macchine sono molto meglio della straccio manuale&#8230;<\/p>\n","protected":false},"author":1,"featured_media":7961,"parent":8324,"menu_order":679,"comment_status":"closed","ping_status":"closed","template":"","meta":{"_acf_changed":false,"_seopress_robots_primary_cat":"","_seopress_titles_title":"","_seopress_titles_desc":"","_seopress_robots_index":"","inline_featured_image":false,"footnotes":""},"class_list":["post-7954","page","type-page","status-publish","has-post-thumbnail","hentry"],"acf":[],"_links":{"self":[{"href":"https:\/\/staging.taski.com\/it\/wp-json\/wp\/v2\/pages\/7954","targetHints":{"allow":["GET"]}}],"collection":[{"href":"https:\/\/staging.taski.com\/it\/wp-json\/wp\/v2\/pages"}],"about":[{"href":"https:\/\/staging.taski.com\/it\/wp-json\/wp\/v2\/types\/page"}],"author":[{"embeddable":true,"href":"https:\/\/staging.taski.com\/it\/wp-json\/wp\/v2\/users\/1"}],"replies":[{"embeddable":true,"href":"https:\/\/staging.taski.com\/it\/wp-json\/wp\/v2\/comments?post=7954"}],"version-history":[{"count":0,"href":"https:\/\/staging.taski.com\/it\/wp-json\/wp\/v2\/pages\/7954\/revisions"}],"up":[{"embeddable":true,"href":"https:\/\/staging.taski.com\/it\/wp-json\/wp\/v2\/pages\/8324"}],"wp:featuredmedia":[{"embeddable":true,"href":"https:\/\/staging.taski.com\/it\/wp-json\/wp\/v2\/media\/7961"}],"wp:attachment":[{"href":"https:\/\/staging.taski.com\/it\/wp-json\/wp\/v2\/media?parent=7954"}],"curies":[{"name":"wp","href":"https:\/\/api.w.org\/{rel}","templated":true}]}}