{"id":55035,"date":"2025-02-18T13:01:14","date_gmt":"2025-02-18T13:01:14","guid":{"rendered":"https:\/\/staging.taski.com\/prodotti-innovazioni-e-soluzioni\/prodotti\/lavapavimenti\/stand-on\/"},"modified":"2025-08-25T15:52:42","modified_gmt":"2025-08-25T15:52:42","slug":"stand-on","status":"publish","type":"page","link":"https:\/\/staging.taski.com\/it\/prodotti-innovazioni-e-soluzioni\/prodotti\/lavapavimenti\/stand-on\/","title":{"rendered":"Stand-on"},"content":{"rendered":"<div class=\"wpb-content-wrapper\"><p>[vc_row][vc_column]\n  <div class=\"page-intro-block size-fit-image style-dark font-large\">\n         <div class=\"page-intro-block-i\">\n      <div class=\"row\">\n        <div class=\"page-intro-content\">\n            <div class=\"title-block\">\n                                     <h2><span class=\"pt\">Stand-On Scrubber Driers<\/span>Le lavasciuga pavimenti TASKI sono l&#039;apice dell&#039;&lt;strong&gt;eccellenza nella pulizia e della produttivit\u00e0.&lt;\/strong&gt;<\/h2>\n                                                 <\/div>\n            <div class=\"page-intro-image\">\n                                <div class=\"page-intro-image-alt\">\n                    \n                    <img decoding=\"async\" src=\"https:\/\/staging.taski.com\/wp-content\/uploads\/2021\/01\/XP_R-brush-deck-closeup.jpg\" alt=\"\" \/>\n\n                <\/div>\n            <\/div>\n        <\/div>\n      <\/div>\n\n\n    <\/div>\n  <\/div>\n  <div class=\"cl-fl\"><\/div>\n[\/vc_column][\/vc_row][vc_row][vc_column][vc_basic_grid post_type=&#8221;taski-products&#8221; max_items=&#8221;-1&#8243; style=&#8221;load-more&#8221; items_per_page=&#8221;6&#8243; show_filter=&#8221;yes&#8221; element_width=&#8221;2&#8243; gap=&#8221;35&#8243; orderby=&#8221;menu_order&#8221; order=&#8221;ASC&#8221; filter_style=&#8221;default-less-rounded&#8221; filter_color=&#8221;orange&#8221; filter_size=&#8221;lg&#8221; item=&#8221;50527&#8243; css=&#8221;.vc_custom_1739976518085{margin-top: 20px !important;margin-bottom: 80px !important;}&#8221; grid_id=&#8221;vc_gid:1739976482320-c2356433-788e-4&#8243; taxonomies=&#8221;22&#8243; filter_source=&#8221;taski_product__category&#8221; exclude_filter=&#8221;22, 20&#8243;][\/vc_column][\/vc_row][vc_row css=&#8221;.vc_custom_1606587476742{padding-top: 80px !important;padding-bottom: 95px !important;}&#8221;][vc_column]\n  <div class=\"product-description-block style-dark image-right\">\n    <div class=\"product-description-block-i\">\n        <div class=\"product-description-block-content\">\n          <div class=\"product-description-block-title\">\n                            <div class=\"pdbt-icon\"><img decoding=\"async\" src=\"https:\/\/staging.taski.com\/wp-content\/uploads\/2020\/12\/clock.png\" \/><\/div>\n                <div class=\"pdbt-text\">Efficienza operativa<\/div>\n                      <\/div>\n          <div class=\"product-description-block-text\"><p>Tutte le lavasciuga pavimenti TASKI ULTIMAXX e swingo eliminano il tempo improduttivo. <strong>I comandi intuitivi, il tergipavimento autoregolante e i punti di manutenzione gialli facili da pulire<\/strong> aumentano il tempo di pulizia disponibile. Con la nuovissima gamma ULTIMAXX puoi personalizzare ulteriormente la tua macchina con <strong>IntelliTouch, IntelliZone<\/strong> e persino un <strong>pulsante TWISTER<\/strong> per una produttivit\u00e0 senza precedenti. Mai prima d&#8217;ora l&#8217;eccellenza nella pulizia e la massima efficienza sono state cos\u00ec facili da raggiungere.  <\/p>\n<\/div>\n        <\/div>\n        <div class=\"product-description-block-image\" style=\"background-image:url(https:\/\/staging.taski.com\/wp-content\/uploads\/2022\/04\/TASKI-ULTIMAXX-1900-Attachemnts_cropped.png)\">\n\n        <\/div>\n    <\/div>\n  <\/div>\n  <div class=\"cl-fl\"><\/div>\n\n  <div class=\"product-description-block style-light image-left\">\n    <div class=\"product-description-block-i\">\n        <div class=\"product-description-block-content\">\n          <div class=\"product-description-block-title\">\n                            <div class=\"pdbt-icon\"><img decoding=\"async\" src=\"https:\/\/staging.taski.com\/wp-content\/uploads\/2020\/12\/people.png\" \/><\/div>\n                <div class=\"pdbt-text\">Persone e sicurezza<\/div>\n                      <\/div>\n          <div class=\"product-description-block-text\"><p>Le lavapavimenti TASKI ULTIMAXX e swingo sono <strong>progettate in modo ergonomico<\/strong> per l&#8217;utente. L&#8217;impugnatura o il volante ergonomici e completamente regolabili <strong>assicurano il massimo comfort<\/strong>. ULTIMAXX <strong>IntelliTouch<\/strong> \u00e8 un cruscotto touchscreen intuitivo con icone comuni che <strong>richiede poca formazione<\/strong>. Quando la formazione \u00e8 necessaria, gli utenti possono collegarsi a una serie di strumenti di supporto che includono la possibilit\u00e0 di guardare video e accedere ad applicazioni interattive. Scegli ULTIMAXX e opta per l&#8217;EBU (unit\u00e0 elettronica di sollevamento delle spazzole) e non dovrai toccare le spazzole o i pad drive. Scegli Intelliscrub e la pressione della pressione per essere giudicato con precisione. Per una personalizzazione completa, scegli <strong>IntelliZone<\/strong> per impostare tutti i parametri in modo perfetto per una pulizia sempre ottimale      <\/p>\n<\/div>\n        <\/div>\n        <div class=\"product-description-block-image\" style=\"background-image:url(https:\/\/staging.taski.com\/wp-content\/uploads\/2022\/04\/Wallchart_024.jpg)\">\n\n        <\/div>\n    <\/div>\n  <\/div>\n  <div class=\"cl-fl\"><\/div>\n\n  <div class=\"product-description-block style-light image-right\">\n    <div class=\"product-description-block-i\">\n        <div class=\"product-description-block-content\">\n          <div class=\"product-description-block-title\">\n                            <div class=\"pdbt-icon\"><img decoding=\"async\" src=\"https:\/\/staging.taski.com\/wp-content\/uploads\/2020\/12\/sustainability.svg\" \/><\/div>\n                <div class=\"pdbt-text\">Sostenibilit\u00e0<\/div>\n                      <\/div>\n          <div class=\"product-description-block-text\"><p>I modelli TASKI ULTIMAXX Performance e swingo power sono dotati di <strong>IntelliFlow per coprire pi\u00f9 m2<\/strong> con un solo pieno. IntelliFlow con <strong>IntelliDose pu\u00f2 ridurre il consumo di acqua e prodotti chimici di oltre il 70%.<\/strong> <\/p>\n<\/div>\n        <\/div>\n        <div class=\"product-description-block-image\" style=\"background-image:url(https:\/\/staging.taski.com\/wp-content\/uploads\/2022\/04\/ULTIMAXX-1900-IntelliDose-PLUS.jpg)\">\n\n        <\/div>\n    <\/div>\n  <\/div>\n  <div class=\"cl-fl\"><\/div>\n\n  <div class=\"product-description-block style-dark image-left\">\n    <div class=\"product-description-block-i\">\n        <div class=\"product-description-block-content\">\n          <div class=\"product-description-block-title\">\n                            <div class=\"pdbt-icon\"><img decoding=\"async\" src=\"https:\/\/staging.taski.com\/wp-content\/uploads\/2020\/11\/globe.png\" \/><\/div>\n                <div class=\"pdbt-text\">Ottimizzazione del capitale di lavoro<\/div>\n                      <\/div>\n          <div class=\"product-description-block-text\"><p>Con una ricarica fino a <strong>3 volte<\/strong> pi\u00f9 veloce, le lavasciuga pavimenti ULTIMAXX e swingo <strong>IntelliPowered<\/strong> sono sempre disponibili quando le batterie tradizionali sono ancora in carica. Ci\u00f2 significa che potrebbe non essere necessaria una seconda macchina. Scegli la nuovissima ULTIMAXX con <strong>IntelliScrub<\/strong> e prolunga ulteriormente l&#8217;autonomia della tua batteria. Fino al <strong>70%<\/strong> in pi\u00f9. Questo s\u00ec che \u00e8 un vero <strong>ritorno sull&#8217;investimento<\/strong>.    <\/p>\n<\/div>\n        <\/div>\n        <div class=\"product-description-block-image\" style=\"background-image:url(https:\/\/staging.taski.com\/wp-content\/uploads\/2020\/12\/TASKI-Intellipower.png)\">\n\n        <\/div>\n    <\/div>\n  <\/div>\n  <div class=\"cl-fl\"><\/div>\n\n  <div class=\"product-description-block style-light image-right\">\n    <div class=\"product-description-block-i\">\n        <div class=\"product-description-block-content\">\n          <div class=\"product-description-block-title\">\n                            <div class=\"pdbt-icon\"><img decoding=\"async\" src=\"https:\/\/staging.taski.com\/wp-content\/uploads\/2020\/12\/tco.svg\" \/><\/div>\n                <div class=\"pdbt-text\">Costo totale di propriet\u00e0<\/div>\n                      <\/div>\n          <div class=\"product-description-block-text\"><p>Le lavasciuga pavimenti TASKI ULTIMAXX e swingo sono studiate e progettate per <strong>ridurre i costi<\/strong> in ogni fase della gestione. Un&#8217;attenta selezione significa <strong>meno tempo improduttivo e meno tempi di inattivit\u00e0<\/strong>. Le soluzioni intelligenti consumano <strong>meno energia, acqua e prodotti chimici.<\/strong> I costi di manutenzione si riducono grazie a <strong>interventi meno frequenti e a un minor numero di guasti<\/strong>. Le macchine progettate per durare nel tempo devono essere <strong>sostituite meno frequentemente<\/strong>. Con il nuovo ULTIMAXX, l&#8217;ecosistema digitale completamente connesso e il <strong>cruscotto IntelliTouch<\/strong>, insieme a <strong>IntellTrail 2.0 e IntelliPredict<\/strong>, significa che i tempi di inattivit\u00e0 appartengono al passato. Ora la tua macchina non dovr\u00e0 mai essere fuori gioco. Tutto questo si traduce nel <strong>pi\u00f9 basso costo totale di propriet\u00e0<\/strong> di TASKI <strong>e nel pi\u00f9 basso costo totale di pulizia.<\/strong>      <\/p>\n<\/div>\n        <\/div>\n        <div class=\"product-description-block-image\" style=\"background-image:url(https:\/\/staging.taski.com\/wp-content\/uploads\/2020\/12\/tco.jpg)\">\n\n        <\/div>\n    <\/div>\n  <\/div>\n  <div class=\"cl-fl\"><\/div>\n\n  <div class=\"product-description-block style-dark image-left\">\n    <div class=\"product-description-block-i\">\n        <div class=\"product-description-block-content\">\n          <div class=\"product-description-block-title\">\n                            <div class=\"pdbt-icon\"><img decoding=\"async\" src=\"https:\/\/staging.taski.com\/wp-content\/uploads\/2020\/12\/calculator.png\" \/><\/div>\n                <div class=\"pdbt-text\">Controllo dei costi<\/div>\n                      <\/div>\n          <div class=\"product-description-block-text\"><p>Le opzioni di assistenza TASKI <strong>riducono al minimo i tempi di inattivit\u00e0, i costi di riparazione e prolungano la vita<\/strong> della tua lavasciuga pavimenti ULTIMAXX o swingo.<br \/>Con ULTIMAXX scegli<strong> IntelliPredict<\/strong> e accedi a una tecnologia elettronica all&#8217;avanguardia, che collega e controlla tutte le parti elettroniche come motori, pompe e caricabatterie. ULTIMAXX cambier\u00e0 radicalmente il panorama passando a un modello di gestione proattiva dei tempi di attivit\u00e0 con la gestione predittiva dei componenti. Approfittane e <strong>risparmia il 25%<\/strong> sulle spese di riparazione.  <\/p>\n<\/div>\n        <\/div>\n        <div class=\"product-description-block-image\" style=\"background-image:url(https:\/\/staging.taski.com\/wp-content\/uploads\/2022\/04\/Diversey-People-scaled.jpg)\">\n\n        <\/div>\n    <\/div>\n  <\/div>\n  <div class=\"cl-fl\"><\/div>\n[\/vc_column][\/vc_row][vc_row][vc_column][vc_row_inner][vc_column_inner]\n  <div class=\"three-cta-block\">\n    <div class=\"three-cta-block-i\">\n      <div class=\"row\">\n        <div class=\"three-cta-block-grid\">\n           <div class=\"three-cta-item\">\n            <div class=\"tci-i\">\n             <div class=\"tci-item-content\">\n                <h5>&lt;strong&gt;Guarda le nostre&lt;\/strong&gt; soluzioni per il settore&lt;br&gt;&lt;br&gt;<\/h5>\n                <a href=\"\/products-innovations-solutions\/\"><p>PRODOTTI, <br \/> SOLUZIONI E INNOVAZIONI <br \/><\/p><\/a>\n             <\/div>\n            <\/div>\n           <\/div>\n           <div class=\"three-cta-item\">\n            <div class=\"tci-i\">\n             <div class=\"tci-item-content\">\n                <h5>&lt;strong&gt;Vuoi&lt;\/strong&gt;&lt;br&gt;ACQUISTA<\/h5>\n                <a href=\"\/shop\/\"><p>IL MIO TASKI<br \/>SHOP<\/p><\/a>\n             <\/div>\n            <\/div>\n           <\/div>\n           <div class=\"three-cta-item\">\n            <div class=\"tci-i\">\n             <div class=\"tci-item-content\">\n                <h5>&lt;strong&gt;Entra in contatto con&lt;\/strong&gt;&lt;br&gt;con&lt;br&gt;noi<\/h5>\n                <a href=\"\/news-help-contacts\/\"><p>Contattaci<\/p><\/a>\n             <\/div>\n            <\/div>\n           <\/div>\n        <\/div>\n      <\/div>\n    <\/div>\n  <\/div>\n  <div class=\"cl-fl\"><\/div>\n[\/vc_column_inner][\/vc_row_inner][\/vc_column][\/vc_row][vc_row][vc_column][vc_column_text][\/vc_column_text][\/vc_column][\/vc_row]<\/p>\n<\/div>","protected":false},"excerpt":{"rendered":"<p>[vc_row][vc_column][\/vc_column][\/vc_row][vc_row][vc_column][vc_basic_grid post_type=&#8221;taski-products&#8221; max_items=&#8221;-1&#8243; style=&#8221;load-more&#8221; items_per_page=&#8221;6&#8243; show_filter=&#8221;yes&#8221; element_width=&#8221;2&#8243; gap=&#8221;35&#8243; orderby=&#8221;menu_order&#8221; order=&#8221;ASC&#8221; filter_style=&#8221;default-less-rounded&#8221; filter_color=&#8221;orange&#8221; filter_size=&#8221;lg&#8221; item=&#8221;50527&#8243; css=&#8221;.vc_custom_1739976518085{margin-top: 20px !important;margin-bottom: 80px !important;}&#8221; grid_id=&#8221;vc_gid:1739976482320-c2356433-788e-4&#8243; taxonomies=&#8221;22&#8243; filter_source=&#8221;taski_product__category&#8221; exclude_filter=&#8221;22, 20&#8243;][\/vc_column][\/vc_row][vc_row css=&#8221;.vc_custom_1606587476742{padding-top: 80px !important;padding-bottom: 95px !important;}&#8221;][vc_column][\/vc_column][\/vc_row][vc_row][vc_column][vc_row_inner][vc_column_inner][\/vc_column_inner][\/vc_row_inner][\/vc_column][\/vc_row][vc_row][vc_column][vc_column_text][\/vc_column_text][\/vc_column][\/vc_row]<\/p>\n","protected":false},"author":1,"featured_media":0,"parent":8511,"menu_order":450,"comment_status":"closed","ping_status":"closed","template":"page-products.php","meta":{"_acf_changed":false,"_seopress_robots_primary_cat":"","_seopress_titles_title":"","_seopress_titles_desc":"","_seopress_robots_index":"","inline_featured_image":false,"footnotes":""},"class_list":["post-55035","page","type-page","status-publish","hentry"],"acf":[],"_links":{"self":[{"href":"https:\/\/staging.taski.com\/it\/wp-json\/wp\/v2\/pages\/55035","targetHints":{"allow":["GET"]}}],"collection":[{"href":"https:\/\/staging.taski.com\/it\/wp-json\/wp\/v2\/pages"}],"about":[{"href":"https:\/\/staging.taski.com\/it\/wp-json\/wp\/v2\/types\/page"}],"author":[{"embeddable":true,"href":"https:\/\/staging.taski.com\/it\/wp-json\/wp\/v2\/users\/1"}],"replies":[{"embeddable":true,"href":"https:\/\/staging.taski.com\/it\/wp-json\/wp\/v2\/comments?post=55035"}],"version-history":[{"count":10,"href":"https:\/\/staging.taski.com\/it\/wp-json\/wp\/v2\/pages\/55035\/revisions"}],"predecessor-version":[{"id":55099,"href":"https:\/\/staging.taski.com\/it\/wp-json\/wp\/v2\/pages\/55035\/revisions\/55099"}],"up":[{"embeddable":true,"href":"https:\/\/staging.taski.com\/it\/wp-json\/wp\/v2\/pages\/8511"}],"wp:attachment":[{"href":"https:\/\/staging.taski.com\/it\/wp-json\/wp\/v2\/media?parent=55035"}],"curies":[{"name":"wp","href":"https:\/\/api.w.org\/{rel}","templated":true}]}}