{"id":54849,"date":"2025-02-18T13:32:32","date_gmt":"2025-02-18T13:32:32","guid":{"rendered":"https:\/\/staging.taski.com\/prodotti-innovazioni-e-soluzioni\/prodotti\/dischi-singoli\/batteria-dischi-singoli\/"},"modified":"2025-08-25T14:57:00","modified_gmt":"2025-08-25T14:57:00","slug":"batteria-dischi-singoli","status":"publish","type":"page","link":"https:\/\/staging.taski.com\/it\/prodotti-innovazioni-e-soluzioni\/prodotti\/dischi-singoli\/batteria-dischi-singoli\/","title":{"rendered":"Batteria Dischi singoli"},"content":{"rendered":"<div class=\"wpb-content-wrapper\"><p>[vc_row][vc_column]\n  <div class=\"page-intro-block size-fit-image style-dark font-large\">\n         <div class=\"page-intro-block-i\">\n      <div class=\"row\">\n        <div class=\"page-intro-content\">\n            <div class=\"title-block\">\n                                     <h2><span class=\"pt\">Battery Single Discs<\/span>La gamma ergodisc \u00e8 leggendaria per &lt;strong&gt;qualit\u00e0 e affidabilit\u00e0.&lt;\/strong&gt; &lt;strong&gt; Design, costruzione e precisione&lt;\/strong&gt; senza pari &lt;strong&gt;.&lt;\/strong&gt;<\/h2>\n                                                 <\/div>\n            <div class=\"page-intro-image\">\n                                <div class=\"page-intro-image-alt\">\n                    \n                    <img decoding=\"async\" src=\"https:\/\/staging.taski.com\/wp-content\/uploads\/2020\/12\/DSC_0012-scaled.jpg\" alt=\"\" \/>\n\n                <\/div>\n            <\/div>\n        <\/div>\n      <\/div>\n\n\n    <\/div>\n  <\/div>\n  <div class=\"cl-fl\"><\/div>\n[\/vc_column][\/vc_row][vc_row][vc_column][vc_basic_grid post_type=&#8221;taski-products&#8221; style=&#8221;load-more&#8221; show_filter=&#8221;yes&#8221; element_width=&#8221;2&#8243; gap=&#8221;35&#8243; orderby=&#8221;menu_order&#8221; order=&#8221;ASC&#8221; filter_style=&#8221;default-less-rounded&#8221; filter_color=&#8221;orange&#8221; filter_size=&#8221;lg&#8221; item=&#8221;50527&#8243; css=&#8221;.vc_custom_1739885547407{margin-top: 20px !important;margin-bottom: 80px !important;}&#8221; max_items=&#8221;-1&#8243; items_per_page=&#8221;6&#8243; grid_id=&#8221;vc_gid:1749746323822-1fa2ebc2-482c-3&#8243; taxonomies=&#8221;623&#8243; filter_source=&#8221;taski_product__category&#8221; exclude_filter=&#8221;623&#8243;][\/vc_column][\/vc_row][vc_row css=&#8221;.vc_custom_1606587476742{padding-top: 80px !important;padding-bottom: 95px !important;}&#8221;][vc_column]\n  <div class=\"product-description-block style-light image-left\">\n    <div class=\"product-description-block-i\">\n        <div class=\"product-description-block-content\">\n          <div class=\"product-description-block-title\">\n                            <div class=\"pdbt-icon\"><img decoding=\"async\" src=\"https:\/\/staging.taski.com\/wp-content\/uploads\/2020\/12\/dollar.png\" \/><\/div>\n                <div class=\"pdbt-text\">Costo totale di propriet\u00e0<\/div>\n                      <\/div>\n          <div class=\"product-description-block-text\"><p>La leggendaria qualit\u00e0 e la robustezza di TASKI fanno s\u00ec che la gamma ergodisc non si fermi mai.<\/p>\n<p>Ultra affidabili, le macchine ergodisc sono in grado <strong>di fornire prestazioni impeccabili<\/strong> e rappresentano un <strong>eccellente rapporto qualit\u00e0-prezzo<\/strong>.<\/p>\n<\/div>\n        <\/div>\n        <div class=\"product-description-block-image\" style=\"background-image:url(https:\/\/staging.taski.com\/wp-content\/uploads\/2021\/01\/Ergo-Disc_2_mediumsize-scaled.jpg)\">\n\n        <\/div>\n    <\/div>\n  <\/div>\n  <div class=\"cl-fl\"><\/div>\n\n  <div class=\"product-description-block style-dark image-right\">\n    <div class=\"product-description-block-i\">\n        <div class=\"product-description-block-content\">\n          <div class=\"product-description-block-title\">\n                            <div class=\"pdbt-icon\"><img decoding=\"async\" src=\"https:\/\/staging.taski.com\/wp-content\/uploads\/2020\/12\/clock.png\" \/><\/div>\n                <div class=\"pdbt-text\">Efficienza operativa<\/div>\n                      <\/div>\n          <div class=\"product-description-block-text\"><p>Quando il tempo \u00e8 denaro, ergodisc fa il lavoro <strong>al primo colpo, ogni volta<\/strong>.<\/p>\n<\/div>\n        <\/div>\n        <div class=\"product-description-block-image\" style=\"background-image:url(https:\/\/staging.taski.com\/wp-content\/uploads\/2020\/12\/single-discs.jpg)\">\n\n        <\/div>\n    <\/div>\n  <\/div>\n  <div class=\"cl-fl\"><\/div>\n\n  <div class=\"product-description-block style-light image-left\">\n    <div class=\"product-description-block-i\">\n        <div class=\"product-description-block-content\">\n          <div class=\"product-description-block-title\">\n                            <div class=\"pdbt-icon\"><img decoding=\"async\" src=\"https:\/\/staging.taski.com\/wp-content\/uploads\/2020\/12\/people.png\" \/><\/div>\n                <div class=\"pdbt-text\">Persone e sicurezza<\/div>\n                      <\/div>\n          <div class=\"product-description-block-text\"><p>L<strong>&#8216;<\/strong> impugnatura regolabile dal design<strong>ergonomico<\/strong> con protezione per le mani, l&#8217;avviamento graduale e il funzionamento a vibrazioni morbide <strong>riducono l&#8217;affaticamento del tuo team<\/strong>.<\/p>\n<\/div>\n        <\/div>\n        <div class=\"product-description-block-image\" style=\"background-image:url(https:\/\/staging.taski.com\/wp-content\/uploads\/2021\/01\/ergodisc-165-Image-4.jpg)\">\n\n        <\/div>\n    <\/div>\n  <\/div>\n  <div class=\"cl-fl\"><\/div>\n[\/vc_column][\/vc_row][vc_row][vc_column][vc_row_inner][vc_column_inner]\n  <div class=\"three-cta-block\">\n    <div class=\"three-cta-block-i\">\n      <div class=\"row\">\n        <div class=\"three-cta-block-grid\">\n           <div class=\"three-cta-item\">\n            <div class=\"tci-i\">\n             <div class=\"tci-item-content\">\n                <h5>&lt;strong&gt;Guarda le nostre&lt;\/strong&gt; soluzioni per il settore<\/h5><\/div><\/div><\/div><\/div><\/div><\/div><\/div><\/p>\n<p>\n                <a href=\"\/products-innovations-solutions\/\"><p>PRODOTTI, <br \/> SOLUZIONI E INNOVAZIONI <br \/><\/p><\/a>\n             <\/p><\/div>\n            \n           \n           <div class=\"three-cta-item\">\n            <div class=\"tci-i\">\n             <div class=\"tci-item-content\">\n                <h5>&lt;strong&gt;Scopri le ultime&lt;\/strong&gt; innovazioni di<br \/>\nTASKI<br \/>\n<\/h5>\n                <a href=\"\/products-innovations-solutions\/innovations\/\"><p>INNOVAZIONI<\/p><\/a>\n             <\/div>\n            <\/div>\n           <\/div>\n           <div class=\"three-cta-item\">\n            <div class=\"tci-i\">\n             <div class=\"tci-item-content\">\n                <h5>&lt;strong&gt;Entra in contatto con&lt;\/strong&gt;<br \/>\ncon<br \/>\nnoi<\/h5>\n                <a href=\"\/news-help-contacts\/\"><p>Contattaci<\/p><\/a>\n             <\/div>\n            <\/div>\n           <\/div>\n        \n      \n    \n  \n  <div class=\"cl-fl\"><\/div>\n[\/vc_column_inner][\/vc_row_inner][\/vc_column][\/vc_row]\n","protected":false},"excerpt":{"rendered":"<p>[vc_row][vc_column][\/vc_column][\/vc_row][vc_row][vc_column][vc_basic_grid post_type=&#8221;taski-products&#8221; style=&#8221;load-more&#8221; show_filter=&#8221;yes&#8221; element_width=&#8221;2&#8243; gap=&#8221;35&#8243; orderby=&#8221;menu_order&#8221; order=&#8221;ASC&#8221; filter_style=&#8221;default-less-rounded&#8221; filter_color=&#8221;orange&#8221; filter_size=&#8221;lg&#8221; item=&#8221;50527&#8243; css=&#8221;.vc_custom_1739885547407{margin-top: 20px !important;margin-bottom: 80px !important;}&#8221; max_items=&#8221;-1&#8243; items_per_page=&#8221;6&#8243; grid_id=&#8221;vc_gid:1749746323822-1fa2ebc2-482c-3&#8243; taxonomies=&#8221;623&#8243; filter_source=&#8221;taski_product__category&#8221; exclude_filter=&#8221;623&#8243;][\/vc_column][\/vc_row][vc_row css=&#8221;.vc_custom_1606587476742{padding-top: 80px !important;padding-bottom: 95px !important;}&#8221;][vc_column][\/vc_column][\/vc_row][vc_row][vc_column][vc_row_inner][vc_column_inner][\/vc_column_inner][\/vc_row_inner][\/vc_column][\/vc_row]<\/p>\n","protected":false},"author":1,"featured_media":0,"parent":7930,"menu_order":370,"comment_status":"closed","ping_status":"closed","template":"page-products.php","meta":{"_acf_changed":false,"_seopress_robots_primary_cat":"","_seopress_titles_title":"","_seopress_titles_desc":"","_seopress_robots_index":"","inline_featured_image":false,"footnotes":""},"class_list":["post-54849","page","type-page","status-publish","hentry"],"acf":[],"_links":{"self":[{"href":"https:\/\/staging.taski.com\/it\/wp-json\/wp\/v2\/pages\/54849","targetHints":{"allow":["GET"]}}],"collection":[{"href":"https:\/\/staging.taski.com\/it\/wp-json\/wp\/v2\/pages"}],"about":[{"href":"https:\/\/staging.taski.com\/it\/wp-json\/wp\/v2\/types\/page"}],"author":[{"embeddable":true,"href":"https:\/\/staging.taski.com\/it\/wp-json\/wp\/v2\/users\/1"}],"replies":[{"embeddable":true,"href":"https:\/\/staging.taski.com\/it\/wp-json\/wp\/v2\/comments?post=54849"}],"version-history":[{"count":4,"href":"https:\/\/staging.taski.com\/it\/wp-json\/wp\/v2\/pages\/54849\/revisions"}],"predecessor-version":[{"id":54878,"href":"https:\/\/staging.taski.com\/it\/wp-json\/wp\/v2\/pages\/54849\/revisions\/54878"}],"up":[{"embeddable":true,"href":"https:\/\/staging.taski.com\/it\/wp-json\/wp\/v2\/pages\/7930"}],"wp:attachment":[{"href":"https:\/\/staging.taski.com\/it\/wp-json\/wp\/v2\/media?parent=54849"}],"curies":[{"name":"wp","href":"https:\/\/api.w.org\/{rel}","templated":true}]}}