{"id":14260,"date":"2021-01-20T16:29:06","date_gmt":"2021-01-20T16:29:06","guid":{"rendered":"https:\/\/taski.com\/product\/swingo-350-b-bms\/"},"modified":"2021-03-29T10:27:36","modified_gmt":"2021-03-29T10:27:36","slug":"swingo-350-b-bms","status":"publish","type":"product","link":"https:\/\/staging.taski.com\/fr\/produit\/swingo-350-b-bms\/","title":{"rendered":"swingo 350 B BMS"},"content":{"rendered":"","protected":false},"excerpt":{"rendered":"<p>Gr\u00e2ce \u00e0 l&rsquo;efficacit\u00e9 de sa brosse \u00e0 rouleau, le swingo 350 est id\u00e9al pour nettoyer dans les coins et le long des murs.<\/p>\n<p>Parfait pour les toilettes et les cuisines.<\/p>\n<h3>Caract\u00e9ristiques principales<\/h3>\n<p>Capacit\u00e9 du r\u00e9servoir de 10L<br \/>\nLargeur de travail de 35 cm<br \/>\nSyst\u00e8me de brosse \u00e0 rouleau<br \/>\nOptions de batterie \u00e9lectrique\/gel\/li-ion<\/p>\n<h3>Principaux avantages<\/h3>\n<p>Une action de r\u00e9curage m\u00e9canique \u00e9lev\u00e9e et une excellente prise d&rsquo;eau pour des sols propres et s\u00fbrs<br \/>\nProfil bas permettant de passer sous les appareils et les accessoires<br \/>\nQuadrill\u00e9 et d\u00e9cal\u00e9 pour un excellent nettoyage jusqu&rsquo;aux bords et dans les coins<br \/>\nPoign\u00e9e ergonomique et pliable et protection des mains pour la s\u00e9curit\u00e9 de l&rsquo;op\u00e9rateur.<br \/>\nChargeurs int\u00e9gr\u00e9s \u00e9lectriques ou sans c\u00e2ble avec des batteries au gel ou Li-Ion sans entretien.<\/p>\n","protected":false},"featured_media":14262,"template":"","meta":{"_acf_changed":false,"_seopress_robots_primary_cat":"","_seopress_titles_title":"","_seopress_titles_desc":"","_seopress_robots_index":"","inline_featured_image":false},"product_brand":[],"product_cat":[355,363],"product_tag":[],"class_list":{"0":"post-14260","1":"product","2":"type-product","3":"status-publish","4":"has-post-thumbnail","6":"product_cat-scrubber-driers-fr","7":"product_cat-marche-derriere","9":"first","10":"instock","11":"shipping-taxable","12":"purchasable","13":"product-type-simple"},"acf":[],"_links":{"self":[{"href":"https:\/\/staging.taski.com\/fr\/wp-json\/wp\/v2\/product\/14260","targetHints":{"allow":["GET"]}}],"collection":[{"href":"https:\/\/staging.taski.com\/fr\/wp-json\/wp\/v2\/product"}],"about":[{"href":"https:\/\/staging.taski.com\/fr\/wp-json\/wp\/v2\/types\/product"}],"wp:featuredmedia":[{"embeddable":true,"href":"https:\/\/staging.taski.com\/fr\/wp-json\/wp\/v2\/media\/14262"}],"wp:attachment":[{"href":"https:\/\/staging.taski.com\/fr\/wp-json\/wp\/v2\/media?parent=14260"}],"wp:term":[{"taxonomy":"product_brand","embeddable":true,"href":"https:\/\/staging.taski.com\/fr\/wp-json\/wp\/v2\/product_brand?post=14260"},{"taxonomy":"product_cat","embeddable":true,"href":"https:\/\/staging.taski.com\/fr\/wp-json\/wp\/v2\/product_cat?post=14260"},{"taxonomy":"product_tag","embeddable":true,"href":"https:\/\/staging.taski.com\/fr\/wp-json\/wp\/v2\/product_tag?post=14260"}],"curies":[{"name":"wp","href":"https:\/\/api.w.org\/{rel}","templated":true}]}}