{"id":14243,"date":"2021-01-20T16:21:23","date_gmt":"2021-01-20T16:21:23","guid":{"rendered":"https:\/\/taski.com\/product\/swingo-150-b-li-ion\/"},"modified":"2021-04-19T10:06:12","modified_gmt":"2021-04-19T10:06:12","slug":"swingo-150-b-li-ion-2","status":"publish","type":"product","link":"https:\/\/staging.taski.com\/fr\/produit\/swingo-150-b-li-ion-2\/","title":{"rendered":"Swingo 150 B Li-Ion"},"content":{"rendered":"","protected":false},"excerpt":{"rendered":"<p>Le Swingo 150 c&rsquo;est votre premier pas vers le nettoyage m\u00e9canis\u00e9.<\/p>\n<p>Une autolaveuse hyper compact pour des nettoyages localis\u00e9s et dans les espaces \u00e9troits.<\/p>\n<h3>Caract\u00e9ristiques principales<\/h3>\n<p>Capacit\u00e9 de r\u00e9servoir de 2,6 l<br \/>\nLargeur de travail 33cm<br \/>\nSyst\u00e8me de brosse \u00e0 rouleau<br \/>\nOption de piles \u00e9lectriques ou en lithium-ion.<\/p>\n<h3>Avantages principaux<\/h3>\n<p>Design l\u00e9ger et compact pour une utilisation facilit\u00e9e<br \/>\nEfficacit\u00e9 \u00e9lev\u00e9e des rouleaux m\u00e9caniques<br \/>\nNettoie et absorbe l&rsquo;eau en avant et en arri\u00e8re<br \/>\nDesign tr\u00e8s compact pour un stockage facilit\u00e9<br \/>\nMod\u00e8les avec batterie \u00e9lectrique ou \u00e0 piles Li-Ion<\/p>\n","protected":false},"featured_media":0,"template":"","meta":{"_acf_changed":false,"_seopress_robots_primary_cat":"","_seopress_titles_title":"","_seopress_titles_desc":"","_seopress_robots_index":"","inline_featured_image":false},"product_brand":[],"product_cat":[17],"product_tag":[],"class_list":{"0":"post-14243","1":"product","2":"type-product","3":"status-publish","5":"product_cat-accessories","7":"first","8":"instock","9":"shipping-taxable","10":"purchasable","11":"product-type-simple"},"acf":[],"_links":{"self":[{"href":"https:\/\/staging.taski.com\/fr\/wp-json\/wp\/v2\/product\/14243","targetHints":{"allow":["GET"]}}],"collection":[{"href":"https:\/\/staging.taski.com\/fr\/wp-json\/wp\/v2\/product"}],"about":[{"href":"https:\/\/staging.taski.com\/fr\/wp-json\/wp\/v2\/types\/product"}],"wp:attachment":[{"href":"https:\/\/staging.taski.com\/fr\/wp-json\/wp\/v2\/media?parent=14243"}],"wp:term":[{"taxonomy":"product_brand","embeddable":true,"href":"https:\/\/staging.taski.com\/fr\/wp-json\/wp\/v2\/product_brand?post=14243"},{"taxonomy":"product_cat","embeddable":true,"href":"https:\/\/staging.taski.com\/fr\/wp-json\/wp\/v2\/product_cat?post=14243"},{"taxonomy":"product_tag","embeddable":true,"href":"https:\/\/staging.taski.com\/fr\/wp-json\/wp\/v2\/product_tag?post=14243"}],"curies":[{"name":"wp","href":"https:\/\/api.w.org\/{rel}","templated":true}]}}