{"id":14239,"date":"2021-01-25T14:12:07","date_gmt":"2021-01-25T14:12:07","guid":{"rendered":"https:\/\/taski.com\/product\/aero-bp-b-li-ion-b-plus\/"},"modified":"2021-04-19T10:35:43","modified_gmt":"2021-04-19T10:35:43","slug":"7524498-taski-aero-bp-b-li-ion-plus-2","status":"publish","type":"product","link":"https:\/\/staging.taski.com\/fr\/produit\/7524498-taski-aero-bp-b-li-ion-plus-2\/","title":{"rendered":"AERO BP B Li-Ion &amp; B Plus"},"content":{"rendered":"","protected":false},"excerpt":{"rendered":"<p>Aspirateur dorsal \u00e0 electrique ou \u00e0 piles<\/p>\n<h3>Caract\u00e9rstiques principales<\/h3>\n<p>Batterie digitale ou en Li-Ion<br \/>\nFonction 3 en 1 &#8211; Sac \u00e0 dos \/ Aspirateur \u00e0 tubes \/ Souffleuse<br \/>\nMod\u00e8les \u00e9lectriques, \u00e0 batterie et batterie Plus<\/p>\n<h3>Avantages principaux<\/h3>\n<p>Poid l\u00e9ger inf\u00e9rieur \u00e0 6kg qui r\u00e9duit la fatigue<br \/>\n3 en 1- Sac \u00e0 dos + Aspirateur \u00e0 tube + Syst\u00e8me d&rsquo;\u00e9vacuation dans un seul sac &#8211; excellent rapport qualit\u00e9-prix<br \/>\nFacilement convertible en aspirateur \u00e0 tube \u00e0 batterie et convient aux chariots TASKI.<br \/>\nSac \u00e0 dos de qualit\u00e9 super l\u00e9ger pour une meilleure \u00e9rgonomie<\/p>\n<p>Le mod\u00e8le B Plus offre contr\u00f4le \u00e0 distance et une dur\u00e9e d&rsquo;utilisation de 60 minutes.<\/p>\n","protected":false},"featured_media":0,"template":"","meta":{"_acf_changed":false,"_seopress_robots_primary_cat":"","_seopress_titles_title":"","_seopress_titles_desc":"","_seopress_robots_index":"","inline_featured_image":false},"product_brand":[],"product_cat":[17],"product_tag":[],"class_list":{"0":"post-14239","1":"product","2":"type-product","3":"status-publish","5":"product_cat-accessories","7":"first","8":"instock","9":"shipping-taxable","10":"purchasable","11":"product-type-simple"},"acf":[],"_links":{"self":[{"href":"https:\/\/staging.taski.com\/fr\/wp-json\/wp\/v2\/product\/14239","targetHints":{"allow":["GET"]}}],"collection":[{"href":"https:\/\/staging.taski.com\/fr\/wp-json\/wp\/v2\/product"}],"about":[{"href":"https:\/\/staging.taski.com\/fr\/wp-json\/wp\/v2\/types\/product"}],"wp:attachment":[{"href":"https:\/\/staging.taski.com\/fr\/wp-json\/wp\/v2\/media?parent=14239"}],"wp:term":[{"taxonomy":"product_brand","embeddable":true,"href":"https:\/\/staging.taski.com\/fr\/wp-json\/wp\/v2\/product_brand?post=14239"},{"taxonomy":"product_cat","embeddable":true,"href":"https:\/\/staging.taski.com\/fr\/wp-json\/wp\/v2\/product_cat?post=14239"},{"taxonomy":"product_tag","embeddable":true,"href":"https:\/\/staging.taski.com\/fr\/wp-json\/wp\/v2\/product_tag?post=14239"}],"curies":[{"name":"wp","href":"https:\/\/api.w.org\/{rel}","templated":true}]}}