{"id":14235,"date":"2021-02-02T13:41:33","date_gmt":"2021-02-02T13:41:33","guid":{"rendered":"https:\/\/taski.com\/product\/jet-50\/"},"modified":"2021-03-29T09:58:17","modified_gmt":"2021-03-29T09:58:17","slug":"jet-50","status":"publish","type":"product","link":"https:\/\/staging.taski.com\/fr\/produit\/jet-50\/","title":{"rendered":"jet 50"},"content":{"rendered":"","protected":false},"excerpt":{"rendered":"<p>Puissants aspirateurs verticaux de 50 cm \u00e0 double moteur<\/p>\n<h3>Caract\u00e9ristiques principales<\/h3>\n<p>Moteurs jumel\u00e9s pour la performance et la durabilit\u00e9<br \/>\nLargeur de travail de 38 cm ou 50 cm<br \/>\nOutils int\u00e9gr\u00e9s<\/p>\n<h3>Principaux avantages<\/h3>\n<p>Deux moteurs puissants pour une brosse et une aspiration combin\u00e9es<br \/>\nLargeur de travail de 38 ou 50 cm pour une productivit\u00e9 en toute agilit\u00e9<br \/>\nConstruction durable pour une longue dur\u00e9e de vie et un excellent retour sur investissement<br \/>\nOutils int\u00e9gr\u00e9s et tuyau d&rsquo;extension pour le nettoyage des bords et le niveau \u00e9lev\u00e9.<\/p>\n","protected":false},"featured_media":11714,"template":"","meta":{"_acf_changed":false,"_seopress_robots_primary_cat":"","_seopress_titles_title":"","_seopress_titles_desc":"","_seopress_robots_index":"","inline_featured_image":false},"product_brand":[],"product_cat":[377,378],"product_tag":[],"class_list":{"0":"post-14235","1":"product","2":"type-product","3":"status-publish","4":"has-post-thumbnail","6":"product_cat-debout","7":"product_cat-vacuum-cleaners-fr","9":"first","10":"instock","11":"shipping-taxable","12":"purchasable","13":"product-type-simple"},"acf":[],"_links":{"self":[{"href":"https:\/\/staging.taski.com\/fr\/wp-json\/wp\/v2\/product\/14235","targetHints":{"allow":["GET"]}}],"collection":[{"href":"https:\/\/staging.taski.com\/fr\/wp-json\/wp\/v2\/product"}],"about":[{"href":"https:\/\/staging.taski.com\/fr\/wp-json\/wp\/v2\/types\/product"}],"wp:featuredmedia":[{"embeddable":true,"href":"https:\/\/staging.taski.com\/fr\/wp-json\/wp\/v2\/media\/11714"}],"wp:attachment":[{"href":"https:\/\/staging.taski.com\/fr\/wp-json\/wp\/v2\/media?parent=14235"}],"wp:term":[{"taxonomy":"product_brand","embeddable":true,"href":"https:\/\/staging.taski.com\/fr\/wp-json\/wp\/v2\/product_brand?post=14235"},{"taxonomy":"product_cat","embeddable":true,"href":"https:\/\/staging.taski.com\/fr\/wp-json\/wp\/v2\/product_cat?post=14235"},{"taxonomy":"product_tag","embeddable":true,"href":"https:\/\/staging.taski.com\/fr\/wp-json\/wp\/v2\/product_tag?post=14235"}],"curies":[{"name":"wp","href":"https:\/\/api.w.org\/{rel}","templated":true}]}}