{"id":14211,"date":"2021-01-25T14:12:07","date_gmt":"2021-01-25T14:12:07","guid":{"rendered":"https:\/\/taski.com\/product\/aero-bp-b-li-ion-b-plus\/"},"modified":"2021-03-29T10:22:47","modified_gmt":"2021-03-29T10:22:47","slug":"7524498-taski-aero-bp-b-li-ion-plus","status":"publish","type":"product","link":"https:\/\/staging.taski.com\/fr\/produit\/7524498-taski-aero-bp-b-li-ion-plus\/","title":{"rendered":"AERO BP B Li-Ion &amp; B Plus"},"content":{"rendered":"","protected":false},"excerpt":{"rendered":"<p>Aspirateurs dorsaux \u00e9lectriques et \u00e0 batterie l\u00e9gers<\/p>\n<h3>Caract\u00e9ristiques principales<\/h3>\n<p>Num\u00e9rique et batterie Li-Ion<br \/>\nfonctions 3en1 &#8211; sac \u00e0 dos\/aspirateur tube\/souffleur<br \/>\nMod\u00e8les \u00e9lectriques, \u00e0 batterie et \u00e0 batterie plus<\/p>\n<h3>Principaux avantages<\/h3>\n<p>Le poids super l\u00e9ger de moins de 6 kg r\u00e9duit la fatigue.<br \/>\n3in1 &#8211; Sac \u00e0 dos + aspirateur tube + fonction de soufflerie tout en un &#8211; excellent rapport qualit\u00e9-prix<br \/>\nSe transforme facilement en aspirateur tube \u00e0 batterie ou en option pour s&rsquo;adapter aux chariots TASKI.<br \/>\nUn sac \u00e0 dos tr\u00e8s l\u00e9ger et des mat\u00e9riaux de qualit\u00e9 pour une grande ergonomie.<\/p>\n<p>Le mod\u00e8le B Plus est dot\u00e9 d&rsquo;une t\u00e9l\u00e9commande et d&rsquo;une autonomie de 60 minutes.<\/p>\n","protected":false},"featured_media":11794,"template":"","meta":{"_acf_changed":false,"_seopress_robots_primary_cat":"","_seopress_titles_title":"","_seopress_titles_desc":"","_seopress_robots_index":"","inline_featured_image":false},"product_brand":[],"product_cat":[384,378],"product_tag":[],"class_list":{"0":"post-14211","1":"product","2":"type-product","3":"status-publish","4":"has-post-thumbnail","6":"product_cat-sac-a-dos","7":"product_cat-vacuum-cleaners-fr","9":"first","10":"instock","11":"shipping-taxable","12":"purchasable","13":"product-type-simple"},"acf":[],"_links":{"self":[{"href":"https:\/\/staging.taski.com\/fr\/wp-json\/wp\/v2\/product\/14211","targetHints":{"allow":["GET"]}}],"collection":[{"href":"https:\/\/staging.taski.com\/fr\/wp-json\/wp\/v2\/product"}],"about":[{"href":"https:\/\/staging.taski.com\/fr\/wp-json\/wp\/v2\/types\/product"}],"wp:featuredmedia":[{"embeddable":true,"href":"https:\/\/staging.taski.com\/fr\/wp-json\/wp\/v2\/media\/11794"}],"wp:attachment":[{"href":"https:\/\/staging.taski.com\/fr\/wp-json\/wp\/v2\/media?parent=14211"}],"wp:term":[{"taxonomy":"product_brand","embeddable":true,"href":"https:\/\/staging.taski.com\/fr\/wp-json\/wp\/v2\/product_brand?post=14211"},{"taxonomy":"product_cat","embeddable":true,"href":"https:\/\/staging.taski.com\/fr\/wp-json\/wp\/v2\/product_cat?post=14211"},{"taxonomy":"product_tag","embeddable":true,"href":"https:\/\/staging.taski.com\/fr\/wp-json\/wp\/v2\/product_tag?post=14211"}],"curies":[{"name":"wp","href":"https:\/\/api.w.org\/{rel}","templated":true}]}}