{"id":13962,"date":"2021-01-14T17:29:44","date_gmt":"2021-01-14T17:29:44","guid":{"rendered":"https:\/\/taski.com\/product\/pulverisateur-bp-15-li-ion\/"},"modified":"2021-04-01T11:15:53","modified_gmt":"2021-04-01T11:15:53","slug":"pulverisateur-bp-15-li-ion","status":"publish","type":"product","link":"https:\/\/staging.taski.com\/fr\/produit\/pulverisateur-bp-15-li-ion\/","title":{"rendered":"Pulv\u00e9risateur BP 15 Li Ion"},"content":{"rendered":"","protected":false},"excerpt":{"rendered":"<p>Pulv\u00e9risateur portable avec batterie Li-Ion de haute qualit\u00e9 pour l&rsquo;application de solutions chimiques et de d\u00e9sinfection.<\/p>\n<h3>Caract\u00e9ristiques principales<\/h3>\n<p>Capacit\u00e9 du r\u00e9servoir de 15 L<br \/>\nPression de 3 bars<br \/>\nBatterie Li-Ion<\/p>\n<h3>Principaux avantages<\/h3>\n<p>Flexibilit\u00e9 et libert\u00e9 totales avec la batterie Li-Ion (4 h d&rsquo;autonomie)<br \/>\nTube en acier inoxydable pour une durabilit\u00e9 maximale<br \/>\nFonction de pulv\u00e9risation r\u00e9glable 60-200 microns<br \/>\nLe syst\u00e8me est livr\u00e9 pr\u00eat \u00e0 l&#8217;emploi, batterie et chargeur inclus.<\/p>\n","protected":false},"featured_media":12285,"template":"","meta":{"_acf_changed":false,"_seopress_robots_primary_cat":"","_seopress_titles_title":"","_seopress_titles_desc":"","_seopress_robots_index":"","inline_featured_image":false},"product_brand":[],"product_cat":[409],"product_tag":[],"class_list":{"0":"post-13962","1":"product","2":"type-product","3":"status-publish","4":"has-post-thumbnail","6":"product_cat-pulverisateurs","8":"first","9":"instock","10":"shipping-taxable","11":"purchasable","12":"product-type-simple"},"acf":[],"_links":{"self":[{"href":"https:\/\/staging.taski.com\/fr\/wp-json\/wp\/v2\/product\/13962","targetHints":{"allow":["GET"]}}],"collection":[{"href":"https:\/\/staging.taski.com\/fr\/wp-json\/wp\/v2\/product"}],"about":[{"href":"https:\/\/staging.taski.com\/fr\/wp-json\/wp\/v2\/types\/product"}],"wp:featuredmedia":[{"embeddable":true,"href":"https:\/\/staging.taski.com\/fr\/wp-json\/wp\/v2\/media\/12285"}],"wp:attachment":[{"href":"https:\/\/staging.taski.com\/fr\/wp-json\/wp\/v2\/media?parent=13962"}],"wp:term":[{"taxonomy":"product_brand","embeddable":true,"href":"https:\/\/staging.taski.com\/fr\/wp-json\/wp\/v2\/product_brand?post=13962"},{"taxonomy":"product_cat","embeddable":true,"href":"https:\/\/staging.taski.com\/fr\/wp-json\/wp\/v2\/product_cat?post=13962"},{"taxonomy":"product_tag","embeddable":true,"href":"https:\/\/staging.taski.com\/fr\/wp-json\/wp\/v2\/product_tag?post=13962"}],"curies":[{"name":"wp","href":"https:\/\/api.w.org\/{rel}","templated":true}]}}