{"id":13944,"date":"2021-01-14T17:11:53","date_gmt":"2021-01-14T17:11:53","guid":{"rendered":"https:\/\/taski.com\/product\/aquamat-20\/"},"modified":"2021-04-01T11:11:08","modified_gmt":"2021-04-01T11:11:08","slug":"aquamat-20","status":"publish","type":"product","link":"https:\/\/staging.taski.com\/fr\/produit\/aquamat-20\/","title":{"rendered":"aquamat 20"},"content":{"rendered":"","protected":false},"excerpt":{"rendered":"<p>Capacit\u00e9 moyenne de pulverisation par extraction pour les tapis et les tissus d&rsquo;ameublement<\/p>\n<h3>Caract\u00e9ristiques principales<\/h3>\n<p>Capacit\u00e9 de 20 litres<br \/>\nMoteur 1050w<br \/>\nAspiration 47L\/sec<br \/>\nS\u00e9lection d&rsquo;accessoires<\/p>\n<h3>Principaux avantages<\/h3>\n<p>Capacit\u00e9 moyenne pour la flexibilit\u00e9 et la productivit\u00e9<br \/>\nAspiration puissante pour un s\u00e9chage rapide<br \/>\nOutils pour le nettoyage des taches, des tapisseries et des tissus<\/p>\n","protected":false},"featured_media":12107,"template":"","meta":{"_acf_changed":false,"_seopress_robots_primary_cat":"","_seopress_titles_title":"","_seopress_titles_desc":"","_seopress_robots_index":"","inline_featured_image":false},"product_brand":[],"product_cat":[353,360],"product_tag":[],"class_list":{"0":"post-13944","1":"product","2":"type-product","3":"status-publish","4":"has-post-thumbnail","6":"product_cat-carpet-care-fr","7":"product_cat-extraction-par-pulverisation","9":"first","10":"instock","11":"shipping-taxable","12":"purchasable","13":"product-type-simple"},"acf":[],"_links":{"self":[{"href":"https:\/\/staging.taski.com\/fr\/wp-json\/wp\/v2\/product\/13944","targetHints":{"allow":["GET"]}}],"collection":[{"href":"https:\/\/staging.taski.com\/fr\/wp-json\/wp\/v2\/product"}],"about":[{"href":"https:\/\/staging.taski.com\/fr\/wp-json\/wp\/v2\/types\/product"}],"wp:featuredmedia":[{"embeddable":true,"href":"https:\/\/staging.taski.com\/fr\/wp-json\/wp\/v2\/media\/12107"}],"wp:attachment":[{"href":"https:\/\/staging.taski.com\/fr\/wp-json\/wp\/v2\/media?parent=13944"}],"wp:term":[{"taxonomy":"product_brand","embeddable":true,"href":"https:\/\/staging.taski.com\/fr\/wp-json\/wp\/v2\/product_brand?post=13944"},{"taxonomy":"product_cat","embeddable":true,"href":"https:\/\/staging.taski.com\/fr\/wp-json\/wp\/v2\/product_cat?post=13944"},{"taxonomy":"product_tag","embeddable":true,"href":"https:\/\/staging.taski.com\/fr\/wp-json\/wp\/v2\/product_tag?post=13944"}],"curies":[{"name":"wp","href":"https:\/\/api.w.org\/{rel}","templated":true}]}}