{"id":13906,"date":"2021-01-14T16:46:50","date_gmt":"2021-01-14T16:46:50","guid":{"rendered":"https:\/\/taski.com\/product\/allez-sur\/"},"modified":"2021-07-13T16:06:05","modified_gmt":"2021-07-13T16:06:05","slug":"allez-sur","status":"publish","type":"product","link":"https:\/\/staging.taski.com\/fr\/produit\/allez-sur\/","title":{"rendered":"TASKI go"},"content":{"rendered":"","protected":false},"excerpt":{"rendered":"<p>Aspirateur traineau simple et fonctionnel<\/p>\n<h3>Caract\u00e9ristiques principales<\/h3>\n<p>Capacit\u00e9 du sac de 8L<br \/>\nMoteur de 900w<br \/>\nAspiration 28L\/sec<\/p>\n<h3>Principaux avantages<\/h3>\n<p>Fabriqu\u00e9 \u00e0 partir de 75 % de mat\u00e9riaux recycl\u00e9s pour un impact moindre<br \/>\nFaible co\u00fbt pour les contrats courts ou les budgets serr\u00e9s<br \/>\nSimple et robuste<br \/>\nOption filtre HEPA<\/p>\n","protected":false},"featured_media":11915,"template":"","meta":{"_acf_changed":false,"_seopress_robots_primary_cat":"","_seopress_titles_title":"","_seopress_titles_desc":"","_seopress_robots_index":"","inline_featured_image":false},"product_brand":[],"product_cat":[388,378],"product_tag":[],"class_list":{"0":"post-13906","1":"product","2":"type-product","3":"status-publish","4":"has-post-thumbnail","6":"product_cat-baignoire","7":"product_cat-vacuum-cleaners-fr","9":"first","10":"instock","11":"shipping-taxable","12":"purchasable","13":"product-type-simple"},"acf":[],"_links":{"self":[{"href":"https:\/\/staging.taski.com\/fr\/wp-json\/wp\/v2\/product\/13906","targetHints":{"allow":["GET"]}}],"collection":[{"href":"https:\/\/staging.taski.com\/fr\/wp-json\/wp\/v2\/product"}],"about":[{"href":"https:\/\/staging.taski.com\/fr\/wp-json\/wp\/v2\/types\/product"}],"wp:featuredmedia":[{"embeddable":true,"href":"https:\/\/staging.taski.com\/fr\/wp-json\/wp\/v2\/media\/11915"}],"wp:attachment":[{"href":"https:\/\/staging.taski.com\/fr\/wp-json\/wp\/v2\/media?parent=13906"}],"wp:term":[{"taxonomy":"product_brand","embeddable":true,"href":"https:\/\/staging.taski.com\/fr\/wp-json\/wp\/v2\/product_brand?post=13906"},{"taxonomy":"product_cat","embeddable":true,"href":"https:\/\/staging.taski.com\/fr\/wp-json\/wp\/v2\/product_cat?post=13906"},{"taxonomy":"product_tag","embeddable":true,"href":"https:\/\/staging.taski.com\/fr\/wp-json\/wp\/v2\/product_tag?post=13906"}],"curies":[{"name":"wp","href":"https:\/\/api.w.org\/{rel}","templated":true}]}}