{"id":13902,"date":"2021-01-14T15:54:45","date_gmt":"2021-01-14T15:54:45","guid":{"rendered":"https:\/\/taski.com\/product\/aero-8-8-plus\/"},"modified":"2021-04-01T11:24:31","modified_gmt":"2021-04-01T11:24:31","slug":"aero-8-15-8-15-plus","status":"publish","type":"product","link":"https:\/\/staging.taski.com\/fr\/produit\/aero-8-15-8-15-plus\/","title":{"rendered":"AERO 8 &amp; 8 Plus"},"content":{"rendered":"","protected":false},"excerpt":{"rendered":"<p>Quatre aspirateurs \u00e0 tubes ultra efficaces et silencieux avec moteur brevet\u00e9 silencieux, avec des fonctionnalit\u00e9s et des outils suppl\u00e9mentaires.<\/p>\n<h3>Caract\u00e9ristiques principales<\/h3>\n<p>Capacit\u00e9 de 13 litres<br \/>\nMoteur Whisper 585W<br \/>\nSon ultra faible (50dBA)<br \/>\nLes modes Plus comprennent des fonctions et des outils suppl\u00e9mentaires<\/p>\n<h3>Principaux avantages<\/h3>\n<p>Super efficace et silencieux pour un excellent r\u00e9sultat de nettoyage et un minimum de perturbations.<br \/>\nMoteur silencieux pour une consommation d&rsquo;\u00e9nergie et un niveau de bruit tr\u00e8s faibles.<br \/>\nTube t\u00e9lescopique ergonomique et interrupteur marche\/arr\u00eat actionn\u00e9 par le pied pour le confort de l&rsquo;utilisateur.<br \/>\nLes mod\u00e8les Plus comprennent des fonctions suppl\u00e9mentaires : enrouleur de c\u00e2ble, bouton Eco et outils int\u00e9gr\u00e9s.<\/p>\n","protected":false},"featured_media":11881,"template":"","meta":{"_acf_changed":false,"_seopress_robots_primary_cat":"","_seopress_titles_title":"","_seopress_titles_desc":"","_seopress_robots_index":"","inline_featured_image":false},"product_brand":[],"product_cat":[388,378],"product_tag":[],"class_list":{"0":"post-13902","1":"product","2":"type-product","3":"status-publish","4":"has-post-thumbnail","6":"product_cat-baignoire","7":"product_cat-vacuum-cleaners-fr","9":"first","10":"instock","11":"shipping-taxable","12":"purchasable","13":"product-type-simple"},"acf":[],"_links":{"self":[{"href":"https:\/\/staging.taski.com\/fr\/wp-json\/wp\/v2\/product\/13902","targetHints":{"allow":["GET"]}}],"collection":[{"href":"https:\/\/staging.taski.com\/fr\/wp-json\/wp\/v2\/product"}],"about":[{"href":"https:\/\/staging.taski.com\/fr\/wp-json\/wp\/v2\/types\/product"}],"wp:featuredmedia":[{"embeddable":true,"href":"https:\/\/staging.taski.com\/fr\/wp-json\/wp\/v2\/media\/11881"}],"wp:attachment":[{"href":"https:\/\/staging.taski.com\/fr\/wp-json\/wp\/v2\/media?parent=13902"}],"wp:term":[{"taxonomy":"product_brand","embeddable":true,"href":"https:\/\/staging.taski.com\/fr\/wp-json\/wp\/v2\/product_brand?post=13902"},{"taxonomy":"product_cat","embeddable":true,"href":"https:\/\/staging.taski.com\/fr\/wp-json\/wp\/v2\/product_cat?post=13902"},{"taxonomy":"product_tag","embeddable":true,"href":"https:\/\/staging.taski.com\/fr\/wp-json\/wp\/v2\/product_tag?post=13902"}],"curies":[{"name":"wp","href":"https:\/\/api.w.org\/{rel}","templated":true}]}}