{"id":13864,"date":"2021-01-14T15:49:39","date_gmt":"2021-01-14T15:49:39","guid":{"rendered":"https:\/\/taski.com\/product\/aero-bp-e\/"},"modified":"2021-04-01T11:27:50","modified_gmt":"2021-04-01T11:27:50","slug":"aero-bp","status":"publish","type":"product","link":"https:\/\/staging.taski.com\/fr\/produit\/aero-bp\/","title":{"rendered":"AERO BP E"},"content":{"rendered":"","protected":false},"excerpt":{"rendered":"<p>Aspirateurs dorsaux \u00e9lectriques et \u00e0 batterie l\u00e9gers<\/p>\n<h3>Caract\u00e9ristiques principales<\/h3>\n<p>Num\u00e9rique et batterie Li-Ion<br \/>\nfonctions 3en1 &#8211; sac \u00e0 dos\/aspirateur \u00e0 tube\/souffleur<br \/>\nMod\u00e8les \u00e9lectriques, \u00e0 batterie et \u00e0 batterie plus<\/p>\n<h3>Principaux avantages<\/h3>\n<p>Le poids super l\u00e9ger de moins de 6 kg r\u00e9duit la fatigue.<br \/>\n3in1 &#8211; Sac \u00e0 dos + aspirateur \u00e0 tube + fonction de soufflerie tout en un &#8211; excellent rapport qualit\u00e9-prix<br \/>\nSe transforme facilement en aspirateur \u00e0 tube \u00e0 batterie ou en option pour s&rsquo;adapter aux chariots TASKI.<br \/>\nUn sac \u00e0 dos tr\u00e8s l\u00e9ger et des mat\u00e9riaux de qualit\u00e9 pour une grande ergonomie.<\/p>\n","protected":false},"featured_media":11794,"template":"","meta":{"_acf_changed":false,"_seopress_robots_primary_cat":"","_seopress_titles_title":"","_seopress_titles_desc":"","_seopress_robots_index":"","inline_featured_image":false},"product_brand":[],"product_cat":[384,378],"product_tag":[],"class_list":{"0":"post-13864","1":"product","2":"type-product","3":"status-publish","4":"has-post-thumbnail","6":"product_cat-sac-a-dos","7":"product_cat-vacuum-cleaners-fr","9":"first","10":"instock","11":"shipping-taxable","12":"purchasable","13":"product-type-simple"},"acf":[],"_links":{"self":[{"href":"https:\/\/staging.taski.com\/fr\/wp-json\/wp\/v2\/product\/13864","targetHints":{"allow":["GET"]}}],"collection":[{"href":"https:\/\/staging.taski.com\/fr\/wp-json\/wp\/v2\/product"}],"about":[{"href":"https:\/\/staging.taski.com\/fr\/wp-json\/wp\/v2\/types\/product"}],"wp:featuredmedia":[{"embeddable":true,"href":"https:\/\/staging.taski.com\/fr\/wp-json\/wp\/v2\/media\/11794"}],"wp:attachment":[{"href":"https:\/\/staging.taski.com\/fr\/wp-json\/wp\/v2\/media?parent=13864"}],"wp:term":[{"taxonomy":"product_brand","embeddable":true,"href":"https:\/\/staging.taski.com\/fr\/wp-json\/wp\/v2\/product_brand?post=13864"},{"taxonomy":"product_cat","embeddable":true,"href":"https:\/\/staging.taski.com\/fr\/wp-json\/wp\/v2\/product_cat?post=13864"},{"taxonomy":"product_tag","embeddable":true,"href":"https:\/\/staging.taski.com\/fr\/wp-json\/wp\/v2\/product_tag?post=13864"}],"curies":[{"name":"wp","href":"https:\/\/api.w.org\/{rel}","templated":true}]}}