{"id":13854,"date":"2021-01-14T15:21:26","date_gmt":"2021-01-14T15:21:26","guid":{"rendered":"https:\/\/taski.com\/product\/aero-up\/"},"modified":"2021-04-02T07:58:31","modified_gmt":"2021-04-02T07:58:31","slug":"aero-up","status":"publish","type":"product","link":"https:\/\/staging.taski.com\/fr\/produit\/aero-up\/","title":{"rendered":"AERO UP"},"content":{"rendered":"","protected":false},"excerpt":{"rendered":"<p>Aspirateur vertical \u00e0 batterie, agile et l\u00e9ger, pour moquettes et sols durs<\/p>\n<h3>Caract\u00e9ristiques principales<\/h3>\n<p>Largeur de travail de 28 cm<br \/>\nPoids de 5 kg<br \/>\nMoteur num\u00e9rique et batterie Li-Ion<br \/>\nOptions de l&rsquo;outil de plancher<\/p>\n<h3>Principaux avantages<\/h3>\n<p>Les technologies Li-Ion et moteur num\u00e9rique offrent des performances et une l\u00e9g\u00e8ret\u00e9 exceptionnelles.<br \/>\nLe poids super l\u00e9ger de 5 kg de RTU r\u00e9duit la fatigue des op\u00e9rateurs.<br \/>\nPuissante aspiration de 40L\/sec gr\u00e2ce \u00e0 un moteur num\u00e9rique pour des r\u00e9sultats exceptionnels.<br \/>\nOutil pour sols durs ou option de brosse \u00e9lectrique pour les tapis<br \/>\nGrande autonomie : jusqu&rsquo;\u00e0 1 heure de fonctionnement et 90 minutes de recharge, parfait pour le nettoyage en journ\u00e9e.<\/p>\n<p>&nbsp;<\/p>\n","protected":false},"featured_media":11653,"template":"","meta":{"_acf_changed":false,"_seopress_robots_primary_cat":"","_seopress_titles_title":"","_seopress_titles_desc":"","_seopress_robots_index":"","inline_featured_image":false},"product_brand":[],"product_cat":[377,378],"product_tag":[],"class_list":{"0":"post-13854","1":"product","2":"type-product","3":"status-publish","4":"has-post-thumbnail","6":"product_cat-debout","7":"product_cat-vacuum-cleaners-fr","9":"first","10":"instock","11":"shipping-taxable","12":"purchasable","13":"product-type-simple"},"acf":[],"_links":{"self":[{"href":"https:\/\/staging.taski.com\/fr\/wp-json\/wp\/v2\/product\/13854","targetHints":{"allow":["GET"]}}],"collection":[{"href":"https:\/\/staging.taski.com\/fr\/wp-json\/wp\/v2\/product"}],"about":[{"href":"https:\/\/staging.taski.com\/fr\/wp-json\/wp\/v2\/types\/product"}],"wp:featuredmedia":[{"embeddable":true,"href":"https:\/\/staging.taski.com\/fr\/wp-json\/wp\/v2\/media\/11653"}],"wp:attachment":[{"href":"https:\/\/staging.taski.com\/fr\/wp-json\/wp\/v2\/media?parent=13854"}],"wp:term":[{"taxonomy":"product_brand","embeddable":true,"href":"https:\/\/staging.taski.com\/fr\/wp-json\/wp\/v2\/product_brand?post=13854"},{"taxonomy":"product_cat","embeddable":true,"href":"https:\/\/staging.taski.com\/fr\/wp-json\/wp\/v2\/product_cat?post=13854"},{"taxonomy":"product_tag","embeddable":true,"href":"https:\/\/staging.taski.com\/fr\/wp-json\/wp\/v2\/product_tag?post=13854"}],"curies":[{"name":"wp","href":"https:\/\/api.w.org\/{rel}","templated":true}]}}