{"id":13720,"date":"2021-01-14T17:39:07","date_gmt":"2021-01-14T17:39:07","guid":{"rendered":"https:\/\/taski.com\/product\/balimat-45\/"},"modified":"2021-04-01T11:15:03","modified_gmt":"2021-04-01T11:15:03","slug":"balimat-45","status":"publish","type":"product","link":"https:\/\/staging.taski.com\/fr\/produit\/balimat-45\/","title":{"rendered":"Balimat 45"},"content":{"rendered":"","protected":false},"excerpt":{"rendered":"<p>Balai m\u00e9canique manuel pour les petites surfaces ext\u00e9rieures ou int\u00e9rieures.<\/p>\n<h3>Caract\u00e9ristiques principales<\/h3>\n<p>Capacit\u00e9 de 40 L<br \/>\nBrosse de 47 cm<br \/>\nPoids total de 13 kg<\/p>\n<h3>Principaux avantages<\/h3>\n<p>L\u00e9g\u00e8ret\u00e9 et grande maniabilit\u00e9<br \/>\nNe n\u00e9cessite pas d&rsquo;alimentation ni de piles<br \/>\nPeut \u00eatre utilis\u00e9 \u00e0 l&rsquo;int\u00e9rieur ou \u00e0 l&rsquo;ext\u00e9rieur, m\u00eame dans des conditions humides.<br \/>\nId\u00e9al pour les entr\u00e9es et les p\u00e9rim\u00e8tres de b\u00e2timents<\/p>\n","protected":false},"featured_media":13722,"template":"","meta":{"_acf_changed":false,"_seopress_robots_primary_cat":"","_seopress_titles_title":"","_seopress_titles_desc":"","_seopress_robots_index":"","inline_featured_image":false},"product_brand":[],"product_cat":[367],"product_tag":[],"class_list":{"0":"post-13720","1":"product","2":"type-product","3":"status-publish","4":"has-post-thumbnail","6":"product_cat-sweepers-fr","8":"first","9":"instock","10":"shipping-taxable","11":"purchasable","12":"product-type-simple"},"acf":[],"_links":{"self":[{"href":"https:\/\/staging.taski.com\/fr\/wp-json\/wp\/v2\/product\/13720","targetHints":{"allow":["GET"]}}],"collection":[{"href":"https:\/\/staging.taski.com\/fr\/wp-json\/wp\/v2\/product"}],"about":[{"href":"https:\/\/staging.taski.com\/fr\/wp-json\/wp\/v2\/types\/product"}],"wp:featuredmedia":[{"embeddable":true,"href":"https:\/\/staging.taski.com\/fr\/wp-json\/wp\/v2\/media\/13722"}],"wp:attachment":[{"href":"https:\/\/staging.taski.com\/fr\/wp-json\/wp\/v2\/media?parent=13720"}],"wp:term":[{"taxonomy":"product_brand","embeddable":true,"href":"https:\/\/staging.taski.com\/fr\/wp-json\/wp\/v2\/product_brand?post=13720"},{"taxonomy":"product_cat","embeddable":true,"href":"https:\/\/staging.taski.com\/fr\/wp-json\/wp\/v2\/product_cat?post=13720"},{"taxonomy":"product_tag","embeddable":true,"href":"https:\/\/staging.taski.com\/fr\/wp-json\/wp\/v2\/product_tag?post=13720"}],"curies":[{"name":"wp","href":"https:\/\/api.w.org\/{rel}","templated":true}]}}