{"id":13693,"date":"2021-01-14T17:23:26","date_gmt":"2021-01-14T17:23:26","guid":{"rendered":"https:\/\/taski.com\/product\/vapeur-sv4\/"},"modified":"2021-04-01T11:13:25","modified_gmt":"2021-04-01T11:13:25","slug":"vapeur-sv4","status":"publish","type":"product","link":"https:\/\/staging.taski.com\/fr\/produit\/vapeur-sv4\/","title":{"rendered":"Vapeur SV4"},"content":{"rendered":"","protected":false},"excerpt":{"rendered":"<h3>Caract\u00e9ristiques principales<\/h3>\n<p>4,5 Bar vapeur + vide<br \/>\nCapacit\u00e9 de 2,5 litres<br \/>\nR\u00e9servoir de r\u00e9cup\u00e9ration 12L<br \/>\nChaudi\u00e8re 2100w<\/p>\n<h3>Principaux avantages<\/h3>\n<p>Vapeur et aspirateur pour de multiples t\u00e2ches<br \/>\nChaudi\u00e8re \u00e0 remplissage continu s\u00fbr, pression de 4,5 bars<br \/>\nComplet avec kit d&rsquo;accessoires complet et chariot<\/p>\n","protected":false},"featured_media":13700,"template":"","meta":{"_acf_changed":false,"_seopress_robots_primary_cat":"","_seopress_titles_title":"","_seopress_titles_desc":"","_seopress_robots_index":"","inline_featured_image":false},"product_brand":[],"product_cat":[356,361],"product_tag":[],"class_list":{"0":"post-13693","1":"product","2":"type-product","3":"status-publish","4":"has-post-thumbnail","6":"product_cat-steam-cleaners-fr","7":"product_cat-vapeur-et-vide","9":"first","10":"instock","11":"shipping-taxable","12":"purchasable","13":"product-type-simple"},"acf":[],"_links":{"self":[{"href":"https:\/\/staging.taski.com\/fr\/wp-json\/wp\/v2\/product\/13693","targetHints":{"allow":["GET"]}}],"collection":[{"href":"https:\/\/staging.taski.com\/fr\/wp-json\/wp\/v2\/product"}],"about":[{"href":"https:\/\/staging.taski.com\/fr\/wp-json\/wp\/v2\/types\/product"}],"wp:featuredmedia":[{"embeddable":true,"href":"https:\/\/staging.taski.com\/fr\/wp-json\/wp\/v2\/media\/13700"}],"wp:attachment":[{"href":"https:\/\/staging.taski.com\/fr\/wp-json\/wp\/v2\/media?parent=13693"}],"wp:term":[{"taxonomy":"product_brand","embeddable":true,"href":"https:\/\/staging.taski.com\/fr\/wp-json\/wp\/v2\/product_brand?post=13693"},{"taxonomy":"product_cat","embeddable":true,"href":"https:\/\/staging.taski.com\/fr\/wp-json\/wp\/v2\/product_cat?post=13693"},{"taxonomy":"product_tag","embeddable":true,"href":"https:\/\/staging.taski.com\/fr\/wp-json\/wp\/v2\/product_tag?post=13693"}],"curies":[{"name":"wp","href":"https:\/\/api.w.org\/{rel}","templated":true}]}}