{"id":13692,"date":"2021-01-07T14:49:48","date_gmt":"2021-01-07T14:49:48","guid":{"rendered":"https:\/\/taski.com\/product\/swingo-150-e\/"},"modified":"2021-04-02T08:36:56","modified_gmt":"2021-04-02T08:36:56","slug":"swingo-150","status":"publish","type":"product","link":"https:\/\/staging.taski.com\/fr\/produit\/swingo-150\/","title":{"rendered":"swingo 150 E"},"content":{"rendered":"","protected":false},"excerpt":{"rendered":"<p>Le swingo 150 est votre premier vers le nettoyage m\u00e9canis\u00e9.<\/p>\n<p>Une autolaveuse verticale ultra compacte pour un nettoyage localis\u00e9 et dans les espaces \u00e9troits<\/p>\n<h3>Caract\u00e9ristiques principales<\/h3>\n<p>Capacit\u00e9 du r\u00e9servoir de 2,6 litres<br \/>\nLargeur de travail de 33 cm<br \/>\nSyst\u00e8me de brosse \u00e0 rouleau<br \/>\nOption batterie \u00e9lectrique ou Li-ion<\/p>\n<h3>Principaux avantages<\/h3>\n<p>Conception l\u00e9g\u00e8re et compacte pour une utilisation facile<br \/>\nAction m\u00e9canique de frottement des rouleaux optimale<br \/>\nNettoie et ramasse l&rsquo;eau en avant et en arri\u00e8re<br \/>\nFaible encombrement pour un stockage facile<br \/>\nMod\u00e8les avec batterie Li-Ion \u00e9lectrique ou sans c\u00e2ble<\/p>\n","protected":false},"featured_media":9826,"template":"","meta":{"_acf_changed":false,"_seopress_robots_primary_cat":"","_seopress_titles_title":"","_seopress_titles_desc":"","_seopress_robots_index":"","inline_featured_image":false},"product_brand":[],"product_cat":[355,363],"product_tag":[],"class_list":{"0":"post-13692","1":"product","2":"type-product","3":"status-publish","4":"has-post-thumbnail","6":"product_cat-scrubber-driers-fr","7":"product_cat-marche-derriere","9":"first","10":"instock","11":"shipping-taxable","12":"purchasable","13":"product-type-simple"},"acf":[],"_links":{"self":[{"href":"https:\/\/staging.taski.com\/fr\/wp-json\/wp\/v2\/product\/13692","targetHints":{"allow":["GET"]}}],"collection":[{"href":"https:\/\/staging.taski.com\/fr\/wp-json\/wp\/v2\/product"}],"about":[{"href":"https:\/\/staging.taski.com\/fr\/wp-json\/wp\/v2\/types\/product"}],"wp:featuredmedia":[{"embeddable":true,"href":"https:\/\/staging.taski.com\/fr\/wp-json\/wp\/v2\/media\/9826"}],"wp:attachment":[{"href":"https:\/\/staging.taski.com\/fr\/wp-json\/wp\/v2\/media?parent=13692"}],"wp:term":[{"taxonomy":"product_brand","embeddable":true,"href":"https:\/\/staging.taski.com\/fr\/wp-json\/wp\/v2\/product_brand?post=13692"},{"taxonomy":"product_cat","embeddable":true,"href":"https:\/\/staging.taski.com\/fr\/wp-json\/wp\/v2\/product_cat?post=13692"},{"taxonomy":"product_tag","embeddable":true,"href":"https:\/\/staging.taski.com\/fr\/wp-json\/wp\/v2\/product_tag?post=13692"}],"curies":[{"name":"wp","href":"https:\/\/api.w.org\/{rel}","templated":true}]}}