{"id":9282,"date":"2020-11-30T09:06:53","date_gmt":"2020-11-30T09:06:53","guid":{"rendered":"https:\/\/taski.com\/pourquoi-taski\/vos-marches-et-secteurs\/"},"modified":"2021-07-28T13:34:34","modified_gmt":"2021-07-28T13:34:34","slug":"vos-marches-et-secteurs","status":"publish","type":"page","link":"https:\/\/staging.taski.com\/fr\/pourquoi-taski\/vos-marches-et-secteurs\/","title":{"rendered":"March\u00e9s et secteurs"},"content":{"rendered":"<div class=\"wpb-content-wrapper\"><p>[vc_row][vc_column]\n  <div class=\"page-intro-block size-fit-image style-dark font-large\">\n         <div class=\"page-intro-block-i\">\n      <div class=\"row\">\n        <div class=\"page-intro-content\">\n            <div class=\"title-block\">\n                                     <h2>Nous parlons le <strong>m\u00eame langage.<\/strong> Quel que soit votre secteur, nous avons<strong> la solution de nettoyage pour vous.<\/strong><\/h2>\n                                                 <\/div>\n            <div class=\"page-intro-image\">\n                                <div class=\"page-intro-image-alt\">\n                    \n                    <img decoding=\"async\" src=\"https:\/\/staging.taski.com\/wp-content\/uploads\/2020\/11\/why-taski.jpg\" alt=\"\" \/>\n\n                <\/div>\n            <\/div>\n        <\/div>\n      <\/div>\n\n\n    <\/div>\n  <\/div>\n  <div class=\"cl-fl\"><\/div>\n[\/vc_column][\/vc_row][vc_row css=\u00a0\u00bb.vc_custom_1606587476742{padding-top: 80px !important;padding-bottom: 95px !important;}\u00a0\u00bb][vc_column][vc_row_inner][vc_column_inner]\n  <div class=\"categories-grid-block light grid-center contact-no\" style=\"\">\n    <div class=\"categories-grid-block-i\">\n      <div class=\"row\">\n       <div class=\"cat-grid-row\">\n        <div class=\"cat-intro-block\">\n          <p><strong>Vous attendez<br \/>\nle meilleur,<br \/>\n<\/strong>nous vous l'offrons,<br \/>\nquel que soit votre secteur.<\/p>\n\n\n\n        <\/div>\n        <div class=\"cat-grid-block\">\n            <div class=\"cat-grid\">\n                            <div class=\"cat-grid-item\">\n               <a href=\"https:\/\/staging.taski.com\/fr\/pourquoi-taski\/vos-marches-et-secteurs\/gestion-des-installations-2\/\">\n               <div class=\"cgi-i\">\n                <div class=\"front\"><img decoding=\"async\" src=\"https:\/\/staging.taski.com\/wp-content\/uploads\/2025\/02\/Backpack-vacuum-scaled-1-400x400.png\" \/><div class=\"desc\">Entreprises de propret\u00e9<\/div><\/div>\n                <div class=\"back\"><div class=\"desc\">Entreprises de propret\u00e9<div class=\"invisi\">Les solutions de machines TASKI pour le secteur du FM et de l'entretien des b\u00e2timents offrent une efficacit\u00e9 op\u00e9rationnelle et un contr\u00f4le des co\u00fbts.<\/div><\/div><\/div>\n               <\/div>\n               <\/a>\n              <\/div>\n                            <div class=\"cat-grid-item\">\n               <a href=\"https:\/\/staging.taski.com\/fr\/pourquoi-taski\/vos-marches-et-secteurs\/retail\/\">\n               <div class=\"cgi-i\">\n                <div class=\"front\"><img decoding=\"async\" src=\"https:\/\/staging.taski.com\/wp-content\/uploads\/2022\/11\/Retail-for-Wordpress-400x400.jpg\" \/><div class=\"desc\">Retail<\/div><\/div>\n                <div class=\"back\"><div class=\"desc\">Retail<div class=\"invisi\">Les solutions de machines TASKI pour le secteur de la vente au d\u00e9tail, qui offrent une meilleure exp\u00e9rience client et un meilleur contr\u00f4le des co\u00fbts.<\/div><\/div><\/div>\n               <\/div>\n               <\/a>\n              <\/div>\n                            <div class=\"cat-grid-item\">\n               <a href=\"https:\/\/staging.taski.com\/fr\/pourquoi-taski\/vos-marches-et-secteurs\/soins-de-sante-aigus\/\">\n               <div class=\"cgi-i\">\n                <div class=\"front\"><img decoding=\"async\" src=\"https:\/\/staging.taski.com\/wp-content\/uploads\/2020\/11\/healthcare-acute.jpg\" \/><div class=\"desc\">Secteur hospitalier<\/div><\/div>\n                <div class=\"back\"><div class=\"desc\">Secteur hospitalier<div class=\"invisi\">Les solutions de machines TASKI assurent la pr\u00e9vention des infections et la s\u00e9curit\u00e9 de vos patients et du public.<\/div><\/div><\/div>\n               <\/div>\n               <\/a>\n              <\/div>\n                            <div class=\"cat-grid-item\">\n               <a href=\"https:\/\/staging.taski.com\/fr\/pourquoi-taski\/vos-marches-et-secteurs\/soins-de-sante-soins-de-longue-duree\/\">\n               <div class=\"cgi-i\">\n                <div class=\"front\"><img decoding=\"async\" src=\"https:\/\/staging.taski.com\/wp-content\/uploads\/2021\/04\/HEALTHCARE_31_Vacuum_carpet-sq.jpg\" \/><div class=\"desc\">Soins de longue dur\u00e9e<\/div><\/div>\n                <div class=\"back\"><div class=\"desc\">Soins de longue dur\u00e9e<div class=\"invisi\">Les solutions de machines TASKI ont \u00e9t\u00e9 con\u00e7ues en pensant \u00e0 vos r\u00e9sidents, pour un contr\u00f4le des infections et une s\u00e9curit\u00e9 sup\u00e9rieurs dans votre \u00e9tablissement de soins de longue dur\u00e9e.<\/div><\/div><\/div>\n               <\/div>\n               <\/a>\n              <\/div>\n                            <div class=\"cat-grid-item\">\n               <a href=\"https:\/\/staging.taski.com\/fr\/pourquoi-taski\/vos-marches-et-secteurs\/hospitalite\/\">\n               <div class=\"cgi-i\">\n                <div class=\"front\"><img decoding=\"async\" src=\"https:\/\/staging.taski.com\/wp-content\/uploads\/2025\/05\/HOSPITALITY_landscape-full-1-1-scaled-1-400x400.jpg\" \/><div class=\"desc\">H\u00f4tellerie<\/div><\/div>\n                <div class=\"back\"><div class=\"desc\">H\u00f4tellerie<div class=\"invisi\">Les solutions de machines TASKI pour une exp\u00e9rience client am\u00e9lior\u00e9e et la protection de votre marque.<\/div><\/div><\/div>\n               <\/div>\n               <\/a>\n              <\/div>\n                            <div class=\"cat-grid-item\">\n               <a href=\"https:\/\/staging.taski.com\/fr\/pourquoi-taski\/vos-marches-et-secteurs\/service-alimentaire-restauration-sous-contrat\/\">\n               <div class=\"cgi-i\">\n                <div class=\"front\"><img decoding=\"async\" src=\"https:\/\/staging.taski.com\/wp-content\/uploads\/2025\/07\/Food-Service-400x400.png\" \/><div class=\"desc\">Restauration<\/div><\/div>\n                <div class=\"back\"><div class=\"desc\">Restauration<div class=\"invisi\">Les solutions de machines TASKI qui respecteront les plus hautes normes d'hygi\u00e8ne et impressionneront vos d\u00eeners.<\/div><\/div><\/div>\n               <\/div>\n               <\/a>\n              <\/div>\n                            <div class=\"cat-grid-item\">\n               <a href=\"https:\/\/staging.taski.com\/fr\/pourquoi-taski\/vos-marches-et-secteurs\/gouvernement-et-education\/\">\n               <div class=\"cgi-i\">\n                <div class=\"front\"><img decoding=\"async\" src=\"https:\/\/staging.taski.com\/wp-content\/uploads\/2025\/05\/TASKI_ERGODISC-LR-08299-400x400.jpg\" \/><div class=\"desc\">Gouvernement et \u00e9ducation<\/div><\/div>\n                <div class=\"back\"><div class=\"desc\">Gouvernement et \u00e9ducation<div class=\"invisi\">Les solutions de machines TASKI qui vous aident \u00e0 prendre soin de votre b\u00e2timent tout en assurant la s\u00e9curit\u00e9 du public. <\/div><\/div><\/div>\n               <\/div>\n               <\/a>\n              <\/div>\n                            <div class=\"cat-grid-item\">\n               <a href=\"https:\/\/staging.taski.com\/fr\/pourquoi-taski\/vos-marches-et-secteurs\/transport\/\">\n               <div class=\"cgi-i\">\n                <div class=\"front\"><img decoding=\"async\" src=\"https:\/\/staging.taski.com\/wp-content\/uploads\/2020\/11\/transports.jpg\" \/><div class=\"desc\">Transports<\/div><\/div>\n                <div class=\"back\"><div class=\"desc\">Transports<div class=\"invisi\">Les solutions de machines TASKI qui aident \u00e0 prendre soin de votre b\u00e2timent, \u00e0 prot\u00e9ger votre marque et \u00e0 assurer la s\u00e9curit\u00e9 du public. <\/div><\/div><\/div>\n               <\/div>\n               <\/a>\n              <\/div>\n                            <div class=\"cat-grid-item\">\n               <a href=\"https:\/\/staging.taski.com\/fr\/pourquoi-taski\/vos-marches-et-secteurs\/entreposage-et-logistique\/\">\n               <div class=\"cgi-i\">\n                <div class=\"front\"><img decoding=\"async\" src=\"https:\/\/staging.taski.com\/wp-content\/uploads\/2025\/05\/Warehousing-Logistics-balimat-6500-400x400.jpg\" \/><div class=\"desc\">Logistique<\/div><\/div>\n                <div class=\"back\"><div class=\"desc\">Logistique<div class=\"invisi\">Les solutions de machines TASKI minimisent les perturbations pour votre entreprise et maximisent votre efficacit\u00e9.<\/div><\/div><\/div>\n               <\/div>\n               <\/a>\n              <\/div>\n                            <div class=\"cat-grid-item\">\n               <a href=\"https:\/\/staging.taski.com\/fr\/pourquoi-taski\/vos-marches-et-secteurs\/fabrication\/\">\n               <div class=\"cgi-i\">\n                <div class=\"front\"><img decoding=\"async\" src=\"https:\/\/staging.taski.com\/wp-content\/uploads\/2020\/11\/manufacturing.jpg\" \/><div class=\"desc\">Industrie<\/div><\/div>\n                <div class=\"back\"><div class=\"desc\">Industrie<div class=\"invisi\">Les solutions de machines TASKI minimisent les perturbations pour votre entreprise et vous aident \u00e0 minimiser les co\u00fbts.<\/div><\/div><\/div>\n               <\/div>\n               <\/a>\n              <\/div>\n              \n            <\/div>\n\n            <div class=\"cat-grid-contact\"><a href=\"\">CONTACTEZ<br \/>NOUS<\/a><\/div>\n\n        <\/div>\n       <\/div>\n\n\n      <\/div>\n\n   <\/div>\n  <\/div>\n  <div class=\"cl-fl\"><\/div>\n[\/vc_column_inner][\/vc_row_inner][\/vc_column][\/vc_row][vc_row css=\u00a0\u00bb.vc_custom_1606301767295{padding-top: 170px !important;padding-bottom: 170px !important;background-color: #484848 !important;}\u00a0\u00bb][vc_column][vc_row_inner][vc_column_inner][vc_raw_html el_class=\u00a0\u00bboutro-block white\u00a0\u00bb]JTNDaDIlM0VMb3JzcXUlMjdpbCUyMHMlMjdhZ2l0JTIwZHUlMjBtYXJjaCVDMyVBOSUyMGRlcyUyMG1hY2hpbmVzJTJDJTIwVEFTS0klMjBiJUMzJUE5biVDMyVBOWZpY2llJTIwZGUlMjBsYSUyMCUzQ3N0cm9uZyUzRXBlcnNwaWNhY2l0JUMzJUE5JTIwZXQlMjBkZSUyMGxhJTIwY29ubmFpc3NhbmNlJTIwbWFyY2glQzMlQTklM0MlMkZzdHJvbmclM0UlMjBxdWUlMjBEaXZlcnNleSUyMGElMjAlQzMlQTAlMjBvZmZyaXIuJTIwTG9yc3F1ZSUyMHZvdXMlMjB1dGlsaXNleiUyMHVuZSUyMG1hY2hpbmUlMEFUQVNLSSUyMGRhbnMlMjB2b3RyZSUyMCVDMyVBOXRhYmxpc3NlbWVudCUyQyUwQXZvdXMlMjBlbiUyMGIlQzMlQTluJUMzJUE5ZmljaWV6JTIwJUMzJUE5Z2FsZW1lbnQuJTNDJTJGaDIlM0UlMEElM0NwJTNFJTNDc3Ryb25nJTNFTGUlMjBzdWNjJUMzJUE4cyUyMGRlcyUyMG1hY2hpbmVzJTIwZGUlMjBuZXR0b3lhZ2UlM0MlMkZzdHJvbmclM0UlM0MlMkZwJTNFJTBBJTNDcCUzRVRvdXQlMjBjZSUyMHF1ZSUyMGZhaXQlMjBUQVNLSSUyMGVzdCUyMG1vdGl2JUMzJUE5JTIwcGFyJTIwdW4lMjBkJUMzJUE5c2lyJTIwZCUyN2V4Y2VsbGVuY2UuJTIwRGVwdWlzJTIwbCUyN29yaWdpbmUlMjBkZSUyMGwlMjdpZCVDMyVBOWUlMkMlMjBlbiUyMHBhc3NhbnQlMjBwYXIlMjBsJTI3ZW50b25ub2lyJTIwZGUlMjBsJTI3aW5ub3ZhdGlvbiUyMGV0JTIwbGVzJTIwcHJvY2Vzc3VzJTIwZGUlMjByZWNoZXJjaGUlMjBldCUyMGQlQzMlQTl2ZWxvcHBlbWVudCUyQyUyMGp1c3F1JTI3JUMzJUEwJTIwbGElMjBmYWJyaWNhdGlvbiUyMGV0JTIwbGElMjBsaXZyYWlzb24lMjBkZXMlMjBtYWNoaW5lcyUyQyUwQW5vdXMlMjBpbmN1bHF1b25zJTIwdW5lJTIwcXVhbGl0JUMzJUE5JTIwJUMzJUE5bGV2JUMzJUE5ZS4lM0MlMkZwJTNF[\/vc_raw_html][\/vc_column_inner][\/vc_row_inner][\/vc_column][\/vc_row]<\/p>\n<\/div>","protected":false},"excerpt":{"rendered":"<p>[vc_row][vc_column][\/vc_column][\/vc_row][vc_row css=\u00a0\u00bb.vc_custom_1606587476742{padding-top: 80px !important;padding-bottom: 95px !important;}\u00a0\u00bb][vc_column][vc_row_inner][vc_column_inner][\/vc_column_inner][\/vc_row_inner][\/vc_column][\/vc_row][vc_row css=\u00a0\u00bb.vc_custom_1606301767295{padding-top: 170px !important;padding-bottom: 170px !important;background-color: #484848 !important;}\u00a0\u00bb][vc_column][vc_row_inner][vc_column_inner][vc_raw_html el_class=\u00a0\u00bboutro-block white\u00a0\u00bb]JTNDaDIlM0VMb3JzcXUlMjdpbCUyMHMlMjdhZ2l0JTIwZHUlMjBtYXJjaCVDMyVBOSUyMGRlcyUyMG1hY2hpbmVzJTJDJTIwVEFTS0klMjBiJUMzJUE5biVDMyVBOWZpY2llJTIwZGUlMjBsYSUyMCUzQ3N0cm9uZyUzRXBlcnNwaWNhY2l0JUMzJUE5JTIwZXQlMjBkZSUyMGxhJTIwY29ubmFpc3NhbmNlJTIwbWFyY2glQzMlQTklM0MlMkZzdHJvbmclM0UlMjBxdWUlMjBEaXZlcnNleSUyMGElMjAlQzMlQTAlMjBvZmZyaXIuJTIwTG9yc3F1ZSUyMHZvdXMlMjB1dGlsaXNleiUyMHVuZSUyMG1hY2hpbmUlMEFUQVNLSSUyMGRhbnMlMjB2b3RyZSUyMCVDMyVBOXRhYmxpc3NlbWVudCUyQyUwQXZvdXMlMjBlbiUyMGIlQzMlQTluJUMzJUE5ZmljaWV6JTIwJUMzJUE5Z2FsZW1lbnQuJTNDJTJGaDIlM0UlMEElM0NwJTNFJTNDc3Ryb25nJTNFTGUlMjBzdWNjJUMzJUE4cyUyMGRlcyUyMG1hY2hpbmVzJTIwZGUlMjBuZXR0b3lhZ2UlM0MlMkZzdHJvbmclM0UlM0MlMkZwJTNFJTBBJTNDcCUzRVRvdXQlMjBjZSUyMHF1ZSUyMGZhaXQlMjBUQVNLSSUyMGVzdCUyMG1vdGl2JUMzJUE5JTIwcGFyJTIwdW4lMjBkJUMzJUE5c2lyJTIwZCUyN2V4Y2VsbGVuY2UuJTIwRGVwdWlzJTIwbCUyN29yaWdpbmUlMjBkZSUyMGwlMjdpZCVDMyVBOWUlMkMlMjBlbiUyMHBhc3NhbnQlMjBwYXIlMjBsJTI3ZW50b25ub2lyJTIwZGUlMjBsJTI3aW5ub3ZhdGlvbiUyMGV0JTIwbGVzJTIwcHJvY2Vzc3VzJTIwZGUlMjByZWNoZXJjaGUlMjBldCUyMGQlQzMlQTl2ZWxvcHBlbWVudCUyQyUyMGp1c3F1JTI3JUMzJUEwJTIwbGElMjBmYWJyaWNhdGlvbiUyMGV0JTIwbGElMjBsaXZyYWlzb24lMjBkZXMlMjBtYWNoaW5lcyUyQyUwQW5vdXMlMjBpbmN1bHF1b25zJTIwdW5lJTIwcXVhbGl0JUMzJUE5JTIwJUMzJUE5bGV2JUMzJUE5ZS4lM0MlMkZwJTNF[\/vc_raw_html][\/vc_column_inner][\/vc_row_inner][\/vc_column][\/vc_row]<\/p>\n","protected":false},"author":1,"featured_media":0,"parent":9134,"menu_order":504,"comment_status":"closed","ping_status":"closed","template":"","meta":{"_acf_changed":false,"_seopress_robots_primary_cat":"","_seopress_titles_title":"","_seopress_titles_desc":"","_seopress_robots_index":"","inline_featured_image":false,"footnotes":""},"class_list":["post-9282","page","type-page","status-publish","hentry"],"acf":[],"_links":{"self":[{"href":"https:\/\/staging.taski.com\/fr\/wp-json\/wp\/v2\/pages\/9282","targetHints":{"allow":["GET"]}}],"collection":[{"href":"https:\/\/staging.taski.com\/fr\/wp-json\/wp\/v2\/pages"}],"about":[{"href":"https:\/\/staging.taski.com\/fr\/wp-json\/wp\/v2\/types\/page"}],"author":[{"embeddable":true,"href":"https:\/\/staging.taski.com\/fr\/wp-json\/wp\/v2\/users\/1"}],"replies":[{"embeddable":true,"href":"https:\/\/staging.taski.com\/fr\/wp-json\/wp\/v2\/comments?post=9282"}],"version-history":[{"count":0,"href":"https:\/\/staging.taski.com\/fr\/wp-json\/wp\/v2\/pages\/9282\/revisions"}],"up":[{"embeddable":true,"href":"https:\/\/staging.taski.com\/fr\/wp-json\/wp\/v2\/pages\/9134"}],"wp:attachment":[{"href":"https:\/\/staging.taski.com\/fr\/wp-json\/wp\/v2\/media?parent=9282"}],"curies":[{"name":"wp","href":"https:\/\/api.w.org\/{rel}","templated":true}]}}