{"id":9216,"date":"2020-11-30T09:06:18","date_gmt":"2020-11-30T09:06:18","guid":{"rendered":"https:\/\/taski.com\/pourquoi-taski\/a-propos-de-taski\/"},"modified":"2021-09-01T13:18:03","modified_gmt":"2021-09-01T13:18:03","slug":"a-propos-de-taski","status":"publish","type":"page","link":"https:\/\/staging.taski.com\/fr\/pourquoi-taski\/a-propos-de-taski\/","title":{"rendered":"\u00c0 propos de TASKI"},"content":{"rendered":"<div class=\"wpb-content-wrapper\"><p>[vc_row][vc_column]\n  <div class=\"page-intro-block size-fit-image style-light font-large\">\n         <div class=\"page-intro-block-i\">\n      <div class=\"row\">\n        <div class=\"page-intro-content\">\n            <div class=\"title-block\">\n                                     <h2>TASKI est fier de faire partie de la famille Diversey.<br \/>\nLa r\u00e9putation de TASKI en tant <strong> qu'expert des sols<\/strong> n'est plus \u00e0 faire et la marque Suisse jouit d'une reconnaissance mondiale.<\/h2>\n                                                 <\/div>\n            <div class=\"page-intro-image\">\n                                <div class=\"page-intro-image-alt\">\n                    \n                    <img decoding=\"async\" src=\"https:\/\/staging.taski.com\/wp-content\/uploads\/2020\/12\/Swiss-flag_1.2.1-2.jpg\" alt=\"\" \/>\n\n                <\/div>\n            <\/div>\n        <\/div>\n      <\/div>\n\n\n    <\/div>\n  <\/div>\n  <div class=\"cl-fl\"><\/div>\n[\/vc_column][\/vc_row][vc_row][vc_column]\n  <div class=\"page-description-block style-dark\">\n    <div class=\"page-description-block-i\">\n      <div class=\"row\">\n        <div class=\"page-description-content\">\n          <\/div><\/div><\/div><\/div><\/p>\n<h2>La <strong>vision et la mission de<\/strong> TASKI :<\/h2>\n<h3><strong>Transformer<\/strong> la fa\u00e7on dont le monde fait l&rsquo;exp\u00e9rience du nettoyage durable et intelligent pour un monde plus s\u00fbr et plus sain.<\/h3>\n<h3>L&rsquo;<strong>h\u00e9ritage de l&rsquo;innovation <\/strong>sera acc\u00e9l\u00e9r\u00e9 et transform\u00e9 dans le futur.<\/h3>\n<h2><strong>TASKI m\u00e8ne la danse.<\/strong><\/h2>\n<\/div>\n      \n    \n  \n  <div class=\"cl-fl\"><\/div>\n[\/vc_column][\/vc_row][vc_row css=\u00a0\u00bb.vc_custom_1606742742288{background-color: #f18a00 !important;}\u00a0\u00bb][vc_column css=\u00a0\u00bb.vc_custom_1606743732250{margin-top: 0px !important;margin-bottom: 0px !important;padding-top: 0px !important;padding-bottom: 0px !important;}\u00a0\u00bb]\n  <div class=\"image-hover-block\">\n    <div class=\"image-hover-block-i\">\n\n        <div class=\"image-hover-grid\">\n           <div class=\"image-hover-item\">\n            <div class=\"ih-i\" style=\"background:url(https:\/\/staging.taski.com\/wp-content\/uploads\/2020\/11\/image-hover-1.jpg);\">\n             <div class=\"ih-item-content\">\n                <div class=\"ih-item-content-i\"><p>Nous sommes fiers de notre h\u00e9ritage suisse, c'est dans notre ADN. C'est un point de r\u00e9f\u00e9rence et une inspiration vivante<\/p>\n<\/div>\n             <\/div>\n            <\/div>\n           <\/div>\n           <div class=\"image-hover-item\">\n            <div class=\"ih-i\" style=\"background:url(https:\/\/staging.taski.com\/wp-content\/uploads\/2020\/11\/image-hover-2.jpg);\">\n             <div class=\"ih-item-content\">\n                <div class=\"ih-item-content-i\"><p>La qualit\u00e9 conditionne notre r\u00e9putation m\u00e9rit\u00e9e pour une ing\u00e9nierie brillante.<\/p>\n<\/div>\n             <\/div>\n            <\/div>\n           <\/div>\n           <div class=\"image-hover-item\">\n            <div class=\"ih-i\" style=\"background:url(https:\/\/staging.taski.com\/wp-content\/uploads\/2021\/01\/Engineering-excellence-image.png);\">\n             <div class=\"ih-item-content\">\n                <div class=\"ih-item-content-i\"><p>Nos concepteurs et ing\u00e9nieurs d\u00e9fient les conventions, ils optimisent et innovent pour atteindre l'excellence du nettoyage.<\/p>\n<\/div>\n             <\/div>\n            <\/div>\n           <\/div>\n           <div class=\"image-hover-item\">\n            <div class=\"ih-i\" style=\"background:url(https:\/\/staging.taski.com\/wp-content\/uploads\/2021\/01\/Machine-testing-image.jpg);\">\n             <div class=\"ih-item-content\">\n                <div class=\"ih-item-content-i\"><p>Tester, tester et tester \u00e0 nouveau. \u00c0 Munchwilen, chaque machine est rigoureusement test\u00e9e avant de quitter l'usine. Chaque machine a la signature de l'ing\u00e9nieur comme engagement personnel envers le ULTIME en qualit\u00e9.<\/p>\n<\/div>\n             <\/div>\n            <\/div>\n           <\/div>\n\n        <\/div>\n\n\n    <\/div>\n  <\/div>\n  <div class=\"cl-fl\"><\/div>\n[\/vc_column][\/vc_row][vc_row][vc_column]\n  <div class=\"three-cta-block\">\n    <div class=\"three-cta-block-i\">\n      <div class=\"row\">\n        <div class=\"three-cta-block-grid\">\n           <div class=\"three-cta-item\">\n            <div class=\"tci-i\">\n             <div class=\"tci-item-content\">\n                <h5>&lt;strong&gt;Vous voulez&lt;\/strong&gt;&lt;br&gt; en savoir plus ?<\/h5>\n                <a href=\"\/products-innovations-solutions\/\"><p>PRODUITS,<br \/>SOLUTIONS ET<br \/>INNOVATIONS<\/p><\/a>\n             <\/div>\n            <\/div>\n           <\/div>\n           <div class=\"three-cta-item\">\n            <div class=\"tci-i\">\n             <div class=\"tci-item-content\">\n                <h5><strong>Acheter<\/strong><br \/>TASKI<\/h5>\n                <a href=\"\/shop\/\"><p>MA<br \/>BOUTIQUE<br \/>TASKI<\/p><\/a>\n             <\/div>\n            <\/div>\n           <\/div>\n           <div class=\"three-cta-item\">\n            <div class=\"tci-i\">\n             <div class=\"tci-item-content\">\n                <h5>&lt;strong&gt;Vous avez&lt;\/strong&gt;&lt;br&gt;une question ?<\/h5>\n                <a href=\"\/news-help-contacts\/\"><p>CONTACTEZ<br \/>NOUS<\/p><\/a>\n             <\/div>\n            <\/div>\n           <\/div>\n        <\/div>\n      <\/div>\n    <\/div>\n  <\/div>\n  <div class=\"cl-fl\"><\/div>\n[\/vc_column][\/vc_row]\n","protected":false},"excerpt":{"rendered":"<p>[vc_row][vc_column][\/vc_column][\/vc_row][vc_row][vc_column][\/vc_column][\/vc_row][vc_row css=\u00a0\u00bb.vc_custom_1606742742288{background-color: #f18a00 !important;}\u00a0\u00bb][vc_column css=\u00a0\u00bb.vc_custom_1606743732250{margin-top: 0px !important;margin-bottom: 0px !important;padding-top: 0px !important;padding-bottom: 0px !important;}\u00a0\u00bb][\/vc_column][\/vc_row][vc_row][vc_column][\/vc_column][\/vc_row]<\/p>\n","protected":false},"author":1,"featured_media":0,"parent":9134,"menu_order":552,"comment_status":"closed","ping_status":"closed","template":"","meta":{"_acf_changed":false,"_seopress_robots_primary_cat":"","_seopress_titles_title":"","_seopress_titles_desc":"","_seopress_robots_index":"","inline_featured_image":false,"footnotes":""},"class_list":["post-9216","page","type-page","status-publish","hentry"],"acf":[],"_links":{"self":[{"href":"https:\/\/staging.taski.com\/fr\/wp-json\/wp\/v2\/pages\/9216","targetHints":{"allow":["GET"]}}],"collection":[{"href":"https:\/\/staging.taski.com\/fr\/wp-json\/wp\/v2\/pages"}],"about":[{"href":"https:\/\/staging.taski.com\/fr\/wp-json\/wp\/v2\/types\/page"}],"author":[{"embeddable":true,"href":"https:\/\/staging.taski.com\/fr\/wp-json\/wp\/v2\/users\/1"}],"replies":[{"embeddable":true,"href":"https:\/\/staging.taski.com\/fr\/wp-json\/wp\/v2\/comments?post=9216"}],"version-history":[{"count":0,"href":"https:\/\/staging.taski.com\/fr\/wp-json\/wp\/v2\/pages\/9216\/revisions"}],"up":[{"embeddable":true,"href":"https:\/\/staging.taski.com\/fr\/wp-json\/wp\/v2\/pages\/9134"}],"wp:attachment":[{"href":"https:\/\/staging.taski.com\/fr\/wp-json\/wp\/v2\/media?parent=9216"}],"curies":[{"name":"wp","href":"https:\/\/api.w.org\/{rel}","templated":true}]}}