{"id":9144,"date":"2020-11-23T12:14:19","date_gmt":"2020-11-23T12:14:19","guid":{"rendered":"https:\/\/taski.com\/produits-innovations-et-solutions\/"},"modified":"2025-12-16T18:02:14","modified_gmt":"2025-12-16T18:02:14","slug":"produits-innovations-et-solutions","status":"publish","type":"page","link":"https:\/\/staging.taski.com\/fr\/produits-innovations-et-solutions\/","title":{"rendered":"Produits, innovations et solutions"},"content":{"rendered":"<div class=\"wpb-content-wrapper\"><p>[vc_row el_id=\u00a0\u00bbmain-banner\u00a0\u00bb][vc_column]\n  <div class=\"page-intro-block size-fit-image style-light font-large\">\n         <div class=\"page-intro-block-i\">\n      <div class=\"row\">\n        <div class=\"page-intro-content\">\n            <div class=\"title-block\">\n                                     <h2>Les besoins de votre entreprise et notre Innovation<\/h2>\n                    <p>En nous appuyant sur la compr\u00e9hension des besoins des clients, nous cr\u00e9ons des innovations qui favorisent le succ\u00e8s du nettoyage.<\/p>\n<p>Gr\u00e2ce \u00e0 des tests et \u00e0 un d\u00e9veloppement approfondis, nous nous assurons que chaque produit et service que nous d\u00e9veloppons apporte la solution qui r\u00e9pond \u00e0 vos besoins.<\/p>\n                             <\/div>\n            <div class=\"page-intro-image\">\n                                <div class=\"page-intro-image-alt\">\n                    \n                    <img decoding=\"async\" src=\"https:\/\/staging.taski.com\/wp-content\/uploads\/2021\/01\/Robotic-innovation-2-1.jpg\" alt=\"\" \/>\n\n                <\/div>\n            <\/div>\n        <\/div>\n      <\/div>\n\n\n    <\/div>\n  <\/div>\n  <div class=\"cl-fl\"><\/div>\n[\/vc_column][\/vc_row][vc_row][vc_column]\n  <div class=\"page-description-block style-dark\">\n    <div class=\"page-description-block-i\">\n      <div class=\"row\">\n        <div class=\"page-description-content\">\n          <\/div><\/div><\/div><\/div><\/p>\n<h2>\u00c0 chaque \u00e9tape du processus de d\u00e9cision d&rsquo;achat, TASKI est l\u00e0 pour vous aider. Notre approche consultative vous permet de faire le bon choix.<\/h2>\n<p>Nous vous garantissons l&rsquo;acquisition de la machine de nettoyage ULTIME qui vous permettra d&rsquo;atteindre l&rsquo;excellence en mati\u00e8re de nettoyage, avec le service et l&rsquo;assistance que vous attendez.<\/p>\n        <\/div>\n      \n    \n  \n  <div class=\"cl-fl\"><\/div>\n[\/vc_column][\/vc_row][vc_row css=\u00a0\u00bb.vc_custom_1607451657985{padding-top: 90px !important;}\u00a0\u00bb el_id=\u00a0\u00bbfull-width-categories\u00a0\u00bb][vc_column]\n  <div class=\"taski-carousel-block \" style=\"\">\n    <div class=\"taski-carousel-block-i\">\n\n      \n      <div class=\"row\">\n       <div class=\"taski-carousel-holder\">\n        <div class=\"taski-carousel owl-carousel owl-theme\" id=\"taski-carousel\">\n                                    <div class=\"item taski-slide\">\n                            <div class=\"its-i\">\n                <div class=\"media-w\">\n                    <div class=\"image\">\n                      <div class=\"image-i\">\n                        <img decoding=\"async\" src=\"https:\/\/staging.taski.com\/wp-content\/uploads\/2021\/01\/IntelliSpray-2.jpg\" \/>\n                      <\/div>\n                    <\/div>\n                <\/div>\n                <div class=\"text\">\n                    <div class=\"title\">Solutions intelligentes<\/div>\n                    <p>Technologies, conceptions et produits pour am\u00e9liorer la productivit\u00e9, atteindre l'excellence en mati\u00e8re de nettoyage, \u00e9conomiser de l'\u00e9nergie et de l'eau, r\u00e9duire les produits chimiques et am\u00e9liorer la qualit\u00e9 de l'air. Vous souhaitez en d\u00e9couvrir plus ?<\/p>\n                    <div class=\"btn\"><a href=\"\/products-innovations-solutions\/innovations\/\">Innovations<\/a><\/div>                <\/div>\n              <\/div>\n                          <\/div>\n            <div class=\"item taski-slide\">\n                            <div class=\"its-i\">\n                <div class=\"media-w\">\n                    <div class=\"image\">\n                      <div class=\"image-i\">\n                        <img decoding=\"async\" src=\"https:\/\/staging.taski.com\/wp-content\/uploads\/2020\/12\/fleet-management.jpg\" \/>\n                      <\/div>\n                    <\/div>\n                <\/div>\n                <div class=\"text\">\n                    <div class=\"title\">S\u00e9lecteur TASKI<\/div>\n                    <p>Nous avons imagin\u00e9 3 fa\u00e7ons de vous aider \u00e0 choisir votre machine de nettoyage Ultime<\/p>\n                    <div class=\"btn\"><a href=\"\/taski-selector\/\">Voir nos solutions<\/a><\/div>                <\/div>\n              <\/div>\n                          <\/div>\n            <div class=\"item taski-slide\">\n                            <div class=\"its-i\">\n                <div class=\"media-w\">\n                    <div class=\"image\">\n                      <div class=\"image-i\">\n                        <img decoding=\"async\" src=\"https:\/\/staging.taski.com\/wp-content\/uploads\/2020\/12\/Aero_8_plus_0036g1.jpg\" \/>\n                      <\/div>\n                    <\/div>\n                <\/div>\n                <div class=\"text\">\n                    <div class=\"title\">Produits<\/div>\n                    <p>Trouvez votre machine de nettoyage ULTIME. Nous vous guiderons vers le choix id\u00e9al.<\/p>\n                    <div class=\"btn\"><a href=\"\/products-innovations-solutions\/products\/\">Votre TASKI Ultime<\/a><\/div>                <\/div>\n              <\/div>\n                          <\/div>\n            <div class=\"item taski-slide\">\n                            <div class=\"its-i\">\n                <div class=\"media-w\">\n                    <div class=\"image\">\n                      <div class=\"image-i\">\n                        <img decoding=\"async\" src=\"https:\/\/staging.taski.com\/wp-content\/uploads\/2020\/12\/financial-solutions-intro.jpg\" \/>\n                      <\/div>\n                    <\/div>\n                <\/div>\n                <div class=\"text\">\n                    <div class=\"title\">Solutions financi\u00e8res<\/div>\n                    <p>Une gamme d'options de financement flexibles comprenant le cr\u00e9dit-bail, la location, le paiement \u00e0 l'utilisation et les machines d'occasion.<\/p>\n                    <div class=\"btn\"><a href=\"\/financial-solutions\/\">Voir nos solutions<\/a><\/div>                <\/div>\n              <\/div>\n                          <\/div>\n            <div class=\"item taski-slide\">\n                            <div class=\"its-i\">\n                <div class=\"media-w\">\n                    <div class=\"image\">\n                      <div class=\"image-i\">\n                        <img decoding=\"async\" src=\"https:\/\/staging.taski.com\/wp-content\/uploads\/2020\/12\/virtual-floor-care-expert-1.jpg\" \/>\n                      <\/div>\n                    <\/div>\n                <\/div>\n                <div class=\"text\">\n                    <div class=\"title\">Service<\/div>\n                    <p>Les packs de services TASKI sont con\u00e7us pour assurer une performance optimale de la machine et offrir le co\u00fbt total de possession (TCO) le plus bas.<\/p>\n                    <div class=\"btn\"><a href=\"\/service\/\">Voir nos solutions<\/a><\/div>                <\/div>\n              <\/div>\n                          <\/div>\n                    <\/div>\n\n        <div class=\"taski-carousel-navigation\">\n          <div class=\"nav-left\">\n            <a href=\"#\"><i class=\"fa fa-chevron-left\"><\/i><\/a>\n          <\/div>\n          <div class=\"nav-description\">\n\n          <\/div>\n          <div class=\"nav-right\">\n            <a href=\"#\"><i class=\"fa fa-chevron-right\"><\/i><\/a>\n          <\/div>\n        <\/div>\n       <\/div>\n      <\/div>\n   <\/div>\n  <\/div>\n  <div class=\"cl-fl\"><\/div>\n[\/vc_column][\/vc_row][vc_row css=\u00a0\u00bb.vc_custom_1606750435278{padding-top: 90px !important;}\u00a0\u00bb][vc_column]\n  <div class=\"page-description-block style-dark\">\n    <div class=\"page-description-block-i\">\n      <div class=\"row\">\n        <div class=\"page-description-content\">\n          \n<h2><strong>Choisir une machine TASKI<\/strong><\/h2>\n<p>Choisir votre machine de nettoyage Ultimate.<br \/>\nParcourez nos pages de produits ou utilisez notre s\u00e9lecteur pour faire le choix id\u00e9al.<\/p>\n        <\/div>\n      <\/div>\n    <\/div>\n  <\/div>\n  <div class=\"cl-fl\"><\/div>\n[\/vc_column][\/vc_row][vc_row css=\u00a0\u00bb.vc_custom_1606750505039{padding-top: 40px !important;padding-bottom: 40px !important;}\u00a0\u00bb][vc_column]\n  <div class=\"three-cta-block\">\n    <div class=\"three-cta-block-i\">\n      <div class=\"row\">\n        <div class=\"three-cta-block-grid\">\n           <div class=\"three-cta-item\">\n            <div class=\"tci-i\">\n             <div class=\"tci-item-content\">\n                <h5>&lt;strong&gt;Choisissez votre machine&lt;\/strong&gt;<br \/>\nS\u00e9lecteur TASKI<\/h5>\n                <a href=\"\/taski-selector\/\"><p>TASKI<br \/>\nS\u00e9lecteur<\/p><\/a>\n             <\/div>\n            <\/div>\n           <\/div>\n           <div class=\"three-cta-item\">\n            <div class=\"tci-i\">\n             <div class=\"tci-item-content\">\n                <h5>&lt;strong&gt;Acheter &lt;\/strong&gt;<br \/>\nTASKI<\/h5>\n                <a href=\"\/shop\/\"><p>Ma Boutique TASKI<\/p><\/a>\n             <\/div>\n            <\/div>\n           <\/div>\n           <div class=\"three-cta-item\">\n            <div class=\"tci-i\">\n             <div class=\"tci-item-content\">\n                <h5>&lt;strong&gt;Vous voulez&lt;\/strong&gt;<br \/>\nnous contacter<\/h5>\n                <a href=\"\/news-help-contacts\/ask-paul-contact\/\"><p>Contactez-nous<\/p><\/a>\n             <\/div>\n            <\/div>\n           <\/div>\n        <\/div>\n      <\/div>\n    <\/div>\n  <\/div>\n  <div class=\"cl-fl\"><\/div>\n[\/vc_column][\/vc_row]\n","protected":false},"excerpt":{"rendered":"<p>[vc_row el_id=\u00a0\u00bbmain-banner\u00a0\u00bb][vc_column][\/vc_column][\/vc_row][vc_row][vc_column][\/vc_column][\/vc_row][vc_row css=\u00a0\u00bb.vc_custom_1607451657985{padding-top: 90px !important;}\u00a0\u00bb el_id=\u00a0\u00bbfull-width-categories\u00a0\u00bb][vc_column][\/vc_column][\/vc_row][vc_row css=\u00a0\u00bb.vc_custom_1606750435278{padding-top: 90px !important;}\u00a0\u00bb][vc_column][\/vc_column][\/vc_row][vc_row css=\u00a0\u00bb.vc_custom_1606750505039{padding-top: 40px !important;padding-bottom: 40px !important;}\u00a0\u00bb][vc_column][\/vc_column][\/vc_row]<\/p>\n","protected":false},"author":1,"featured_media":0,"parent":0,"menu_order":146,"comment_status":"closed","ping_status":"closed","template":"","meta":{"_acf_changed":false,"_seopress_robots_primary_cat":"","_seopress_titles_title":"","_seopress_titles_desc":"","_seopress_robots_index":"","inline_featured_image":false,"footnotes":""},"class_list":["post-9144","page","type-page","status-publish","hentry"],"acf":[],"_links":{"self":[{"href":"https:\/\/staging.taski.com\/fr\/wp-json\/wp\/v2\/pages\/9144","targetHints":{"allow":["GET"]}}],"collection":[{"href":"https:\/\/staging.taski.com\/fr\/wp-json\/wp\/v2\/pages"}],"about":[{"href":"https:\/\/staging.taski.com\/fr\/wp-json\/wp\/v2\/types\/page"}],"author":[{"embeddable":true,"href":"https:\/\/staging.taski.com\/fr\/wp-json\/wp\/v2\/users\/1"}],"replies":[{"embeddable":true,"href":"https:\/\/staging.taski.com\/fr\/wp-json\/wp\/v2\/comments?post=9144"}],"version-history":[{"count":2,"href":"https:\/\/staging.taski.com\/fr\/wp-json\/wp\/v2\/pages\/9144\/revisions"}],"predecessor-version":[{"id":55788,"href":"https:\/\/staging.taski.com\/fr\/wp-json\/wp\/v2\/pages\/9144\/revisions\/55788"}],"wp:attachment":[{"href":"https:\/\/staging.taski.com\/fr\/wp-json\/wp\/v2\/media?parent=9144"}],"curies":[{"name":"wp","href":"https:\/\/api.w.org\/{rel}","templated":true}]}}