{"id":9134,"date":"2020-11-23T12:13:44","date_gmt":"2020-11-23T12:13:44","guid":{"rendered":"https:\/\/taski.com\/pourquoi-taski\/"},"modified":"2022-09-15T09:06:31","modified_gmt":"2022-09-15T09:06:31","slug":"pourquoi-taski","status":"publish","type":"page","link":"https:\/\/staging.taski.com\/fr\/pourquoi-taski\/","title":{"rendered":"POURQUOI TASKI ?"},"content":{"rendered":"<div class=\"wpb-content-wrapper\"><p>[vc_row][vc_column]\n  <div class=\"page-intro-block size-fit-image style-light font-large\">\n         <div class=\"page-intro-block-i\">\n      <div class=\"row\">\n        <div class=\"page-intro-content\">\n            <div class=\"title-block\">\n                                     <h2>Comment TASKI cr\u00e9e-t-il<br \/>\nla &lt;strong&gt;machine \u00e0 nettoyer ultime<br \/>\n?&lt;\/strong&gt;<\/h2>\n                                                 <\/div>\n            <div class=\"page-intro-image\">\n                                <div class=\"page-intro-image-alt\">\n                    \n                    <img decoding=\"async\" src=\"https:\/\/staging.taski.com\/wp-content\/uploads\/2020\/11\/Ultimate-Cleaning-Machines.jpg\" alt=\"\" \/>\n\n                <\/div>\n            <\/div>\n        <\/div>\n      <\/div>\n\n\n    <\/div>\n  <\/div>\n  <div class=\"cl-fl\"><\/div>\n[\/vc_column][\/vc_row][vc_row][vc_column]\n  <div class=\"page-description-block style-dark\">\n    <div class=\"page-description-block-i\">\n      <div class=\"row\">\n        <div class=\"page-description-content\">\n          <p>\n[page_description_block]<\/p>\n<h2>TASKI est \u00e0 l&rsquo;\u00e9coute de ses clients, des secteurs dans lesquels ils travaillent et <strong>observe les tendances de<\/strong> ces secteurs. C&rsquo;est le fondement de notre processus de recherche et de d\u00e9veloppement.<\/h2>\n<p>Les machines de nettoyage Ultimate sont le fruit de vos besoins et de notre innovation.<\/p>\n        <\/div>\n      <\/div>\n    <\/div>\n  <\/div>\n  <div class=\"cl-fl\"><\/div>\n[\/page_description_block][\/vc_column][\/vc_row][vc_row css=\u00a0\u00bb.vc_custom_1606748446025{padding-top: 90px !important;padding-bottom: 90px !important;}\u00a0\u00bb][vc_column css=\u00a0\u00bb.vc_custom_1606743732250{margin-top: 0px !important;margin-bottom: 0px !important;padding-top: 0px !important;padding-bottom: 0px !important;}\u00a0\u00bb]\n  <div class=\"taski-carousel-block \" style=\"\">\n    <div class=\"taski-carousel-block-i\">\n\n      <div class=\"taski-carousel-title\"><p>Tout ce que nous faisons est con\u00e7u pour r\u00e9pondre \u00e0 vos besoins<\/p><\/div>\n      <div class=\"row\">\n       <div class=\"taski-carousel-holder\">\n        <div class=\"taski-carousel owl-carousel owl-theme\" id=\"taski-carousel\">\n                                    <div class=\"item taski-slide\">\n                            <div class=\"its-i\">\n                <div class=\"media-w\">\n                    <div class=\"image\">\n                      <div class=\"image-i\">\n                        <img decoding=\"async\" src=\"https:\/\/staging.taski.com\/wp-content\/uploads\/2020\/12\/operational-efficiency.svg\" \/>\n                      <\/div>\n                    <\/div>\n                <\/div>\n                <div class=\"text\">\n                    <div class=\"title\">Efficacit\u00e9 op\u00e9rationnelle<\/div>\n                    <p>Augmenter l'efficacit\u00e9 op\u00e9rationnelle par l'innovation, la productivit\u00e9 et la gestion de la flotte.<br \/>\nJetez un coup d'\u0153il \u00e0 nos derni\u00e8res &lt;strong&gt;pages sur l'innovation et les produits.&lt;\/strong&gt;<\/p>\n                                    <\/div>\n              <\/div>\n                          <\/div>\n            <div class=\"item taski-slide\">\n                            <div class=\"its-i\">\n                <div class=\"media-w\">\n                    <div class=\"image\">\n                      <div class=\"image-i\">\n                        <img decoding=\"async\" src=\"https:\/\/staging.taski.com\/wp-content\/uploads\/2020\/12\/continuous-innovation.svg\" \/>\n                      <\/div>\n                    <\/div>\n                <\/div>\n                <div class=\"text\">\n                    <div class=\"title\">L'innovation continue<\/div>\n                    <p>Utiliser les derni\u00e8res technologies et l'Internet du propre pour une am\u00e9lioration continue.<br \/>\nConsultez nos &lt;strong&gt;pages sur les solutions intelligentes&lt;\/strong&gt; pour d\u00e9couvrir les innovations prim\u00e9es.<\/p>\n                                    <\/div>\n              <\/div>\n                          <\/div>\n            <div class=\"item taski-slide\">\n                            <div class=\"its-i\">\n                <div class=\"media-w\">\n                    <div class=\"image\">\n                      <div class=\"image-i\">\n                        <img decoding=\"async\" src=\"https:\/\/staging.taski.com\/wp-content\/uploads\/2020\/12\/cost-control.svg\" \/>\n                      <\/div>\n                    <\/div>\n                <\/div>\n                <div class=\"text\">\n                    <div class=\"title\">Croissance Rentable<\/div>\n                    <p>M\u00e9canisez une plus grande partie de votre nettoyage pour am\u00e9liorer la productivit\u00e9, r\u00e9duire les co\u00fbts et augmenter les b\u00e9n\u00e9fices.<br \/>\nConsultez nos &lt;strong&gt;pages sur le financement et le service pour&lt;\/strong&gt; en savoir plus.<\/p>\n                                    <\/div>\n              <\/div>\n                          <\/div>\n            <div class=\"item taski-slide\">\n                            <div class=\"its-i\">\n                <div class=\"media-w\">\n                    <div class=\"image\">\n                      <div class=\"image-i\">\n                        <img decoding=\"async\" src=\"https:\/\/staging.taski.com\/wp-content\/uploads\/2020\/12\/customer-experience.svg\" \/>\n                      <\/div>\n                    <\/div>\n                <\/div>\n                <div class=\"text\">\n                    <div class=\"title\">Exp\u00e9rience Client<\/div>\n                    <p>Impressionnez vos clients et renforcez votre marque avec des sols plus propres et plus s\u00fbrs.<br \/>\nCliquez sur nos &lt;strong&gt;pages sectorielles&lt;\/strong&gt; pour conna\u00eetre nos meilleures solutions pour votre march\u00e9.<\/p>\n                                    <\/div>\n              <\/div>\n                          <\/div>\n            <div class=\"item taski-slide\">\n                            <div class=\"its-i\">\n                <div class=\"media-w\">\n                    <div class=\"image\">\n                      <div class=\"image-i\">\n                        <img decoding=\"async\" src=\"https:\/\/staging.taski.com\/wp-content\/uploads\/2020\/12\/brand-protection.svg\" \/>\n                      <\/div>\n                    <\/div>\n                <\/div>\n                <div class=\"text\">\n                    <div class=\"title\">Brand Protection<\/div>\n                    <p>Prot\u00e9gez vos clients, vos h\u00f4tes et vos patients tout en pr\u00e9servant votre marque.<br \/>\nCliquez sur nos &lt;strong&gt;pages sectorielles&lt;\/strong&gt; pour conna\u00eetre nos meilleures solutions pour votre march\u00e9.<\/p>\n                                    <\/div>\n              <\/div>\n                          <\/div>\n            <div class=\"item taski-slide\">\n                            <div class=\"its-i\">\n                <div class=\"media-w\">\n                    <div class=\"image\">\n                      <div class=\"image-i\">\n                        <img decoding=\"async\" src=\"https:\/\/staging.taski.com\/wp-content\/uploads\/2020\/12\/people-safety.svg\" \/>\n                      <\/div>\n                    <\/div>\n                <\/div>\n                <div class=\"text\">\n                    <div class=\"title\">Utilisateurs et Propret\u00e9<\/div>\n                    <p>Prot\u00e9gez vos clients, vos invit\u00e9s, vos patients et votre personnel en am\u00e9liorant la qualit\u00e9 de l'air, l'hygi\u00e8ne et le s\u00e9chage des sols.<br \/>\nJetez un coup d'\u0153il \u00e0 nos &lt;strong&gt;pages sur les produits et l'innovation.&lt;\/strong&gt;<\/p>\n                                    <\/div>\n              <\/div>\n                          <\/div>\n            <div class=\"item taski-slide\">\n                            <div class=\"its-i\">\n                <div class=\"media-w\">\n                    <div class=\"image\">\n                      <div class=\"image-i\">\n                        <img decoding=\"async\" src=\"https:\/\/staging.taski.com\/wp-content\/uploads\/2020\/12\/sustainability.svg\" \/>\n                      <\/div>\n                    <\/div>\n                <\/div>\n                <div class=\"text\">\n                    <div class=\"title\">D\u00e9veloppement Durable<\/div>\n                    <p>R\u00e9duisez vos d\u00e9penses de services publics jusqu'\u00e0 76 % et respectez votre durabilit\u00e9.<br \/>\nConsultez nos &lt;strong&gt;solutions intelligentes et nos livres blancs.&lt;\/strong&gt;<\/p>\n                                    <\/div>\n              <\/div>\n                          <\/div>\n            <div class=\"item taski-slide\">\n                            <div class=\"its-i\">\n                <div class=\"media-w\">\n                    <div class=\"image\">\n                      <div class=\"image-i\">\n                        <img decoding=\"async\" src=\"https:\/\/staging.taski.com\/wp-content\/uploads\/2020\/12\/working-capital-optimisation.svg\" \/>\n                      <\/div>\n                    <\/div>\n                <\/div>\n                <div class=\"text\">\n                    <div class=\"title\">Optimisation du Fonds de Roulement<\/div>\n                    <p>Investissez intelligemment. Faites travailler votre argent plus dur pour vous. Am\u00e9liorez votre retour sur investissement et raccourcissez votre d\u00e9lai de r\u00e9cup\u00e9ration.<br \/>\nConsultez nos &lt;strong&gt;pages sur le financement et les services&lt;\/strong&gt; pour en savoir plus.<\/p>\n                                    <\/div>\n              <\/div>\n                          <\/div>\n            <div class=\"item taski-slide\">\n                            <div class=\"its-i\">\n                <div class=\"media-w\">\n                    <div class=\"image\">\n                      <div class=\"image-i\">\n                        <img decoding=\"async\" src=\"https:\/\/staging.taski.com\/wp-content\/uploads\/2020\/12\/asset-protection.svg\" \/>\n                      <\/div>\n                    <\/div>\n                <\/div>\n                <div class=\"text\">\n                    <div class=\"title\">Protection des Actifs<\/div>\n                    <p>Prot\u00e9gez et entretenez vos biens immobiliers tout en am\u00e9liorant leur apparence.<br \/>\nCliquez sur nos &lt;strong&gt;pages Conseils d'experts et Contact pour&lt;\/strong&gt; en savoir plus ou poser une question.<\/p>\n                                    <\/div>\n              <\/div>\n                          <\/div>\n            <div class=\"item taski-slide\">\n                            <div class=\"its-i\">\n                <div class=\"media-w\">\n                    <div class=\"image\">\n                      <div class=\"image-i\">\n                        <img decoding=\"async\" src=\"https:\/\/staging.taski.com\/wp-content\/uploads\/2020\/12\/infection-prevention.svg\" \/>\n                      <\/div>\n                    <\/div>\n                <\/div>\n                <div class=\"text\">\n                    <div class=\"title\">Pr\u00e9vention des infections<\/div>\n                    <p>Prot\u00e9gez vos clients, vos invit\u00e9s, vos patients et votre personnel en appliquant les normes d'hygi\u00e8ne les plus strictes.<br \/>\nCliquez sur nos &lt;strong&gt;pages Conseils d'experts et Contact pour&lt;\/strong&gt; en savoir plus ou poser une question.<\/p>\n                                    <\/div>\n              <\/div>\n                          <\/div>\n                    <\/div>\n\n        <div class=\"taski-carousel-navigation\">\n          <div class=\"nav-left\">\n            <a href=\"#\"><i class=\"fa fa-chevron-left\"><\/i><\/a>\n          <\/div>\n          <div class=\"nav-description\">\n\n          <\/div>\n          <div class=\"nav-right\">\n            <a href=\"#\"><i class=\"fa fa-chevron-right\"><\/i><\/a>\n          <\/div>\n        <\/div>\n       <\/div>\n      <\/div>\n   <\/div>\n  <\/div>\n  <div class=\"cl-fl\"><\/div>\n[\/vc_column][\/vc_row][vc_row][vc_column]\n  <div class=\"three-cta-block\">\n    <div class=\"three-cta-block-i\">\n      <div class=\"row\">\n        <div class=\"three-cta-block-grid\">\n           <div class=\"three-cta-item\">\n            <div class=\"tci-i\">\n             <div class=\"tci-item-content\">\n                <h5>&lt;strong&gt;Voir&lt;\/strong&gt;&lt;br&gt;<br \/>\nnos&lt;br&gt;<br \/>\nsolutions<\/h5>\n                <a href=\"https:\/\/taski.com\/why-taski\/your-markets-sectors\/\"><p>PRODUITS,<br \/>SOLUTIONS ET<br \/>INNOVATIONS<\/p><\/a>\n             <\/div>\n            <\/div>\n           <\/div>\n           <div class=\"three-cta-item\">\n            <div class=\"tci-i\">\n             <div class=\"tci-item-content\">\n                <h5>&lt;strong&gt;Voir les derni\u00e8res&lt;\/strong&gt;<br \/>\nInnovations<br \/>\nTASKI<\/h5>\n                <a href=\"https:\/\/taski.com\/products-innovations-solutions\/innovations\/\"><p>EN<br \/>\nSAVOIR<br \/>\nPLUS<\/p><\/a>\n             <\/div>\n            <\/div>\n           <\/div>\n           <div class=\"three-cta-item\">\n            <div class=\"tci-i\">\n             <div class=\"tci-item-content\">\n                <h5>&lt;strong&gt;Contactez-nous&lt;\/strong&gt;<br \/>\navec<br \/>\nnous<\/h5>\n                <a href=\"\/news-help-contacts\/ask-paul-contact\/\"><p>CONTACTEZ<br \/>NOUS<\/p><\/a>\n             <\/div>\n            <\/div>\n           <\/div>\n        <\/div>\n      <\/div>\n    <\/div>\n  <\/div>\n  <div class=\"cl-fl\"><\/div>\n[\/vc_column][\/vc_row]<\/p>\n<\/div>","protected":false},"excerpt":{"rendered":"<p>[vc_row][vc_column][\/vc_column][\/vc_row][vc_row][vc_column][\/page_description_block][\/vc_column][\/vc_row][vc_row css=\u00a0\u00bb.vc_custom_1606748446025{padding-top: 90px !important;padding-bottom: 90px !important;}\u00a0\u00bb][vc_column css=\u00a0\u00bb.vc_custom_1606743732250{margin-top: 0px !important;margin-bottom: 0px !important;padding-top: 0px !important;padding-bottom: 0px !important;}\u00a0\u00bb][\/vc_column][\/vc_row][vc_row][vc_column][\/vc_column][\/vc_row]<\/p>\n","protected":false},"author":1,"featured_media":0,"parent":0,"menu_order":543,"comment_status":"closed","ping_status":"closed","template":"","meta":{"_acf_changed":false,"_seopress_robots_primary_cat":"","_seopress_titles_title":"","_seopress_titles_desc":"","_seopress_robots_index":"","inline_featured_image":false,"footnotes":""},"class_list":["post-9134","page","type-page","status-publish","hentry"],"acf":[],"_links":{"self":[{"href":"https:\/\/staging.taski.com\/fr\/wp-json\/wp\/v2\/pages\/9134","targetHints":{"allow":["GET"]}}],"collection":[{"href":"https:\/\/staging.taski.com\/fr\/wp-json\/wp\/v2\/pages"}],"about":[{"href":"https:\/\/staging.taski.com\/fr\/wp-json\/wp\/v2\/types\/page"}],"author":[{"embeddable":true,"href":"https:\/\/staging.taski.com\/fr\/wp-json\/wp\/v2\/users\/1"}],"replies":[{"embeddable":true,"href":"https:\/\/staging.taski.com\/fr\/wp-json\/wp\/v2\/comments?post=9134"}],"version-history":[{"count":0,"href":"https:\/\/staging.taski.com\/fr\/wp-json\/wp\/v2\/pages\/9134\/revisions"}],"wp:attachment":[{"href":"https:\/\/staging.taski.com\/fr\/wp-json\/wp\/v2\/media?parent=9134"}],"curies":[{"name":"wp","href":"https:\/\/api.w.org\/{rel}","templated":true}]}}