{"id":9043,"date":"2021-01-07T15:35:39","date_gmt":"2021-01-07T15:35:39","guid":{"rendered":"https:\/\/taski.com\/conseils-dexperts\/outils-de-formation\/"},"modified":"2021-07-29T06:48:08","modified_gmt":"2021-07-29T06:48:08","slug":"outils-de-formation","status":"publish","type":"page","link":"https:\/\/staging.taski.com\/fr\/pourquoi-taski\/conseils-dexperts\/outils-de-formation\/","title":{"rendered":"Outils de formation"},"content":{"rendered":"<div class=\"wpb-content-wrapper\"><p>[vc_row][vc_column]\n  <div class=\"main-banner-block full-width content-video-no\" style=\"background-image:url(https:\/\/staging.taski.com\/wp-content\/uploads\/2020\/12\/Rental-1-scaled.jpg);\">\n         <div class=\"main-banner-block-i\">\n      <div class=\"row\">\n       <div class=\"mbb-fl\">\n        <div class=\"main-banner-block-content\">\n            <h2>Les machines TASKI sont d\u00e9j\u00e0<br \/>\nintuitives et faciles \u00e0 utiliser.<br \/>\nConsultez notre gamme compl\u00e8te<br \/>\nd'outils de formation pour tirer le meilleur parti de votre machine TASKI.<\/h2>\n            <div class=\"button-wrapper\">\n                        <\/div>\n        <\/div>\n               <\/div>\n      <\/div>\n\n\n    <\/div>\n  <\/div>\n  <div class=\"cl-fl\"><\/div>\n[\/vc_column][\/vc_row][vc_row][vc_column]\n  <div class=\"page-description-block style-dark\">\n    <div class=\"page-description-block-i\">\n      <div class=\"row\">\n        <div class=\"page-description-content\">\n          <\/div><\/div><\/div><\/div><\/p>\n<h2>TASKI fournit une gamme de mat\u00e9riel de formation simple \u00e0 suivre, y compris des <strong>cartes murales et des vid\u00e9os<\/strong> pour aider les utilisateurs \u00e0 apprendre rapidement comment utiliser les machines de mani\u00e8re efficace et s\u00fbre.<\/h2>\n<p>Vous trouverez facilement toutes les cartes murales, tous les manuels d&rsquo;utilisation et toutes les vid\u00e9os en cliquant sur nos pages Produits et en t\u00e9l\u00e9chargeant le document de votre choix ou en regardant nos vid\u00e9os.<\/p>\n<p><img alt=\"\" loading=\"lazy\" decoding=\"async\" class=\"alignnone wp-image-3001\" src=\"https:\/\/taski.com\/wp-content\/uploads\/2021\/01\/TASKI-Wallchart-210x300.png\" alt=\"\" width=\"250\" height=\"357\" \/> <img alt=\"\" loading=\"lazy\" decoding=\"async\" class=\"alignnone wp-image-3000\" src=\"https:\/\/taski.com\/wp-content\/uploads\/2021\/01\/TASKI-User-Manual-210x300.png\" alt=\"\" width=\"250\" height=\"357\" \/> <img alt=\"\" loading=\"lazy\" decoding=\"async\" class=\"alignnone wp-image-3003\" src=\"https:\/\/taski.com\/wp-content\/uploads\/2021\/01\/TASKI-video-300x292.png\" alt=\"\" width=\"368\" height=\"358\" \/><\/p>\n<ul>\n<li>Cliquez sur le lien de la page produit ci-dessous pour trouver la carte murale, le manuel d&rsquo;utilisation ou la vid\u00e9o de votre produit.<\/li>\n<li>Vous pouvez \u00e9galement cliquer sur le lien ci-dessous pour t\u00e9l\u00e9charger notre application TASKI.<\/li>\n<li>Pour tous les <a href=\"https:\/\/taski.com\/instructions-dutilisation-manuels-dutilisation\/?lang=fr\"><strong>manuels d&rsquo;utilisation, cliquez ici.<\/strong><\/a><\/li>\n<\/ul>\n<\/div>\n      \n    \n  \n  <div class=\"cl-fl\"><\/div>\n[\/vc_column][\/vc_row][vc_row css=\u00a0\u00bb.vc_custom_1612789544071{padding-top: 75px !important;}\u00a0\u00bb][vc_column][vc_column_text]\n<h2 style=\"text-align: center;\">T\u00e9l\u00e9chargements<\/h2>\n<p>[\/vc_column_text][\/vc_column][\/vc_row][vc_row][vc_column width=\u00a0\u00bb1\/3&Prime;][\/vc_column][vc_column width=\u00a0\u00bb1\/3&Prime;][\/vc_column][vc_column width=\u00a0\u00bb1\/3&Prime;][\/vc_column][\/vc_row][vc_row][vc_column]\n  <div class=\"two-cta-block\">\n    <div class=\"two-cta-block-i\">\n      <div class=\"row\">\n        <div class=\"two-cta-block-grid\">\n           <div class=\"two-cta-item\">\n            <div class=\"tci-i\">\n             <div class=\"tci-item-content\">\n                <h5>Trouver un produit<\/h5>\n                <a href=\"https:\/\/taski.com\/produits-innovations-et-solutions\/produits\/?lang=fr\"><p>PAGES PRODUITS<\/p><\/a>\n             <\/div>\n            <\/div>\n           <\/div>\n           <div class=\"two-cta-item\">\n            <div class=\"tci-i\">\n             <div class=\"tci-item-content\">\n                <h5>T\u00e9l\u00e9charger notre TASKI App<\/h5>\n                <a href=\"\/taski-app\/\"><p>TASKI App<\/p><\/a>\n             <\/div>\n            <\/div>\n           <\/div>\n        <\/div>\n      <\/div>\n    <\/div>\n  <\/div>\n  <div class=\"cl-fl\"><\/div>\n[\/vc_column][\/vc_row]<\/p>\n","protected":false},"excerpt":{"rendered":"<p>Une gamme de mat\u00e9riel de formation simple \u00e0 suivre pour une utilisation efficace et en toute s\u00e9curit\u00e9.<\/p>\n","protected":false},"author":1,"featured_media":8439,"parent":8310,"menu_order":670,"comment_status":"closed","ping_status":"closed","template":"","meta":{"_acf_changed":false,"_seopress_robots_primary_cat":"","_seopress_titles_title":"","_seopress_titles_desc":"","_seopress_robots_index":"","inline_featured_image":false,"footnotes":""},"class_list":["post-9043","page","type-page","status-publish","has-post-thumbnail","hentry"],"acf":[],"_links":{"self":[{"href":"https:\/\/staging.taski.com\/fr\/wp-json\/wp\/v2\/pages\/9043","targetHints":{"allow":["GET"]}}],"collection":[{"href":"https:\/\/staging.taski.com\/fr\/wp-json\/wp\/v2\/pages"}],"about":[{"href":"https:\/\/staging.taski.com\/fr\/wp-json\/wp\/v2\/types\/page"}],"author":[{"embeddable":true,"href":"https:\/\/staging.taski.com\/fr\/wp-json\/wp\/v2\/users\/1"}],"replies":[{"embeddable":true,"href":"https:\/\/staging.taski.com\/fr\/wp-json\/wp\/v2\/comments?post=9043"}],"version-history":[{"count":0,"href":"https:\/\/staging.taski.com\/fr\/wp-json\/wp\/v2\/pages\/9043\/revisions"}],"up":[{"embeddable":true,"href":"https:\/\/staging.taski.com\/fr\/wp-json\/wp\/v2\/pages\/8310"}],"wp:featuredmedia":[{"embeddable":true,"href":"https:\/\/staging.taski.com\/fr\/wp-json\/wp\/v2\/media\/8439"}],"wp:attachment":[{"href":"https:\/\/staging.taski.com\/fr\/wp-json\/wp\/v2\/media?parent=9043"}],"curies":[{"name":"wp","href":"https:\/\/api.w.org\/{rel}","templated":true}]}}