{"id":8901,"date":"2020-12-13T13:07:04","date_gmt":"2020-12-13T13:07:04","guid":{"rendered":"https:\/\/taski.com\/produits\/aspirateurs\/"},"modified":"2026-03-06T16:07:25","modified_gmt":"2026-03-06T16:07:25","slug":"aspirateurs","status":"publish","type":"page","link":"https:\/\/staging.taski.com\/fr\/produits-innovations-et-solutions\/produits\/aspirateurs\/","title":{"rendered":"Aspirateurs"},"content":{"rendered":"<div class=\"wpb-content-wrapper\"><p>[vc_row][vc_column]\n  <div class=\"page-intro-block size-fit-image style-dark font-large\">\n         <div class=\"page-intro-block-i\">\n      <div class=\"row\">\n        <div class=\"page-intro-content\">\n            <div class=\"title-block\">\n                                     <h2><span class=\"pt\">Aspirateurs<\/span>Y compris les mod\u00e8les utilisant les <strong>derni\u00e8res technologies de moteur num\u00e9rique et de batterie au lithium.<\/strong><\/h2>\n                                                 <\/div>\n            <div class=\"page-intro-image\">\n                                <div class=\"page-intro-image-alt\">\n                    \n                    <img decoding=\"async\" src=\"https:\/\/staging.taski.com\/wp-content\/uploads\/2020\/12\/Aero_8_plus_0036g1.jpg\" alt=\"\" \/>\n\n                <\/div>\n            <\/div>\n        <\/div>\n      <\/div>\n\n\n    <\/div>\n  <\/div>\n  <div class=\"cl-fl\"><\/div>\n[\/vc_column][\/vc_row][vc_row][vc_column][vc_basic_grid post_type=\u00a0\u00bbtaski-products\u00a0\u00bb style=\u00a0\u00bbload-more\u00a0\u00bb show_filter=\u00a0\u00bbyes\u00a0\u00bb element_width=\u00a0\u00bb2&Prime; gap=\u00a0\u00bb35&Prime; orderby=\u00a0\u00bbmenu_order\u00a0\u00bb order=\u00a0\u00bbASC\u00a0\u00bb filter_style=\u00a0\u00bbdefault-less-rounded\u00a0\u00bb filter_color=\u00a0\u00bborange\u00a0\u00bb filter_size=\u00a0\u00bblg\u00a0\u00bb item=\u00a0\u00bb50527&Prime; css=\u00a0\u00bb.vc_custom_1772813209577{margin-top: 20px !important;margin-bottom: 80px !important;}\u00a0\u00bb max_items=\u00a0\u00bb-1&Prime; items_per_page=\u00a0\u00bb6&Prime; grid_id=\u00a0\u00bbvc_gid:1772813092977-ce543abc-146b-2&Prime; taxonomies=\u00a0\u00bb247&Prime; filter_source=\u00a0\u00bbtaski_product__category\u00a0\u00bb exclude_filter=\u00a0\u00bb20&Prime; filter_default_title=\u00a0\u00bbAll\u00a0\u00bb btn_title=\u00a0\u00bbLoad more\u00a0\u00bb][\/vc_column][\/vc_row][vc_row css=\u00a0\u00bb.vc_custom_1609780983622{padding-bottom: 95px !important;}\u00a0\u00bb][vc_column]\n  <div class=\"product-description-block style-dark image-right\">\n    <div class=\"product-description-block-i\">\n        <div class=\"product-description-block-content\">\n          <div class=\"product-description-block-title\">\n                            <div class=\"pdbt-icon\"><img decoding=\"async\" src=\"https:\/\/staging.taski.com\/wp-content\/uploads\/2021\/02\/customer-experience-white.png\" \/><\/div>\n                <div class=\"pdbt-text\">Exp\u00e9rience client<\/div>\n                      <\/div>\n          <div class=\"product-description-block-text\"><p><span data-sheets-formula-bar-text-style=\"font-size:13px;color:#000000;font-weight:bold;text-decoration:none;font-family:'Arial';font-style:normal;text-decoration-skip-ink:none;\">La technologie brevet\u00e9e Murmure de TASKI r\u00e9duit le niveau sonore de pr\u00e8s de 40% par rapport \u00e0 la norme industrielle. <\/span><\/p>\n<p><span data-sheets-formula-bar-text-style=\"font-size:13px;color:#000000;font-weight:bold;text-decoration:none;font-family:'Arial';font-style:normal;text-decoration-skip-ink:none;\">La discr\u00e9tion de nos AERO garantissent une excellente exp\u00e9rience clients.<\/span><\/p>\n<\/div>\n        <\/div>\n        <div class=\"product-description-block-image\" style=\"background-image:url(https:\/\/staging.taski.com\/wp-content\/uploads\/2021\/01\/Low-noise-2-scaled.jpg)\">\n\n        <\/div>\n    <\/div>\n  <\/div>\n  <div class=\"cl-fl\"><\/div>\n\n  <div class=\"product-description-block style-light image-left\">\n    <div class=\"product-description-block-i\">\n        <div class=\"product-description-block-content\">\n          <div class=\"product-description-block-title\">\n                            <div class=\"pdbt-icon\"><img decoding=\"async\" src=\"https:\/\/staging.taski.com\/wp-content\/uploads\/2020\/12\/operational-efficiency.svg\" \/><\/div>\n                <div class=\"pdbt-text\">Efficacit\u00e9 op\u00e9rationnelle<\/div>\n                      <\/div>\n          <div class=\"product-description-block-text\"><p>Les aspirateurs \u00e0 batterie TASKI AERO Li-Ion peuvent offrir une <strong>productivit\u00e9 jusqu&rsquo;\u00e0 70% sup\u00e9rieure<\/strong> \u00e0 celle des aspirateurs traditionnels.<\/p>\n<p>Cette petite mise \u00e0 niveau peut faire une <strong>grande diff\u00e9rence<\/strong>.<\/p>\n<\/div>\n        <\/div>\n        <div class=\"product-description-block-image\" style=\"background-image:url(https:\/\/staging.taski.com\/wp-content\/uploads\/2021\/01\/Backpack-vacuum-scaled.jpg)\">\n\n        <\/div>\n    <\/div>\n  <\/div>\n  <div class=\"cl-fl\"><\/div>\n\n  <div class=\"product-description-block style-dark image-right\">\n    <div class=\"product-description-block-i\">\n        <div class=\"product-description-block-content\">\n          <div class=\"product-description-block-title\">\n                            <div class=\"pdbt-icon\"><img decoding=\"async\" src=\"https:\/\/staging.taski.com\/wp-content\/uploads\/2021\/02\/brand-protection-white.png\" \/><\/div>\n                <div class=\"pdbt-text\">Image de marque<\/div>\n                      <\/div>\n          <div class=\"product-description-block-text\"><p><span data-sheets-formula-bar-text-style=\"font-size:13px;color:#000000;font-weight:bold;text-decoration:none;font-family:'Arial';font-style:normal;text-decoration-skip-ink:none;\">La premi\u00e8re impression compte. <\/span><\/p>\n<p><span data-sheets-formula-bar-text-style=\"font-size:13px;color:#000000;font-weight:bold;text-decoration:none;font-family:'Arial';font-style:normal;text-decoration-skip-ink:none;\">Les aspirateurs TASKI permettent de conserver l&rsquo;aspect de propret\u00e9 de vos sols textiles, avec un impact direct sur leur long\u00e9vit\u00e9.<\/span><\/p>\n<\/div>\n        <\/div>\n        <div class=\"product-description-block-image\" style=\"background-image:url(https:\/\/staging.taski.com\/wp-content\/uploads\/2021\/01\/Tub-vacuum-scaled.jpg)\">\n\n        <\/div>\n    <\/div>\n  <\/div>\n  <div class=\"cl-fl\"><\/div>\n[\/vc_column][\/vc_row][vc_row][vc_column][vc_row_inner][vc_column_inner]\n  <div class=\"three-cta-block\">\n    <div class=\"three-cta-block-i\">\n      <div class=\"row\">\n        <div class=\"three-cta-block-grid\">\n           <div class=\"three-cta-item\">\n            <div class=\"tci-i\">\n             <div class=\"tci-item-content\">\n                <h5>Voir<br \/>\nnos solutions<\/h5>\n                <a href=\"\/products-innovations-solutions\/\"><p>PRODUITS,<br \/>SOLUTIONS ET<br \/>INNOVATIONS<\/p><\/a>\n             <\/div>\n            <\/div>\n           <\/div>\n           <div class=\"three-cta-item\">\n            <div class=\"tci-i\">\n             <div class=\"tci-item-content\">\n                <h5>D\u00e9couvrir les innovations TASKI<\/h5>\n                <a href=\"\/shop\/\"><p>MA<br \/>BOUTIQUE<br \/>TASKI<\/p><\/a>\n             <\/div>\n            <\/div>\n           <\/div>\n           <div class=\"three-cta-item\">\n            <div class=\"tci-i\">\n             <div class=\"tci-item-content\">\n                <h5>Vous avez<br \/>\nune question?<\/h5>\n                <a href=\"\/news-help-contacts\/\"><p>CONTACTEZ<br \/>NOUS<\/p><\/a>\n             <\/div>\n            <\/div>\n           <\/div>\n        <\/div>\n      <\/div>\n    <\/div>\n  <\/div>\n  <div class=\"cl-fl\"><\/div>\n[\/vc_column_inner][\/vc_row_inner][\/vc_column][\/vc_row]<\/p>\n<\/div>","protected":false},"excerpt":{"rendered":"<p>[vc_row][vc_column][\/vc_column][\/vc_row][vc_row][vc_column][vc_basic_grid post_type=\u00a0\u00bbtaski-products\u00a0\u00bb style=\u00a0\u00bbload-more\u00a0\u00bb show_filter=\u00a0\u00bbyes\u00a0\u00bb element_width=\u00a0\u00bb2&Prime; gap=\u00a0\u00bb35&Prime; orderby=\u00a0\u00bbmenu_order\u00a0\u00bb order=\u00a0\u00bbASC\u00a0\u00bb filter_style=\u00a0\u00bbdefault-less-rounded\u00a0\u00bb filter_color=\u00a0\u00bborange\u00a0\u00bb filter_size=\u00a0\u00bblg\u00a0\u00bb item=\u00a0\u00bb50527&Prime; css=\u00a0\u00bb.vc_custom_1772813209577{margin-top: 20px !important;margin-bottom: 80px !important;}\u00a0\u00bb max_items=\u00a0\u00bb-1&Prime; items_per_page=\u00a0\u00bb6&Prime; grid_id=\u00a0\u00bbvc_gid:1772813092977-ce543abc-146b-2&Prime; taxonomies=\u00a0\u00bb247&Prime; filter_source=\u00a0\u00bbtaski_product__category\u00a0\u00bb exclude_filter=\u00a0\u00bb20&Prime; filter_default_title=\u00a0\u00bbAll\u00a0\u00bb btn_title=\u00a0\u00bbLoad more\u00a0\u00bb][\/vc_column][\/vc_row][vc_row css=\u00a0\u00bb.vc_custom_1609780983622{padding-bottom: 95px !important;}\u00a0\u00bb][vc_column][\/vc_column][\/vc_row][vc_row][vc_column][vc_row_inner][vc_column_inner][\/vc_column_inner][\/vc_row_inner][\/vc_column][\/vc_row]<\/p>\n","protected":false},"author":1,"featured_media":0,"parent":7870,"menu_order":309,"comment_status":"closed","ping_status":"closed","template":"page-products.php","meta":{"_acf_changed":false,"_seopress_robots_primary_cat":"","_seopress_titles_title":"","_seopress_titles_desc":"","_seopress_robots_index":"","inline_featured_image":false,"footnotes":""},"class_list":["post-8901","page","type-page","status-publish","hentry"],"acf":[],"_links":{"self":[{"href":"https:\/\/staging.taski.com\/fr\/wp-json\/wp\/v2\/pages\/8901","targetHints":{"allow":["GET"]}}],"collection":[{"href":"https:\/\/staging.taski.com\/fr\/wp-json\/wp\/v2\/pages"}],"about":[{"href":"https:\/\/staging.taski.com\/fr\/wp-json\/wp\/v2\/types\/page"}],"author":[{"embeddable":true,"href":"https:\/\/staging.taski.com\/fr\/wp-json\/wp\/v2\/users\/1"}],"replies":[{"embeddable":true,"href":"https:\/\/staging.taski.com\/fr\/wp-json\/wp\/v2\/comments?post=8901"}],"version-history":[{"count":2,"href":"https:\/\/staging.taski.com\/fr\/wp-json\/wp\/v2\/pages\/8901\/revisions"}],"predecessor-version":[{"id":56095,"href":"https:\/\/staging.taski.com\/fr\/wp-json\/wp\/v2\/pages\/8901\/revisions\/56095"}],"up":[{"embeddable":true,"href":"https:\/\/staging.taski.com\/fr\/wp-json\/wp\/v2\/pages\/7870"}],"wp:attachment":[{"href":"https:\/\/staging.taski.com\/fr\/wp-json\/wp\/v2\/media?parent=8901"}],"curies":[{"name":"wp","href":"https:\/\/api.w.org\/{rel}","templated":true}]}}