{"id":8884,"date":"2020-12-13T12:55:29","date_gmt":"2020-12-13T12:55:29","guid":{"rendered":"https:\/\/taski.com\/produits\/balayeuses\/"},"modified":"2026-03-06T16:18:26","modified_gmt":"2026-03-06T16:18:26","slug":"balayeuses","status":"publish","type":"page","link":"https:\/\/staging.taski.com\/fr\/produits-innovations-et-solutions\/produits\/balayeuses\/","title":{"rendered":"Balayeuses"},"content":{"rendered":"<div class=\"wpb-content-wrapper\"><p>[vc_row][vc_column]\n  <div class=\"page-intro-block size-fit-image style-dark font-large\">\n         <div class=\"page-intro-block-i\">\n      <div class=\"row\">\n        <div class=\"page-intro-content\">\n            <div class=\"title-block\">\n                                     <h2><span class=\"pt\">Balayeuses<\/span>Les balayeuses Balimat sont \u00e9quip\u00e9es de la technologie Tander Roller System pour une excellente r\u00e9cup\u00e9ration des d\u00e9bris et de la poussi\u00e8re.<\/h2>\n                                                 <\/div>\n            <div class=\"page-intro-image\">\n                                <div class=\"page-intro-image-alt\">\n                    \n                    <img decoding=\"async\" src=\"https:\/\/staging.taski.com\/wp-content\/uploads\/2021\/04\/balimat-3300-side-brooms.jpg\" alt=\"\" \/>\n\n                <\/div>\n            <\/div>\n        <\/div>\n      <\/div>\n\n\n    <\/div>\n  <\/div>\n  <div class=\"cl-fl\"><\/div>\n[\/vc_column][\/vc_row][vc_row][vc_column][vc_basic_grid post_type=\u00a0\u00bbtaski-products\u00a0\u00bb style=\u00a0\u00bbload-more\u00a0\u00bb show_filter=\u00a0\u00bbyes\u00a0\u00bb element_width=\u00a0\u00bb2&Prime; gap=\u00a0\u00bb35&Prime; orderby=\u00a0\u00bbmenu_order\u00a0\u00bb order=\u00a0\u00bbASC\u00a0\u00bb filter_style=\u00a0\u00bbdefault-less-rounded\u00a0\u00bb filter_color=\u00a0\u00bborange\u00a0\u00bb filter_size=\u00a0\u00bblg\u00a0\u00bb item=\u00a0\u00bb50527&Prime; css=\u00a0\u00bb.vc_custom_1772813869563{margin-top: 20px !important;margin-bottom: 80px !important;}\u00a0\u00bb max_items=\u00a0\u00bb-1&Prime; items_per_page=\u00a0\u00bb6&Prime; grid_id=\u00a0\u00bbvc_gid:1772813803989-0df25056-16dd-8&Prime; taxonomies=\u00a0\u00bb310&Prime; filter_source=\u00a0\u00bbtaski_product__category\u00a0\u00bb exclude_filter=\u00a0\u00bb20&Prime; filter_default_title=\u00a0\u00bbAll\u00a0\u00bb btn_title=\u00a0\u00bbLoad more\u00a0\u00bb][\/vc_column][\/vc_row][vc_row css=\u00a0\u00bb.vc_custom_1606587476742{padding-top: 80px !important;padding-bottom: 95px !important;}\u00a0\u00bb][vc_column]\n  <div class=\"product-description-block style-dark image-right\">\n    <div class=\"product-description-block-i\">\n        <div class=\"product-description-block-content\">\n          <div class=\"product-description-block-title\">\n                            <div class=\"pdbt-icon\"><img decoding=\"async\" src=\"https:\/\/staging.taski.com\/wp-content\/uploads\/2020\/12\/clock.png\" \/><\/div>\n                <div class=\"pdbt-text\">Efficacit\u00e9 op\u00e9rationnelle<\/div>\n                      <\/div>\n          <div class=\"product-description-block-text\"><p><span data-sheets-formula-bar-text-style=\"font-size:13px;color:#000000;font-weight:bold;text-decoration:none;font-family:'Arial';font-style:normal;text-decoration-skip-ink:none;\">Les Balimat sont \u00e9quip\u00e9es de brosses lat\u00e9rales pour une plus grande largeur de travail. Elles ram\u00e8nent les d\u00e9bris vers le centre ou les deux brosses cylindriques les r\u00e9cup\u00e8rent et les acheminent dans le bac collecteur.<\/span><\/p>\n<\/div>\n        <\/div>\n        <div class=\"product-description-block-image\" style=\"background-image:url(https:\/\/staging.taski.com\/wp-content\/uploads\/2021\/04\/balimat-3300-side-brooms.jpg)\">\n\n        <\/div>\n    <\/div>\n  <\/div>\n  <div class=\"cl-fl\"><\/div>\n\n  <div class=\"product-description-block style-light image-left\">\n    <div class=\"product-description-block-i\">\n        <div class=\"product-description-block-content\">\n          <div class=\"product-description-block-title\">\n                            <div class=\"pdbt-icon\"><img decoding=\"async\" src=\"https:\/\/staging.taski.com\/wp-content\/uploads\/2020\/12\/brand-protection.svg\" \/><\/div>\n                <div class=\"pdbt-text\">Image de marque<\/div>\n                      <\/div>\n          <div class=\"product-description-block-text\"><p>Gardez vos espaces int\u00e9rieurs et ext\u00e9rieurs propres.<\/p>\n<p>Les Balimat entretiennent vos locaux et contribuent \u00e0 donner aux visiteurs une bonne premi\u00e8re impression.<\/p>\n<\/div>\n        <\/div>\n        <div class=\"product-description-block-image\" style=\"background-image:url(https:\/\/staging.taski.com\/wp-content\/uploads\/2021\/03\/balimat-2300-in-use-2.jpg)\">\n\n        <\/div>\n    <\/div>\n  <\/div>\n  <div class=\"cl-fl\"><\/div>\n\n  <div class=\"product-description-block style-dark image-right\">\n    <div class=\"product-description-block-i\">\n        <div class=\"product-description-block-content\">\n          <div class=\"product-description-block-title\">\n                            <div class=\"pdbt-icon\"><img decoding=\"async\" src=\"https:\/\/staging.taski.com\/wp-content\/uploads\/2021\/02\/people-safety-white.png\" \/><\/div>\n                <div class=\"pdbt-text\">Personnes &amp; s\u00e9curit\u00e9<\/div>\n                      <\/div>\n          <div class=\"product-description-block-text\"><p><span data-sheets-formula-bar-text-style=\"font-size:13px;color:#000000;font-weight:bold;text-decoration:none;font-family:'Arial';font-style:normal;text-decoration-skip-ink:none;\">La gamme Balimat est con\u00e7ue pour \u00eatre facile \u00e0 utiliser. La version autoport\u00e9e augmente la productivit\u00e9 et r\u00e9duit vos co\u00fbts op\u00e9rationnels.<\/span><\/p>\n<\/div>\n        <\/div>\n        <div class=\"product-description-block-image\" style=\"background-image:url(https:\/\/staging.taski.com\/wp-content\/uploads\/2021\/04\/balimat-3300-handle.jpg)\">\n\n        <\/div>\n    <\/div>\n  <\/div>\n  <div class=\"cl-fl\"><\/div>\n[\/vc_column][\/vc_row][vc_row][vc_column][vc_row_inner][vc_column_inner]\n  <div class=\"three-cta-block\">\n    <div class=\"three-cta-block-i\">\n      <div class=\"row\">\n        <div class=\"three-cta-block-grid\">\n           <div class=\"three-cta-item\">\n            <div class=\"tci-i\">\n             <div class=\"tci-item-content\">\n                <h5>Voir<br \/>\nnos solutions<\/h5>\n                <a href=\"\/products-innovations-solutions\/\"><p>PRODUITS,<br \/>SOLUTIONS ET<br \/>INNOVATIONS<\/p><\/a>\n             <\/div>\n            <\/div>\n           <\/div>\n           <div class=\"three-cta-item\">\n            <div class=\"tci-i\">\n             <div class=\"tci-item-content\">\n                <h5>D\u00e9couvrir les innovations TASKI<\/h5>\n                <a href=\"\/shop\/\"><p>MA<br \/>BOUTIQUE<br \/>TASKI<\/p><\/a>\n             <\/div>\n            <\/div>\n           <\/div>\n           <div class=\"three-cta-item\">\n            <div class=\"tci-i\">\n             <div class=\"tci-item-content\">\n                <h5>Vous avez une question?<\/h5>\n                <a href=\"\/news-help-contacts\/\"><p>CONTACTEZ<br \/>NOUS<\/p><\/a>\n             <\/div>\n            <\/div>\n           <\/div>\n        <\/div>\n      <\/div>\n    <\/div>\n  <\/div>\n  <div class=\"cl-fl\"><\/div>\n[\/vc_column_inner][\/vc_row_inner][\/vc_column][\/vc_row]<\/p>\n<\/div>","protected":false},"excerpt":{"rendered":"<p>[vc_row][vc_column][\/vc_column][\/vc_row][vc_row][vc_column][vc_basic_grid post_type=\u00a0\u00bbtaski-products\u00a0\u00bb style=\u00a0\u00bbload-more\u00a0\u00bb show_filter=\u00a0\u00bbyes\u00a0\u00bb element_width=\u00a0\u00bb2&Prime; gap=\u00a0\u00bb35&Prime; orderby=\u00a0\u00bbmenu_order\u00a0\u00bb order=\u00a0\u00bbASC\u00a0\u00bb filter_style=\u00a0\u00bbdefault-less-rounded\u00a0\u00bb filter_color=\u00a0\u00bborange\u00a0\u00bb filter_size=\u00a0\u00bblg\u00a0\u00bb item=\u00a0\u00bb50527&Prime; css=\u00a0\u00bb.vc_custom_1772813869563{margin-top: 20px !important;margin-bottom: 80px !important;}\u00a0\u00bb max_items=\u00a0\u00bb-1&Prime; items_per_page=\u00a0\u00bb6&Prime; grid_id=\u00a0\u00bbvc_gid:1772813803989-0df25056-16dd-8&Prime; taxonomies=\u00a0\u00bb310&Prime; filter_source=\u00a0\u00bbtaski_product__category\u00a0\u00bb exclude_filter=\u00a0\u00bb20&Prime; filter_default_title=\u00a0\u00bbAll\u00a0\u00bb btn_title=\u00a0\u00bbLoad more\u00a0\u00bb][\/vc_column][\/vc_row][vc_row css=\u00a0\u00bb.vc_custom_1606587476742{padding-top: 80px !important;padding-bottom: 95px !important;}\u00a0\u00bb][vc_column][\/vc_column][\/vc_row][vc_row][vc_column][vc_row_inner][vc_column_inner][\/vc_column_inner][\/vc_row_inner][\/vc_column][\/vc_row]<\/p>\n","protected":false},"author":1,"featured_media":0,"parent":7870,"menu_order":251,"comment_status":"closed","ping_status":"closed","template":"page-products.php","meta":{"_acf_changed":false,"_seopress_robots_primary_cat":"","_seopress_titles_title":"","_seopress_titles_desc":"","_seopress_robots_index":"","inline_featured_image":false,"footnotes":""},"class_list":["post-8884","page","type-page","status-publish","hentry"],"acf":[],"_links":{"self":[{"href":"https:\/\/staging.taski.com\/fr\/wp-json\/wp\/v2\/pages\/8884","targetHints":{"allow":["GET"]}}],"collection":[{"href":"https:\/\/staging.taski.com\/fr\/wp-json\/wp\/v2\/pages"}],"about":[{"href":"https:\/\/staging.taski.com\/fr\/wp-json\/wp\/v2\/types\/page"}],"author":[{"embeddable":true,"href":"https:\/\/staging.taski.com\/fr\/wp-json\/wp\/v2\/users\/1"}],"replies":[{"embeddable":true,"href":"https:\/\/staging.taski.com\/fr\/wp-json\/wp\/v2\/comments?post=8884"}],"version-history":[{"count":2,"href":"https:\/\/staging.taski.com\/fr\/wp-json\/wp\/v2\/pages\/8884\/revisions"}],"predecessor-version":[{"id":56103,"href":"https:\/\/staging.taski.com\/fr\/wp-json\/wp\/v2\/pages\/8884\/revisions\/56103"}],"up":[{"embeddable":true,"href":"https:\/\/staging.taski.com\/fr\/wp-json\/wp\/v2\/pages\/7870"}],"wp:attachment":[{"href":"https:\/\/staging.taski.com\/fr\/wp-json\/wp\/v2\/media?parent=8884"}],"curies":[{"name":"wp","href":"https:\/\/api.w.org\/{rel}","templated":true}]}}