{"id":8858,"date":"2020-12-05T13:21:31","date_gmt":"2020-12-05T13:21:31","guid":{"rendered":"https:\/\/taski.com\/conseils-dexperts\/le-cercle-des-pecheurs\/"},"modified":"2023-10-03T08:50:54","modified_gmt":"2023-10-03T08:50:54","slug":"le-cercle-de-nettoyage","status":"publish","type":"page","link":"https:\/\/staging.taski.com\/fr\/pourquoi-taski\/conseils-dexperts\/le-cercle-de-nettoyage\/","title":{"rendered":"Le cercle de nettoyage"},"content":{"rendered":"<div class=\"wpb-content-wrapper\"><p>[vc_row][vc_column]\n  <div class=\"main-banner-block full-width content-video-no\" style=\"background-image:url(https:\/\/staging.taski.com\/wp-content\/uploads\/2021\/01\/TASKI-Twister-image.png);\">\n         <div class=\"main-banner-block-i\">\n      <div class=\"row\">\n       <div class=\"mbb-fl\">\n        <div class=\"main-banner-block-content\">\n            <h2>Le Cercle de Sinner - ou TACT - comprend quatre \u00e9l\u00e9ments fondamentaux :<br \/>\nTemps - Action m\u00e9canique - Chimie - Temp\u00e9rature<\/h2>\n            <div class=\"button-wrapper\">\n                        <\/div>\n        <\/div>\n               <\/div>\n      <\/div>\n\n\n    <\/div>\n  <\/div>\n  <div class=\"cl-fl\"><\/div>\n[\/vc_column][\/vc_row][vc_row][vc_column]\n  <div class=\"page-description-block style-dark\">\n    <div class=\"page-description-block-i\">\n      <div class=\"row\">\n        <div class=\"page-description-content\">\n          <\/div><\/div><\/div><\/div><\/p>\n<h2>Nous mettons \u00e0 profit toutes les synergies entre les machines, les produits chimiques et les ustensiles pour atteindre l&rsquo;excellence en mati\u00e8re de nettoyage.<\/h2>\n<p>Pour offrir un programme de nettoyage complet et optimal, vous avez besoin des meilleurs outils. Seul Diversey vous offre un ensemble unique de machines, d&rsquo;outils et de produits chimiques.<\/p>\n<p><strong>Produits Diversey :<\/strong><br \/>\nLes produits chimiques Diversey pour l&rsquo;entretien des sols durs, souples et textiles donnent des r\u00e9sultats de nettoyage exceptionnels et sont disponibles dans le monde entier.<\/p>\n<p><img alt=\"\" loading=\"lazy\" decoding=\"async\" class=\"wp-image-2670 alignnone\" src=\"https:\/\/taski.com\/wp-content\/uploads\/2021\/01\/Chemical-image-1-300x200.jpg\" alt=\"\" width=\"512\" height=\"341\" \/><\/p>\n<p><strong>Pour des informations plus d\u00e9taill\u00e9es sur les produits Diversey<a href=\"https:\/\/diversey.fr\/fr\/nos-solutions\/entretien-des-sols\">, cliquez ici.<\/a><\/strong><\/p>\n<p><strong>Ustensiles de nettoyage Diversey :<\/strong><br \/>\nLes \u00e9quipements de nettoyage de pointe Diversey comprennent les disques diamant\u00e9s Twister, les disques traditionnels Americo et les microfibres Jonmaster.<\/p>\n<p><img alt=\"\" loading=\"lazy\" decoding=\"async\" class=\"wp-image-2672 alignnone\" src=\"https:\/\/taski.com\/wp-content\/uploads\/2021\/01\/Twister-2-300x243.png\" alt=\"\" width=\"512\" height=\"415\" \/><\/p>\n<p><strong>Pour des informations plus d\u00e9taill\u00e9es sur les ustensiles de nettoyage Diversey<a href=\"https:\/\/diversey.fr\/fr\/nos-solutions\/hygiene-des-batiments\/ustensiles-de-nettoyage\">, cliquez ici.<\/a><\/strong><\/p>\n<p><strong>Pour des informations plus d\u00e9taill\u00e9es sur Twister, <a href=\"https:\/\/diversey.fr\/fr\/solutions\/building-care\/cleaning-tools\/solutions-de-disques-de-sol-pour-machines\">cliquez ici.<\/a><\/strong><\/p>\n        <\/div>\n      \n    \n  \n  <div class=\"cl-fl\"><\/div>\n[\/vc_column][\/vc_row]\n","protected":false},"excerpt":{"rendered":"<p>Chez TASKI et Diversey, nous comprenons vraiment tous les aspects du nettoyage et de l&rsquo;hygi\u00e8ne. Gr\u00e2ce \u00e0 notre vaste portefeuille, nous sommes id\u00e9alement positionn\u00e9s pour \u00eatre votre partenaire parfait en mati\u00e8re d&rsquo;hygi\u00e8ne.<\/p>\n","protected":false},"author":1,"featured_media":8865,"parent":8310,"menu_order":408,"comment_status":"closed","ping_status":"closed","template":"","meta":{"_acf_changed":false,"_seopress_robots_primary_cat":"","_seopress_titles_title":"","_seopress_titles_desc":"","_seopress_robots_index":"","inline_featured_image":false,"footnotes":""},"class_list":["post-8858","page","type-page","status-publish","has-post-thumbnail","hentry"],"acf":[],"_links":{"self":[{"href":"https:\/\/staging.taski.com\/fr\/wp-json\/wp\/v2\/pages\/8858","targetHints":{"allow":["GET"]}}],"collection":[{"href":"https:\/\/staging.taski.com\/fr\/wp-json\/wp\/v2\/pages"}],"about":[{"href":"https:\/\/staging.taski.com\/fr\/wp-json\/wp\/v2\/types\/page"}],"author":[{"embeddable":true,"href":"https:\/\/staging.taski.com\/fr\/wp-json\/wp\/v2\/users\/1"}],"replies":[{"embeddable":true,"href":"https:\/\/staging.taski.com\/fr\/wp-json\/wp\/v2\/comments?post=8858"}],"version-history":[{"count":0,"href":"https:\/\/staging.taski.com\/fr\/wp-json\/wp\/v2\/pages\/8858\/revisions"}],"up":[{"embeddable":true,"href":"https:\/\/staging.taski.com\/fr\/wp-json\/wp\/v2\/pages\/8310"}],"wp:featuredmedia":[{"embeddable":true,"href":"https:\/\/staging.taski.com\/fr\/wp-json\/wp\/v2\/media\/8865"}],"wp:attachment":[{"href":"https:\/\/staging.taski.com\/fr\/wp-json\/wp\/v2\/media?parent=8858"}],"curies":[{"name":"wp","href":"https:\/\/api.w.org\/{rel}","templated":true}]}}