{"id":8833,"date":"2020-12-05T13:20:18","date_gmt":"2020-12-05T13:20:18","guid":{"rendered":"https:\/\/taski.com\/conseils-dexperts\/expertise-en-matiere-dentretien-des-moquettes\/"},"modified":"2021-09-01T12:51:54","modified_gmt":"2021-09-01T12:51:54","slug":"expertise-en-matiere-dentretien-des-moquettes","status":"publish","type":"page","link":"https:\/\/staging.taski.com\/fr\/pourquoi-taski\/conseils-dexperts\/expertise-en-matiere-dentretien-des-moquettes\/","title":{"rendered":"Expertise en mati\u00e8re d&rsquo;entretien des moquettes"},"content":{"rendered":"<div class=\"wpb-content-wrapper\"><p>[vc_row][vc_column]\n  <div class=\"main-banner-block full-width content-video-no\" style=\"background-image:url(https:\/\/staging.taski.com\/wp-content\/uploads\/2020\/12\/virtual-carpet-care-expert-1.jpg);\">\n         <div class=\"main-banner-block-i\">\n      <div class=\"row\">\n       <div class=\"mbb-fl\">\n        <div class=\"main-banner-block-content\">\n            <h2>Les moquettes et surfaces en tissu n\u00e9cessitent un nettoyage et un entretien fr\u00e9quents. Les experts TASKI sont l\u00e0 pour vous aider avec les meilleures pratiques et des conseils sur les meilleurs produits pour vos sols et surfaces textiles.<\/h2>\n            <div class=\"button-wrapper\">\n                        <\/div>\n        <\/div>\n               <\/div>\n      <\/div>\n\n\n    <\/div>\n  <\/div>\n  <div class=\"cl-fl\"><\/div>\n[\/vc_column][\/vc_row][vc_row][vc_column]\n  <div class=\"page-description-block style-dark\">\n    <div class=\"page-description-block-i\">\n      <div class=\"row\">\n        <div class=\"page-description-content\">\n          <\/div><\/div><\/div><\/div><\/p>\n<h2>Expert en entretien des moquettes<\/h2>\n<p><img alt=\"\" loading=\"lazy\" decoding=\"async\" class=\"size-medium wp-image-2676 alignnone\" src=\"https:\/\/taski.com\/wp-content\/uploads\/2021\/01\/CarpetedStairs-300x200.jpg\" alt=\"\" width=\"300\" height=\"200\" \/><\/p>\n<p><strong>Aspirateur<\/strong><\/p>\n<p>80% des salissures p\u00e9n\u00e8trent dans un b\u00e2timent par l&rsquo;entr\u00e9e. N&rsquo;oubliez jamais l&rsquo;importance des tapis. Pour un nettoyage d&rsquo;excellence, choisissez toujours un aspirobrosseur TASKI, la combinaison de l&rsquo;aspiration et de la brosse m\u00e9canique offrant des r\u00e9sultats sup\u00e9rieurs.<\/p>\n<p><img alt=\"\" loading=\"lazy\" decoding=\"async\" class=\"size-medium wp-image-2319 alignnone\" src=\"https:\/\/taski.com\/wp-content\/uploads\/2020\/12\/HOSPITALITY_21_CARPET_VACUUM_CLEANING-200x300.jpg\" alt=\"\" width=\"200\" height=\"300\" \/><\/p>\n<p>Pour la s\u00e9curit\u00e9 et la productivit\u00e9 du nettoyage des escaliers et dans les transports, choisissez un aspirateur dorsal TASKI.<\/p>\n<p><img alt=\"\" loading=\"lazy\" decoding=\"async\" class=\"size-medium wp-image-2352 alignnone\" src=\"https:\/\/taski.com\/wp-content\/uploads\/2020\/12\/TASKI-Aero-Up-Still-7-1-300x169.jpg\" alt=\"\" width=\"300\" height=\"169\" \/><\/p>\n<p><strong>Filtres HEPA<\/strong><\/p>\n<p>La meilleure pratique consiste \u00e0 utiliser les filtres HEPA H13 de TASKI qui am\u00e9liorent la qualit\u00e9 de l&rsquo;air int\u00e9rieur et filtrent 99,95 % des micro particules et des polluants.<\/p>\n<p><img alt=\"\" loading=\"lazy\" decoding=\"async\" class=\"size-medium wp-image-2645 alignnone\" src=\"https:\/\/taski.com\/wp-content\/uploads\/2020\/12\/AERO-HEPA-Filter_Scenic2-300x300.png\" alt=\"\" width=\"300\" height=\"300\" srcset=\"https:\/\/staging.taski.com\/wp-content\/uploads\/2020\/12\/AERO-HEPA-Filter_Scenic2-300x300.png 300w, https:\/\/staging.taski.com\/wp-content\/uploads\/2020\/12\/AERO-HEPA-Filter_Scenic2-100x100.png 100w, https:\/\/staging.taski.com\/wp-content\/uploads\/2020\/12\/AERO-HEPA-Filter_Scenic2-600x600.png 600w, https:\/\/staging.taski.com\/wp-content\/uploads\/2020\/12\/AERO-HEPA-Filter_Scenic2.png 800w\" sizes=\"auto, (max-width: 300px) 100vw, 300px\" \/><\/p>\n<p><strong>Nettoyage interm\u00e9diaire<\/strong><\/p>\n<p>La fonction encapsulation de TASKI procarpet permet de r\u00e9aliser un nettoyage interm\u00e9diaire des moquettes. Avec une heure de temps de s\u00e9chage, l&rsquo;encapsulation TASKI est la m\u00e9thode parfaite pour les entr\u00e9es, les couloirs et les voies de circulation en cas de besoin ou dans le cadre d&rsquo;un programme de nettoyage r\u00e9gulier tout au long de l&rsquo;ann\u00e9e. La mousse s\u00e8che g\u00e9n\u00e9r\u00e9e par le compresseur \u00e0 mousse TASKI en combinaison avec une monobrosse TASKI et la brosse sp\u00e9ciale shampoing peut \u00e9galement \u00eatre utilis\u00e9e pour nettoyer l\u00e9g\u00e8rement la surface sup\u00e9rieure des moquettes avec un s\u00e9chage en quelques minutes.<\/p>\n<p><strong><img alt=\"\" loading=\"lazy\" decoding=\"async\" class=\"size-medium wp-image-1879 alignnone\" src=\"https:\/\/taski.com\/wp-content\/uploads\/2021\/01\/Carpet-extraction-300x200.jpg\" alt=\"\" width=\"300\" height=\"200\" \/><\/strong><\/p>\n<p><strong>Nettoyage p\u00e9riodique<\/strong><\/p>\n<p>Les machines TASKI procarpet sont \u00e9galement utilis\u00e9es pour l&rsquo;entretien en profondeur par injection par extraction. Les nettoyeurs \u00e0 vapeur s\u00e8che TASKI fournissent de la vapeur \u00e0 haute pression et haute temp\u00e9rature pour un nettoyage et une d\u00e9sinfection \u00e9prouv\u00e9s.<\/p>\n<p><strong><img alt=\"\" loading=\"lazy\" decoding=\"async\" class=\"alignnone size-medium wp-image-2356\" src=\"https:\/\/taski.com\/wp-content\/uploads\/2020\/12\/Carpet-extraction-2-300x200.jpg\" alt=\"\" width=\"300\" height=\"200\" \/><\/strong><\/p>\n<p><strong>T\u00e9l\u00e9chargez nos livres blancs pour obtenir des conseils d&rsquo;experts. Pour des informations plus d\u00e9taill\u00e9es sur les produits Diversey<a href=\"https:\/\/diversey.fr\/fr\/nos-solutions\/entretien-des-sols\">, cliquez ici<\/a>.<\/strong><\/p>\n        <\/div>\n      \n    \n  \n  <div class=\"cl-fl\"><\/div>\n[\/vc_column][\/vc_row][vc_row css=\u00a0\u00bb.vc_custom_1607164076720{padding-top: 90px !important;padding-bottom: 190px !important;}\u00a0\u00bb][vc_column][vc_column_text css=\u00a0\u00bb.vc_custom_1608052634412{padding-bottom: 90px !important;}\u00a0\u00bb]\n<h2 style=\"text-align: center;\">T\u00e9l\u00e9chargements<\/h2>\n<p>[\/vc_column_text][vc_row_inner][vc_column_inner width=\u00a0\u00bb1\/3&Prime;]  <div class=\"feature-icon-w\">\n    <div class=\"feature-icon-i\">\n     <a href=\"https:\/\/taski.com\/wp-content\/uploads\/2021\/07\/Livre-blanc-Diversey-TASKI-AERO-QAI.pdf\" target=\"_blank\">       <div class=\"feature-tbl\">\n        <div class=\"feature-cell image-cell\">\n          <img decoding=\"async\" class=\"aligncenter size-full\" alt=\"\" src=\"https:\/\/staging.taski.com\/wp-content\/uploads\/2020\/12\/icon-document.png\"\/>\n        <\/div>\n        <div class=\"feature-cell description-cell\">\n          <p>Livre Blanc AERO et Qualit\u00e9 de l'Air Int\u00e9rieur<\/p>\n        <\/div>\n       <\/div>\n        <\/a>       <div class=\"cl-fl\"><\/div>\n    <\/div>\n  <\/div>\n[\/vc_column_inner][vc_column_inner width=\u00a0\u00bb1\/3&Prime;]  <div class=\"feature-icon-w\">\n    <div class=\"feature-icon-i\">\n     <a href=\"https:\/\/taski.com\/wp-content\/uploads\/2021\/07\/Livre-blanc-Diversey-TASKI-AERO-Travail-en-journee.pdf\" target=\"_blank\">       <div class=\"feature-tbl\">\n        <div class=\"feature-cell image-cell\">\n          <img decoding=\"async\" class=\"aligncenter size-full\" alt=\"\" src=\"https:\/\/staging.taski.com\/wp-content\/uploads\/2020\/12\/icon-document.png\"\/>\n        <\/div>\n        <div class=\"feature-cell description-cell\">\n          <p>Livre blanc AERO Nettoyage en journ\u00e9e<\/p>\n        <\/div>\n       <\/div>\n        <\/a>       <div class=\"cl-fl\"><\/div>\n    <\/div>\n  <\/div>\n[\/vc_column_inner][vc_column_inner width=\u00a0\u00bb1\/3&Prime;]  <div class=\"feature-icon-w\">\n    <div class=\"feature-icon-i\">\n     <a href=\"https:\/\/taski.com\/wp-content\/uploads\/2021\/07\/Livre-blanc-Diversey-TASKI-AERO-Efficacite-Energetique.pdf\" target=\"_blank\">       <div class=\"feature-tbl\">\n        <div class=\"feature-cell image-cell\">\n          <img decoding=\"async\" class=\"aligncenter size-full\" alt=\"\" src=\"https:\/\/staging.taski.com\/wp-content\/uploads\/2020\/12\/icon-document.png\"\/>\n        <\/div>\n        <div class=\"feature-cell description-cell\">\n          <p>Livre Blanc AERO Efficacit\u00e9 \u00e9nerg\u00e9tique<\/p>\n        <\/div>\n       <\/div>\n        <\/a>       <div class=\"cl-fl\"><\/div>\n    <\/div>\n  <\/div>\n[\/vc_column_inner][\/vc_row_inner][\/vc_column][\/vc_row][vc_row css=\u00a0\u00bb.vc_custom_1607327415736{background-color: #fafafa !important;}\u00a0\u00bb][vc_column]\n  <div class=\"two-cta-block\">\n    <div class=\"two-cta-block-i\">\n      <div class=\"row\">\n        <div class=\"two-cta-block-grid\">\n           <div class=\"two-cta-item\">\n            <div class=\"tci-i\">\n             <div class=\"tci-item-content\">\n                <h5>Vous souhaitez nous contacter ?<\/h5>\n                <a href=\"\/news-help-contacts\/ask-paul-contact\/\"><p>CONTACTEZ-NOUS<\/p><\/a>\n             <\/div>\n            <\/div>\n           <\/div>\n           <div class=\"two-cta-item\">\n            <div class=\"tci-i\">\n             <div class=\"tci-item-content\">\n                <h5>Vous avez une question ? <strong><br \/>\nConsultez sur notre FAQ<\/strong> ou contactez l'un de nos experts.<\/h5>\n                <a href=\"\/faq\/\"><p>FAQ's<\/p><\/a>\n             <\/div>\n            <\/div>\n           <\/div>\n        <\/div>\n      <\/div>\n    <\/div>\n  <\/div>\n  <div class=\"cl-fl\"><\/div>\n[\/vc_column][\/vc_row]<\/p>\n","protected":false},"excerpt":{"rendered":"<p>Les moquettes et les surfaces en tissu doivent \u00eatre nettoy\u00e9es et entretenues fr\u00e9quemment.<br \/>\nLes experts de TASKI sont l\u00e0 pour vous aider en vous proposant les meilleures pratiques et des conseils sur les meilleurs produits pour vos tapis et tissus.<\/p>\n","protected":false},"author":1,"featured_media":8837,"parent":8310,"menu_order":671,"comment_status":"closed","ping_status":"closed","template":"","meta":{"_acf_changed":false,"_seopress_robots_primary_cat":"","_seopress_titles_title":"","_seopress_titles_desc":"","_seopress_robots_index":"","inline_featured_image":false,"footnotes":""},"class_list":["post-8833","page","type-page","status-publish","has-post-thumbnail","hentry"],"acf":[],"_links":{"self":[{"href":"https:\/\/staging.taski.com\/fr\/wp-json\/wp\/v2\/pages\/8833","targetHints":{"allow":["GET"]}}],"collection":[{"href":"https:\/\/staging.taski.com\/fr\/wp-json\/wp\/v2\/pages"}],"about":[{"href":"https:\/\/staging.taski.com\/fr\/wp-json\/wp\/v2\/types\/page"}],"author":[{"embeddable":true,"href":"https:\/\/staging.taski.com\/fr\/wp-json\/wp\/v2\/users\/1"}],"replies":[{"embeddable":true,"href":"https:\/\/staging.taski.com\/fr\/wp-json\/wp\/v2\/comments?post=8833"}],"version-history":[{"count":0,"href":"https:\/\/staging.taski.com\/fr\/wp-json\/wp\/v2\/pages\/8833\/revisions"}],"up":[{"embeddable":true,"href":"https:\/\/staging.taski.com\/fr\/wp-json\/wp\/v2\/pages\/8310"}],"wp:featuredmedia":[{"embeddable":true,"href":"https:\/\/staging.taski.com\/fr\/wp-json\/wp\/v2\/media\/8837"}],"wp:attachment":[{"href":"https:\/\/staging.taski.com\/fr\/wp-json\/wp\/v2\/media?parent=8833"}],"curies":[{"name":"wp","href":"https:\/\/api.w.org\/{rel}","templated":true}]}}