{"id":8808,"date":"2020-12-05T13:19:51","date_gmt":"2020-12-05T13:19:51","guid":{"rendered":"https:\/\/taski.com\/conseils-dexperts\/expertise-en-matiere-dentretien-des-sols\/"},"modified":"2021-09-01T12:46:43","modified_gmt":"2021-09-01T12:46:43","slug":"expertise-en-matiere-dentretien-des-sols","status":"publish","type":"page","link":"https:\/\/staging.taski.com\/fr\/pourquoi-taski\/conseils-dexperts\/expertise-en-matiere-dentretien-des-sols\/","title":{"rendered":"Expertise en mati\u00e8re d&rsquo;entretien des sols"},"content":{"rendered":"<div class=\"wpb-content-wrapper\"><p>[vc_row][vc_column]\n  <div class=\"main-banner-block full-width content-video-no\" style=\"background-image:url(https:\/\/staging.taski.com\/wp-content\/uploads\/2020\/12\/virtual-floor-care-expert-1.jpg);\">\n         <div class=\"main-banner-block-i\">\n      <div class=\"row\">\n       <div class=\"mbb-fl\">\n        <div class=\"main-banner-block-content\">\n            <h2>Lorsque vous achetez une machine TASKI, vous obtenez gratuitement votre expert en entretien des sols ! Nous exploitons les synergies entre nos machines de nettoyage ULTIMES et nos produits professionnels.<\/h2>\n            <div class=\"button-wrapper\">\n                        <\/div>\n        <\/div>\n               <\/div>\n      <\/div>\n\n\n    <\/div>\n  <\/div>\n  <div class=\"cl-fl\"><\/div>\n[\/vc_column][\/vc_row][vc_row][vc_column]\n  <div class=\"page-description-block style-dark\">\n    <div class=\"page-description-block-i\">\n      <div class=\"row\">\n        <div class=\"page-description-content\">\n          <\/div><\/div><\/div><\/div><\/p>\n<h2>Expert en entretien des sols<\/h2>\n<p>La premi\u00e8re impression compte. L&rsquo;aspect d&rsquo;un b\u00e2timent en dit long. Certains d\u00e9pensent des millions de dollars pour acheter des mat\u00e9riaux de construction de la plus haute qualit\u00e9, les plus luxueux et g\u00e9n\u00e9ralement les plus chers.<\/p>\n<p><img alt=\"\" loading=\"lazy\" decoding=\"async\" class=\"alignnone wp-image-2993\" src=\"https:\/\/taski.com\/wp-content\/uploads\/2021\/01\/Airport_Hallway_Flooring1-1-300x201.jpg\" alt=\"\" width=\"300\" height=\"201\" \/><img alt=\"\" loading=\"lazy\" decoding=\"async\" class=\"alignnone wp-image-2994\" src=\"https:\/\/taski.com\/wp-content\/uploads\/2021\/01\/Marmorboden-300x201.jpg\" alt=\"\" width=\"302\" height=\"202\" \/><img alt=\"\" loading=\"lazy\" decoding=\"async\" class=\"alignnone wp-image-2995\" src=\"https:\/\/taski.com\/wp-content\/uploads\/2021\/01\/Hotelpool-300x199.jpg\" alt=\"\" width=\"302\" height=\"200\" \/><\/p>\n<p>Les sols peuvent constituer la majorit\u00e9 des surfaces d&rsquo;un b\u00e2timent, mais g\u00e9n\u00e9ralement, seul un quart du temps de nettoyage est consacr\u00e9 au nettoyage des sols et des moquettes. Visuellement, les sols ont un impact important sur l&rsquo;impression de propret\u00e9.<\/p>\n<p><img alt=\"\" loading=\"lazy\" decoding=\"async\" class=\"alignnone wp-image-2966\" src=\"https:\/\/taski.com\/wp-content\/uploads\/2021\/01\/Transport-needs-image-300x169.jpg\" alt=\"\" width=\"377\" height=\"212\" \/><img alt=\"\" loading=\"lazy\" decoding=\"async\" class=\"alignnone wp-image-2724\" src=\"https:\/\/taski.com\/wp-content\/uploads\/2021\/01\/TASKI_IntelliSpray-hotel-lobby-300x200.jpg\" alt=\"\" width=\"318\" height=\"213\" \/><img alt=\"\" loading=\"lazy\" decoding=\"async\" class=\"alignnone wp-image-7875\" src=\"https:\/\/taski.com\/wp-content\/uploads\/2020\/11\/hospitality.jpg\" alt=\"\" width=\"211\" height=\"211\" srcset=\"https:\/\/staging.taski.com\/wp-content\/uploads\/2020\/11\/hospitality.jpg 290w, https:\/\/staging.taski.com\/wp-content\/uploads\/2020\/11\/hospitality-100x100.jpg 100w\" sizes=\"auto, (max-width: 211px) 100vw, 211px\" \/><\/p>\n<p>Mais plus important encore, le nettoyage peut am\u00e9liorer la s\u00e9curit\u00e9 et l&rsquo;hygi\u00e8ne dans les sanitaires, les cuisines, les zones de pr\u00e9paration des aliments et les zones cliniques dans le secteur des soins de sant\u00e9.<\/p>\n<p><img alt=\"\" loading=\"lazy\" decoding=\"async\" class=\"alignnone wp-image-7846\" src=\"https:\/\/taski.com\/wp-content\/uploads\/2020\/11\/food-service.jpg\" alt=\"\" width=\"306\" height=\"306\" srcset=\"https:\/\/staging.taski.com\/wp-content\/uploads\/2020\/11\/food-service.jpg 290w, https:\/\/staging.taski.com\/wp-content\/uploads\/2020\/11\/food-service-100x100.jpg 100w\" sizes=\"auto, (max-width: 306px) 100vw, 306px\" \/><img alt=\"\" loading=\"lazy\" decoding=\"async\" class=\"alignnone wp-image-2199\" src=\"https:\/\/taski.com\/wp-content\/uploads\/2021\/01\/swingo150B-image-3-300x300.jpg\" alt=\"\" width=\"305\" height=\"305\" srcset=\"https:\/\/staging.taski.com\/wp-content\/uploads\/2021\/01\/swingo150B-image-3-300x300.jpg 300w, https:\/\/staging.taski.com\/wp-content\/uploads\/2021\/01\/swingo150B-image-3-100x100.jpg 100w, https:\/\/staging.taski.com\/wp-content\/uploads\/2021\/01\/swingo150B-image-3-600x600.jpg 600w, https:\/\/staging.taski.com\/wp-content\/uploads\/2021\/01\/swingo150B-image-3.jpg 1800w\" sizes=\"auto, (max-width: 305px) 100vw, 305px\" \/><img alt=\"\" loading=\"lazy\" decoding=\"async\" class=\"alignnone wp-image-7844\" src=\"https:\/\/taski.com\/wp-content\/uploads\/2020\/11\/healthcare-acute.jpg\" alt=\"\" width=\"306\" height=\"306\" srcset=\"https:\/\/staging.taski.com\/wp-content\/uploads\/2020\/11\/healthcare-acute.jpg 290w, https:\/\/staging.taski.com\/wp-content\/uploads\/2020\/11\/healthcare-acute-100x100.jpg 100w\" sizes=\"auto, (max-width: 306px) 100vw, 306px\" \/><\/p>\n<p>Les syst\u00e8mes d&rsquo;entretien des sols TASKI sont con\u00e7us pour offrir les niveaux d&rsquo;hygi\u00e8ne et de s\u00e9curit\u00e9 les plus stricts.<\/p>\n<p><strong>Pour des informations plus d\u00e9taill\u00e9es sur les produits Diversey<a href=\"https:\/\/diversey.fr\/fr\/nos-solutions\/entretien-des-sols\">, cliquez ici.<\/a><\/strong><\/p>\n        <\/div>\n      \n    \n  \n  <div class=\"cl-fl\"><\/div>\n[\/vc_column][\/vc_row][vc_row css=\u00a0\u00bb.vc_custom_1607164076720{padding-top: 90px !important;padding-bottom: 190px !important;}\u00a0\u00bb][vc_column][vc_column_text css=\u00a0\u00bb.vc_custom_1608052812509{padding-bottom: 90px !important;}\u00a0\u00bb]\n<h2 style=\"text-align: center;\">T\u00e9l\u00e9chargements<\/h2>\n<p>[\/vc_column_text][vc_row_inner css=\u00a0\u00bb.vc_custom_1607161003581{padding-bottom: 50px !important;}\u00a0\u00bb][vc_column_inner width=\u00a0\u00bb1\/3&Prime;]  <div class=\"feature-icon-w\">\n    <div class=\"feature-icon-i\">\n     <a href=\"https:\/\/taski.com\/wp-content\/uploads\/2021\/07\/Brochure-Machines-TASKI-2021.pdf\" target=\"_blank\">       <div class=\"feature-tbl\">\n        <div class=\"feature-cell image-cell\">\n          <img decoding=\"async\" class=\"aligncenter size-full\" alt=\"\" src=\"https:\/\/staging.taski.com\/wp-content\/uploads\/2020\/12\/icon-document.png\"\/>\n        <\/div>\n        <div class=\"feature-cell description-cell\">\n          <p>Brochure machines TASKI<\/p>\n        <\/div>\n       <\/div>\n        <\/a>       <div class=\"cl-fl\"><\/div>\n    <\/div>\n  <\/div>\n[\/vc_column_inner][\/vc_row_inner][\/vc_column][\/vc_row][vc_row css=\u00a0\u00bb.vc_custom_1607327415736{background-color: #fafafa !important;}\u00a0\u00bb][vc_column]\n  <div class=\"two-cta-block\">\n    <div class=\"two-cta-block-i\">\n      <div class=\"row\">\n        <div class=\"two-cta-block-grid\">\n           <div class=\"two-cta-item\">\n            <div class=\"tci-i\">\n             <div class=\"tci-item-content\">\n                <h5>Vous souhaitez nous contacter ?<\/h5>\n                <a href=\"\/news-help-contacts\/ask-paul-contact\/\"><p>CONTACTEZ-NOUS<\/p><\/a>\n             <\/div>\n            <\/div>\n           <\/div>\n           <div class=\"two-cta-item\">\n            <div class=\"tci-i\">\n             <div class=\"tci-item-content\">\n                <h5>Vous avez une question ?<br \/>\n<strong>Visitez votre FAQ<\/strong> ou \u00e9changez avec un de nos experts.<\/h5>\n                <a href=\"\/faq\/\"><p>FAQ<\/p><\/a>\n             <\/div>\n            <\/div>\n           <\/div>\n        <\/div>\n      <\/div>\n    <\/div>\n  <\/div>\n  <div class=\"cl-fl\"><\/div>\n[\/vc_column][\/vc_row]<\/p>\n","protected":false},"excerpt":{"rendered":"<p>Chez TASKI, lorsque vous achetez nos machines, vous b\u00e9n\u00e9ficiez gratuitement de votre propre expert en entretien des sols ! Nous exploiterons les synergies des machines de nettoyage ULTIME avec les produits chimiques de pointe pour l&rsquo;entretien des sols.<\/p>\n","protected":false},"author":1,"featured_media":8810,"parent":8310,"menu_order":666,"comment_status":"closed","ping_status":"closed","template":"","meta":{"_acf_changed":false,"_seopress_robots_primary_cat":"","_seopress_titles_title":"","_seopress_titles_desc":"","_seopress_robots_index":"","inline_featured_image":false,"footnotes":""},"class_list":["post-8808","page","type-page","status-publish","has-post-thumbnail","hentry"],"acf":[],"_links":{"self":[{"href":"https:\/\/staging.taski.com\/fr\/wp-json\/wp\/v2\/pages\/8808","targetHints":{"allow":["GET"]}}],"collection":[{"href":"https:\/\/staging.taski.com\/fr\/wp-json\/wp\/v2\/pages"}],"about":[{"href":"https:\/\/staging.taski.com\/fr\/wp-json\/wp\/v2\/types\/page"}],"author":[{"embeddable":true,"href":"https:\/\/staging.taski.com\/fr\/wp-json\/wp\/v2\/users\/1"}],"replies":[{"embeddable":true,"href":"https:\/\/staging.taski.com\/fr\/wp-json\/wp\/v2\/comments?post=8808"}],"version-history":[{"count":0,"href":"https:\/\/staging.taski.com\/fr\/wp-json\/wp\/v2\/pages\/8808\/revisions"}],"up":[{"embeddable":true,"href":"https:\/\/staging.taski.com\/fr\/wp-json\/wp\/v2\/pages\/8310"}],"wp:featuredmedia":[{"embeddable":true,"href":"https:\/\/staging.taski.com\/fr\/wp-json\/wp\/v2\/media\/8810"}],"wp:attachment":[{"href":"https:\/\/staging.taski.com\/fr\/wp-json\/wp\/v2\/media?parent=8808"}],"curies":[{"name":"wp","href":"https:\/\/api.w.org\/{rel}","templated":true}]}}